{"id":24495,"date":"2019-10-01T19:52:02","date_gmt":"2019-10-01T19:52:02","guid":{"rendered":"https:\/\/shop.camac-harps.com\/?page_id=24495"},"modified":"2023-12-30T15:08:29","modified_gmt":"2023-12-30T15:08:29","slug":"hinweis-zu-lieferzeiten-aus-frankreich","status":"publish","type":"page","link":"https:\/\/shop.camac-harps.com\/de\/hinweis-zu-lieferzeiten-aus-frankreich\/","title":{"rendered":"Hinweis zu Lieferzeiten aus Frankreich"},"content":{"rendered":"<p style=\"text-align: justify;\">Der Camac-Webshop wird vom Hauptsitz der Firma Camac in Frankreich verwaltet. Dies bedeutet, dass Lieferungen von dort aus versendet werden.<\/p>\n<p style=\"text-align: justify;\">Unser freundliches Webshop-Team versendet alle Bestellungen noch am Tag der Bestellung, sp\u00e4testens aber am n\u00e4chsten Werktag. Sie k\u00f6nnen sich auf einen pers\u00f6nlichen Service und einen schnellen und direkten Kontakt mit unserem Team verlassen (Kontakt mit dem Webshop-Team auf Franz\u00f6sisch und Englisch: <a href=\"mailto:e.boutique@camac-harps.com\">e.boutique@camac-harps.com<\/a>).<\/p>\n<p style=\"text-align: justify;\">Da alles, was Sie \u00fcber den Webshop bestellen, jedoch aus Frankreich verschickt wird, k\u00f6nnen unsere Lieferzeiten etwas l\u00e4nger sein, als es KundInnen in Deutschland gewohnt sind. Unten finden Sie weitere Informationen zu unseren Lieferm\u00f6glichkeiten. Vielen Dank f\u00fcr Ihr Verst\u00e4ndnis!\u00a0<\/p>\n<ul>\n<li style=\"text-align: justify;\">\n<h4>Standard Post<\/h4>\n<\/li>\n<\/ul>\n<p style=\"text-align: justify;\">Der Standardversand ist die g\u00fcnstigste Variante. Standardversand bedeutet, dass Ihre Bestellung mit der normalen Post verschickt wird, ohne Sendungsverfolgungsnummer, ohne Versicherung und ohne garantierte Lieferfrist.<br \/>\nVon der Concorde bis zum Ch\u00e2teauneuf-du-Pape, Frankreich hat viele wunderbare Dinge hervorgebracht, aber seine nationale Post geh\u00f6rt nicht dazu. Versp\u00e4tungen, die in Wochen gemessen werden, sind nicht unbekannt, insbesondere bei internationalen Lieferungen. Sollte dies unangenehm sein, empfehlen wir (in aufsteigender Reihenfolge des Preises):<\/p>\n<ul>\n<li style=\"text-align: justify;\">\n<h4>UPS Standard<\/h4>\n<\/li>\n<\/ul>\n<p style=\"text-align: justify;\">mit Sendungsverfolgungsnummer, so dass Sie verfolgen k\u00f6nnen, wann die Sendung voraussichtlich ankommt. Es muss jemand anwesend sein, um das Paket zu unterschreiben, wenn es ankommt. Sie k\u00f6nnen Ihr Zeitfenster direkt bei UPS umbuchen.<\/p>\n<ul>\n<li style=\"text-align: justify;\">\n<h4>UPS Standard-Zugangsstelle<\/h4>\n<\/li>\n<\/ul>\n<p style=\"text-align: justify;\">mit Sendungsverfolgungsnummer, Lieferung an die Ihnen n\u00e4chstgelegene UPS-Zugangsstelle. Kunden, die h\u00e4ufig nicht zu Hause sind, bevorzugen m\u00f6glicherweise diese Option.<\/p>\n<ul>\n<li style=\"text-align: justify;\">\n<h4>UPS Express<\/h4>\n<\/li>\n<\/ul>\n<p style=\"text-align: justify;\">Diese Option verf\u00fcgt \u00fcber eine Sendungsverfolgungsnummer, wird zu Ihnen nach Hause geliefert und ist der schnellste Weg, um Ihre Bestellung zu erhalten.<\/p>\n","protected":false},"excerpt":{"rendered":"<p>Der Camac-Webshop wird vom Hauptsitz der Firma Camac in Frankreich verwaltet. Dies bedeutet, dass Lieferungen von dort aus versendet werden. Unser freundliches Webshop-Team versendet alle Bestellungen noch am Tag der Bestellung, sp\u00e4testens aber am n\u00e4chsten Werktag. Sie k\u00f6nnen sich auf einen pers\u00f6nlichen Service und einen schnellen und direkten Kontakt mit unserem Team verlassen (Kontakt mit [&hellip;]<\/p>\n","protected":false},"author":3,"featured_media":0,"parent":0,"menu_order":12,"comment_status":"closed","ping_status":"closed","template":"","meta":{"_acf_changed":false,"footnotes":""},"class_list":["post-24495","page","type-page","status-publish","hentry"],"acf":[],"yoast_head":"<title>Hinweis zu Lieferzeiten aus Frankreich - Camac Harps Shop<\/title>\n<meta name=\"robots\" content=\"index, follow, max-snippet:-1, max-image-preview:large, max-video-preview:-1\" \/>\n<link rel=\"canonical\" href=\"https:\/\/shop.camac-harps.com\/de\/hinweis-zu-lieferzeiten-aus-frankreich\/\" \/>\n<meta property=\"og:locale\" content=\"de_DE\" \/>\n<meta property=\"og:type\" content=\"article\" \/>\n<meta property=\"og:title\" content=\"Hinweis zu Lieferzeiten aus Frankreich - Camac Harps Shop\" \/>\n<meta property=\"og:description\" content=\"Der Camac-Webshop wird vom Hauptsitz der Firma Camac in Frankreich verwaltet. Dies bedeutet, dass Lieferungen von dort aus versendet werden. Unser freundliches Webshop-Team versendet alle Bestellungen noch am Tag der Bestellung, sp\u00e4testens aber am n\u00e4chsten Werktag. Sie k\u00f6nnen sich auf einen pers\u00f6nlichen Service und einen schnellen und direkten Kontakt mit unserem Team verlassen (Kontakt mit [&hellip;]\" \/>\n<meta property=\"og:url\" content=\"https:\/\/shop.camac-harps.com\/de\/hinweis-zu-lieferzeiten-aus-frankreich\/\" \/>\n<meta property=\"og:site_name\" content=\"Camac Harps Shop\" \/>\n<meta property=\"article:modified_time\" content=\"2023-12-30T15:08:29+00:00\" \/>\n<meta name=\"twitter:card\" content=\"summary_large_image\" \/>\n<meta name=\"twitter:label1\" content=\"Gesch\u00e4tzte Lesezeit\" \/>\n\t<meta name=\"twitter:data1\" content=\"2\u00a0Minuten\" \/>\n<script type=\"application\/ld+json\" class=\"yoast-schema-graph\">{\"@context\":\"https:\/\/schema.org\",\"@graph\":[{\"@type\":\"WebPage\",\"@id\":\"https:\/\/shop.camac-harps.com\/de\/hinweis-zu-lieferzeiten-aus-frankreich\/\",\"url\":\"https:\/\/shop.camac-harps.com\/de\/hinweis-zu-lieferzeiten-aus-frankreich\/\",\"name\":\"Hinweis zu Lieferzeiten aus Frankreich - Camac Harps Shop\",\"isPartOf\":{\"@id\":\"https:\/\/shop.camac-harps.com\/de\/#website\"},\"datePublished\":\"2019-10-01T19:52:02+00:00\",\"dateModified\":\"2023-12-30T15:08:29+00:00\",\"breadcrumb\":{\"@id\":\"https:\/\/shop.camac-harps.com\/de\/hinweis-zu-lieferzeiten-aus-frankreich\/#breadcrumb\"},\"inLanguage\":\"de\",\"potentialAction\":[{\"@type\":\"ReadAction\",\"target\":[\"https:\/\/shop.camac-harps.com\/de\/hinweis-zu-lieferzeiten-aus-frankreich\/\"]}]},{\"@type\":\"BreadcrumbList\",\"@id\":\"https:\/\/shop.camac-harps.com\/de\/hinweis-zu-lieferzeiten-aus-frankreich\/#breadcrumb\",\"itemListElement\":[{\"@type\":\"ListItem\",\"position\":1,\"name\":\"Home\",\"item\":\"https:\/\/shop.camac-harps.com\/de\/startseite\/\"},{\"@type\":\"ListItem\",\"position\":2,\"name\":\"Hinweis zu Lieferzeiten aus Frankreich\"}]},{\"@type\":\"WebSite\",\"@id\":\"https:\/\/shop.camac-harps.com\/de\/#website\",\"url\":\"https:\/\/shop.camac-harps.com\/de\/\",\"name\":\"Camac Harps Shop\",\"description\":\"\",\"potentialAction\":[{\"@type\":\"SearchAction\",\"target\":{\"@type\":\"EntryPoint\",\"urlTemplate\":\"https:\/\/shop.camac-harps.com\/de\/?s={search_term_string}\"},\"query-input\":{\"@type\":\"PropertyValueSpecification\",\"valueRequired\":true,\"valueName\":\"search_term_string\"}}],\"inLanguage\":\"de\"}]}<\/script>","yoast_head_json":{"title":"Hinweis zu Lieferzeiten aus Frankreich - Camac Harps Shop","robots":{"index":"index","follow":"follow","max-snippet":"max-snippet:-1","max-image-preview":"max-image-preview:large","max-video-preview":"max-video-preview:-1"},"canonical":"https:\/\/shop.camac-harps.com\/de\/hinweis-zu-lieferzeiten-aus-frankreich\/","og_locale":"de_DE","og_type":"article","og_title":"Hinweis zu Lieferzeiten aus Frankreich - Camac Harps Shop","og_description":"Der Camac-Webshop wird vom Hauptsitz der Firma Camac in Frankreich verwaltet. Dies bedeutet, dass Lieferungen von dort aus versendet werden. Unser freundliches Webshop-Team versendet alle Bestellungen noch am Tag der Bestellung, sp\u00e4testens aber am n\u00e4chsten Werktag. Sie k\u00f6nnen sich auf einen pers\u00f6nlichen Service und einen schnellen und direkten Kontakt mit unserem Team verlassen (Kontakt mit [&hellip;]","og_url":"https:\/\/shop.camac-harps.com\/de\/hinweis-zu-lieferzeiten-aus-frankreich\/","og_site_name":"Camac Harps Shop","article_modified_time":"2023-12-30T15:08:29+00:00","twitter_card":"summary_large_image","twitter_misc":{"Gesch\u00e4tzte Lesezeit":"2\u00a0Minuten"},"schema":{"@context":"https:\/\/schema.org","@graph":[{"@type":"WebPage","@id":"https:\/\/shop.camac-harps.com\/de\/hinweis-zu-lieferzeiten-aus-frankreich\/","url":"https:\/\/shop.camac-harps.com\/de\/hinweis-zu-lieferzeiten-aus-frankreich\/","name":"Hinweis zu Lieferzeiten aus Frankreich - Camac Harps Shop","isPartOf":{"@id":"https:\/\/shop.camac-harps.com\/de\/#website"},"datePublished":"2019-10-01T19:52:02+00:00","dateModified":"2023-12-30T15:08:29+00:00","breadcrumb":{"@id":"https:\/\/shop.camac-harps.com\/de\/hinweis-zu-lieferzeiten-aus-frankreich\/#breadcrumb"},"inLanguage":"de","potentialAction":[{"@type":"ReadAction","target":["https:\/\/shop.camac-harps.com\/de\/hinweis-zu-lieferzeiten-aus-frankreich\/"]}]},{"@type":"BreadcrumbList","@id":"https:\/\/shop.camac-harps.com\/de\/hinweis-zu-lieferzeiten-aus-frankreich\/#breadcrumb","itemListElement":[{"@type":"ListItem","position":1,"name":"Home","item":"https:\/\/shop.camac-harps.com\/de\/startseite\/"},{"@type":"ListItem","position":2,"name":"Hinweis zu Lieferzeiten aus Frankreich"}]},{"@type":"WebSite","@id":"https:\/\/shop.camac-harps.com\/de\/#website","url":"https:\/\/shop.camac-harps.com\/de\/","name":"Camac Harps Shop","description":"","potentialAction":[{"@type":"SearchAction","target":{"@type":"EntryPoint","urlTemplate":"https:\/\/shop.camac-harps.com\/de\/?s={search_term_string}"},"query-input":{"@type":"PropertyValueSpecification","valueRequired":true,"valueName":"search_term_string"}}],"inLanguage":"de"}]}},"_links":{"self":[{"href":"https:\/\/shop.camac-harps.com\/de\/wp-json\/wp\/v2\/pages\/24495","targetHints":{"allow":["GET"]}}],"collection":[{"href":"https:\/\/shop.camac-harps.com\/de\/wp-json\/wp\/v2\/pages"}],"about":[{"href":"https:\/\/shop.camac-harps.com\/de\/wp-json\/wp\/v2\/types\/page"}],"author":[{"embeddable":true,"href":"https:\/\/shop.camac-harps.com\/de\/wp-json\/wp\/v2\/users\/3"}],"replies":[{"embeddable":true,"href":"https:\/\/shop.camac-harps.com\/de\/wp-json\/wp\/v2\/comments?post=24495"}],"version-history":[{"count":8,"href":"https:\/\/shop.camac-harps.com\/de\/wp-json\/wp\/v2\/pages\/24495\/revisions"}],"predecessor-version":[{"id":53617,"href":"https:\/\/shop.camac-harps.com\/de\/wp-json\/wp\/v2\/pages\/24495\/revisions\/53617"}],"wp:attachment":[{"href":"https:\/\/shop.camac-harps.com\/de\/wp-json\/wp\/v2\/media?parent=24495"}],"curies":[{"name":"wp","href":"https:\/\/api.w.org\/{rel}","templated":true}]}}