{"id":48,"date":"2017-11-01T14:36:37","date_gmt":"2017-11-01T14:36:37","guid":{"rendered":"https:\/\/shop.camac-harps.com\/expedition-retours\/"},"modified":"2023-12-30T15:08:33","modified_gmt":"2023-12-30T15:08:33","slug":"ruecktrittsformular","status":"publish","type":"page","link":"https:\/\/shop.camac-harps.com\/de\/ruecktrittsformular\/","title":{"rendered":"R\u00fccktrittsformular"},"content":{"rendered":"<h3>R\u00fccktrittsformular<\/h3>\n<div id=\"attachment_21408\" class=\"wp-caption alignleft\" style=\"width: 212px\"><a href=\"https:\/\/shop.camac-harps.com\/wp-content\/uploads\/sites\/25\/2019\/02\/formulaireretractionde.pdf\"><img loading=\"lazy\" decoding=\"async\" class=\"wp-image-21408 size-medium\" src=\"https:\/\/shop.camac-harps.com\/wp-content\/uploads\/sites\/25\/2019\/02\/formulaireretractionde-212x300.jpg\" alt=\"R\u00fccktrittsformular\" width=\"212\" height=\"300\" srcset=\"https:\/\/shop.camac-harps.com\/wp-content\/uploads\/sites\/25\/2019\/02\/formulaireretractionde-212x300.jpg 212w, https:\/\/shop.camac-harps.com\/wp-content\/uploads\/sites\/25\/2019\/02\/formulaireretractionde-768x1086.jpg 768w, https:\/\/shop.camac-harps.com\/wp-content\/uploads\/sites\/25\/2019\/02\/formulaireretractionde-724x1024.jpg 724w, https:\/\/shop.camac-harps.com\/wp-content\/uploads\/sites\/25\/2019\/02\/formulaireretractionde-416x588.jpg 416w\" sizes=\"auto, (max-width: 212px) 100vw, 212px\" \/><\/a><p class=\"wp-caption-text\">R\u00fccktrittsformular herunterladen (PDF, 57 KB)<\/p><\/div>\n<p>Um uns \u00fcber Ihren R\u00fccktritt vom Kauf zu informieren, m\u00fcssen Sie bis sp\u00e4testens 14 Tage nach Erhalt der Ware das <a href=\"https:\/\/shop.camac-harps.com\/wp-content\/uploads\/sites\/25\/2019\/02\/formulaireretractionde.pdf\" target=\"_blank\" rel=\"noopener\">R\u00fccktrittsformular<\/a> ausgef\u00fcllt und (ohne die Ware) an die Kundenbetreuung zur\u00fcckgesendet haben.<\/p>\n<p>&nbsp;<\/p>\n<p>&nbsp;<\/p>\n<p><a href=\"https:\/\/shop.camac-harps.com\/wp-content\/uploads\/sites\/25\/2018\/12\/formulaireretractionfr.pdf\">\u00a0<\/a><\/p>\n","protected":false},"excerpt":{"rendered":"<p>R\u00fccktrittsformular Um uns \u00fcber Ihren R\u00fccktritt vom Kauf zu informieren, m\u00fcssen Sie bis sp\u00e4testens 14 Tage nach Erhalt der Ware das R\u00fccktrittsformular ausgef\u00fcllt und (ohne die Ware) an die Kundenbetreuung zur\u00fcckgesendet haben. &nbsp; &nbsp; \u00a0<\/p>\n","protected":false},"author":1,"featured_media":0,"parent":0,"menu_order":27,"comment_status":"closed","ping_status":"closed","template":"","meta":{"_acf_changed":false,"footnotes":""},"class_list":["post-48","page","type-page","status-publish","hentry"],"acf":[],"yoast_head":"<title>R\u00fccktrittsformular - Camac Harps Shop<\/title>\n<meta name=\"robots\" content=\"index, follow, max-snippet:-1, max-image-preview:large, max-video-preview:-1\" \/>\n<link rel=\"canonical\" href=\"https:\/\/shop.camac-harps.com\/de\/ruecktrittsformular\/\" \/>\n<meta property=\"og:locale\" content=\"de_DE\" \/>\n<meta property=\"og:type\" content=\"article\" \/>\n<meta property=\"og:title\" content=\"R\u00fccktrittsformular - Camac Harps Shop\" \/>\n<meta property=\"og:description\" content=\"R\u00fccktrittsformular Um uns \u00fcber Ihren R\u00fccktritt vom Kauf zu informieren, m\u00fcssen Sie bis sp\u00e4testens 14 Tage nach Erhalt der Ware das R\u00fccktrittsformular ausgef\u00fcllt und (ohne die Ware) an die Kundenbetreuung zur\u00fcckgesendet haben. &nbsp; &nbsp; \u00a0\" \/>\n<meta property=\"og:url\" content=\"https:\/\/shop.camac-harps.com\/de\/ruecktrittsformular\/\" \/>\n<meta property=\"og:site_name\" content=\"Camac Harps Shop\" \/>\n<meta property=\"article:modified_time\" content=\"2023-12-30T15:08:33+00:00\" \/>\n<meta property=\"og:image\" content=\"https:\/\/shop.camac-harps.com\/wp-content\/uploads\/sites\/25\/2019\/02\/formulaireretractionde-212x300.jpg\" \/>\n<meta name=\"twitter:card\" content=\"summary_large_image\" \/>\n<meta name=\"twitter:label1\" content=\"Gesch\u00e4tzte Lesezeit\" \/>\n\t<meta name=\"twitter:data1\" content=\"1\u00a0Minute\" \/>\n<script type=\"application\/ld+json\" class=\"yoast-schema-graph\">{\"@context\":\"https:\/\/schema.org\",\"@graph\":[{\"@type\":\"WebPage\",\"@id\":\"https:\/\/shop.camac-harps.com\/de\/ruecktrittsformular\/\",\"url\":\"https:\/\/shop.camac-harps.com\/de\/ruecktrittsformular\/\",\"name\":\"R\u00fccktrittsformular - Camac Harps Shop\",\"isPartOf\":{\"@id\":\"https:\/\/shop.camac-harps.com\/de\/#website\"},\"primaryImageOfPage\":{\"@id\":\"https:\/\/shop.camac-harps.com\/de\/ruecktrittsformular\/#primaryimage\"},\"image\":{\"@id\":\"https:\/\/shop.camac-harps.com\/de\/ruecktrittsformular\/#primaryimage\"},\"thumbnailUrl\":\"https:\/\/shop.camac-harps.com\/wp-content\/uploads\/sites\/25\/2019\/02\/formulaireretractionde-212x300.jpg\",\"datePublished\":\"2017-11-01T14:36:37+00:00\",\"dateModified\":\"2023-12-30T15:08:33+00:00\",\"breadcrumb\":{\"@id\":\"https:\/\/shop.camac-harps.com\/de\/ruecktrittsformular\/#breadcrumb\"},\"inLanguage\":\"de\",\"potentialAction\":[{\"@type\":\"ReadAction\",\"target\":[\"https:\/\/shop.camac-harps.com\/de\/ruecktrittsformular\/\"]}]},{\"@type\":\"ImageObject\",\"inLanguage\":\"de\",\"@id\":\"https:\/\/shop.camac-harps.com\/de\/ruecktrittsformular\/#primaryimage\",\"url\":\"https:\/\/shop.camac-harps.com\/wp-content\/uploads\/sites\/25\/2019\/02\/formulaireretractionde-212x300.jpg\",\"contentUrl\":\"https:\/\/shop.camac-harps.com\/wp-content\/uploads\/sites\/25\/2019\/02\/formulaireretractionde-212x300.jpg\"},{\"@type\":\"BreadcrumbList\",\"@id\":\"https:\/\/shop.camac-harps.com\/de\/ruecktrittsformular\/#breadcrumb\",\"itemListElement\":[{\"@type\":\"ListItem\",\"position\":1,\"name\":\"Home\",\"item\":\"https:\/\/shop.camac-harps.com\/de\/startseite\/\"},{\"@type\":\"ListItem\",\"position\":2,\"name\":\"R\u00fccktrittsformular\"}]},{\"@type\":\"WebSite\",\"@id\":\"https:\/\/shop.camac-harps.com\/de\/#website\",\"url\":\"https:\/\/shop.camac-harps.com\/de\/\",\"name\":\"Camac Harps Shop\",\"description\":\"\",\"potentialAction\":[{\"@type\":\"SearchAction\",\"target\":{\"@type\":\"EntryPoint\",\"urlTemplate\":\"https:\/\/shop.camac-harps.com\/de\/?s={search_term_string}\"},\"query-input\":{\"@type\":\"PropertyValueSpecification\",\"valueRequired\":true,\"valueName\":\"search_term_string\"}}],\"inLanguage\":\"de\"}]}<\/script>","yoast_head_json":{"title":"R\u00fccktrittsformular - Camac Harps Shop","robots":{"index":"index","follow":"follow","max-snippet":"max-snippet:-1","max-image-preview":"max-image-preview:large","max-video-preview":"max-video-preview:-1"},"canonical":"https:\/\/shop.camac-harps.com\/de\/ruecktrittsformular\/","og_locale":"de_DE","og_type":"article","og_title":"R\u00fccktrittsformular - Camac Harps Shop","og_description":"R\u00fccktrittsformular Um uns \u00fcber Ihren R\u00fccktritt vom Kauf zu informieren, m\u00fcssen Sie bis sp\u00e4testens 14 Tage nach Erhalt der Ware das R\u00fccktrittsformular ausgef\u00fcllt und (ohne die Ware) an die Kundenbetreuung zur\u00fcckgesendet haben. &nbsp; &nbsp; \u00a0","og_url":"https:\/\/shop.camac-harps.com\/de\/ruecktrittsformular\/","og_site_name":"Camac Harps Shop","article_modified_time":"2023-12-30T15:08:33+00:00","og_image":[{"url":"https:\/\/shop.camac-harps.com\/wp-content\/uploads\/sites\/25\/2019\/02\/formulaireretractionde-212x300.jpg","type":"","width":"","height":""}],"twitter_card":"summary_large_image","twitter_misc":{"Gesch\u00e4tzte Lesezeit":"1\u00a0Minute"},"schema":{"@context":"https:\/\/schema.org","@graph":[{"@type":"WebPage","@id":"https:\/\/shop.camac-harps.com\/de\/ruecktrittsformular\/","url":"https:\/\/shop.camac-harps.com\/de\/ruecktrittsformular\/","name":"R\u00fccktrittsformular - Camac Harps Shop","isPartOf":{"@id":"https:\/\/shop.camac-harps.com\/de\/#website"},"primaryImageOfPage":{"@id":"https:\/\/shop.camac-harps.com\/de\/ruecktrittsformular\/#primaryimage"},"image":{"@id":"https:\/\/shop.camac-harps.com\/de\/ruecktrittsformular\/#primaryimage"},"thumbnailUrl":"https:\/\/shop.camac-harps.com\/wp-content\/uploads\/sites\/25\/2019\/02\/formulaireretractionde-212x300.jpg","datePublished":"2017-11-01T14:36:37+00:00","dateModified":"2023-12-30T15:08:33+00:00","breadcrumb":{"@id":"https:\/\/shop.camac-harps.com\/de\/ruecktrittsformular\/#breadcrumb"},"inLanguage":"de","potentialAction":[{"@type":"ReadAction","target":["https:\/\/shop.camac-harps.com\/de\/ruecktrittsformular\/"]}]},{"@type":"ImageObject","inLanguage":"de","@id":"https:\/\/shop.camac-harps.com\/de\/ruecktrittsformular\/#primaryimage","url":"https:\/\/shop.camac-harps.com\/wp-content\/uploads\/sites\/25\/2019\/02\/formulaireretractionde-212x300.jpg","contentUrl":"https:\/\/shop.camac-harps.com\/wp-content\/uploads\/sites\/25\/2019\/02\/formulaireretractionde-212x300.jpg"},{"@type":"BreadcrumbList","@id":"https:\/\/shop.camac-harps.com\/de\/ruecktrittsformular\/#breadcrumb","itemListElement":[{"@type":"ListItem","position":1,"name":"Home","item":"https:\/\/shop.camac-harps.com\/de\/startseite\/"},{"@type":"ListItem","position":2,"name":"R\u00fccktrittsformular"}]},{"@type":"WebSite","@id":"https:\/\/shop.camac-harps.com\/de\/#website","url":"https:\/\/shop.camac-harps.com\/de\/","name":"Camac Harps Shop","description":"","potentialAction":[{"@type":"SearchAction","target":{"@type":"EntryPoint","urlTemplate":"https:\/\/shop.camac-harps.com\/de\/?s={search_term_string}"},"query-input":{"@type":"PropertyValueSpecification","valueRequired":true,"valueName":"search_term_string"}}],"inLanguage":"de"}]}},"_links":{"self":[{"href":"https:\/\/shop.camac-harps.com\/de\/wp-json\/wp\/v2\/pages\/48","targetHints":{"allow":["GET"]}}],"collection":[{"href":"https:\/\/shop.camac-harps.com\/de\/wp-json\/wp\/v2\/pages"}],"about":[{"href":"https:\/\/shop.camac-harps.com\/de\/wp-json\/wp\/v2\/types\/page"}],"author":[{"embeddable":true,"href":"https:\/\/shop.camac-harps.com\/de\/wp-json\/wp\/v2\/users\/1"}],"replies":[{"embeddable":true,"href":"https:\/\/shop.camac-harps.com\/de\/wp-json\/wp\/v2\/comments?post=48"}],"version-history":[{"count":6,"href":"https:\/\/shop.camac-harps.com\/de\/wp-json\/wp\/v2\/pages\/48\/revisions"}],"predecessor-version":[{"id":21415,"href":"https:\/\/shop.camac-harps.com\/de\/wp-json\/wp\/v2\/pages\/48\/revisions\/21415"}],"wp:attachment":[{"href":"https:\/\/shop.camac-harps.com\/de\/wp-json\/wp\/v2\/media?parent=48"}],"curies":[{"name":"wp","href":"https:\/\/api.w.org\/{rel}","templated":true}]}}