{"id":63,"date":"2017-11-01T14:51:20","date_gmt":"2017-11-01T14:51:20","guid":{"rendered":"https:\/\/shop.camac-harps.com\/remarque-sur-la-con-dentialite\/"},"modified":"2023-12-30T15:08:31","modified_gmt":"2023-12-30T15:08:31","slug":"privacy","status":"publish","type":"page","link":"https:\/\/shop.camac-harps.com\/de\/privacy\/","title":{"rendered":"Datenschutzhinweise"},"content":{"rendered":"<p><b>Personenbezogene Daten und Widerspruchsrecht<\/b><\/p>\n<p>CAMAC HARFEN ist der Verantwortliche f\u00fcr die Verarbeitung der personenbezogenen Daten des Kunden \u00fcber die Internetseite und versichert, die notwendigen Ma\u00dfnahmen f\u00fcr die Einhaltung der Bestimmungen des als &#8222;Informatique et libert\u00e9 [EDV und Freiheit]&#8220; bezeichneten Gesetzes vom 6. Januar 1978, in seiner durch das Gesetz Nr. 2018-493 vom 20. Juni 2018 ge\u00e4nderten Fassung, sowie der Verordnung 2016\/679 des Europ\u00e4ischen Parlaments und des Rates vom 27. April 2016 (die sog. Datenschutzgrundverordnung DSGVO) getroffen zu haben.<\/p>\n<p><b>Erhobene personenbezogene Daten<\/b><\/p>\n<p>Die erhobenen und gespeicherten personenbezogenen Daten sind die Daten, die im Rahmen der Bearbeitung der Bestellung obligatorisch und f\u00fcr deren ordnungsgem\u00e4\u00dfe Erf\u00fcllung notwendig sind, insbesondere f\u00fcr die Lieferung und Bearbeitung eventueller Beanstandungen, n\u00e4mlich:<\/p>\n<ul>\n<li>Name und Vornamen des Kunden,<\/li>\n<li>Mail- und Postadresse sowie Telefonnummer des Kunden.<\/li>\n<\/ul>\n<p>CAMAC HARFEN kann auch IT-Informationen des Kunden erheben (IP-Adresse, Browsertyp, Daten \u00fcber seine Besuche auf der Internetseite, insbesondere mittels Cookies, wie zum Beispiel: empfangene Datenmenge, Ort der Zuschaltung, eingesehene Seiten, usw.). Diese Informationen sind ebenfalls personenbezogene Daten.<\/p>\n<p>Die personenbezogenen Daten k\u00f6nnen auf folgende Weisen erhoben werden:<\/p>\n<ul>\n<li>bei der Einrichtung des Account,<\/li>\n<li>bei der Nutzung der Internetseite,<\/li>\n<li>wenn der Kunde eine Bestellung aufgibt,<\/li>\n<li>wenn der Kunde CAMAC HARFEN wegen eines Problems mit der Internetseite oder aus einem anderen Grund kontaktiert.<\/li>\n<\/ul>\n<p><b>\u00a0Verarbeitungszwecke<\/b><\/p>\n<p>Die Daten werden von CAMAC HARFEN f\u00fcr die folgenden Zwecke verarbeitet und verwendet:<\/p>\n<ul>\n<li>Information des Kunden \u00fcber die Angebote und neuen Produkte von CAMAC HARFEN,<\/li>\n<li>Bearbeitung und Nachverfolgung der Bestellungen,<\/li>\n<li>Kontaktaufnahme des Kunden mit den Versanddienstleistern,<\/li>\n<li>Nutzung der Internetseite durch den Kunden,<\/li>\n<li>Verwaltung der Kunden-Accounts,<\/li>\n<li>falls erforderlich, Pr\u00fcfung der Identit\u00e4t des Kunden,<\/li>\n<li>falls erforderlich, Nachverfolgung der Bestellung zusammen mit dem Kunden,<\/li>\n<li>R\u00fcckgriff des Kunden auf die Bestellung und die Internetseite sowie Qualit\u00e4tsverbesserung der Angebote von CAMAC HARFEN,<\/li>\n<li>Benachrichtigung des Kunden \u00fcber \u00c4nderungen der Internetseite oder der vorliegenden AVB.<\/li>\n<\/ul>\n<p>Diese Daten werden nicht nach au\u00dferhalb der Europ\u00e4ischen Union \u00fcbermittelt. Sie werden auch nicht an Gesch\u00e4ftspartner weitergeben.<\/p>\n<p>Falls der Kunde der Zusendung von Angeboten von CAMAC HARFEN durch Ankreuzen des entsprechenden K\u00e4stchens zugestimmt hat, kann er sich jederzeit und kostenlos abmelden, entweder durch Klicken auf den Link &#8222;Abbestellen&#8220; in den an ihn gerichteten Mails, oder indem er sich in sein Account einloggt, oder eine Email an info@camac-harps.com sendet. Au\u00dferdem hat jeder Kunde die M\u00f6glichkeit, sich kostenlos auf der Widerspruchsliste gegen telefonische Kundenwerbung durch Ausf\u00fcllen des unter der folgenden Adresse\u00a0erreichbaren Formulars einzutragen: bloctel.gouv.fr.<\/p>\n<p>Die vom Kunden weitergegebenen personenbezogenen Daten werden niemals ohne seine vorherige schriftliche Einwilligung an Dritte weiterverkauft oder weitergegeben. Die Daten k\u00f6nnen jedoch kostenlos an die folgenden Dritte weitergegeben werden, wozu der Kunde hiermit seine Zustimmung erteilt:<\/p>\n<ul>\n<li>an Dienstleister und Unterauftragnehmer von CAMAC HARFEN im Rahmen der Ausf\u00fchrung der Bestellung (Lieferung, Marketing- und Kundenbeziehungen, Marktforschung, usw.), wobei CAMAC HARFEN f\u00fcr die Verarbeitung verantwortlich bleibt,<\/li>\n<li>an die Partner von CAMAC HARFEN, insbesondere bei der R\u00fccknahme von Bestellungen oder der Online-Zahlung der Bestellungen,<\/li>\n<li>an Beh\u00f6rden oder Gerichte, wenn CAMAC HARFEN durch Gesetze oder eine Gerichtsentscheidung dazu verpflichtet ist.<\/li>\n<\/ul>\n<p>Die auf Anweisung von CAMAC HARFEN handelnden Dritten erwerben keine Rechte auf die personenbezogenen Daten oder sonstigen Inhalte, die ihnen m\u00f6glicherweise weitergegeben werden. Sie setzen zum Schutz der Sicherheit der personenbezogenen Daten technische und organisatorische Verfahren ein, welche denen von CAMAC HARFEN gleichwertig sind, um insbesondere Diebstahl, Vernichtung oder sonstigen unerlaubten Gebrauch der Daten zu verhindern.<\/p>\n<p><b>Cookies<\/b><\/p>\n<p>Zur Verbesserung der Navigation des Kunden, Erstellung von Besuchsstatistiken, Einrichtung der Accounts, Einblendung von angepassten Werbeinhalten, Umsetzung von Sicherheitsma\u00dfnahmen, sowie Anpassung der Internetseite an das Endger\u00e4t k\u00f6nnen beim Besuch der Internetseite auch Cookies zur Sitzung und Nachverfolgung auf dem Endger\u00e4t abgelegt werden. Der Kunde hat die M\u00f6glichkeit, beim ersten Besuch der Internetseite die Ablage von Cookies abzulehnen, oder er kann sie \u00fcber die entsprechende Funktion seines Browsers l\u00f6schen.<\/p>\n<p>\u00dcber die sozialen Netze k\u00f6nnen bei Aktivierung der entsprechenden Schaltfl\u00e4chen der Internetseite auch Cookies von Dritten abgelegt werden.<\/p>\n<p>Diese Cookies speichern keine personenbezogenen Daten, sie k\u00f6nnen jedoch zur Identifizierung des Kunden auf der Internetseite verwendet werden. Sie k\u00f6nnen nur von CAMAC HARFEN genutzt werden.<\/p>\n<p>Die verwendeten Cookies sind auf den folgenden Seiten zu finden:<\/p>\n<ul>\n<li>WPML<\/li>\n<li>WordPress Administration<\/li>\n<li>Cookiebar Save<\/li>\n<li>Google Analytics<\/li>\n<\/ul>\n<p><b>Aufbewahrungsdauer <\/b><\/p>\n<p>CAMAC HARFEN speichert die personenbezogenen Daten, solange das Account aktiv bleibt, und l\u00f6scht sie bei Abmeldung dieses Account auf Antrag des Kunden. Wenn das Account einmal gel\u00f6scht ist, d\u00fcrfen nur diejenigen Daten weiter aufbewahrt werden, die f\u00fcr die Archivierung der Bestellungen, den Austausch mit CAMAC HARFEN, die Buchf\u00fchrung oder die Einhaltung der gesetzlichen Verpflichtungen von CAMAC HARFEN erforderlich sind, wobei die f\u00fcr diese Daten geltenden Regeln beachtet werden m\u00fcssen.<\/p>\n<p><b>Rechte des Kunden in Bezug auf seine personenbezogenen Daten<\/b><\/p>\n<p>Gem\u00e4\u00df geltendem Recht hat der Kunde das Recht auf Zugriff, L\u00f6schung und Berichtigung der ihn betreffenden Daten, sowie das Recht auf Einschr\u00e4nkung und Widerspruch gegen die Verarbeitung dieser Daten. Er hat auch das Recht, \u00fcber das Schicksal seiner personenbezogenen Daten nach seinem Tod zu bestimmen.<\/p>\n<p>Die Aus\u00fcbung des Rechts auf L\u00f6schung und des Widerspruchsrechts gegen die Verarbeitung von notwendigen Daten kann den Kunden von bestimmten, von CAMAC HARFEN angebotenen Leistungen ausschlie\u00dfen.<\/p>\n<p>Wenn er eines seiner Rechte aus\u00fcben m\u00f6chte, kann der Kunde eine Mitteilung an die folgende Adresse richten: entweder per Email an info@camac-harps.com oder einen Brief an LES HARPES CAMAC, service clients, La Richerais, BP 15, F-44850 MOUZEIL, Frankreich, mit dem Betreff &#8222;Personenrechte&#8220; und unter Beif\u00fcgung einer Kopie seines Identit\u00e4tsnachweises.<\/p>\n<p>Schlie\u00dflich kann der Kunde auch die Einhaltung seiner vorgenannten Rechte bei der Nationalen Kommission f\u00fcr Datenverarbeitung und Freiheit (Commission Nationale de l&#8217;Informatique et des Libert\u00e9s \u2013 CNIL) beanstanden mit einem Antrag an: CNIL &#8211; 3 Place von Fontenoy &#8211; TSA 80715 &#8211; 75334 PARIS CEDEX 07.<\/p>\n<p><b>Geistiges Eigentum und Vertraulichkeit <\/b><\/p>\n<p>Alle von CAMAC HARFEN auf ihrer Internetseite oder im Rahmen der Ausf\u00fchrung der Bestellung mitgeteilten Informationen, insbesondere die in den technischen Informationen zu den Produkten enthaltenen Informationen, sind Gegenstand von geistigen Eigentumsrechten wie Copyrights, Marken- oder Patentrechte, und sind das ausschlie\u00dfliche Eigentum von CAMAC HARFEN. Dem Kunden ist also ohne die vorherige schriftliche Einwilligung der Gesellschaft HARPES CAMAC \/ CAMAC HARPS \/ CAMAC HARFEN ihre Vervielf\u00e4ltigung, Darstellung, \u00c4nderung oder Verbreitung, im Ganzen oder in Teilen, streng untersagt. Jede Nutzung ohne Einwilligung kann als F\u00e4lschung strafrechtlich verfolgt werden.<\/p>\n<p>Schlie\u00dflich muss jeder Link zur Internetseite von CAMAC HARFEN von ihr zuvor schriftlich genehmigt werden. Diesbez\u00fcglich lehnt CAMAC HARFEN jede Haftung f\u00fcr den Inhalt dieser Links ab. In jedem Fall m\u00fcssen die Hypertext Links zur Internetseite der Gesellschaft HARPES CAMAC \/ CAMAC HARPS \/ CAMAC HARFEN auf ihren ersten Antrag hin beseitigt werden.<\/p>\n","protected":false},"excerpt":{"rendered":"<p>Personenbezogene Daten und Widerspruchsrecht CAMAC HARFEN ist der Verantwortliche f\u00fcr die Verarbeitung der personenbezogenen Daten des Kunden \u00fcber die Internetseite und versichert, die notwendigen Ma\u00dfnahmen f\u00fcr die Einhaltung der Bestimmungen des als &#8222;Informatique et libert\u00e9 [EDV und Freiheit]&#8220; bezeichneten Gesetzes vom 6. Januar 1978, in seiner durch das Gesetz Nr. 2018-493 vom 20. Juni 2018 [&hellip;]<\/p>\n","protected":false},"author":1,"featured_media":0,"parent":0,"menu_order":16,"comment_status":"closed","ping_status":"closed","template":"","meta":{"_acf_changed":false,"footnotes":""},"class_list":["post-63","page","type-page","status-publish","hentry"],"acf":[],"yoast_head":"<title>Datenschutzhinweise - Camac Harps Shop<\/title>\n<meta name=\"robots\" content=\"index, follow, max-snippet:-1, max-image-preview:large, max-video-preview:-1\" \/>\n<link rel=\"canonical\" href=\"https:\/\/shop.camac-harps.com\/de\/privacy\/\" \/>\n<meta property=\"og:locale\" content=\"de_DE\" \/>\n<meta property=\"og:type\" content=\"article\" \/>\n<meta property=\"og:title\" content=\"Datenschutzhinweise - Camac Harps Shop\" \/>\n<meta property=\"og:description\" content=\"Personenbezogene Daten und Widerspruchsrecht CAMAC HARFEN ist der Verantwortliche f\u00fcr die Verarbeitung der personenbezogenen Daten des Kunden \u00fcber die Internetseite und versichert, die notwendigen Ma\u00dfnahmen f\u00fcr die Einhaltung der Bestimmungen des als &#8222;Informatique et libert\u00e9 [EDV und Freiheit]&#8220; bezeichneten Gesetzes vom 6. Januar 1978, in seiner durch das Gesetz Nr. 2018-493 vom 20. Juni 2018 [&hellip;]\" \/>\n<meta property=\"og:url\" content=\"https:\/\/shop.camac-harps.com\/de\/privacy\/\" \/>\n<meta property=\"og:site_name\" content=\"Camac Harps Shop\" \/>\n<meta property=\"article:modified_time\" content=\"2023-12-30T15:08:31+00:00\" \/>\n<meta name=\"twitter:card\" content=\"summary_large_image\" \/>\n<meta name=\"twitter:label1\" content=\"Gesch\u00e4tzte Lesezeit\" \/>\n\t<meta name=\"twitter:data1\" content=\"6\u00a0Minuten\" \/>\n<script type=\"application\/ld+json\" class=\"yoast-schema-graph\">{\"@context\":\"https:\/\/schema.org\",\"@graph\":[{\"@type\":\"WebPage\",\"@id\":\"https:\/\/shop.camac-harps.com\/de\/privacy\/\",\"url\":\"https:\/\/shop.camac-harps.com\/de\/privacy\/\",\"name\":\"Datenschutzhinweise - Camac Harps Shop\",\"isPartOf\":{\"@id\":\"https:\/\/shop.camac-harps.com\/de\/#website\"},\"datePublished\":\"2017-11-01T14:51:20+00:00\",\"dateModified\":\"2023-12-30T15:08:31+00:00\",\"breadcrumb\":{\"@id\":\"https:\/\/shop.camac-harps.com\/de\/privacy\/#breadcrumb\"},\"inLanguage\":\"de\",\"potentialAction\":[{\"@type\":\"ReadAction\",\"target\":[\"https:\/\/shop.camac-harps.com\/de\/privacy\/\"]}]},{\"@type\":\"BreadcrumbList\",\"@id\":\"https:\/\/shop.camac-harps.com\/de\/privacy\/#breadcrumb\",\"itemListElement\":[{\"@type\":\"ListItem\",\"position\":1,\"name\":\"Home\",\"item\":\"https:\/\/shop.camac-harps.com\/de\/startseite\/\"},{\"@type\":\"ListItem\",\"position\":2,\"name\":\"Datenschutzhinweise\"}]},{\"@type\":\"WebSite\",\"@id\":\"https:\/\/shop.camac-harps.com\/de\/#website\",\"url\":\"https:\/\/shop.camac-harps.com\/de\/\",\"name\":\"Camac Harps Shop\",\"description\":\"\",\"potentialAction\":[{\"@type\":\"SearchAction\",\"target\":{\"@type\":\"EntryPoint\",\"urlTemplate\":\"https:\/\/shop.camac-harps.com\/de\/?s={search_term_string}\"},\"query-input\":{\"@type\":\"PropertyValueSpecification\",\"valueRequired\":true,\"valueName\":\"search_term_string\"}}],\"inLanguage\":\"de\"}]}<\/script>","yoast_head_json":{"title":"Datenschutzhinweise - Camac Harps Shop","robots":{"index":"index","follow":"follow","max-snippet":"max-snippet:-1","max-image-preview":"max-image-preview:large","max-video-preview":"max-video-preview:-1"},"canonical":"https:\/\/shop.camac-harps.com\/de\/privacy\/","og_locale":"de_DE","og_type":"article","og_title":"Datenschutzhinweise - Camac Harps Shop","og_description":"Personenbezogene Daten und Widerspruchsrecht CAMAC HARFEN ist der Verantwortliche f\u00fcr die Verarbeitung der personenbezogenen Daten des Kunden \u00fcber die Internetseite und versichert, die notwendigen Ma\u00dfnahmen f\u00fcr die Einhaltung der Bestimmungen des als &#8222;Informatique et libert\u00e9 [EDV und Freiheit]&#8220; bezeichneten Gesetzes vom 6. Januar 1978, in seiner durch das Gesetz Nr. 2018-493 vom 20. Juni 2018 [&hellip;]","og_url":"https:\/\/shop.camac-harps.com\/de\/privacy\/","og_site_name":"Camac Harps Shop","article_modified_time":"2023-12-30T15:08:31+00:00","twitter_card":"summary_large_image","twitter_misc":{"Gesch\u00e4tzte Lesezeit":"6\u00a0Minuten"},"schema":{"@context":"https:\/\/schema.org","@graph":[{"@type":"WebPage","@id":"https:\/\/shop.camac-harps.com\/de\/privacy\/","url":"https:\/\/shop.camac-harps.com\/de\/privacy\/","name":"Datenschutzhinweise - Camac Harps Shop","isPartOf":{"@id":"https:\/\/shop.camac-harps.com\/de\/#website"},"datePublished":"2017-11-01T14:51:20+00:00","dateModified":"2023-12-30T15:08:31+00:00","breadcrumb":{"@id":"https:\/\/shop.camac-harps.com\/de\/privacy\/#breadcrumb"},"inLanguage":"de","potentialAction":[{"@type":"ReadAction","target":["https:\/\/shop.camac-harps.com\/de\/privacy\/"]}]},{"@type":"BreadcrumbList","@id":"https:\/\/shop.camac-harps.com\/de\/privacy\/#breadcrumb","itemListElement":[{"@type":"ListItem","position":1,"name":"Home","item":"https:\/\/shop.camac-harps.com\/de\/startseite\/"},{"@type":"ListItem","position":2,"name":"Datenschutzhinweise"}]},{"@type":"WebSite","@id":"https:\/\/shop.camac-harps.com\/de\/#website","url":"https:\/\/shop.camac-harps.com\/de\/","name":"Camac Harps Shop","description":"","potentialAction":[{"@type":"SearchAction","target":{"@type":"EntryPoint","urlTemplate":"https:\/\/shop.camac-harps.com\/de\/?s={search_term_string}"},"query-input":{"@type":"PropertyValueSpecification","valueRequired":true,"valueName":"search_term_string"}}],"inLanguage":"de"}]}},"_links":{"self":[{"href":"https:\/\/shop.camac-harps.com\/de\/wp-json\/wp\/v2\/pages\/63","targetHints":{"allow":["GET"]}}],"collection":[{"href":"https:\/\/shop.camac-harps.com\/de\/wp-json\/wp\/v2\/pages"}],"about":[{"href":"https:\/\/shop.camac-harps.com\/de\/wp-json\/wp\/v2\/types\/page"}],"author":[{"embeddable":true,"href":"https:\/\/shop.camac-harps.com\/de\/wp-json\/wp\/v2\/users\/1"}],"replies":[{"embeddable":true,"href":"https:\/\/shop.camac-harps.com\/de\/wp-json\/wp\/v2\/comments?post=63"}],"version-history":[{"count":3,"href":"https:\/\/shop.camac-harps.com\/de\/wp-json\/wp\/v2\/pages\/63\/revisions"}],"predecessor-version":[{"id":21209,"href":"https:\/\/shop.camac-harps.com\/de\/wp-json\/wp\/v2\/pages\/63\/revisions\/21209"}],"wp:attachment":[{"href":"https:\/\/shop.camac-harps.com\/de\/wp-json\/wp\/v2\/media?parent=63"}],"curies":[{"name":"wp","href":"https:\/\/api.w.org\/{rel}","templated":true}]}}