{"id":11648,"date":"2018-07-06T10:41:57","date_gmt":"2018-07-06T10:41:57","guid":{"rendered":"https:\/\/shop.camac-harps.com\/product\/divers-aut-p-breves-contemporaines-2nd-anthology-2\/"},"modified":"2024-11-07T15:20:57","modified_gmt":"2024-11-07T15:20:57","slug":"divers-aut-p-breves-contemporaines-2nd-anthology","status":"publish","type":"product","link":"https:\/\/shop.camac-harps.com\/de\/produkt\/divers-aut-p-breves-contemporaines-2nd-anthology\/","title":{"rendered":"DIVERS AUT. : P.Breves Contemporaines 2nd anthology"},"content":{"rendered":"<p>G\u00e9rard Devos : Alternances ;<br \/>G\u00e9rard Devos : Petite pastorale ; <br \/>Jacques Caster\u00e8de : 2\u00e8me romance sans paroles ; <br \/>Roger Boutry : Arabesque ; <br \/>Alain Weber : Toccata.<\/p>\n","protected":false},"excerpt":{"rendered":"<p>G\u00e9rard Devos : Alternances ;G\u00e9rard Devos : Petite pastorale ; Jacques Caster\u00e8de : 2\u00e8me romance sans paroles ; Roger Boutry : Arabesque ; Alain Weber : Toccata.<\/p>\n","protected":false},"featured_media":1623,"comment_status":"open","ping_status":"closed","template":"","meta":{"_acf_changed":false},"product_brand":[],"product_cat":[35,47],"product_tag":[],"class_list":{"0":"post-11648","1":"product","2":"type-product","3":"status-publish","4":"has-post-thumbnail","6":"product_cat-harfennoten","7":"product_cat-solostucke-fur-pedalharfe","9":"first","10":"instock","11":"taxable","12":"shipping-taxable","13":"purchasable","14":"product-type-simple"},"acf":[],"yoast_head":"<title>DIVERS AUT. : P.Breves Contemporaines 2nd anthology - Camac Harps Shop<\/title>\n<meta name=\"robots\" content=\"index, follow, max-snippet:-1, max-image-preview:large, max-video-preview:-1\" \/>\n<link rel=\"canonical\" href=\"https:\/\/shop.camac-harps.com\/de\/produkt\/divers-aut-p-breves-contemporaines-2nd-anthology\/\" \/>\n<meta property=\"og:locale\" content=\"de_DE\" \/>\n<meta property=\"og:type\" content=\"article\" \/>\n<meta property=\"og:title\" content=\"DIVERS AUT. : P.Breves Contemporaines 2nd anthology - Camac Harps Shop\" \/>\n<meta property=\"og:description\" content=\"G\u00e9rard Devos : Alternances ;G\u00e9rard Devos : Petite pastorale ; Jacques Caster\u00e8de : 2\u00e8me romance sans paroles ; Roger Boutry : Arabesque ; Alain Weber : Toccata.\" \/>\n<meta property=\"og:url\" content=\"https:\/\/shop.camac-harps.com\/de\/produkt\/divers-aut-p-breves-contemporaines-2nd-anthology\/\" \/>\n<meta property=\"og:site_name\" content=\"Camac Harps Shop\" \/>\n<meta property=\"article:modified_time\" content=\"2024-11-07T15:20:57+00:00\" \/>\n<meta property=\"og:image\" content=\"https:\/\/shop.camac-harps.com\/wp-content\/uploads\/sites\/25\/2018\/07\/dsa02.jpg\" \/>\n\t<meta property=\"og:image:width\" content=\"423\" \/>\n\t<meta property=\"og:image:height\" content=\"600\" \/>\n\t<meta property=\"og:image:type\" content=\"image\/jpeg\" \/>\n<meta name=\"twitter:card\" content=\"summary_large_image\" \/>\n<script type=\"application\/ld+json\" class=\"yoast-schema-graph\">{\"@context\":\"https:\/\/schema.org\",\"@graph\":[{\"@type\":\"WebPage\",\"@id\":\"https:\/\/shop.camac-harps.com\/de\/produkt\/divers-aut-p-breves-contemporaines-2nd-anthology\/\",\"url\":\"https:\/\/shop.camac-harps.com\/de\/produkt\/divers-aut-p-breves-contemporaines-2nd-anthology\/\",\"name\":\"DIVERS AUT. : P.Breves Contemporaines 2nd anthology - Camac Harps Shop\",\"isPartOf\":{\"@id\":\"https:\/\/shop.camac-harps.com\/de\/#website\"},\"primaryImageOfPage\":{\"@id\":\"https:\/\/shop.camac-harps.com\/de\/produkt\/divers-aut-p-breves-contemporaines-2nd-anthology\/#primaryimage\"},\"image\":{\"@id\":\"https:\/\/shop.camac-harps.com\/de\/produkt\/divers-aut-p-breves-contemporaines-2nd-anthology\/#primaryimage\"},\"thumbnailUrl\":\"https:\/\/shop.camac-harps.com\/wp-content\/uploads\/sites\/25\/2018\/07\/dsa02.jpg\",\"datePublished\":\"2018-07-06T10:41:57+00:00\",\"dateModified\":\"2024-11-07T15:20:57+00:00\",\"breadcrumb\":{\"@id\":\"https:\/\/shop.camac-harps.com\/de\/produkt\/divers-aut-p-breves-contemporaines-2nd-anthology\/#breadcrumb\"},\"inLanguage\":\"de\",\"potentialAction\":[{\"@type\":\"ReadAction\",\"target\":[\"https:\/\/shop.camac-harps.com\/de\/produkt\/divers-aut-p-breves-contemporaines-2nd-anthology\/\"]}]},{\"@type\":\"ImageObject\",\"inLanguage\":\"de\",\"@id\":\"https:\/\/shop.camac-harps.com\/de\/produkt\/divers-aut-p-breves-contemporaines-2nd-anthology\/#primaryimage\",\"url\":\"https:\/\/shop.camac-harps.com\/wp-content\/uploads\/sites\/25\/2018\/07\/dsa02.jpg\",\"contentUrl\":\"https:\/\/shop.camac-harps.com\/wp-content\/uploads\/sites\/25\/2018\/07\/dsa02.jpg\",\"width\":423,\"height\":600},{\"@type\":\"BreadcrumbList\",\"@id\":\"https:\/\/shop.camac-harps.com\/de\/produkt\/divers-aut-p-breves-contemporaines-2nd-anthology\/#breadcrumb\",\"itemListElement\":[{\"@type\":\"ListItem\",\"position\":1,\"name\":\"Home\",\"item\":\"https:\/\/shop.camac-harps.com\/de\/startseite\/\"},{\"@type\":\"ListItem\",\"position\":2,\"name\":\"Startseite\",\"item\":\"https:\/\/shop.camac-harps.com\/de\/startseite\/\"},{\"@type\":\"ListItem\",\"position\":3,\"name\":\"DIVERS AUT. : P.Breves Contemporaines 2nd anthology\"}]},{\"@type\":\"WebSite\",\"@id\":\"https:\/\/shop.camac-harps.com\/de\/#website\",\"url\":\"https:\/\/shop.camac-harps.com\/de\/\",\"name\":\"Camac Harps Shop\",\"description\":\"\",\"potentialAction\":[{\"@type\":\"SearchAction\",\"target\":{\"@type\":\"EntryPoint\",\"urlTemplate\":\"https:\/\/shop.camac-harps.com\/de\/?s={search_term_string}\"},\"query-input\":{\"@type\":\"PropertyValueSpecification\",\"valueRequired\":true,\"valueName\":\"search_term_string\"}}],\"inLanguage\":\"de\"}]}<\/script>","yoast_head_json":{"title":"DIVERS AUT. : P.Breves Contemporaines 2nd anthology - Camac Harps Shop","robots":{"index":"index","follow":"follow","max-snippet":"max-snippet:-1","max-image-preview":"max-image-preview:large","max-video-preview":"max-video-preview:-1"},"canonical":"https:\/\/shop.camac-harps.com\/de\/produkt\/divers-aut-p-breves-contemporaines-2nd-anthology\/","og_locale":"de_DE","og_type":"article","og_title":"DIVERS AUT. : P.Breves Contemporaines 2nd anthology - Camac Harps Shop","og_description":"G\u00e9rard Devos : Alternances ;G\u00e9rard Devos : Petite pastorale ; Jacques Caster\u00e8de : 2\u00e8me romance sans paroles ; Roger Boutry : Arabesque ; Alain Weber : Toccata.","og_url":"https:\/\/shop.camac-harps.com\/de\/produkt\/divers-aut-p-breves-contemporaines-2nd-anthology\/","og_site_name":"Camac Harps Shop","article_modified_time":"2024-11-07T15:20:57+00:00","og_image":[{"width":423,"height":600,"url":"https:\/\/shop.camac-harps.com\/wp-content\/uploads\/sites\/25\/2018\/07\/dsa02.jpg","type":"image\/jpeg"}],"twitter_card":"summary_large_image","schema":{"@context":"https:\/\/schema.org","@graph":[{"@type":"WebPage","@id":"https:\/\/shop.camac-harps.com\/de\/produkt\/divers-aut-p-breves-contemporaines-2nd-anthology\/","url":"https:\/\/shop.camac-harps.com\/de\/produkt\/divers-aut-p-breves-contemporaines-2nd-anthology\/","name":"DIVERS AUT. : P.Breves Contemporaines 2nd anthology - Camac Harps Shop","isPartOf":{"@id":"https:\/\/shop.camac-harps.com\/de\/#website"},"primaryImageOfPage":{"@id":"https:\/\/shop.camac-harps.com\/de\/produkt\/divers-aut-p-breves-contemporaines-2nd-anthology\/#primaryimage"},"image":{"@id":"https:\/\/shop.camac-harps.com\/de\/produkt\/divers-aut-p-breves-contemporaines-2nd-anthology\/#primaryimage"},"thumbnailUrl":"https:\/\/shop.camac-harps.com\/wp-content\/uploads\/sites\/25\/2018\/07\/dsa02.jpg","datePublished":"2018-07-06T10:41:57+00:00","dateModified":"2024-11-07T15:20:57+00:00","breadcrumb":{"@id":"https:\/\/shop.camac-harps.com\/de\/produkt\/divers-aut-p-breves-contemporaines-2nd-anthology\/#breadcrumb"},"inLanguage":"de","potentialAction":[{"@type":"ReadAction","target":["https:\/\/shop.camac-harps.com\/de\/produkt\/divers-aut-p-breves-contemporaines-2nd-anthology\/"]}]},{"@type":"ImageObject","inLanguage":"de","@id":"https:\/\/shop.camac-harps.com\/de\/produkt\/divers-aut-p-breves-contemporaines-2nd-anthology\/#primaryimage","url":"https:\/\/shop.camac-harps.com\/wp-content\/uploads\/sites\/25\/2018\/07\/dsa02.jpg","contentUrl":"https:\/\/shop.camac-harps.com\/wp-content\/uploads\/sites\/25\/2018\/07\/dsa02.jpg","width":423,"height":600},{"@type":"BreadcrumbList","@id":"https:\/\/shop.camac-harps.com\/de\/produkt\/divers-aut-p-breves-contemporaines-2nd-anthology\/#breadcrumb","itemListElement":[{"@type":"ListItem","position":1,"name":"Home","item":"https:\/\/shop.camac-harps.com\/de\/startseite\/"},{"@type":"ListItem","position":2,"name":"Startseite","item":"https:\/\/shop.camac-harps.com\/de\/startseite\/"},{"@type":"ListItem","position":3,"name":"DIVERS AUT. : P.Breves Contemporaines 2nd anthology"}]},{"@type":"WebSite","@id":"https:\/\/shop.camac-harps.com\/de\/#website","url":"https:\/\/shop.camac-harps.com\/de\/","name":"Camac Harps Shop","description":"","potentialAction":[{"@type":"SearchAction","target":{"@type":"EntryPoint","urlTemplate":"https:\/\/shop.camac-harps.com\/de\/?s={search_term_string}"},"query-input":{"@type":"PropertyValueSpecification","valueRequired":true,"valueName":"search_term_string"}}],"inLanguage":"de"}]}},"_links":{"self":[{"href":"https:\/\/shop.camac-harps.com\/de\/wp-json\/wp\/v2\/product\/11648","targetHints":{"allow":["GET"]}}],"collection":[{"href":"https:\/\/shop.camac-harps.com\/de\/wp-json\/wp\/v2\/product"}],"about":[{"href":"https:\/\/shop.camac-harps.com\/de\/wp-json\/wp\/v2\/types\/product"}],"replies":[{"embeddable":true,"href":"https:\/\/shop.camac-harps.com\/de\/wp-json\/wp\/v2\/comments?post=11648"}],"wp:featuredmedia":[{"embeddable":true,"href":"https:\/\/shop.camac-harps.com\/de\/wp-json\/wp\/v2\/media\/1623"}],"wp:attachment":[{"href":"https:\/\/shop.camac-harps.com\/de\/wp-json\/wp\/v2\/media?parent=11648"}],"wp:term":[{"taxonomy":"product_brand","embeddable":true,"href":"https:\/\/shop.camac-harps.com\/de\/wp-json\/wp\/v2\/product_brand?post=11648"},{"taxonomy":"product_cat","embeddable":true,"href":"https:\/\/shop.camac-harps.com\/de\/wp-json\/wp\/v2\/product_cat?post=11648"},{"taxonomy":"product_tag","embeddable":true,"href":"https:\/\/shop.camac-harps.com\/de\/wp-json\/wp\/v2\/product_tag?post=11648"}],"curies":[{"name":"wp","href":"https:\/\/api.w.org\/{rel}","templated":true}]}}