{"id":11654,"date":"2018-07-06T10:42:06","date_gmt":"2018-07-06T10:42:06","guid":{"rendered":"https:\/\/shop.camac-harps.com\/product\/divers-aut-pieces-pour-harpe-de-payen-moat-ha009635-3\/"},"modified":"2024-11-07T15:20:56","modified_gmt":"2024-11-07T15:20:56","slug":"divers-aut-pieces-pour-harpe-de-payen-moat-ha009635","status":"publish","type":"product","link":"https:\/\/shop.camac-harps.com\/de\/produkt\/divers-aut-pieces-pour-harpe-de-payen-moat-ha009635\/","title":{"rendered":"DIVERS AUT. : Pieces Pour Harpe de Payen Moat HA009635"},"content":{"rendered":"<p>FJ Nadermann : th\u00e8me et variations, extrait du 2\u00e8me divertissement ; <br \/>P\u00e9trini : Gigue ; <br \/>Ba\u00fcerschmitt: Romance ; <br \/>Vernier fils : Air vari\u00e9, Ah, mon beau ch\u00e2teau ; <br \/>P\u00e9trini : Menuet de Mannheim ; <br \/>FJ Nadermann : valse.<\/p>\n","protected":false},"excerpt":{"rendered":"<p>FJ Nadermann : th\u00e8me et variations, extrait du 2\u00e8me divertissement ; P\u00e9trini : Gigue ; Ba\u00fcerschmitt: Romance ; Vernier fils : Air vari\u00e9, Ah, mon beau ch\u00e2teau ; P\u00e9trini : Menuet de Mannheim ; FJ Nadermann : valse.<\/p>\n","protected":false},"featured_media":1629,"comment_status":"open","ping_status":"closed","template":"","meta":{"_acf_changed":false},"product_brand":[],"product_cat":[35,110,47],"product_tag":[],"class_list":{"0":"post-11654","1":"product","2":"type-product","3":"status-publish","4":"has-post-thumbnail","6":"product_cat-harfennoten","7":"product_cat-musik-fur-hakenharfen","8":"product_cat-solostucke-fur-pedalharfe","10":"first","11":"instock","12":"taxable","13":"shipping-taxable","14":"purchasable","15":"product-type-simple"},"acf":[],"yoast_head":"<title>DIVERS AUT. : Pieces Pour Harpe de Payen Moat HA009635 - Camac Harps Shop<\/title>\n<meta name=\"robots\" content=\"index, follow, max-snippet:-1, max-image-preview:large, max-video-preview:-1\" \/>\n<link rel=\"canonical\" href=\"https:\/\/shop.camac-harps.com\/de\/produkt\/divers-aut-pieces-pour-harpe-de-payen-moat-ha009635\/\" \/>\n<meta property=\"og:locale\" content=\"de_DE\" \/>\n<meta property=\"og:type\" content=\"article\" \/>\n<meta property=\"og:title\" content=\"DIVERS AUT. : Pieces Pour Harpe de Payen Moat HA009635 - Camac Harps Shop\" \/>\n<meta property=\"og:description\" content=\"FJ Nadermann : th\u00e8me et variations, extrait du 2\u00e8me divertissement ; P\u00e9trini : Gigue ; Ba\u00fcerschmitt: Romance ; Vernier fils : Air vari\u00e9, Ah, mon beau ch\u00e2teau ; P\u00e9trini : Menuet de Mannheim ; FJ Nadermann : valse.\" \/>\n<meta property=\"og:url\" content=\"https:\/\/shop.camac-harps.com\/de\/produkt\/divers-aut-pieces-pour-harpe-de-payen-moat-ha009635\/\" \/>\n<meta property=\"og:site_name\" content=\"Camac Harps Shop\" \/>\n<meta property=\"article:modified_time\" content=\"2024-11-07T15:20:56+00:00\" \/>\n<meta property=\"og:image\" content=\"https:\/\/shop.camac-harps.com\/wp-content\/uploads\/sites\/25\/2018\/07\/dsa12.jpg\" \/>\n\t<meta property=\"og:image:width\" content=\"423\" \/>\n\t<meta property=\"og:image:height\" content=\"600\" \/>\n\t<meta property=\"og:image:type\" content=\"image\/jpeg\" \/>\n<meta name=\"twitter:card\" content=\"summary_large_image\" \/>\n<script type=\"application\/ld+json\" class=\"yoast-schema-graph\">{\"@context\":\"https:\/\/schema.org\",\"@graph\":[{\"@type\":\"WebPage\",\"@id\":\"https:\/\/shop.camac-harps.com\/de\/produkt\/divers-aut-pieces-pour-harpe-de-payen-moat-ha009635\/\",\"url\":\"https:\/\/shop.camac-harps.com\/de\/produkt\/divers-aut-pieces-pour-harpe-de-payen-moat-ha009635\/\",\"name\":\"DIVERS AUT. : Pieces Pour Harpe de Payen Moat HA009635 - Camac Harps Shop\",\"isPartOf\":{\"@id\":\"https:\/\/shop.camac-harps.com\/de\/#website\"},\"primaryImageOfPage\":{\"@id\":\"https:\/\/shop.camac-harps.com\/de\/produkt\/divers-aut-pieces-pour-harpe-de-payen-moat-ha009635\/#primaryimage\"},\"image\":{\"@id\":\"https:\/\/shop.camac-harps.com\/de\/produkt\/divers-aut-pieces-pour-harpe-de-payen-moat-ha009635\/#primaryimage\"},\"thumbnailUrl\":\"https:\/\/shop.camac-harps.com\/wp-content\/uploads\/sites\/25\/2018\/07\/dsa12.jpg\",\"datePublished\":\"2018-07-06T10:42:06+00:00\",\"dateModified\":\"2024-11-07T15:20:56+00:00\",\"breadcrumb\":{\"@id\":\"https:\/\/shop.camac-harps.com\/de\/produkt\/divers-aut-pieces-pour-harpe-de-payen-moat-ha009635\/#breadcrumb\"},\"inLanguage\":\"de\",\"potentialAction\":[{\"@type\":\"ReadAction\",\"target\":[\"https:\/\/shop.camac-harps.com\/de\/produkt\/divers-aut-pieces-pour-harpe-de-payen-moat-ha009635\/\"]}]},{\"@type\":\"ImageObject\",\"inLanguage\":\"de\",\"@id\":\"https:\/\/shop.camac-harps.com\/de\/produkt\/divers-aut-pieces-pour-harpe-de-payen-moat-ha009635\/#primaryimage\",\"url\":\"https:\/\/shop.camac-harps.com\/wp-content\/uploads\/sites\/25\/2018\/07\/dsa12.jpg\",\"contentUrl\":\"https:\/\/shop.camac-harps.com\/wp-content\/uploads\/sites\/25\/2018\/07\/dsa12.jpg\",\"width\":423,\"height\":600},{\"@type\":\"BreadcrumbList\",\"@id\":\"https:\/\/shop.camac-harps.com\/de\/produkt\/divers-aut-pieces-pour-harpe-de-payen-moat-ha009635\/#breadcrumb\",\"itemListElement\":[{\"@type\":\"ListItem\",\"position\":1,\"name\":\"Home\",\"item\":\"https:\/\/shop.camac-harps.com\/de\/startseite\/\"},{\"@type\":\"ListItem\",\"position\":2,\"name\":\"Startseite\",\"item\":\"https:\/\/shop.camac-harps.com\/de\/startseite\/\"},{\"@type\":\"ListItem\",\"position\":3,\"name\":\"DIVERS AUT. : Pieces Pour Harpe de Payen Moat HA009635\"}]},{\"@type\":\"WebSite\",\"@id\":\"https:\/\/shop.camac-harps.com\/de\/#website\",\"url\":\"https:\/\/shop.camac-harps.com\/de\/\",\"name\":\"Camac Harps Shop\",\"description\":\"\",\"potentialAction\":[{\"@type\":\"SearchAction\",\"target\":{\"@type\":\"EntryPoint\",\"urlTemplate\":\"https:\/\/shop.camac-harps.com\/de\/?s={search_term_string}\"},\"query-input\":{\"@type\":\"PropertyValueSpecification\",\"valueRequired\":true,\"valueName\":\"search_term_string\"}}],\"inLanguage\":\"de\"}]}<\/script>","yoast_head_json":{"title":"DIVERS AUT. : Pieces Pour Harpe de Payen Moat HA009635 - Camac Harps Shop","robots":{"index":"index","follow":"follow","max-snippet":"max-snippet:-1","max-image-preview":"max-image-preview:large","max-video-preview":"max-video-preview:-1"},"canonical":"https:\/\/shop.camac-harps.com\/de\/produkt\/divers-aut-pieces-pour-harpe-de-payen-moat-ha009635\/","og_locale":"de_DE","og_type":"article","og_title":"DIVERS AUT. : Pieces Pour Harpe de Payen Moat HA009635 - Camac Harps Shop","og_description":"FJ Nadermann : th\u00e8me et variations, extrait du 2\u00e8me divertissement ; P\u00e9trini : Gigue ; Ba\u00fcerschmitt: Romance ; Vernier fils : Air vari\u00e9, Ah, mon beau ch\u00e2teau ; P\u00e9trini : Menuet de Mannheim ; FJ Nadermann : valse.","og_url":"https:\/\/shop.camac-harps.com\/de\/produkt\/divers-aut-pieces-pour-harpe-de-payen-moat-ha009635\/","og_site_name":"Camac Harps Shop","article_modified_time":"2024-11-07T15:20:56+00:00","og_image":[{"width":423,"height":600,"url":"https:\/\/shop.camac-harps.com\/wp-content\/uploads\/sites\/25\/2018\/07\/dsa12.jpg","type":"image\/jpeg"}],"twitter_card":"summary_large_image","schema":{"@context":"https:\/\/schema.org","@graph":[{"@type":"WebPage","@id":"https:\/\/shop.camac-harps.com\/de\/produkt\/divers-aut-pieces-pour-harpe-de-payen-moat-ha009635\/","url":"https:\/\/shop.camac-harps.com\/de\/produkt\/divers-aut-pieces-pour-harpe-de-payen-moat-ha009635\/","name":"DIVERS AUT. : Pieces Pour Harpe de Payen Moat HA009635 - Camac Harps Shop","isPartOf":{"@id":"https:\/\/shop.camac-harps.com\/de\/#website"},"primaryImageOfPage":{"@id":"https:\/\/shop.camac-harps.com\/de\/produkt\/divers-aut-pieces-pour-harpe-de-payen-moat-ha009635\/#primaryimage"},"image":{"@id":"https:\/\/shop.camac-harps.com\/de\/produkt\/divers-aut-pieces-pour-harpe-de-payen-moat-ha009635\/#primaryimage"},"thumbnailUrl":"https:\/\/shop.camac-harps.com\/wp-content\/uploads\/sites\/25\/2018\/07\/dsa12.jpg","datePublished":"2018-07-06T10:42:06+00:00","dateModified":"2024-11-07T15:20:56+00:00","breadcrumb":{"@id":"https:\/\/shop.camac-harps.com\/de\/produkt\/divers-aut-pieces-pour-harpe-de-payen-moat-ha009635\/#breadcrumb"},"inLanguage":"de","potentialAction":[{"@type":"ReadAction","target":["https:\/\/shop.camac-harps.com\/de\/produkt\/divers-aut-pieces-pour-harpe-de-payen-moat-ha009635\/"]}]},{"@type":"ImageObject","inLanguage":"de","@id":"https:\/\/shop.camac-harps.com\/de\/produkt\/divers-aut-pieces-pour-harpe-de-payen-moat-ha009635\/#primaryimage","url":"https:\/\/shop.camac-harps.com\/wp-content\/uploads\/sites\/25\/2018\/07\/dsa12.jpg","contentUrl":"https:\/\/shop.camac-harps.com\/wp-content\/uploads\/sites\/25\/2018\/07\/dsa12.jpg","width":423,"height":600},{"@type":"BreadcrumbList","@id":"https:\/\/shop.camac-harps.com\/de\/produkt\/divers-aut-pieces-pour-harpe-de-payen-moat-ha009635\/#breadcrumb","itemListElement":[{"@type":"ListItem","position":1,"name":"Home","item":"https:\/\/shop.camac-harps.com\/de\/startseite\/"},{"@type":"ListItem","position":2,"name":"Startseite","item":"https:\/\/shop.camac-harps.com\/de\/startseite\/"},{"@type":"ListItem","position":3,"name":"DIVERS AUT. : Pieces Pour Harpe de Payen Moat HA009635"}]},{"@type":"WebSite","@id":"https:\/\/shop.camac-harps.com\/de\/#website","url":"https:\/\/shop.camac-harps.com\/de\/","name":"Camac Harps Shop","description":"","potentialAction":[{"@type":"SearchAction","target":{"@type":"EntryPoint","urlTemplate":"https:\/\/shop.camac-harps.com\/de\/?s={search_term_string}"},"query-input":{"@type":"PropertyValueSpecification","valueRequired":true,"valueName":"search_term_string"}}],"inLanguage":"de"}]}},"_links":{"self":[{"href":"https:\/\/shop.camac-harps.com\/de\/wp-json\/wp\/v2\/product\/11654","targetHints":{"allow":["GET"]}}],"collection":[{"href":"https:\/\/shop.camac-harps.com\/de\/wp-json\/wp\/v2\/product"}],"about":[{"href":"https:\/\/shop.camac-harps.com\/de\/wp-json\/wp\/v2\/types\/product"}],"replies":[{"embeddable":true,"href":"https:\/\/shop.camac-harps.com\/de\/wp-json\/wp\/v2\/comments?post=11654"}],"wp:featuredmedia":[{"embeddable":true,"href":"https:\/\/shop.camac-harps.com\/de\/wp-json\/wp\/v2\/media\/1629"}],"wp:attachment":[{"href":"https:\/\/shop.camac-harps.com\/de\/wp-json\/wp\/v2\/media?parent=11654"}],"wp:term":[{"taxonomy":"product_brand","embeddable":true,"href":"https:\/\/shop.camac-harps.com\/de\/wp-json\/wp\/v2\/product_brand?post=11654"},{"taxonomy":"product_cat","embeddable":true,"href":"https:\/\/shop.camac-harps.com\/de\/wp-json\/wp\/v2\/product_cat?post=11654"},{"taxonomy":"product_tag","embeddable":true,"href":"https:\/\/shop.camac-harps.com\/de\/wp-json\/wp\/v2\/product_tag?post=11654"}],"curies":[{"name":"wp","href":"https:\/\/api.w.org\/{rel}","templated":true}]}}