{"id":12344,"date":"2018-07-06T10:53:49","date_gmt":"2018-07-06T10:53:49","guid":{"rendered":"https:\/\/shop.camac-harps.com\/product\/labarre-theodore-ricordanza-di-paganini-opus-51-3\/"},"modified":"2024-11-07T15:18:56","modified_gmt":"2024-11-07T15:18:56","slug":"labarre-theodore-ricordanza-di-paganini-opus-51","status":"publish","type":"product","link":"https:\/\/shop.camac-harps.com\/de\/produkt\/labarre-theodore-ricordanza-di-paganini-opus-51\/","title":{"rendered":"LABARRE Theodore : Ricordanza di Paganini Opus 51"},"content":{"rendered":"<p>Bearbeitet von Marie-Claire Jamet .<br \/>Inhalt: Tutti aus dem 1. Konzert;<br \/>Variation aus der &#8222;Milit\u00e4rsonate&#8220;;<br \/>Glocken-Rondo;<br \/>Thema und Variation \u00fcber die Milit\u00e4rsonate;<br \/>Finale : Rondo aus dem 1. Konzert.<\/p>\n","protected":false},"excerpt":{"rendered":"<p>Bearbeitet von Marie-Claire Jamet .Inhalt: Tutti aus dem 1. Konzert;Variation aus der &#8222;Milit\u00e4rsonate&#8220;;Glocken-Rondo;Thema und Variation \u00fcber die Milit\u00e4rsonate;Finale : Rondo aus dem 1. Konzert.<\/p>\n","protected":false},"featured_media":2349,"comment_status":"open","ping_status":"closed","template":"","meta":{"_acf_changed":false},"product_brand":[],"product_cat":[35,47],"product_tag":[],"class_list":{"0":"post-12344","1":"product","2":"type-product","3":"status-publish","4":"has-post-thumbnail","6":"product_cat-harfennoten","7":"product_cat-solostucke-fur-pedalharfe","9":"first","10":"instock","11":"taxable","12":"shipping-taxable","13":"purchasable","14":"product-type-simple"},"acf":[],"yoast_head":"<title>LABARRE Theodore : Ricordanza di Paganini Opus 51 - Camac Harps Shop<\/title>\n<meta name=\"robots\" content=\"index, follow, max-snippet:-1, max-image-preview:large, max-video-preview:-1\" \/>\n<link rel=\"canonical\" href=\"https:\/\/shop.camac-harps.com\/de\/produkt\/labarre-theodore-ricordanza-di-paganini-opus-51\/\" \/>\n<meta property=\"og:locale\" content=\"de_DE\" \/>\n<meta property=\"og:type\" content=\"article\" \/>\n<meta property=\"og:title\" content=\"LABARRE Theodore : Ricordanza di Paganini Opus 51 - Camac Harps Shop\" \/>\n<meta property=\"og:description\" content=\"Bearbeitet von Marie-Claire Jamet .Inhalt: Tutti aus dem 1. Konzert;Variation aus der &#8222;Milit\u00e4rsonate&#8220;;Glocken-Rondo;Thema und Variation \u00fcber die Milit\u00e4rsonate;Finale : Rondo aus dem 1. Konzert.\" \/>\n<meta property=\"og:url\" content=\"https:\/\/shop.camac-harps.com\/de\/produkt\/labarre-theodore-ricordanza-di-paganini-opus-51\/\" \/>\n<meta property=\"og:site_name\" content=\"Camac Harps Shop\" \/>\n<meta property=\"article:modified_time\" content=\"2024-11-07T15:18:56+00:00\" \/>\n<meta property=\"og:image\" content=\"https:\/\/shop.camac-harps.com\/wp-content\/uploads\/sites\/25\/2018\/07\/let04.jpg\" \/>\n\t<meta property=\"og:image:width\" content=\"424\" \/>\n\t<meta property=\"og:image:height\" content=\"600\" \/>\n\t<meta property=\"og:image:type\" content=\"image\/jpeg\" \/>\n<meta name=\"twitter:card\" content=\"summary_large_image\" \/>\n<script type=\"application\/ld+json\" class=\"yoast-schema-graph\">{\"@context\":\"https:\/\/schema.org\",\"@graph\":[{\"@type\":\"WebPage\",\"@id\":\"https:\/\/shop.camac-harps.com\/de\/produkt\/labarre-theodore-ricordanza-di-paganini-opus-51\/\",\"url\":\"https:\/\/shop.camac-harps.com\/de\/produkt\/labarre-theodore-ricordanza-di-paganini-opus-51\/\",\"name\":\"LABARRE Theodore : Ricordanza di Paganini Opus 51 - Camac Harps Shop\",\"isPartOf\":{\"@id\":\"https:\/\/shop.camac-harps.com\/de\/#website\"},\"primaryImageOfPage\":{\"@id\":\"https:\/\/shop.camac-harps.com\/de\/produkt\/labarre-theodore-ricordanza-di-paganini-opus-51\/#primaryimage\"},\"image\":{\"@id\":\"https:\/\/shop.camac-harps.com\/de\/produkt\/labarre-theodore-ricordanza-di-paganini-opus-51\/#primaryimage\"},\"thumbnailUrl\":\"https:\/\/shop.camac-harps.com\/wp-content\/uploads\/sites\/25\/2018\/07\/let04.jpg\",\"datePublished\":\"2018-07-06T10:53:49+00:00\",\"dateModified\":\"2024-11-07T15:18:56+00:00\",\"breadcrumb\":{\"@id\":\"https:\/\/shop.camac-harps.com\/de\/produkt\/labarre-theodore-ricordanza-di-paganini-opus-51\/#breadcrumb\"},\"inLanguage\":\"de\",\"potentialAction\":[{\"@type\":\"ReadAction\",\"target\":[\"https:\/\/shop.camac-harps.com\/de\/produkt\/labarre-theodore-ricordanza-di-paganini-opus-51\/\"]}]},{\"@type\":\"ImageObject\",\"inLanguage\":\"de\",\"@id\":\"https:\/\/shop.camac-harps.com\/de\/produkt\/labarre-theodore-ricordanza-di-paganini-opus-51\/#primaryimage\",\"url\":\"https:\/\/shop.camac-harps.com\/wp-content\/uploads\/sites\/25\/2018\/07\/let04.jpg\",\"contentUrl\":\"https:\/\/shop.camac-harps.com\/wp-content\/uploads\/sites\/25\/2018\/07\/let04.jpg\",\"width\":424,\"height\":600},{\"@type\":\"BreadcrumbList\",\"@id\":\"https:\/\/shop.camac-harps.com\/de\/produkt\/labarre-theodore-ricordanza-di-paganini-opus-51\/#breadcrumb\",\"itemListElement\":[{\"@type\":\"ListItem\",\"position\":1,\"name\":\"Home\",\"item\":\"https:\/\/shop.camac-harps.com\/de\/startseite\/\"},{\"@type\":\"ListItem\",\"position\":2,\"name\":\"Startseite\",\"item\":\"https:\/\/shop.camac-harps.com\/de\/startseite\/\"},{\"@type\":\"ListItem\",\"position\":3,\"name\":\"LABARRE Theodore : Ricordanza di Paganini Opus 51\"}]},{\"@type\":\"WebSite\",\"@id\":\"https:\/\/shop.camac-harps.com\/de\/#website\",\"url\":\"https:\/\/shop.camac-harps.com\/de\/\",\"name\":\"Camac Harps Shop\",\"description\":\"\",\"potentialAction\":[{\"@type\":\"SearchAction\",\"target\":{\"@type\":\"EntryPoint\",\"urlTemplate\":\"https:\/\/shop.camac-harps.com\/de\/?s={search_term_string}\"},\"query-input\":{\"@type\":\"PropertyValueSpecification\",\"valueRequired\":true,\"valueName\":\"search_term_string\"}}],\"inLanguage\":\"de\"}]}<\/script>","yoast_head_json":{"title":"LABARRE Theodore : Ricordanza di Paganini Opus 51 - Camac Harps Shop","robots":{"index":"index","follow":"follow","max-snippet":"max-snippet:-1","max-image-preview":"max-image-preview:large","max-video-preview":"max-video-preview:-1"},"canonical":"https:\/\/shop.camac-harps.com\/de\/produkt\/labarre-theodore-ricordanza-di-paganini-opus-51\/","og_locale":"de_DE","og_type":"article","og_title":"LABARRE Theodore : Ricordanza di Paganini Opus 51 - Camac Harps Shop","og_description":"Bearbeitet von Marie-Claire Jamet .Inhalt: Tutti aus dem 1. Konzert;Variation aus der &#8222;Milit\u00e4rsonate&#8220;;Glocken-Rondo;Thema und Variation \u00fcber die Milit\u00e4rsonate;Finale : Rondo aus dem 1. Konzert.","og_url":"https:\/\/shop.camac-harps.com\/de\/produkt\/labarre-theodore-ricordanza-di-paganini-opus-51\/","og_site_name":"Camac Harps Shop","article_modified_time":"2024-11-07T15:18:56+00:00","og_image":[{"width":424,"height":600,"url":"https:\/\/shop.camac-harps.com\/wp-content\/uploads\/sites\/25\/2018\/07\/let04.jpg","type":"image\/jpeg"}],"twitter_card":"summary_large_image","schema":{"@context":"https:\/\/schema.org","@graph":[{"@type":"WebPage","@id":"https:\/\/shop.camac-harps.com\/de\/produkt\/labarre-theodore-ricordanza-di-paganini-opus-51\/","url":"https:\/\/shop.camac-harps.com\/de\/produkt\/labarre-theodore-ricordanza-di-paganini-opus-51\/","name":"LABARRE Theodore : Ricordanza di Paganini Opus 51 - Camac Harps Shop","isPartOf":{"@id":"https:\/\/shop.camac-harps.com\/de\/#website"},"primaryImageOfPage":{"@id":"https:\/\/shop.camac-harps.com\/de\/produkt\/labarre-theodore-ricordanza-di-paganini-opus-51\/#primaryimage"},"image":{"@id":"https:\/\/shop.camac-harps.com\/de\/produkt\/labarre-theodore-ricordanza-di-paganini-opus-51\/#primaryimage"},"thumbnailUrl":"https:\/\/shop.camac-harps.com\/wp-content\/uploads\/sites\/25\/2018\/07\/let04.jpg","datePublished":"2018-07-06T10:53:49+00:00","dateModified":"2024-11-07T15:18:56+00:00","breadcrumb":{"@id":"https:\/\/shop.camac-harps.com\/de\/produkt\/labarre-theodore-ricordanza-di-paganini-opus-51\/#breadcrumb"},"inLanguage":"de","potentialAction":[{"@type":"ReadAction","target":["https:\/\/shop.camac-harps.com\/de\/produkt\/labarre-theodore-ricordanza-di-paganini-opus-51\/"]}]},{"@type":"ImageObject","inLanguage":"de","@id":"https:\/\/shop.camac-harps.com\/de\/produkt\/labarre-theodore-ricordanza-di-paganini-opus-51\/#primaryimage","url":"https:\/\/shop.camac-harps.com\/wp-content\/uploads\/sites\/25\/2018\/07\/let04.jpg","contentUrl":"https:\/\/shop.camac-harps.com\/wp-content\/uploads\/sites\/25\/2018\/07\/let04.jpg","width":424,"height":600},{"@type":"BreadcrumbList","@id":"https:\/\/shop.camac-harps.com\/de\/produkt\/labarre-theodore-ricordanza-di-paganini-opus-51\/#breadcrumb","itemListElement":[{"@type":"ListItem","position":1,"name":"Home","item":"https:\/\/shop.camac-harps.com\/de\/startseite\/"},{"@type":"ListItem","position":2,"name":"Startseite","item":"https:\/\/shop.camac-harps.com\/de\/startseite\/"},{"@type":"ListItem","position":3,"name":"LABARRE Theodore : Ricordanza di Paganini Opus 51"}]},{"@type":"WebSite","@id":"https:\/\/shop.camac-harps.com\/de\/#website","url":"https:\/\/shop.camac-harps.com\/de\/","name":"Camac Harps Shop","description":"","potentialAction":[{"@type":"SearchAction","target":{"@type":"EntryPoint","urlTemplate":"https:\/\/shop.camac-harps.com\/de\/?s={search_term_string}"},"query-input":{"@type":"PropertyValueSpecification","valueRequired":true,"valueName":"search_term_string"}}],"inLanguage":"de"}]}},"_links":{"self":[{"href":"https:\/\/shop.camac-harps.com\/de\/wp-json\/wp\/v2\/product\/12344","targetHints":{"allow":["GET"]}}],"collection":[{"href":"https:\/\/shop.camac-harps.com\/de\/wp-json\/wp\/v2\/product"}],"about":[{"href":"https:\/\/shop.camac-harps.com\/de\/wp-json\/wp\/v2\/types\/product"}],"replies":[{"embeddable":true,"href":"https:\/\/shop.camac-harps.com\/de\/wp-json\/wp\/v2\/comments?post=12344"}],"wp:featuredmedia":[{"embeddable":true,"href":"https:\/\/shop.camac-harps.com\/de\/wp-json\/wp\/v2\/media\/2349"}],"wp:attachment":[{"href":"https:\/\/shop.camac-harps.com\/de\/wp-json\/wp\/v2\/media?parent=12344"}],"wp:term":[{"taxonomy":"product_brand","embeddable":true,"href":"https:\/\/shop.camac-harps.com\/de\/wp-json\/wp\/v2\/product_brand?post=12344"},{"taxonomy":"product_cat","embeddable":true,"href":"https:\/\/shop.camac-harps.com\/de\/wp-json\/wp\/v2\/product_cat?post=12344"},{"taxonomy":"product_tag","embeddable":true,"href":"https:\/\/shop.camac-harps.com\/de\/wp-json\/wp\/v2\/product_tag?post=12344"}],"curies":[{"name":"wp","href":"https:\/\/api.w.org\/{rel}","templated":true}]}}