{"id":13406,"date":"2018-07-06T11:13:09","date_gmt":"2018-07-06T11:13:09","guid":{"rendered":"https:\/\/shop.camac-harps.com\/product\/cagnard-gilles-brunehaut-conte-musical-3\/"},"modified":"2024-11-07T15:15:43","modified_gmt":"2024-11-07T15:15:43","slug":"cagnard-gilles-brunehaut-conte-musical","status":"publish","type":"product","link":"https:\/\/shop.camac-harps.com\/de\/produkt\/cagnard-gilles-brunehaut-conte-musical\/","title":{"rendered":"CAGNARD Gilles : Brunehaut (Conte Musical)"},"content":{"rendered":"<p>Nomenklatur:<\/p>\n<p>2 Sopranblockfl\u00f6ten;<br \/>1 Altfl\u00f6te; <br \/>Kleines Percussion-Set;<br \/>Gesang;<br \/>Sprecher;<br \/>3 Teile f\u00fcr Hakenharfen;<br \/>1 Teil f\u00fcr Pedalharfe.<\/p>\n","protected":false},"excerpt":{"rendered":"<p>Nomenklatur: 2 Sopranblockfl\u00f6ten;1 Altfl\u00f6te; Kleines Percussion-Set;Gesang;Sprecher;3 Teile f\u00fcr Hakenharfen;1 Teil f\u00fcr Pedalharfe.<\/p>\n","protected":false},"featured_media":3429,"comment_status":"open","ping_status":"closed","template":"","meta":{"_acf_changed":false},"product_brand":[],"product_cat":[53,176,35,56],"product_tag":[],"class_list":{"0":"post-13406","1":"product","2":"type-product","3":"status-publish","4":"has-post-thumbnail","6":"product_cat-ensemblestucke-fur-harfe","7":"product_cat-harfe-mit-verschiedenen-instrumenten","8":"product_cat-harfennoten","9":"product_cat-kammermusik","11":"first","12":"instock","13":"taxable","14":"shipping-taxable","15":"purchasable","16":"product-type-simple"},"acf":[],"yoast_head":"<title>CAGNARD Gilles : Brunehaut (Conte Musical) - Camac Harps Shop<\/title>\n<meta name=\"robots\" content=\"index, follow, max-snippet:-1, max-image-preview:large, max-video-preview:-1\" \/>\n<link rel=\"canonical\" href=\"https:\/\/shop.camac-harps.com\/de\/produkt\/cagnard-gilles-brunehaut-conte-musical\/\" \/>\n<meta property=\"og:locale\" content=\"de_DE\" \/>\n<meta property=\"og:type\" content=\"article\" \/>\n<meta property=\"og:title\" content=\"CAGNARD Gilles : Brunehaut (Conte Musical) - Camac Harps Shop\" \/>\n<meta property=\"og:description\" content=\"Nomenklatur: 2 Sopranblockfl\u00f6ten;1 Altfl\u00f6te; Kleines Percussion-Set;Gesang;Sprecher;3 Teile f\u00fcr Hakenharfen;1 Teil f\u00fcr Pedalharfe.\" \/>\n<meta property=\"og:url\" content=\"https:\/\/shop.camac-harps.com\/de\/produkt\/cagnard-gilles-brunehaut-conte-musical\/\" \/>\n<meta property=\"og:site_name\" content=\"Camac Harps Shop\" \/>\n<meta property=\"article:modified_time\" content=\"2024-11-07T15:15:43+00:00\" \/>\n<meta property=\"og:image\" content=\"https:\/\/shop.camac-harps.com\/wp-content\/uploads\/sites\/25\/2018\/07\/cdg01.jpg\" \/>\n\t<meta property=\"og:image:width\" content=\"423\" \/>\n\t<meta property=\"og:image:height\" content=\"600\" \/>\n\t<meta property=\"og:image:type\" content=\"image\/jpeg\" \/>\n<meta name=\"twitter:card\" content=\"summary_large_image\" \/>\n<script type=\"application\/ld+json\" class=\"yoast-schema-graph\">{\"@context\":\"https:\/\/schema.org\",\"@graph\":[{\"@type\":\"WebPage\",\"@id\":\"https:\/\/shop.camac-harps.com\/de\/produkt\/cagnard-gilles-brunehaut-conte-musical\/\",\"url\":\"https:\/\/shop.camac-harps.com\/de\/produkt\/cagnard-gilles-brunehaut-conte-musical\/\",\"name\":\"CAGNARD Gilles : Brunehaut (Conte Musical) - Camac Harps Shop\",\"isPartOf\":{\"@id\":\"https:\/\/shop.camac-harps.com\/de\/#website\"},\"primaryImageOfPage\":{\"@id\":\"https:\/\/shop.camac-harps.com\/de\/produkt\/cagnard-gilles-brunehaut-conte-musical\/#primaryimage\"},\"image\":{\"@id\":\"https:\/\/shop.camac-harps.com\/de\/produkt\/cagnard-gilles-brunehaut-conte-musical\/#primaryimage\"},\"thumbnailUrl\":\"https:\/\/shop.camac-harps.com\/wp-content\/uploads\/sites\/25\/2018\/07\/cdg01.jpg\",\"datePublished\":\"2018-07-06T11:13:09+00:00\",\"dateModified\":\"2024-11-07T15:15:43+00:00\",\"breadcrumb\":{\"@id\":\"https:\/\/shop.camac-harps.com\/de\/produkt\/cagnard-gilles-brunehaut-conte-musical\/#breadcrumb\"},\"inLanguage\":\"de\",\"potentialAction\":[{\"@type\":\"ReadAction\",\"target\":[\"https:\/\/shop.camac-harps.com\/de\/produkt\/cagnard-gilles-brunehaut-conte-musical\/\"]}]},{\"@type\":\"ImageObject\",\"inLanguage\":\"de\",\"@id\":\"https:\/\/shop.camac-harps.com\/de\/produkt\/cagnard-gilles-brunehaut-conte-musical\/#primaryimage\",\"url\":\"https:\/\/shop.camac-harps.com\/wp-content\/uploads\/sites\/25\/2018\/07\/cdg01.jpg\",\"contentUrl\":\"https:\/\/shop.camac-harps.com\/wp-content\/uploads\/sites\/25\/2018\/07\/cdg01.jpg\",\"width\":423,\"height\":600},{\"@type\":\"BreadcrumbList\",\"@id\":\"https:\/\/shop.camac-harps.com\/de\/produkt\/cagnard-gilles-brunehaut-conte-musical\/#breadcrumb\",\"itemListElement\":[{\"@type\":\"ListItem\",\"position\":1,\"name\":\"Home\",\"item\":\"https:\/\/shop.camac-harps.com\/de\/startseite\/\"},{\"@type\":\"ListItem\",\"position\":2,\"name\":\"Startseite\",\"item\":\"https:\/\/shop.camac-harps.com\/de\/startseite\/\"},{\"@type\":\"ListItem\",\"position\":3,\"name\":\"CAGNARD Gilles : Brunehaut (Conte Musical)\"}]},{\"@type\":\"WebSite\",\"@id\":\"https:\/\/shop.camac-harps.com\/de\/#website\",\"url\":\"https:\/\/shop.camac-harps.com\/de\/\",\"name\":\"Camac Harps Shop\",\"description\":\"\",\"potentialAction\":[{\"@type\":\"SearchAction\",\"target\":{\"@type\":\"EntryPoint\",\"urlTemplate\":\"https:\/\/shop.camac-harps.com\/de\/?s={search_term_string}\"},\"query-input\":{\"@type\":\"PropertyValueSpecification\",\"valueRequired\":true,\"valueName\":\"search_term_string\"}}],\"inLanguage\":\"de\"}]}<\/script>","yoast_head_json":{"title":"CAGNARD Gilles : Brunehaut (Conte Musical) - Camac Harps Shop","robots":{"index":"index","follow":"follow","max-snippet":"max-snippet:-1","max-image-preview":"max-image-preview:large","max-video-preview":"max-video-preview:-1"},"canonical":"https:\/\/shop.camac-harps.com\/de\/produkt\/cagnard-gilles-brunehaut-conte-musical\/","og_locale":"de_DE","og_type":"article","og_title":"CAGNARD Gilles : Brunehaut (Conte Musical) - Camac Harps Shop","og_description":"Nomenklatur: 2 Sopranblockfl\u00f6ten;1 Altfl\u00f6te; Kleines Percussion-Set;Gesang;Sprecher;3 Teile f\u00fcr Hakenharfen;1 Teil f\u00fcr Pedalharfe.","og_url":"https:\/\/shop.camac-harps.com\/de\/produkt\/cagnard-gilles-brunehaut-conte-musical\/","og_site_name":"Camac Harps Shop","article_modified_time":"2024-11-07T15:15:43+00:00","og_image":[{"width":423,"height":600,"url":"https:\/\/shop.camac-harps.com\/wp-content\/uploads\/sites\/25\/2018\/07\/cdg01.jpg","type":"image\/jpeg"}],"twitter_card":"summary_large_image","schema":{"@context":"https:\/\/schema.org","@graph":[{"@type":"WebPage","@id":"https:\/\/shop.camac-harps.com\/de\/produkt\/cagnard-gilles-brunehaut-conte-musical\/","url":"https:\/\/shop.camac-harps.com\/de\/produkt\/cagnard-gilles-brunehaut-conte-musical\/","name":"CAGNARD Gilles : Brunehaut (Conte Musical) - Camac Harps Shop","isPartOf":{"@id":"https:\/\/shop.camac-harps.com\/de\/#website"},"primaryImageOfPage":{"@id":"https:\/\/shop.camac-harps.com\/de\/produkt\/cagnard-gilles-brunehaut-conte-musical\/#primaryimage"},"image":{"@id":"https:\/\/shop.camac-harps.com\/de\/produkt\/cagnard-gilles-brunehaut-conte-musical\/#primaryimage"},"thumbnailUrl":"https:\/\/shop.camac-harps.com\/wp-content\/uploads\/sites\/25\/2018\/07\/cdg01.jpg","datePublished":"2018-07-06T11:13:09+00:00","dateModified":"2024-11-07T15:15:43+00:00","breadcrumb":{"@id":"https:\/\/shop.camac-harps.com\/de\/produkt\/cagnard-gilles-brunehaut-conte-musical\/#breadcrumb"},"inLanguage":"de","potentialAction":[{"@type":"ReadAction","target":["https:\/\/shop.camac-harps.com\/de\/produkt\/cagnard-gilles-brunehaut-conte-musical\/"]}]},{"@type":"ImageObject","inLanguage":"de","@id":"https:\/\/shop.camac-harps.com\/de\/produkt\/cagnard-gilles-brunehaut-conte-musical\/#primaryimage","url":"https:\/\/shop.camac-harps.com\/wp-content\/uploads\/sites\/25\/2018\/07\/cdg01.jpg","contentUrl":"https:\/\/shop.camac-harps.com\/wp-content\/uploads\/sites\/25\/2018\/07\/cdg01.jpg","width":423,"height":600},{"@type":"BreadcrumbList","@id":"https:\/\/shop.camac-harps.com\/de\/produkt\/cagnard-gilles-brunehaut-conte-musical\/#breadcrumb","itemListElement":[{"@type":"ListItem","position":1,"name":"Home","item":"https:\/\/shop.camac-harps.com\/de\/startseite\/"},{"@type":"ListItem","position":2,"name":"Startseite","item":"https:\/\/shop.camac-harps.com\/de\/startseite\/"},{"@type":"ListItem","position":3,"name":"CAGNARD Gilles : Brunehaut (Conte Musical)"}]},{"@type":"WebSite","@id":"https:\/\/shop.camac-harps.com\/de\/#website","url":"https:\/\/shop.camac-harps.com\/de\/","name":"Camac Harps Shop","description":"","potentialAction":[{"@type":"SearchAction","target":{"@type":"EntryPoint","urlTemplate":"https:\/\/shop.camac-harps.com\/de\/?s={search_term_string}"},"query-input":{"@type":"PropertyValueSpecification","valueRequired":true,"valueName":"search_term_string"}}],"inLanguage":"de"}]}},"_links":{"self":[{"href":"https:\/\/shop.camac-harps.com\/de\/wp-json\/wp\/v2\/product\/13406","targetHints":{"allow":["GET"]}}],"collection":[{"href":"https:\/\/shop.camac-harps.com\/de\/wp-json\/wp\/v2\/product"}],"about":[{"href":"https:\/\/shop.camac-harps.com\/de\/wp-json\/wp\/v2\/types\/product"}],"replies":[{"embeddable":true,"href":"https:\/\/shop.camac-harps.com\/de\/wp-json\/wp\/v2\/comments?post=13406"}],"wp:featuredmedia":[{"embeddable":true,"href":"https:\/\/shop.camac-harps.com\/de\/wp-json\/wp\/v2\/media\/3429"}],"wp:attachment":[{"href":"https:\/\/shop.camac-harps.com\/de\/wp-json\/wp\/v2\/media?parent=13406"}],"wp:term":[{"taxonomy":"product_brand","embeddable":true,"href":"https:\/\/shop.camac-harps.com\/de\/wp-json\/wp\/v2\/product_brand?post=13406"},{"taxonomy":"product_cat","embeddable":true,"href":"https:\/\/shop.camac-harps.com\/de\/wp-json\/wp\/v2\/product_cat?post=13406"},{"taxonomy":"product_tag","embeddable":true,"href":"https:\/\/shop.camac-harps.com\/de\/wp-json\/wp\/v2\/product_tag?post=13406"}],"curies":[{"name":"wp","href":"https:\/\/api.w.org\/{rel}","templated":true}]}}