{"id":13670,"date":"2018-07-06T11:30:17","date_gmt":"2018-07-06T11:30:17","guid":{"rendered":"https:\/\/shop.camac-harps.com\/product\/paret-betty-duos-plus-vol-1-3\/"},"modified":"2024-11-07T15:14:47","modified_gmt":"2024-11-07T15:14:47","slug":"paret-betty-duos-plus-vol-1","status":"publish","type":"product","link":"https:\/\/shop.camac-harps.com\/de\/produkt\/paret-betty-duos-plus-vol-1\/","title":{"rendered":"PARET Betty : Duos plus vol 1"},"content":{"rendered":"<p>Sleigh bells (Russland).<br \/>Snowing (deutsches Volkslied).<br \/>Ave Maria (Schubert).<br \/>14th Century chorale .<br \/>Christmas Lullaby (Italien).<br \/>Gigue (Bach).<br \/>Cradle song (Schumann).<br \/>Halloween Pranks (B. Paret).<br \/>Air (Purcell).<br \/>Eriskay love lilt (Hebriden).<\/p>\n<p>F\u00fcr alle Harfentypen geeignet, au\u00dfer Ave Maria (Schubert), Gigue (Bach), Air (Purcell): f\u00fcr Pedalharfe.<\/p>\n","protected":false},"excerpt":{"rendered":"<p>Sleigh bells (Russland).Snowing (deutsches Volkslied).Ave Maria (Schubert).14th Century chorale .Christmas Lullaby (Italien).Gigue (Bach).Cradle song (Schumann).Halloween Pranks (B. Paret).Air (Purcell).Eriskay love lilt (Hebriden). F\u00fcr alle Harfentypen geeignet, au\u00dfer Ave Maria (Schubert), Gigue (Bach), Air (Purcell): f\u00fcr Pedalharfe.<\/p>\n","protected":false},"featured_media":3753,"comment_status":"open","ping_status":"closed","template":"","meta":{"_acf_changed":false},"product_brand":[],"product_cat":[53,35],"product_tag":[],"class_list":{"0":"post-13670","1":"product","2":"type-product","3":"status-publish","4":"has-post-thumbnail","6":"product_cat-ensemblestucke-fur-harfe","7":"product_cat-harfennoten","9":"first","10":"instock","11":"taxable","12":"shipping-taxable","13":"purchasable","14":"product-type-simple"},"acf":[],"yoast_head":"<title>PARET Betty : Duos plus vol 1 - Camac Harps Shop<\/title>\n<meta name=\"robots\" content=\"index, follow, max-snippet:-1, max-image-preview:large, max-video-preview:-1\" \/>\n<link rel=\"canonical\" href=\"https:\/\/shop.camac-harps.com\/de\/produkt\/paret-betty-duos-plus-vol-1\/\" \/>\n<meta property=\"og:locale\" content=\"de_DE\" \/>\n<meta property=\"og:type\" content=\"article\" \/>\n<meta property=\"og:title\" content=\"PARET Betty : Duos plus vol 1 - Camac Harps Shop\" \/>\n<meta property=\"og:description\" content=\"Sleigh bells (Russland).Snowing (deutsches Volkslied).Ave Maria (Schubert).14th Century chorale .Christmas Lullaby (Italien).Gigue (Bach).Cradle song (Schumann).Halloween Pranks (B. Paret).Air (Purcell).Eriskay love lilt (Hebriden). F\u00fcr alle Harfentypen geeignet, au\u00dfer Ave Maria (Schubert), Gigue (Bach), Air (Purcell): f\u00fcr Pedalharfe.\" \/>\n<meta property=\"og:url\" content=\"https:\/\/shop.camac-harps.com\/de\/produkt\/paret-betty-duos-plus-vol-1\/\" \/>\n<meta property=\"og:site_name\" content=\"Camac Harps Shop\" \/>\n<meta property=\"article:modified_time\" content=\"2024-11-07T15:14:47+00:00\" \/>\n<meta property=\"og:image\" content=\"https:\/\/shop.camac-harps.com\/wp-content\/uploads\/sites\/25\/2018\/07\/bpt04.jpg\" \/>\n\t<meta property=\"og:image:width\" content=\"423\" \/>\n\t<meta property=\"og:image:height\" content=\"600\" \/>\n\t<meta property=\"og:image:type\" content=\"image\/jpeg\" \/>\n<meta name=\"twitter:card\" content=\"summary_large_image\" \/>\n<script type=\"application\/ld+json\" class=\"yoast-schema-graph\">{\"@context\":\"https:\/\/schema.org\",\"@graph\":[{\"@type\":\"WebPage\",\"@id\":\"https:\/\/shop.camac-harps.com\/de\/produkt\/paret-betty-duos-plus-vol-1\/\",\"url\":\"https:\/\/shop.camac-harps.com\/de\/produkt\/paret-betty-duos-plus-vol-1\/\",\"name\":\"PARET Betty : Duos plus vol 1 - Camac Harps Shop\",\"isPartOf\":{\"@id\":\"https:\/\/shop.camac-harps.com\/de\/#website\"},\"primaryImageOfPage\":{\"@id\":\"https:\/\/shop.camac-harps.com\/de\/produkt\/paret-betty-duos-plus-vol-1\/#primaryimage\"},\"image\":{\"@id\":\"https:\/\/shop.camac-harps.com\/de\/produkt\/paret-betty-duos-plus-vol-1\/#primaryimage\"},\"thumbnailUrl\":\"https:\/\/shop.camac-harps.com\/wp-content\/uploads\/sites\/25\/2018\/07\/bpt04.jpg\",\"datePublished\":\"2018-07-06T11:30:17+00:00\",\"dateModified\":\"2024-11-07T15:14:47+00:00\",\"breadcrumb\":{\"@id\":\"https:\/\/shop.camac-harps.com\/de\/produkt\/paret-betty-duos-plus-vol-1\/#breadcrumb\"},\"inLanguage\":\"de\",\"potentialAction\":[{\"@type\":\"ReadAction\",\"target\":[\"https:\/\/shop.camac-harps.com\/de\/produkt\/paret-betty-duos-plus-vol-1\/\"]}]},{\"@type\":\"ImageObject\",\"inLanguage\":\"de\",\"@id\":\"https:\/\/shop.camac-harps.com\/de\/produkt\/paret-betty-duos-plus-vol-1\/#primaryimage\",\"url\":\"https:\/\/shop.camac-harps.com\/wp-content\/uploads\/sites\/25\/2018\/07\/bpt04.jpg\",\"contentUrl\":\"https:\/\/shop.camac-harps.com\/wp-content\/uploads\/sites\/25\/2018\/07\/bpt04.jpg\",\"width\":423,\"height\":600},{\"@type\":\"BreadcrumbList\",\"@id\":\"https:\/\/shop.camac-harps.com\/de\/produkt\/paret-betty-duos-plus-vol-1\/#breadcrumb\",\"itemListElement\":[{\"@type\":\"ListItem\",\"position\":1,\"name\":\"Home\",\"item\":\"https:\/\/shop.camac-harps.com\/de\/startseite\/\"},{\"@type\":\"ListItem\",\"position\":2,\"name\":\"Startseite\",\"item\":\"https:\/\/shop.camac-harps.com\/de\/startseite\/\"},{\"@type\":\"ListItem\",\"position\":3,\"name\":\"PARET Betty : Duos plus vol 1\"}]},{\"@type\":\"WebSite\",\"@id\":\"https:\/\/shop.camac-harps.com\/de\/#website\",\"url\":\"https:\/\/shop.camac-harps.com\/de\/\",\"name\":\"Camac Harps Shop\",\"description\":\"\",\"potentialAction\":[{\"@type\":\"SearchAction\",\"target\":{\"@type\":\"EntryPoint\",\"urlTemplate\":\"https:\/\/shop.camac-harps.com\/de\/?s={search_term_string}\"},\"query-input\":{\"@type\":\"PropertyValueSpecification\",\"valueRequired\":true,\"valueName\":\"search_term_string\"}}],\"inLanguage\":\"de\"}]}<\/script>","yoast_head_json":{"title":"PARET Betty : Duos plus vol 1 - Camac Harps Shop","robots":{"index":"index","follow":"follow","max-snippet":"max-snippet:-1","max-image-preview":"max-image-preview:large","max-video-preview":"max-video-preview:-1"},"canonical":"https:\/\/shop.camac-harps.com\/de\/produkt\/paret-betty-duos-plus-vol-1\/","og_locale":"de_DE","og_type":"article","og_title":"PARET Betty : Duos plus vol 1 - Camac Harps Shop","og_description":"Sleigh bells (Russland).Snowing (deutsches Volkslied).Ave Maria (Schubert).14th Century chorale .Christmas Lullaby (Italien).Gigue (Bach).Cradle song (Schumann).Halloween Pranks (B. Paret).Air (Purcell).Eriskay love lilt (Hebriden). F\u00fcr alle Harfentypen geeignet, au\u00dfer Ave Maria (Schubert), Gigue (Bach), Air (Purcell): f\u00fcr Pedalharfe.","og_url":"https:\/\/shop.camac-harps.com\/de\/produkt\/paret-betty-duos-plus-vol-1\/","og_site_name":"Camac Harps Shop","article_modified_time":"2024-11-07T15:14:47+00:00","og_image":[{"width":423,"height":600,"url":"https:\/\/shop.camac-harps.com\/wp-content\/uploads\/sites\/25\/2018\/07\/bpt04.jpg","type":"image\/jpeg"}],"twitter_card":"summary_large_image","schema":{"@context":"https:\/\/schema.org","@graph":[{"@type":"WebPage","@id":"https:\/\/shop.camac-harps.com\/de\/produkt\/paret-betty-duos-plus-vol-1\/","url":"https:\/\/shop.camac-harps.com\/de\/produkt\/paret-betty-duos-plus-vol-1\/","name":"PARET Betty : Duos plus vol 1 - Camac Harps Shop","isPartOf":{"@id":"https:\/\/shop.camac-harps.com\/de\/#website"},"primaryImageOfPage":{"@id":"https:\/\/shop.camac-harps.com\/de\/produkt\/paret-betty-duos-plus-vol-1\/#primaryimage"},"image":{"@id":"https:\/\/shop.camac-harps.com\/de\/produkt\/paret-betty-duos-plus-vol-1\/#primaryimage"},"thumbnailUrl":"https:\/\/shop.camac-harps.com\/wp-content\/uploads\/sites\/25\/2018\/07\/bpt04.jpg","datePublished":"2018-07-06T11:30:17+00:00","dateModified":"2024-11-07T15:14:47+00:00","breadcrumb":{"@id":"https:\/\/shop.camac-harps.com\/de\/produkt\/paret-betty-duos-plus-vol-1\/#breadcrumb"},"inLanguage":"de","potentialAction":[{"@type":"ReadAction","target":["https:\/\/shop.camac-harps.com\/de\/produkt\/paret-betty-duos-plus-vol-1\/"]}]},{"@type":"ImageObject","inLanguage":"de","@id":"https:\/\/shop.camac-harps.com\/de\/produkt\/paret-betty-duos-plus-vol-1\/#primaryimage","url":"https:\/\/shop.camac-harps.com\/wp-content\/uploads\/sites\/25\/2018\/07\/bpt04.jpg","contentUrl":"https:\/\/shop.camac-harps.com\/wp-content\/uploads\/sites\/25\/2018\/07\/bpt04.jpg","width":423,"height":600},{"@type":"BreadcrumbList","@id":"https:\/\/shop.camac-harps.com\/de\/produkt\/paret-betty-duos-plus-vol-1\/#breadcrumb","itemListElement":[{"@type":"ListItem","position":1,"name":"Home","item":"https:\/\/shop.camac-harps.com\/de\/startseite\/"},{"@type":"ListItem","position":2,"name":"Startseite","item":"https:\/\/shop.camac-harps.com\/de\/startseite\/"},{"@type":"ListItem","position":3,"name":"PARET Betty : Duos plus vol 1"}]},{"@type":"WebSite","@id":"https:\/\/shop.camac-harps.com\/de\/#website","url":"https:\/\/shop.camac-harps.com\/de\/","name":"Camac Harps Shop","description":"","potentialAction":[{"@type":"SearchAction","target":{"@type":"EntryPoint","urlTemplate":"https:\/\/shop.camac-harps.com\/de\/?s={search_term_string}"},"query-input":{"@type":"PropertyValueSpecification","valueRequired":true,"valueName":"search_term_string"}}],"inLanguage":"de"}]}},"_links":{"self":[{"href":"https:\/\/shop.camac-harps.com\/de\/wp-json\/wp\/v2\/product\/13670","targetHints":{"allow":["GET"]}}],"collection":[{"href":"https:\/\/shop.camac-harps.com\/de\/wp-json\/wp\/v2\/product"}],"about":[{"href":"https:\/\/shop.camac-harps.com\/de\/wp-json\/wp\/v2\/types\/product"}],"replies":[{"embeddable":true,"href":"https:\/\/shop.camac-harps.com\/de\/wp-json\/wp\/v2\/comments?post=13670"}],"wp:featuredmedia":[{"embeddable":true,"href":"https:\/\/shop.camac-harps.com\/de\/wp-json\/wp\/v2\/media\/3753"}],"wp:attachment":[{"href":"https:\/\/shop.camac-harps.com\/de\/wp-json\/wp\/v2\/media?parent=13670"}],"wp:term":[{"taxonomy":"product_brand","embeddable":true,"href":"https:\/\/shop.camac-harps.com\/de\/wp-json\/wp\/v2\/product_brand?post=13670"},{"taxonomy":"product_cat","embeddable":true,"href":"https:\/\/shop.camac-harps.com\/de\/wp-json\/wp\/v2\/product_cat?post=13670"},{"taxonomy":"product_tag","embeddable":true,"href":"https:\/\/shop.camac-harps.com\/de\/wp-json\/wp\/v2\/product_tag?post=13670"}],"curies":[{"name":"wp","href":"https:\/\/api.w.org\/{rel}","templated":true}]}}