{"id":16313,"date":"2018-07-06T13:21:44","date_gmt":"2018-07-06T13:21:44","guid":{"rendered":"https:\/\/shop.camac-harps.com\/product\/zusammenklappbarer-notenstander-aus-metall\/"},"modified":"2025-02-14T16:49:18","modified_gmt":"2025-02-14T16:49:18","slug":"ultraleichter-zusammenklappbarer-notenstander-aus-metall","status":"publish","type":"product","link":"https:\/\/shop.camac-harps.com\/de\/produkt\/ultraleichter-zusammenklappbarer-notenstander-aus-metall\/","title":{"rendered":"Ultraleichter, zusammenklappbarer Notenst\u00e4nder aus Metall"},"content":{"rendered":"<p>Ultraleichter, zusammenklappbarer Notenst\u00e4nder, ideal f\u00fcr Reisen. Aus schwarz lackiertem Aluminium, sehr stabil und mit einem Nettogewicht von nur 550 g. H\u00fclle inklusive. Dieses Modell wird seit mehr als zehn Jahren zur vollen Zufriedenheit eingesetzt.<\/p>\n","protected":false},"excerpt":{"rendered":"<p>Ultraleichter, zusammenklappbarer Notenst\u00e4nder, ideal f\u00fcr Reisen. Aus schwarz lackiertem Aluminium, sehr stabil und mit einem Nettogewicht von nur 550 g. H\u00fclle inklusive. Dieses Modell wird seit mehr als zehn Jahren zur vollen Zufriedenheit eingesetzt.<\/p>\n","protected":false},"featured_media":5597,"comment_status":"open","ping_status":"closed","template":"","meta":{"_acf_changed":false},"product_brand":[],"product_cat":[549,77,41,559],"product_tag":[],"class_list":{"0":"post-16313","1":"product","2":"type-product","3":"status-publish","4":"has-post-thumbnail","6":"product_cat-odyssey-harfe-webshop-de","7":"product_cat-stander","8":"product_cat-zubehor-harfenhuellen","9":"product_cat-zubehor-fur-odyssey-harfe","11":"first","12":"instock","13":"taxable","14":"shipping-taxable","15":"product-type-simple"},"acf":[],"yoast_head":"<title>Ultraleichter, zusammenklappbarer Notenst\u00e4nder | Camac Harfen Webshop<\/title>\n<meta name=\"description\" content=\"Ultraleichter, zusammenklappbarer Notenst\u00e4nder | Nettogewicht: 550 g | Aluminium, schwarz lackiert, sehr stabil | Wird mit einer H\u00fclle geliefert.\" \/>\n<meta name=\"robots\" content=\"index, follow, max-snippet:-1, max-image-preview:large, max-video-preview:-1\" \/>\n<link rel=\"canonical\" href=\"https:\/\/shop.camac-harps.com\/de\/produkt\/ultraleichter-zusammenklappbarer-notenstander-aus-metall\/\" \/>\n<meta property=\"og:locale\" content=\"de_DE\" \/>\n<meta property=\"og:type\" content=\"article\" \/>\n<meta property=\"og:title\" content=\"Ultraleichter, zusammenklappbarer Notenst\u00e4nder | Camac Harfen Webshop\" \/>\n<meta property=\"og:description\" content=\"Ultraleichter, zusammenklappbarer Notenst\u00e4nder | Nettogewicht: 550 g | Aluminium, schwarz lackiert, sehr stabil | Wird mit einer H\u00fclle geliefert.\" \/>\n<meta property=\"og:url\" content=\"https:\/\/shop.camac-harps.com\/de\/produkt\/ultraleichter-zusammenklappbarer-notenstander-aus-metall\/\" \/>\n<meta property=\"og:site_name\" content=\"Camac Harps Shop\" \/>\n<meta property=\"article:modified_time\" content=\"2025-02-14T16:49:18+00:00\" \/>\n<meta property=\"og:image\" content=\"https:\/\/shop.camac-harps.com\/wp-content\/uploads\/sites\/25\/2018\/07\/pupitre-metal-noir-1.jpeg\" \/>\n\t<meta property=\"og:image:width\" content=\"261\" \/>\n\t<meta property=\"og:image:height\" content=\"399\" \/>\n\t<meta property=\"og:image:type\" content=\"image\/jpeg\" \/>\n<meta name=\"twitter:card\" content=\"summary_large_image\" \/>\n<script type=\"application\/ld+json\" class=\"yoast-schema-graph\">{\"@context\":\"https:\/\/schema.org\",\"@graph\":[{\"@type\":\"WebPage\",\"@id\":\"https:\/\/shop.camac-harps.com\/de\/produkt\/ultraleichter-zusammenklappbarer-notenstander-aus-metall\/\",\"url\":\"https:\/\/shop.camac-harps.com\/de\/produkt\/ultraleichter-zusammenklappbarer-notenstander-aus-metall\/\",\"name\":\"Ultraleichter, zusammenklappbarer Notenst\u00e4nder | Camac Harfen Webshop\",\"isPartOf\":{\"@id\":\"https:\/\/shop.camac-harps.com\/de\/#website\"},\"primaryImageOfPage\":{\"@id\":\"https:\/\/shop.camac-harps.com\/de\/produkt\/ultraleichter-zusammenklappbarer-notenstander-aus-metall\/#primaryimage\"},\"image\":{\"@id\":\"https:\/\/shop.camac-harps.com\/de\/produkt\/ultraleichter-zusammenklappbarer-notenstander-aus-metall\/#primaryimage\"},\"thumbnailUrl\":\"https:\/\/shop.camac-harps.com\/wp-content\/uploads\/sites\/25\/2018\/07\/pupitre-metal-noir-1.jpeg\",\"datePublished\":\"2018-07-06T13:21:44+00:00\",\"dateModified\":\"2025-02-14T16:49:18+00:00\",\"description\":\"Ultraleichter, zusammenklappbarer Notenst\u00e4nder | Nettogewicht: 550 g | Aluminium, schwarz lackiert, sehr stabil | Wird mit einer H\u00fclle geliefert.\",\"breadcrumb\":{\"@id\":\"https:\/\/shop.camac-harps.com\/de\/produkt\/ultraleichter-zusammenklappbarer-notenstander-aus-metall\/#breadcrumb\"},\"inLanguage\":\"de\",\"potentialAction\":[{\"@type\":\"ReadAction\",\"target\":[\"https:\/\/shop.camac-harps.com\/de\/produkt\/ultraleichter-zusammenklappbarer-notenstander-aus-metall\/\"]}]},{\"@type\":\"ImageObject\",\"inLanguage\":\"de\",\"@id\":\"https:\/\/shop.camac-harps.com\/de\/produkt\/ultraleichter-zusammenklappbarer-notenstander-aus-metall\/#primaryimage\",\"url\":\"https:\/\/shop.camac-harps.com\/wp-content\/uploads\/sites\/25\/2018\/07\/pupitre-metal-noir-1.jpeg\",\"contentUrl\":\"https:\/\/shop.camac-harps.com\/wp-content\/uploads\/sites\/25\/2018\/07\/pupitre-metal-noir-1.jpeg\",\"width\":261,\"height\":399},{\"@type\":\"BreadcrumbList\",\"@id\":\"https:\/\/shop.camac-harps.com\/de\/produkt\/ultraleichter-zusammenklappbarer-notenstander-aus-metall\/#breadcrumb\",\"itemListElement\":[{\"@type\":\"ListItem\",\"position\":1,\"name\":\"Home\",\"item\":\"https:\/\/shop.camac-harps.com\/de\/startseite\/\"},{\"@type\":\"ListItem\",\"position\":2,\"name\":\"Startseite\",\"item\":\"https:\/\/shop.camac-harps.com\/de\/startseite\/\"},{\"@type\":\"ListItem\",\"position\":3,\"name\":\"Ultraleichter, zusammenklappbarer Notenst\u00e4nder aus Metall\"}]},{\"@type\":\"WebSite\",\"@id\":\"https:\/\/shop.camac-harps.com\/de\/#website\",\"url\":\"https:\/\/shop.camac-harps.com\/de\/\",\"name\":\"Camac Harps Shop\",\"description\":\"\",\"potentialAction\":[{\"@type\":\"SearchAction\",\"target\":{\"@type\":\"EntryPoint\",\"urlTemplate\":\"https:\/\/shop.camac-harps.com\/de\/?s={search_term_string}\"},\"query-input\":{\"@type\":\"PropertyValueSpecification\",\"valueRequired\":true,\"valueName\":\"search_term_string\"}}],\"inLanguage\":\"de\"}]}<\/script>","yoast_head_json":{"title":"Ultraleichter, zusammenklappbarer Notenst\u00e4nder | Camac Harfen Webshop","description":"Ultraleichter, zusammenklappbarer Notenst\u00e4nder | Nettogewicht: 550 g | Aluminium, schwarz lackiert, sehr stabil | Wird mit einer H\u00fclle geliefert.","robots":{"index":"index","follow":"follow","max-snippet":"max-snippet:-1","max-image-preview":"max-image-preview:large","max-video-preview":"max-video-preview:-1"},"canonical":"https:\/\/shop.camac-harps.com\/de\/produkt\/ultraleichter-zusammenklappbarer-notenstander-aus-metall\/","og_locale":"de_DE","og_type":"article","og_title":"Ultraleichter, zusammenklappbarer Notenst\u00e4nder | Camac Harfen Webshop","og_description":"Ultraleichter, zusammenklappbarer Notenst\u00e4nder | Nettogewicht: 550 g | Aluminium, schwarz lackiert, sehr stabil | Wird mit einer H\u00fclle geliefert.","og_url":"https:\/\/shop.camac-harps.com\/de\/produkt\/ultraleichter-zusammenklappbarer-notenstander-aus-metall\/","og_site_name":"Camac Harps Shop","article_modified_time":"2025-02-14T16:49:18+00:00","og_image":[{"width":261,"height":399,"url":"https:\/\/shop.camac-harps.com\/wp-content\/uploads\/sites\/25\/2018\/07\/pupitre-metal-noir-1.jpeg","type":"image\/jpeg"}],"twitter_card":"summary_large_image","schema":{"@context":"https:\/\/schema.org","@graph":[{"@type":"WebPage","@id":"https:\/\/shop.camac-harps.com\/de\/produkt\/ultraleichter-zusammenklappbarer-notenstander-aus-metall\/","url":"https:\/\/shop.camac-harps.com\/de\/produkt\/ultraleichter-zusammenklappbarer-notenstander-aus-metall\/","name":"Ultraleichter, zusammenklappbarer Notenst\u00e4nder | Camac Harfen Webshop","isPartOf":{"@id":"https:\/\/shop.camac-harps.com\/de\/#website"},"primaryImageOfPage":{"@id":"https:\/\/shop.camac-harps.com\/de\/produkt\/ultraleichter-zusammenklappbarer-notenstander-aus-metall\/#primaryimage"},"image":{"@id":"https:\/\/shop.camac-harps.com\/de\/produkt\/ultraleichter-zusammenklappbarer-notenstander-aus-metall\/#primaryimage"},"thumbnailUrl":"https:\/\/shop.camac-harps.com\/wp-content\/uploads\/sites\/25\/2018\/07\/pupitre-metal-noir-1.jpeg","datePublished":"2018-07-06T13:21:44+00:00","dateModified":"2025-02-14T16:49:18+00:00","description":"Ultraleichter, zusammenklappbarer Notenst\u00e4nder | Nettogewicht: 550 g | Aluminium, schwarz lackiert, sehr stabil | Wird mit einer H\u00fclle geliefert.","breadcrumb":{"@id":"https:\/\/shop.camac-harps.com\/de\/produkt\/ultraleichter-zusammenklappbarer-notenstander-aus-metall\/#breadcrumb"},"inLanguage":"de","potentialAction":[{"@type":"ReadAction","target":["https:\/\/shop.camac-harps.com\/de\/produkt\/ultraleichter-zusammenklappbarer-notenstander-aus-metall\/"]}]},{"@type":"ImageObject","inLanguage":"de","@id":"https:\/\/shop.camac-harps.com\/de\/produkt\/ultraleichter-zusammenklappbarer-notenstander-aus-metall\/#primaryimage","url":"https:\/\/shop.camac-harps.com\/wp-content\/uploads\/sites\/25\/2018\/07\/pupitre-metal-noir-1.jpeg","contentUrl":"https:\/\/shop.camac-harps.com\/wp-content\/uploads\/sites\/25\/2018\/07\/pupitre-metal-noir-1.jpeg","width":261,"height":399},{"@type":"BreadcrumbList","@id":"https:\/\/shop.camac-harps.com\/de\/produkt\/ultraleichter-zusammenklappbarer-notenstander-aus-metall\/#breadcrumb","itemListElement":[{"@type":"ListItem","position":1,"name":"Home","item":"https:\/\/shop.camac-harps.com\/de\/startseite\/"},{"@type":"ListItem","position":2,"name":"Startseite","item":"https:\/\/shop.camac-harps.com\/de\/startseite\/"},{"@type":"ListItem","position":3,"name":"Ultraleichter, zusammenklappbarer Notenst\u00e4nder aus Metall"}]},{"@type":"WebSite","@id":"https:\/\/shop.camac-harps.com\/de\/#website","url":"https:\/\/shop.camac-harps.com\/de\/","name":"Camac Harps Shop","description":"","potentialAction":[{"@type":"SearchAction","target":{"@type":"EntryPoint","urlTemplate":"https:\/\/shop.camac-harps.com\/de\/?s={search_term_string}"},"query-input":{"@type":"PropertyValueSpecification","valueRequired":true,"valueName":"search_term_string"}}],"inLanguage":"de"}]}},"_links":{"self":[{"href":"https:\/\/shop.camac-harps.com\/de\/wp-json\/wp\/v2\/product\/16313","targetHints":{"allow":["GET"]}}],"collection":[{"href":"https:\/\/shop.camac-harps.com\/de\/wp-json\/wp\/v2\/product"}],"about":[{"href":"https:\/\/shop.camac-harps.com\/de\/wp-json\/wp\/v2\/types\/product"}],"replies":[{"embeddable":true,"href":"https:\/\/shop.camac-harps.com\/de\/wp-json\/wp\/v2\/comments?post=16313"}],"wp:featuredmedia":[{"embeddable":true,"href":"https:\/\/shop.camac-harps.com\/de\/wp-json\/wp\/v2\/media\/5597"}],"wp:attachment":[{"href":"https:\/\/shop.camac-harps.com\/de\/wp-json\/wp\/v2\/media?parent=16313"}],"wp:term":[{"taxonomy":"product_brand","embeddable":true,"href":"https:\/\/shop.camac-harps.com\/de\/wp-json\/wp\/v2\/product_brand?post=16313"},{"taxonomy":"product_cat","embeddable":true,"href":"https:\/\/shop.camac-harps.com\/de\/wp-json\/wp\/v2\/product_cat?post=16313"},{"taxonomy":"product_tag","embeddable":true,"href":"https:\/\/shop.camac-harps.com\/de\/wp-json\/wp\/v2\/product_tag?post=16313"}],"curies":[{"name":"wp","href":"https:\/\/api.w.org\/{rel}","templated":true}]}}