{"id":16541,"date":"2018-07-06T13:26:57","date_gmt":"2018-07-06T13:26:57","guid":{"rendered":"https:\/\/shop.camac-harps.com\/product\/camac-passe-partout-harfenkarre-fur-pedalharfen\/"},"modified":"2024-11-07T15:09:42","modified_gmt":"2024-11-07T15:09:42","slug":"camac-passe-partout-harfenkarre-fur-pedalharfen","status":"publish","type":"product","link":"https:\/\/shop.camac-harps.com\/de\/produkt\/camac-passe-partout-harfenkarre-fur-pedalharfen\/","title":{"rendered":"Camac Passe-Partout Harfenkarre f\u00fcr Pedalharfen"},"content":{"rendered":"","protected":false},"excerpt":{"rendered":"<p>\nDie Plattform des Passe-Partout-Wagens ist so konzipiert, dass sie auf das Fu\u00dfteil der Camac-Pedalharfen passt. Die hinteren F\u00fc\u00dfe ruhen auf dem vertikalen Teil, w\u00e4hrend eine Metalllasche hinter einem unter der Harfe befindlichen Teil angebracht ist. Der Wagen wird dann mit einer abgewinkelten Stange an der Harfe befestigt, die in ein Schallloch des Resonanzbodens passt, das durch die hintere \u00d6ffnung der d\u00fcnnen Abdeckung zug\u00e4nglich ist.<br \/>\nIm Falle der Verwendung mit einer Transporth\u00fclle wird es einfacher sein, den Wagen ohne das Fu\u00dfteil der H\u00fclle zu verwenden. Der gebogene Stab aber wird trotzdem durch die daf\u00fcr vorgesehene \u00d6ffnung an der R\u00fcckseite der Tragetasche eingef\u00fchrt.<br \/>\nEs ist jedoch auch m\u00f6glich, den Wagen mit der kompletten Harfenh\u00fclle zu verwenden. In diesem Fall ist es nicht mehr m\u00f6glich, den Harfenfu\u00df auf der Plattform des Wagens einzuhaken, aber der Druck der angewinkelten Stange erm\u00f6glicht weiterhin die Befestigung des Wagens an der Harfe.<\/p>\n","protected":false},"featured_media":5604,"comment_status":"open","ping_status":"closed","template":"","meta":{"_acf_changed":false},"product_brand":[],"product_cat":[101,41],"product_tag":[],"class_list":{"0":"post-16541","1":"product","2":"type-product","3":"status-publish","4":"has-post-thumbnail","6":"product_cat-transportkarren","7":"product_cat-zubehor-harfenhuellen","9":"first","10":"instock","11":"taxable","12":"shipping-taxable","13":"product-type-simple"},"acf":[],"yoast_head":"<title>Camac Passe-Partout Harfenkarre f\u00fcr Pedalharfen - Camac Harps Shop<\/title>\n<meta name=\"robots\" content=\"index, follow, max-snippet:-1, max-image-preview:large, max-video-preview:-1\" \/>\n<link rel=\"canonical\" href=\"https:\/\/shop.camac-harps.com\/de\/produkt\/camac-passe-partout-harfenkarre-fur-pedalharfen\/\" \/>\n<meta property=\"og:locale\" content=\"de_DE\" \/>\n<meta property=\"og:type\" content=\"article\" \/>\n<meta property=\"og:title\" content=\"Camac Passe-Partout Harfenkarre f\u00fcr Pedalharfen - Camac Harps Shop\" \/>\n<meta property=\"og:description\" content=\"Die Plattform des Passe-Partout-Wagens ist so konzipiert, dass sie auf das Fu\u00dfteil der Camac-Pedalharfen passt. Die hinteren F\u00fc\u00dfe ruhen auf dem vertikalen Teil, w\u00e4hrend eine Metalllasche hinter einem unter der Harfe befindlichen Teil angebracht ist. Der Wagen wird dann mit einer abgewinkelten Stange an der Harfe befestigt, die in ein Schallloch des Resonanzbodens passt, das durch die hintere \u00d6ffnung der d\u00fcnnen Abdeckung zug\u00e4nglich ist. Im Falle der Verwendung mit einer Transporth\u00fclle wird es einfacher sein, den Wagen ohne das Fu\u00dfteil der H\u00fclle zu verwenden. Der gebogene Stab aber wird trotzdem durch die daf\u00fcr vorgesehene \u00d6ffnung an der R\u00fcckseite der Tragetasche eingef\u00fchrt. Es ist jedoch auch m\u00f6glich, den Wagen mit der kompletten Harfenh\u00fclle zu verwenden. In diesem Fall ist es nicht mehr m\u00f6glich, den Harfenfu\u00df auf der Plattform des Wagens einzuhaken, aber der Druck der angewinkelten Stange erm\u00f6glicht weiterhin die Befestigung des Wagens an der Harfe.\" \/>\n<meta property=\"og:url\" content=\"https:\/\/shop.camac-harps.com\/de\/produkt\/camac-passe-partout-harfenkarre-fur-pedalharfen\/\" \/>\n<meta property=\"og:site_name\" content=\"Camac Harps Shop\" \/>\n<meta property=\"article:modified_time\" content=\"2024-11-07T15:09:42+00:00\" \/>\n<meta property=\"og:image\" content=\"https:\/\/shop.camac-harps.com\/wp-content\/uploads\/sites\/25\/2018\/07\/chariots-gh.jpg\" \/>\n\t<meta property=\"og:image:width\" content=\"191\" \/>\n\t<meta property=\"og:image:height\" content=\"312\" \/>\n\t<meta property=\"og:image:type\" content=\"image\/jpeg\" \/>\n<meta name=\"twitter:card\" content=\"summary_large_image\" \/>\n<script type=\"application\/ld+json\" class=\"yoast-schema-graph\">{\"@context\":\"https:\/\/schema.org\",\"@graph\":[{\"@type\":\"WebPage\",\"@id\":\"https:\/\/shop.camac-harps.com\/de\/produkt\/camac-passe-partout-harfenkarre-fur-pedalharfen\/\",\"url\":\"https:\/\/shop.camac-harps.com\/de\/produkt\/camac-passe-partout-harfenkarre-fur-pedalharfen\/\",\"name\":\"Camac Passe-Partout Harfenkarre f\u00fcr Pedalharfen - Camac Harps Shop\",\"isPartOf\":{\"@id\":\"https:\/\/shop.camac-harps.com\/de\/#website\"},\"primaryImageOfPage\":{\"@id\":\"https:\/\/shop.camac-harps.com\/de\/produkt\/camac-passe-partout-harfenkarre-fur-pedalharfen\/#primaryimage\"},\"image\":{\"@id\":\"https:\/\/shop.camac-harps.com\/de\/produkt\/camac-passe-partout-harfenkarre-fur-pedalharfen\/#primaryimage\"},\"thumbnailUrl\":\"https:\/\/shop.camac-harps.com\/wp-content\/uploads\/sites\/25\/2018\/07\/chariots-gh.jpg\",\"datePublished\":\"2018-07-06T13:26:57+00:00\",\"dateModified\":\"2024-11-07T15:09:42+00:00\",\"breadcrumb\":{\"@id\":\"https:\/\/shop.camac-harps.com\/de\/produkt\/camac-passe-partout-harfenkarre-fur-pedalharfen\/#breadcrumb\"},\"inLanguage\":\"de\",\"potentialAction\":[{\"@type\":\"ReadAction\",\"target\":[\"https:\/\/shop.camac-harps.com\/de\/produkt\/camac-passe-partout-harfenkarre-fur-pedalharfen\/\"]}]},{\"@type\":\"ImageObject\",\"inLanguage\":\"de\",\"@id\":\"https:\/\/shop.camac-harps.com\/de\/produkt\/camac-passe-partout-harfenkarre-fur-pedalharfen\/#primaryimage\",\"url\":\"https:\/\/shop.camac-harps.com\/wp-content\/uploads\/sites\/25\/2018\/07\/chariots-gh.jpg\",\"contentUrl\":\"https:\/\/shop.camac-harps.com\/wp-content\/uploads\/sites\/25\/2018\/07\/chariots-gh.jpg\",\"width\":191,\"height\":312},{\"@type\":\"BreadcrumbList\",\"@id\":\"https:\/\/shop.camac-harps.com\/de\/produkt\/camac-passe-partout-harfenkarre-fur-pedalharfen\/#breadcrumb\",\"itemListElement\":[{\"@type\":\"ListItem\",\"position\":1,\"name\":\"Home\",\"item\":\"https:\/\/shop.camac-harps.com\/de\/startseite\/\"},{\"@type\":\"ListItem\",\"position\":2,\"name\":\"Startseite\",\"item\":\"https:\/\/shop.camac-harps.com\/de\/startseite\/\"},{\"@type\":\"ListItem\",\"position\":3,\"name\":\"Camac Passe-Partout Harfenkarre f\u00fcr Pedalharfen\"}]},{\"@type\":\"WebSite\",\"@id\":\"https:\/\/shop.camac-harps.com\/de\/#website\",\"url\":\"https:\/\/shop.camac-harps.com\/de\/\",\"name\":\"Camac Harps Shop\",\"description\":\"\",\"potentialAction\":[{\"@type\":\"SearchAction\",\"target\":{\"@type\":\"EntryPoint\",\"urlTemplate\":\"https:\/\/shop.camac-harps.com\/de\/?s={search_term_string}\"},\"query-input\":{\"@type\":\"PropertyValueSpecification\",\"valueRequired\":true,\"valueName\":\"search_term_string\"}}],\"inLanguage\":\"de\"}]}<\/script>","yoast_head_json":{"title":"Camac Passe-Partout Harfenkarre f\u00fcr Pedalharfen - Camac Harps Shop","robots":{"index":"index","follow":"follow","max-snippet":"max-snippet:-1","max-image-preview":"max-image-preview:large","max-video-preview":"max-video-preview:-1"},"canonical":"https:\/\/shop.camac-harps.com\/de\/produkt\/camac-passe-partout-harfenkarre-fur-pedalharfen\/","og_locale":"de_DE","og_type":"article","og_title":"Camac Passe-Partout Harfenkarre f\u00fcr Pedalharfen - Camac Harps Shop","og_description":"Die Plattform des Passe-Partout-Wagens ist so konzipiert, dass sie auf das Fu\u00dfteil der Camac-Pedalharfen passt. Die hinteren F\u00fc\u00dfe ruhen auf dem vertikalen Teil, w\u00e4hrend eine Metalllasche hinter einem unter der Harfe befindlichen Teil angebracht ist. Der Wagen wird dann mit einer abgewinkelten Stange an der Harfe befestigt, die in ein Schallloch des Resonanzbodens passt, das durch die hintere \u00d6ffnung der d\u00fcnnen Abdeckung zug\u00e4nglich ist. Im Falle der Verwendung mit einer Transporth\u00fclle wird es einfacher sein, den Wagen ohne das Fu\u00dfteil der H\u00fclle zu verwenden. Der gebogene Stab aber wird trotzdem durch die daf\u00fcr vorgesehene \u00d6ffnung an der R\u00fcckseite der Tragetasche eingef\u00fchrt. Es ist jedoch auch m\u00f6glich, den Wagen mit der kompletten Harfenh\u00fclle zu verwenden. In diesem Fall ist es nicht mehr m\u00f6glich, den Harfenfu\u00df auf der Plattform des Wagens einzuhaken, aber der Druck der angewinkelten Stange erm\u00f6glicht weiterhin die Befestigung des Wagens an der Harfe.","og_url":"https:\/\/shop.camac-harps.com\/de\/produkt\/camac-passe-partout-harfenkarre-fur-pedalharfen\/","og_site_name":"Camac Harps Shop","article_modified_time":"2024-11-07T15:09:42+00:00","og_image":[{"width":191,"height":312,"url":"https:\/\/shop.camac-harps.com\/wp-content\/uploads\/sites\/25\/2018\/07\/chariots-gh.jpg","type":"image\/jpeg"}],"twitter_card":"summary_large_image","schema":{"@context":"https:\/\/schema.org","@graph":[{"@type":"WebPage","@id":"https:\/\/shop.camac-harps.com\/de\/produkt\/camac-passe-partout-harfenkarre-fur-pedalharfen\/","url":"https:\/\/shop.camac-harps.com\/de\/produkt\/camac-passe-partout-harfenkarre-fur-pedalharfen\/","name":"Camac Passe-Partout Harfenkarre f\u00fcr Pedalharfen - Camac Harps Shop","isPartOf":{"@id":"https:\/\/shop.camac-harps.com\/de\/#website"},"primaryImageOfPage":{"@id":"https:\/\/shop.camac-harps.com\/de\/produkt\/camac-passe-partout-harfenkarre-fur-pedalharfen\/#primaryimage"},"image":{"@id":"https:\/\/shop.camac-harps.com\/de\/produkt\/camac-passe-partout-harfenkarre-fur-pedalharfen\/#primaryimage"},"thumbnailUrl":"https:\/\/shop.camac-harps.com\/wp-content\/uploads\/sites\/25\/2018\/07\/chariots-gh.jpg","datePublished":"2018-07-06T13:26:57+00:00","dateModified":"2024-11-07T15:09:42+00:00","breadcrumb":{"@id":"https:\/\/shop.camac-harps.com\/de\/produkt\/camac-passe-partout-harfenkarre-fur-pedalharfen\/#breadcrumb"},"inLanguage":"de","potentialAction":[{"@type":"ReadAction","target":["https:\/\/shop.camac-harps.com\/de\/produkt\/camac-passe-partout-harfenkarre-fur-pedalharfen\/"]}]},{"@type":"ImageObject","inLanguage":"de","@id":"https:\/\/shop.camac-harps.com\/de\/produkt\/camac-passe-partout-harfenkarre-fur-pedalharfen\/#primaryimage","url":"https:\/\/shop.camac-harps.com\/wp-content\/uploads\/sites\/25\/2018\/07\/chariots-gh.jpg","contentUrl":"https:\/\/shop.camac-harps.com\/wp-content\/uploads\/sites\/25\/2018\/07\/chariots-gh.jpg","width":191,"height":312},{"@type":"BreadcrumbList","@id":"https:\/\/shop.camac-harps.com\/de\/produkt\/camac-passe-partout-harfenkarre-fur-pedalharfen\/#breadcrumb","itemListElement":[{"@type":"ListItem","position":1,"name":"Home","item":"https:\/\/shop.camac-harps.com\/de\/startseite\/"},{"@type":"ListItem","position":2,"name":"Startseite","item":"https:\/\/shop.camac-harps.com\/de\/startseite\/"},{"@type":"ListItem","position":3,"name":"Camac Passe-Partout Harfenkarre f\u00fcr Pedalharfen"}]},{"@type":"WebSite","@id":"https:\/\/shop.camac-harps.com\/de\/#website","url":"https:\/\/shop.camac-harps.com\/de\/","name":"Camac Harps Shop","description":"","potentialAction":[{"@type":"SearchAction","target":{"@type":"EntryPoint","urlTemplate":"https:\/\/shop.camac-harps.com\/de\/?s={search_term_string}"},"query-input":{"@type":"PropertyValueSpecification","valueRequired":true,"valueName":"search_term_string"}}],"inLanguage":"de"}]}},"_links":{"self":[{"href":"https:\/\/shop.camac-harps.com\/de\/wp-json\/wp\/v2\/product\/16541","targetHints":{"allow":["GET"]}}],"collection":[{"href":"https:\/\/shop.camac-harps.com\/de\/wp-json\/wp\/v2\/product"}],"about":[{"href":"https:\/\/shop.camac-harps.com\/de\/wp-json\/wp\/v2\/types\/product"}],"replies":[{"embeddable":true,"href":"https:\/\/shop.camac-harps.com\/de\/wp-json\/wp\/v2\/comments?post=16541"}],"wp:featuredmedia":[{"embeddable":true,"href":"https:\/\/shop.camac-harps.com\/de\/wp-json\/wp\/v2\/media\/5604"}],"wp:attachment":[{"href":"https:\/\/shop.camac-harps.com\/de\/wp-json\/wp\/v2\/media?parent=16541"}],"wp:term":[{"taxonomy":"product_brand","embeddable":true,"href":"https:\/\/shop.camac-harps.com\/de\/wp-json\/wp\/v2\/product_brand?post=16541"},{"taxonomy":"product_cat","embeddable":true,"href":"https:\/\/shop.camac-harps.com\/de\/wp-json\/wp\/v2\/product_cat?post=16541"},{"taxonomy":"product_tag","embeddable":true,"href":"https:\/\/shop.camac-harps.com\/de\/wp-json\/wp\/v2\/product_tag?post=16541"}],"curies":[{"name":"wp","href":"https:\/\/api.w.org\/{rel}","templated":true}]}}