{"id":17120,"date":"2018-07-06T13:38:55","date_gmt":"2018-07-06T13:38:55","guid":{"rendered":"https:\/\/shop.camac-harps.com\/product\/elektronisches-stimmgerat-mit-clip-eagletone-ct50\/"},"modified":"2026-03-13T16:50:51","modified_gmt":"2026-03-13T16:50:51","slug":"elektronisches-stimmgerat-mit-clip-eagletone-ct50","status":"publish","type":"product","link":"https:\/\/shop.camac-harps.com\/de\/produkt\/elektronisches-stimmgerat-mit-clip-eagletone-ct50\/","title":{"rendered":"Elektronisches Stimmger\u00e4t mit Clip, Eagletone CT50"},"content":{"rendered":"<p>Ein Qualit\u00e4ts-Stimmger\u00e4t f\u00fcr Hakenharfe und Pedalharfe.<br \/>\nDank des speziellein Clips kann das Ger\u00e4t einfach an verschiedenen Stellen der Harfe platziert werden, und der verstellbare Arm sorgt f\u00fcr einen bequemen Blick auf die Anzeige.<br \/>\n&#8211; F\u00fcr das Stimmen der Harfe die Einstellung &#8222;C&#8220; f\u00fcr &#8222;chromatisch&#8220; verwenden.<br \/>\n&#8211; Einstellbarer Kammerton A = 430 &#8211; 450 Hz.<\/p>\n","protected":false},"excerpt":{"rendered":"<p>Ein Qualit\u00e4ts-Stimmger\u00e4t f\u00fcr Hakenharfe und Pedalharfe. Dank des speziellein Clips kann das Ger\u00e4t einfach an verschiedenen Stellen der Harfe platziert werden, und der verstellbare Arm sorgt f\u00fcr einen bequemen Blick auf die Anzeige. &#8211; F\u00fcr das Stimmen der Harfe die Einstellung &#8222;C&#8220; f\u00fcr &#8222;chromatisch&#8220; verwenden. &#8211; Einstellbarer Kammerton A = 430 &#8211; 450 Hz.<\/p>\n","protected":false},"featured_media":6044,"comment_status":"open","ping_status":"closed","template":"","meta":{"_acf_changed":false},"product_brand":[],"product_cat":[80,86,41],"product_tag":[],"class_list":{"0":"post-17120","1":"product","2":"type-product","3":"status-publish","4":"has-post-thumbnail","6":"product_cat-stimmgerate","7":"product_cat-tonabnehmer-verstarker-kabel","8":"product_cat-zubehor-harfenhuellen","10":"first","11":"outofstock","12":"taxable","13":"shipping-taxable","14":"purchasable","15":"product-type-simple"},"acf":[],"yoast_head":"<title>Elektronisches Stimmger\u00e4t mit Clip, Eagletone CT50 - Camac Harps Shop<\/title>\n<meta name=\"robots\" content=\"index, follow, max-snippet:-1, max-image-preview:large, max-video-preview:-1\" \/>\n<link rel=\"canonical\" href=\"https:\/\/shop.camac-harps.com\/de\/produkt\/elektronisches-stimmgerat-mit-clip-eagletone-ct50\/\" \/>\n<meta property=\"og:locale\" content=\"de_DE\" \/>\n<meta property=\"og:type\" content=\"article\" \/>\n<meta property=\"og:title\" content=\"Elektronisches Stimmger\u00e4t mit Clip, Eagletone CT50 - Camac Harps Shop\" \/>\n<meta property=\"og:description\" content=\"Ein Qualit\u00e4ts-Stimmger\u00e4t f\u00fcr Hakenharfe und Pedalharfe. Dank des speziellein Clips kann das Ger\u00e4t einfach an verschiedenen Stellen der Harfe platziert werden, und der verstellbare Arm sorgt f\u00fcr einen bequemen Blick auf die Anzeige. &#8211; F\u00fcr das Stimmen der Harfe die Einstellung &#8222;C&#8220; f\u00fcr &#8222;chromatisch&#8220; verwenden. &#8211; Einstellbarer Kammerton A = 430 &#8211; 450 Hz.\" \/>\n<meta property=\"og:url\" content=\"https:\/\/shop.camac-harps.com\/de\/produkt\/elektronisches-stimmgerat-mit-clip-eagletone-ct50\/\" \/>\n<meta property=\"og:site_name\" content=\"Camac Harps Shop\" \/>\n<meta property=\"article:modified_time\" content=\"2026-03-13T16:50:51+00:00\" \/>\n<meta property=\"og:image\" content=\"https:\/\/shop.camac-harps.com\/wp-content\/uploads\/sites\/25\/2018\/07\/eagletonect50.jpg\" \/>\n\t<meta property=\"og:image:width\" content=\"500\" \/>\n\t<meta property=\"og:image:height\" content=\"500\" \/>\n\t<meta property=\"og:image:type\" content=\"image\/jpeg\" \/>\n<meta name=\"twitter:card\" content=\"summary_large_image\" \/>\n<meta name=\"twitter:label1\" content=\"Gesch\u00e4tzte Lesezeit\" \/>\n\t<meta name=\"twitter:data1\" content=\"1\u00a0Minute\" \/>\n<script type=\"application\/ld+json\" class=\"yoast-schema-graph\">{\"@context\":\"https:\/\/schema.org\",\"@graph\":[{\"@type\":\"WebPage\",\"@id\":\"https:\/\/shop.camac-harps.com\/de\/produkt\/elektronisches-stimmgerat-mit-clip-eagletone-ct50\/\",\"url\":\"https:\/\/shop.camac-harps.com\/de\/produkt\/elektronisches-stimmgerat-mit-clip-eagletone-ct50\/\",\"name\":\"Elektronisches Stimmger\u00e4t mit Clip, Eagletone CT50 - Camac Harps Shop\",\"isPartOf\":{\"@id\":\"https:\/\/shop.camac-harps.com\/de\/#website\"},\"primaryImageOfPage\":{\"@id\":\"https:\/\/shop.camac-harps.com\/de\/produkt\/elektronisches-stimmgerat-mit-clip-eagletone-ct50\/#primaryimage\"},\"image\":{\"@id\":\"https:\/\/shop.camac-harps.com\/de\/produkt\/elektronisches-stimmgerat-mit-clip-eagletone-ct50\/#primaryimage\"},\"thumbnailUrl\":\"https:\/\/shop.camac-harps.com\/wp-content\/uploads\/sites\/25\/2018\/07\/eagletonect50.jpg\",\"datePublished\":\"2018-07-06T13:38:55+00:00\",\"dateModified\":\"2026-03-13T16:50:51+00:00\",\"breadcrumb\":{\"@id\":\"https:\/\/shop.camac-harps.com\/de\/produkt\/elektronisches-stimmgerat-mit-clip-eagletone-ct50\/#breadcrumb\"},\"inLanguage\":\"de\",\"potentialAction\":[{\"@type\":\"ReadAction\",\"target\":[\"https:\/\/shop.camac-harps.com\/de\/produkt\/elektronisches-stimmgerat-mit-clip-eagletone-ct50\/\"]}]},{\"@type\":\"ImageObject\",\"inLanguage\":\"de\",\"@id\":\"https:\/\/shop.camac-harps.com\/de\/produkt\/elektronisches-stimmgerat-mit-clip-eagletone-ct50\/#primaryimage\",\"url\":\"https:\/\/shop.camac-harps.com\/wp-content\/uploads\/sites\/25\/2018\/07\/eagletonect50.jpg\",\"contentUrl\":\"https:\/\/shop.camac-harps.com\/wp-content\/uploads\/sites\/25\/2018\/07\/eagletonect50.jpg\",\"width\":500,\"height\":500},{\"@type\":\"BreadcrumbList\",\"@id\":\"https:\/\/shop.camac-harps.com\/de\/produkt\/elektronisches-stimmgerat-mit-clip-eagletone-ct50\/#breadcrumb\",\"itemListElement\":[{\"@type\":\"ListItem\",\"position\":1,\"name\":\"Home\",\"item\":\"https:\/\/shop.camac-harps.com\/de\/startseite\/\"},{\"@type\":\"ListItem\",\"position\":2,\"name\":\"Startseite\",\"item\":\"https:\/\/shop.camac-harps.com\/de\/startseite\/\"},{\"@type\":\"ListItem\",\"position\":3,\"name\":\"Elektronisches Stimmger\u00e4t mit Clip, Eagletone CT50\"}]},{\"@type\":\"WebSite\",\"@id\":\"https:\/\/shop.camac-harps.com\/de\/#website\",\"url\":\"https:\/\/shop.camac-harps.com\/de\/\",\"name\":\"Camac Harps Shop\",\"description\":\"\",\"potentialAction\":[{\"@type\":\"SearchAction\",\"target\":{\"@type\":\"EntryPoint\",\"urlTemplate\":\"https:\/\/shop.camac-harps.com\/de\/?s={search_term_string}\"},\"query-input\":{\"@type\":\"PropertyValueSpecification\",\"valueRequired\":true,\"valueName\":\"search_term_string\"}}],\"inLanguage\":\"de\"}]}<\/script>","yoast_head_json":{"title":"Elektronisches Stimmger\u00e4t mit Clip, Eagletone CT50 - Camac Harps Shop","robots":{"index":"index","follow":"follow","max-snippet":"max-snippet:-1","max-image-preview":"max-image-preview:large","max-video-preview":"max-video-preview:-1"},"canonical":"https:\/\/shop.camac-harps.com\/de\/produkt\/elektronisches-stimmgerat-mit-clip-eagletone-ct50\/","og_locale":"de_DE","og_type":"article","og_title":"Elektronisches Stimmger\u00e4t mit Clip, Eagletone CT50 - Camac Harps Shop","og_description":"Ein Qualit\u00e4ts-Stimmger\u00e4t f\u00fcr Hakenharfe und Pedalharfe. Dank des speziellein Clips kann das Ger\u00e4t einfach an verschiedenen Stellen der Harfe platziert werden, und der verstellbare Arm sorgt f\u00fcr einen bequemen Blick auf die Anzeige. &#8211; F\u00fcr das Stimmen der Harfe die Einstellung &#8222;C&#8220; f\u00fcr &#8222;chromatisch&#8220; verwenden. &#8211; Einstellbarer Kammerton A = 430 &#8211; 450 Hz.","og_url":"https:\/\/shop.camac-harps.com\/de\/produkt\/elektronisches-stimmgerat-mit-clip-eagletone-ct50\/","og_site_name":"Camac Harps Shop","article_modified_time":"2026-03-13T16:50:51+00:00","og_image":[{"width":500,"height":500,"url":"https:\/\/shop.camac-harps.com\/wp-content\/uploads\/sites\/25\/2018\/07\/eagletonect50.jpg","type":"image\/jpeg"}],"twitter_card":"summary_large_image","twitter_misc":{"Gesch\u00e4tzte Lesezeit":"1\u00a0Minute"},"schema":{"@context":"https:\/\/schema.org","@graph":[{"@type":"WebPage","@id":"https:\/\/shop.camac-harps.com\/de\/produkt\/elektronisches-stimmgerat-mit-clip-eagletone-ct50\/","url":"https:\/\/shop.camac-harps.com\/de\/produkt\/elektronisches-stimmgerat-mit-clip-eagletone-ct50\/","name":"Elektronisches Stimmger\u00e4t mit Clip, Eagletone CT50 - Camac Harps Shop","isPartOf":{"@id":"https:\/\/shop.camac-harps.com\/de\/#website"},"primaryImageOfPage":{"@id":"https:\/\/shop.camac-harps.com\/de\/produkt\/elektronisches-stimmgerat-mit-clip-eagletone-ct50\/#primaryimage"},"image":{"@id":"https:\/\/shop.camac-harps.com\/de\/produkt\/elektronisches-stimmgerat-mit-clip-eagletone-ct50\/#primaryimage"},"thumbnailUrl":"https:\/\/shop.camac-harps.com\/wp-content\/uploads\/sites\/25\/2018\/07\/eagletonect50.jpg","datePublished":"2018-07-06T13:38:55+00:00","dateModified":"2026-03-13T16:50:51+00:00","breadcrumb":{"@id":"https:\/\/shop.camac-harps.com\/de\/produkt\/elektronisches-stimmgerat-mit-clip-eagletone-ct50\/#breadcrumb"},"inLanguage":"de","potentialAction":[{"@type":"ReadAction","target":["https:\/\/shop.camac-harps.com\/de\/produkt\/elektronisches-stimmgerat-mit-clip-eagletone-ct50\/"]}]},{"@type":"ImageObject","inLanguage":"de","@id":"https:\/\/shop.camac-harps.com\/de\/produkt\/elektronisches-stimmgerat-mit-clip-eagletone-ct50\/#primaryimage","url":"https:\/\/shop.camac-harps.com\/wp-content\/uploads\/sites\/25\/2018\/07\/eagletonect50.jpg","contentUrl":"https:\/\/shop.camac-harps.com\/wp-content\/uploads\/sites\/25\/2018\/07\/eagletonect50.jpg","width":500,"height":500},{"@type":"BreadcrumbList","@id":"https:\/\/shop.camac-harps.com\/de\/produkt\/elektronisches-stimmgerat-mit-clip-eagletone-ct50\/#breadcrumb","itemListElement":[{"@type":"ListItem","position":1,"name":"Home","item":"https:\/\/shop.camac-harps.com\/de\/startseite\/"},{"@type":"ListItem","position":2,"name":"Startseite","item":"https:\/\/shop.camac-harps.com\/de\/startseite\/"},{"@type":"ListItem","position":3,"name":"Elektronisches Stimmger\u00e4t mit Clip, Eagletone CT50"}]},{"@type":"WebSite","@id":"https:\/\/shop.camac-harps.com\/de\/#website","url":"https:\/\/shop.camac-harps.com\/de\/","name":"Camac Harps Shop","description":"","potentialAction":[{"@type":"SearchAction","target":{"@type":"EntryPoint","urlTemplate":"https:\/\/shop.camac-harps.com\/de\/?s={search_term_string}"},"query-input":{"@type":"PropertyValueSpecification","valueRequired":true,"valueName":"search_term_string"}}],"inLanguage":"de"}]}},"_links":{"self":[{"href":"https:\/\/shop.camac-harps.com\/de\/wp-json\/wp\/v2\/product\/17120","targetHints":{"allow":["GET"]}}],"collection":[{"href":"https:\/\/shop.camac-harps.com\/de\/wp-json\/wp\/v2\/product"}],"about":[{"href":"https:\/\/shop.camac-harps.com\/de\/wp-json\/wp\/v2\/types\/product"}],"replies":[{"embeddable":true,"href":"https:\/\/shop.camac-harps.com\/de\/wp-json\/wp\/v2\/comments?post=17120"}],"wp:featuredmedia":[{"embeddable":true,"href":"https:\/\/shop.camac-harps.com\/de\/wp-json\/wp\/v2\/media\/6044"}],"wp:attachment":[{"href":"https:\/\/shop.camac-harps.com\/de\/wp-json\/wp\/v2\/media?parent=17120"}],"wp:term":[{"taxonomy":"product_brand","embeddable":true,"href":"https:\/\/shop.camac-harps.com\/de\/wp-json\/wp\/v2\/product_brand?post=17120"},{"taxonomy":"product_cat","embeddable":true,"href":"https:\/\/shop.camac-harps.com\/de\/wp-json\/wp\/v2\/product_cat?post=17120"},{"taxonomy":"product_tag","embeddable":true,"href":"https:\/\/shop.camac-harps.com\/de\/wp-json\/wp\/v2\/product_tag?post=17120"}],"curies":[{"name":"wp","href":"https:\/\/api.w.org\/{rel}","templated":true}]}}