{"id":18536,"date":"2018-07-06T14:10:19","date_gmt":"2018-07-06T14:10:19","guid":{"rendered":"https:\/\/shop.camac-harps.com\/product\/murray-schafer-wild-bird-fur-violine-und-harfe\/"},"modified":"2024-11-07T15:06:14","modified_gmt":"2024-11-07T15:06:14","slug":"murray-schafer-wild-bird-fur-violine-und-harfe","status":"publish","type":"product","link":"https:\/\/shop.camac-harps.com\/de\/produkt\/murray-schafer-wild-bird-fur-violine-und-harfe\/","title":{"rendered":"Murray SCHAFER: Wild Bird, f\u00fcr Violine und Harfe"},"content":{"rendered":"","protected":false},"excerpt":{"rendered":"<p style=\"text-align: justify;\">Bitte beachten Sie, dass dieser Artikel keine separate Violinstimme enth\u00e4lt. Es gibt eine Partitur mit der Harfen- und der Violinstimme zusammen, sowie ein Arrangement f\u00fcr Fl\u00f6te als separate Stimme.<\/p>\n","protected":false},"featured_media":7788,"comment_status":"open","ping_status":"closed","template":"","meta":{"_acf_changed":false},"product_brand":[],"product_cat":[113,35,56,167],"product_tag":[],"class_list":{"0":"post-18536","1":"product","2":"type-product","3":"status-publish","4":"has-post-thumbnail","6":"product_cat-duos-kammermusik","7":"product_cat-harfennoten","8":"product_cat-kammermusik","9":"product_cat-violine-bratsche-und-harfe","11":"first","12":"outofstock","13":"taxable","14":"shipping-taxable","15":"purchasable","16":"product-type-simple"},"acf":[],"yoast_head":"<title>Murray SCHAFER: Wild Bird, f\u00fcr Violine und Harfe - Camac Harps Shop<\/title>\n<meta name=\"robots\" content=\"index, follow, max-snippet:-1, max-image-preview:large, max-video-preview:-1\" \/>\n<link rel=\"canonical\" href=\"https:\/\/shop.camac-harps.com\/de\/produkt\/murray-schafer-wild-bird-fur-violine-und-harfe\/\" \/>\n<meta property=\"og:locale\" content=\"de_DE\" \/>\n<meta property=\"og:type\" content=\"article\" \/>\n<meta property=\"og:title\" content=\"Murray SCHAFER: Wild Bird, f\u00fcr Violine und Harfe - Camac Harps Shop\" \/>\n<meta property=\"og:description\" content=\"Bitte beachten Sie, dass dieser Artikel keine separate Violinstimme enth\u00e4lt. Es gibt eine Partitur mit der Harfen- und der Violinstimme zusammen, sowie ein Arrangement f\u00fcr Fl\u00f6te als separate Stimme.\" \/>\n<meta property=\"og:url\" content=\"https:\/\/shop.camac-harps.com\/de\/produkt\/murray-schafer-wild-bird-fur-violine-und-harfe\/\" \/>\n<meta property=\"og:site_name\" content=\"Camac Harps Shop\" \/>\n<meta property=\"article:modified_time\" content=\"2024-11-07T15:06:14+00:00\" \/>\n<meta property=\"og:image\" content=\"https:\/\/shop.camac-harps.com\/wp-content\/uploads\/sites\/25\/2018\/07\/srm02.jpg\" \/>\n\t<meta property=\"og:image:width\" content=\"566\" \/>\n\t<meta property=\"og:image:height\" content=\"800\" \/>\n\t<meta property=\"og:image:type\" content=\"image\/jpeg\" \/>\n<meta name=\"twitter:card\" content=\"summary_large_image\" \/>\n<script type=\"application\/ld+json\" class=\"yoast-schema-graph\">{\"@context\":\"https:\/\/schema.org\",\"@graph\":[{\"@type\":\"WebPage\",\"@id\":\"https:\/\/shop.camac-harps.com\/de\/produkt\/murray-schafer-wild-bird-fur-violine-und-harfe\/\",\"url\":\"https:\/\/shop.camac-harps.com\/de\/produkt\/murray-schafer-wild-bird-fur-violine-und-harfe\/\",\"name\":\"Murray SCHAFER: Wild Bird, f\u00fcr Violine und Harfe - Camac Harps Shop\",\"isPartOf\":{\"@id\":\"https:\/\/shop.camac-harps.com\/de\/#website\"},\"primaryImageOfPage\":{\"@id\":\"https:\/\/shop.camac-harps.com\/de\/produkt\/murray-schafer-wild-bird-fur-violine-und-harfe\/#primaryimage\"},\"image\":{\"@id\":\"https:\/\/shop.camac-harps.com\/de\/produkt\/murray-schafer-wild-bird-fur-violine-und-harfe\/#primaryimage\"},\"thumbnailUrl\":\"https:\/\/shop.camac-harps.com\/wp-content\/uploads\/sites\/25\/2018\/07\/srm02.jpg\",\"datePublished\":\"2018-07-06T14:10:19+00:00\",\"dateModified\":\"2024-11-07T15:06:14+00:00\",\"breadcrumb\":{\"@id\":\"https:\/\/shop.camac-harps.com\/de\/produkt\/murray-schafer-wild-bird-fur-violine-und-harfe\/#breadcrumb\"},\"inLanguage\":\"de\",\"potentialAction\":[{\"@type\":\"ReadAction\",\"target\":[\"https:\/\/shop.camac-harps.com\/de\/produkt\/murray-schafer-wild-bird-fur-violine-und-harfe\/\"]}]},{\"@type\":\"ImageObject\",\"inLanguage\":\"de\",\"@id\":\"https:\/\/shop.camac-harps.com\/de\/produkt\/murray-schafer-wild-bird-fur-violine-und-harfe\/#primaryimage\",\"url\":\"https:\/\/shop.camac-harps.com\/wp-content\/uploads\/sites\/25\/2018\/07\/srm02.jpg\",\"contentUrl\":\"https:\/\/shop.camac-harps.com\/wp-content\/uploads\/sites\/25\/2018\/07\/srm02.jpg\",\"width\":566,\"height\":800},{\"@type\":\"BreadcrumbList\",\"@id\":\"https:\/\/shop.camac-harps.com\/de\/produkt\/murray-schafer-wild-bird-fur-violine-und-harfe\/#breadcrumb\",\"itemListElement\":[{\"@type\":\"ListItem\",\"position\":1,\"name\":\"Home\",\"item\":\"https:\/\/shop.camac-harps.com\/de\/startseite\/\"},{\"@type\":\"ListItem\",\"position\":2,\"name\":\"Startseite\",\"item\":\"https:\/\/shop.camac-harps.com\/de\/startseite\/\"},{\"@type\":\"ListItem\",\"position\":3,\"name\":\"Murray SCHAFER: Wild Bird, f\u00fcr Violine und Harfe\"}]},{\"@type\":\"WebSite\",\"@id\":\"https:\/\/shop.camac-harps.com\/de\/#website\",\"url\":\"https:\/\/shop.camac-harps.com\/de\/\",\"name\":\"Camac Harps Shop\",\"description\":\"\",\"potentialAction\":[{\"@type\":\"SearchAction\",\"target\":{\"@type\":\"EntryPoint\",\"urlTemplate\":\"https:\/\/shop.camac-harps.com\/de\/?s={search_term_string}\"},\"query-input\":{\"@type\":\"PropertyValueSpecification\",\"valueRequired\":true,\"valueName\":\"search_term_string\"}}],\"inLanguage\":\"de\"}]}<\/script>","yoast_head_json":{"title":"Murray SCHAFER: Wild Bird, f\u00fcr Violine und Harfe - Camac Harps Shop","robots":{"index":"index","follow":"follow","max-snippet":"max-snippet:-1","max-image-preview":"max-image-preview:large","max-video-preview":"max-video-preview:-1"},"canonical":"https:\/\/shop.camac-harps.com\/de\/produkt\/murray-schafer-wild-bird-fur-violine-und-harfe\/","og_locale":"de_DE","og_type":"article","og_title":"Murray SCHAFER: Wild Bird, f\u00fcr Violine und Harfe - Camac Harps Shop","og_description":"Bitte beachten Sie, dass dieser Artikel keine separate Violinstimme enth\u00e4lt. Es gibt eine Partitur mit der Harfen- und der Violinstimme zusammen, sowie ein Arrangement f\u00fcr Fl\u00f6te als separate Stimme.","og_url":"https:\/\/shop.camac-harps.com\/de\/produkt\/murray-schafer-wild-bird-fur-violine-und-harfe\/","og_site_name":"Camac Harps Shop","article_modified_time":"2024-11-07T15:06:14+00:00","og_image":[{"width":566,"height":800,"url":"https:\/\/shop.camac-harps.com\/wp-content\/uploads\/sites\/25\/2018\/07\/srm02.jpg","type":"image\/jpeg"}],"twitter_card":"summary_large_image","schema":{"@context":"https:\/\/schema.org","@graph":[{"@type":"WebPage","@id":"https:\/\/shop.camac-harps.com\/de\/produkt\/murray-schafer-wild-bird-fur-violine-und-harfe\/","url":"https:\/\/shop.camac-harps.com\/de\/produkt\/murray-schafer-wild-bird-fur-violine-und-harfe\/","name":"Murray SCHAFER: Wild Bird, f\u00fcr Violine und Harfe - Camac Harps Shop","isPartOf":{"@id":"https:\/\/shop.camac-harps.com\/de\/#website"},"primaryImageOfPage":{"@id":"https:\/\/shop.camac-harps.com\/de\/produkt\/murray-schafer-wild-bird-fur-violine-und-harfe\/#primaryimage"},"image":{"@id":"https:\/\/shop.camac-harps.com\/de\/produkt\/murray-schafer-wild-bird-fur-violine-und-harfe\/#primaryimage"},"thumbnailUrl":"https:\/\/shop.camac-harps.com\/wp-content\/uploads\/sites\/25\/2018\/07\/srm02.jpg","datePublished":"2018-07-06T14:10:19+00:00","dateModified":"2024-11-07T15:06:14+00:00","breadcrumb":{"@id":"https:\/\/shop.camac-harps.com\/de\/produkt\/murray-schafer-wild-bird-fur-violine-und-harfe\/#breadcrumb"},"inLanguage":"de","potentialAction":[{"@type":"ReadAction","target":["https:\/\/shop.camac-harps.com\/de\/produkt\/murray-schafer-wild-bird-fur-violine-und-harfe\/"]}]},{"@type":"ImageObject","inLanguage":"de","@id":"https:\/\/shop.camac-harps.com\/de\/produkt\/murray-schafer-wild-bird-fur-violine-und-harfe\/#primaryimage","url":"https:\/\/shop.camac-harps.com\/wp-content\/uploads\/sites\/25\/2018\/07\/srm02.jpg","contentUrl":"https:\/\/shop.camac-harps.com\/wp-content\/uploads\/sites\/25\/2018\/07\/srm02.jpg","width":566,"height":800},{"@type":"BreadcrumbList","@id":"https:\/\/shop.camac-harps.com\/de\/produkt\/murray-schafer-wild-bird-fur-violine-und-harfe\/#breadcrumb","itemListElement":[{"@type":"ListItem","position":1,"name":"Home","item":"https:\/\/shop.camac-harps.com\/de\/startseite\/"},{"@type":"ListItem","position":2,"name":"Startseite","item":"https:\/\/shop.camac-harps.com\/de\/startseite\/"},{"@type":"ListItem","position":3,"name":"Murray SCHAFER: Wild Bird, f\u00fcr Violine und Harfe"}]},{"@type":"WebSite","@id":"https:\/\/shop.camac-harps.com\/de\/#website","url":"https:\/\/shop.camac-harps.com\/de\/","name":"Camac Harps Shop","description":"","potentialAction":[{"@type":"SearchAction","target":{"@type":"EntryPoint","urlTemplate":"https:\/\/shop.camac-harps.com\/de\/?s={search_term_string}"},"query-input":{"@type":"PropertyValueSpecification","valueRequired":true,"valueName":"search_term_string"}}],"inLanguage":"de"}]}},"_links":{"self":[{"href":"https:\/\/shop.camac-harps.com\/de\/wp-json\/wp\/v2\/product\/18536","targetHints":{"allow":["GET"]}}],"collection":[{"href":"https:\/\/shop.camac-harps.com\/de\/wp-json\/wp\/v2\/product"}],"about":[{"href":"https:\/\/shop.camac-harps.com\/de\/wp-json\/wp\/v2\/types\/product"}],"replies":[{"embeddable":true,"href":"https:\/\/shop.camac-harps.com\/de\/wp-json\/wp\/v2\/comments?post=18536"}],"wp:featuredmedia":[{"embeddable":true,"href":"https:\/\/shop.camac-harps.com\/de\/wp-json\/wp\/v2\/media\/7788"}],"wp:attachment":[{"href":"https:\/\/shop.camac-harps.com\/de\/wp-json\/wp\/v2\/media?parent=18536"}],"wp:term":[{"taxonomy":"product_brand","embeddable":true,"href":"https:\/\/shop.camac-harps.com\/de\/wp-json\/wp\/v2\/product_brand?post=18536"},{"taxonomy":"product_cat","embeddable":true,"href":"https:\/\/shop.camac-harps.com\/de\/wp-json\/wp\/v2\/product_cat?post=18536"},{"taxonomy":"product_tag","embeddable":true,"href":"https:\/\/shop.camac-harps.com\/de\/wp-json\/wp\/v2\/product_tag?post=18536"}],"curies":[{"name":"wp","href":"https:\/\/api.w.org\/{rel}","templated":true}]}}