{"id":19823,"date":"2018-07-06T14:46:30","date_gmt":"2018-07-06T14:46:31","guid":{"rendered":"https:\/\/shop.camac-harps.com\/product\/stimmschlussel-gummiert-managoni-oberflache\/"},"modified":"2025-02-14T16:48:41","modified_gmt":"2025-02-14T16:48:41","slug":"stimmschlussel-gummiert-fur-keltische-bzw-odyssey-harfe","status":"publish","type":"product","link":"https:\/\/shop.camac-harps.com\/de\/produkt\/stimmschlussel-gummiert-fur-keltische-bzw-odyssey-harfe\/","title":{"rendered":"Stimmschl\u00fcssel (gummiert) f\u00fcr keltische bzw. Odyssey-Harfe"},"content":{"rendered":"<p style=\"text-align: justify;\">Dieser Stimmschl\u00fcssel aus Gummi ist mit allen unseren keltischen Harfen kompatibel. Sein quadratischer Aufdruck ist so gestaltet, dass er perfekt passt. Sein flexibles Material sch\u00fctzt vor Besch\u00e4digungen, falls der Schl\u00fcssel auf die Harfe fallen sollte.<\/p>\n","protected":false},"excerpt":{"rendered":"<p>Dieser Stimmschl\u00fcssel aus Gummi ist mit allen unseren keltischen Harfen kompatibel. Sein quadratischer Aufdruck ist so gestaltet, dass er perfekt passt. Sein flexibles Material sch\u00fctzt vor Besch\u00e4digungen, falls der Schl\u00fcssel auf die Harfe fallen sollte.<\/p>\n","protected":false},"featured_media":9701,"comment_status":"open","ping_status":"closed","template":"","meta":{"_acf_changed":false},"product_brand":[],"product_cat":[549,89,628,41,559],"product_tag":[],"class_list":{"0":"post-19823","1":"product","2":"type-product","3":"status-publish","4":"has-post-thumbnail","6":"product_cat-odyssey-harfe-webshop-de","7":"product_cat-stimmschlussel-sonstiges-zubehor","8":"product_cat-werkzeuge-und-wartung","9":"product_cat-zubehor-harfenhuellen","10":"product_cat-zubehor-fur-odyssey-harfe","12":"first","13":"instock","14":"taxable","15":"shipping-taxable","16":"purchasable","17":"product-type-simple"},"acf":[],"yoast_head":"<title>Stimmschl\u00fcssel (gummiert) f\u00fcr keltische bzw. Odyssey-Harfe - Camac Harps Shop<\/title>\n<meta name=\"robots\" content=\"index, follow, max-snippet:-1, max-image-preview:large, max-video-preview:-1\" \/>\n<link rel=\"canonical\" href=\"https:\/\/shop.camac-harps.com\/de\/produkt\/stimmschlussel-gummiert-fur-keltische-bzw-odyssey-harfe\/\" \/>\n<meta property=\"og:locale\" content=\"de_DE\" \/>\n<meta property=\"og:type\" content=\"article\" \/>\n<meta property=\"og:title\" content=\"Stimmschl\u00fcssel (gummiert) f\u00fcr keltische bzw. Odyssey-Harfe - Camac Harps Shop\" \/>\n<meta property=\"og:description\" content=\"Dieser Stimmschl\u00fcssel aus Gummi ist mit allen unseren keltischen Harfen kompatibel. Sein quadratischer Aufdruck ist so gestaltet, dass er perfekt passt. Sein flexibles Material sch\u00fctzt vor Besch\u00e4digungen, falls der Schl\u00fcssel auf die Harfe fallen sollte.\" \/>\n<meta property=\"og:url\" content=\"https:\/\/shop.camac-harps.com\/de\/produkt\/stimmschlussel-gummiert-fur-keltische-bzw-odyssey-harfe\/\" \/>\n<meta property=\"og:site_name\" content=\"Camac Harps Shop\" \/>\n<meta property=\"article:modified_time\" content=\"2025-02-14T16:48:41+00:00\" \/>\n<meta property=\"og:image\" content=\"https:\/\/shop.camac-harps.com\/wp-content\/uploads\/sites\/25\/2018\/07\/caa.jpg\" \/>\n\t<meta property=\"og:image:width\" content=\"800\" \/>\n\t<meta property=\"og:image:height\" content=\"600\" \/>\n\t<meta property=\"og:image:type\" content=\"image\/jpeg\" \/>\n<meta name=\"twitter:card\" content=\"summary_large_image\" \/>\n<script type=\"application\/ld+json\" class=\"yoast-schema-graph\">{\"@context\":\"https:\/\/schema.org\",\"@graph\":[{\"@type\":\"WebPage\",\"@id\":\"https:\/\/shop.camac-harps.com\/de\/produkt\/stimmschlussel-gummiert-fur-keltische-bzw-odyssey-harfe\/\",\"url\":\"https:\/\/shop.camac-harps.com\/de\/produkt\/stimmschlussel-gummiert-fur-keltische-bzw-odyssey-harfe\/\",\"name\":\"Stimmschl\u00fcssel (gummiert) f\u00fcr keltische bzw. Odyssey-Harfe - Camac Harps Shop\",\"isPartOf\":{\"@id\":\"https:\/\/shop.camac-harps.com\/de\/#website\"},\"primaryImageOfPage\":{\"@id\":\"https:\/\/shop.camac-harps.com\/de\/produkt\/stimmschlussel-gummiert-fur-keltische-bzw-odyssey-harfe\/#primaryimage\"},\"image\":{\"@id\":\"https:\/\/shop.camac-harps.com\/de\/produkt\/stimmschlussel-gummiert-fur-keltische-bzw-odyssey-harfe\/#primaryimage\"},\"thumbnailUrl\":\"https:\/\/shop.camac-harps.com\/wp-content\/uploads\/sites\/25\/2018\/07\/caa.jpg\",\"datePublished\":\"2018-07-06T14:46:31+00:00\",\"dateModified\":\"2025-02-14T16:48:41+00:00\",\"breadcrumb\":{\"@id\":\"https:\/\/shop.camac-harps.com\/de\/produkt\/stimmschlussel-gummiert-fur-keltische-bzw-odyssey-harfe\/#breadcrumb\"},\"inLanguage\":\"de\",\"potentialAction\":[{\"@type\":\"ReadAction\",\"target\":[\"https:\/\/shop.camac-harps.com\/de\/produkt\/stimmschlussel-gummiert-fur-keltische-bzw-odyssey-harfe\/\"]}]},{\"@type\":\"ImageObject\",\"inLanguage\":\"de\",\"@id\":\"https:\/\/shop.camac-harps.com\/de\/produkt\/stimmschlussel-gummiert-fur-keltische-bzw-odyssey-harfe\/#primaryimage\",\"url\":\"https:\/\/shop.camac-harps.com\/wp-content\/uploads\/sites\/25\/2018\/07\/caa.jpg\",\"contentUrl\":\"https:\/\/shop.camac-harps.com\/wp-content\/uploads\/sites\/25\/2018\/07\/caa.jpg\",\"width\":800,\"height\":600},{\"@type\":\"BreadcrumbList\",\"@id\":\"https:\/\/shop.camac-harps.com\/de\/produkt\/stimmschlussel-gummiert-fur-keltische-bzw-odyssey-harfe\/#breadcrumb\",\"itemListElement\":[{\"@type\":\"ListItem\",\"position\":1,\"name\":\"Home\",\"item\":\"https:\/\/shop.camac-harps.com\/de\/startseite\/\"},{\"@type\":\"ListItem\",\"position\":2,\"name\":\"Startseite\",\"item\":\"https:\/\/shop.camac-harps.com\/de\/startseite\/\"},{\"@type\":\"ListItem\",\"position\":3,\"name\":\"Stimmschl\u00fcssel (gummiert) f\u00fcr keltische bzw. Odyssey-Harfe\"}]},{\"@type\":\"WebSite\",\"@id\":\"https:\/\/shop.camac-harps.com\/de\/#website\",\"url\":\"https:\/\/shop.camac-harps.com\/de\/\",\"name\":\"Camac Harps Shop\",\"description\":\"\",\"potentialAction\":[{\"@type\":\"SearchAction\",\"target\":{\"@type\":\"EntryPoint\",\"urlTemplate\":\"https:\/\/shop.camac-harps.com\/de\/?s={search_term_string}\"},\"query-input\":{\"@type\":\"PropertyValueSpecification\",\"valueRequired\":true,\"valueName\":\"search_term_string\"}}],\"inLanguage\":\"de\"}]}<\/script>","yoast_head_json":{"title":"Stimmschl\u00fcssel (gummiert) f\u00fcr keltische bzw. Odyssey-Harfe - Camac Harps Shop","robots":{"index":"index","follow":"follow","max-snippet":"max-snippet:-1","max-image-preview":"max-image-preview:large","max-video-preview":"max-video-preview:-1"},"canonical":"https:\/\/shop.camac-harps.com\/de\/produkt\/stimmschlussel-gummiert-fur-keltische-bzw-odyssey-harfe\/","og_locale":"de_DE","og_type":"article","og_title":"Stimmschl\u00fcssel (gummiert) f\u00fcr keltische bzw. Odyssey-Harfe - Camac Harps Shop","og_description":"Dieser Stimmschl\u00fcssel aus Gummi ist mit allen unseren keltischen Harfen kompatibel. Sein quadratischer Aufdruck ist so gestaltet, dass er perfekt passt. Sein flexibles Material sch\u00fctzt vor Besch\u00e4digungen, falls der Schl\u00fcssel auf die Harfe fallen sollte.","og_url":"https:\/\/shop.camac-harps.com\/de\/produkt\/stimmschlussel-gummiert-fur-keltische-bzw-odyssey-harfe\/","og_site_name":"Camac Harps Shop","article_modified_time":"2025-02-14T16:48:41+00:00","og_image":[{"width":800,"height":600,"url":"https:\/\/shop.camac-harps.com\/wp-content\/uploads\/sites\/25\/2018\/07\/caa.jpg","type":"image\/jpeg"}],"twitter_card":"summary_large_image","schema":{"@context":"https:\/\/schema.org","@graph":[{"@type":"WebPage","@id":"https:\/\/shop.camac-harps.com\/de\/produkt\/stimmschlussel-gummiert-fur-keltische-bzw-odyssey-harfe\/","url":"https:\/\/shop.camac-harps.com\/de\/produkt\/stimmschlussel-gummiert-fur-keltische-bzw-odyssey-harfe\/","name":"Stimmschl\u00fcssel (gummiert) f\u00fcr keltische bzw. Odyssey-Harfe - Camac Harps Shop","isPartOf":{"@id":"https:\/\/shop.camac-harps.com\/de\/#website"},"primaryImageOfPage":{"@id":"https:\/\/shop.camac-harps.com\/de\/produkt\/stimmschlussel-gummiert-fur-keltische-bzw-odyssey-harfe\/#primaryimage"},"image":{"@id":"https:\/\/shop.camac-harps.com\/de\/produkt\/stimmschlussel-gummiert-fur-keltische-bzw-odyssey-harfe\/#primaryimage"},"thumbnailUrl":"https:\/\/shop.camac-harps.com\/wp-content\/uploads\/sites\/25\/2018\/07\/caa.jpg","datePublished":"2018-07-06T14:46:31+00:00","dateModified":"2025-02-14T16:48:41+00:00","breadcrumb":{"@id":"https:\/\/shop.camac-harps.com\/de\/produkt\/stimmschlussel-gummiert-fur-keltische-bzw-odyssey-harfe\/#breadcrumb"},"inLanguage":"de","potentialAction":[{"@type":"ReadAction","target":["https:\/\/shop.camac-harps.com\/de\/produkt\/stimmschlussel-gummiert-fur-keltische-bzw-odyssey-harfe\/"]}]},{"@type":"ImageObject","inLanguage":"de","@id":"https:\/\/shop.camac-harps.com\/de\/produkt\/stimmschlussel-gummiert-fur-keltische-bzw-odyssey-harfe\/#primaryimage","url":"https:\/\/shop.camac-harps.com\/wp-content\/uploads\/sites\/25\/2018\/07\/caa.jpg","contentUrl":"https:\/\/shop.camac-harps.com\/wp-content\/uploads\/sites\/25\/2018\/07\/caa.jpg","width":800,"height":600},{"@type":"BreadcrumbList","@id":"https:\/\/shop.camac-harps.com\/de\/produkt\/stimmschlussel-gummiert-fur-keltische-bzw-odyssey-harfe\/#breadcrumb","itemListElement":[{"@type":"ListItem","position":1,"name":"Home","item":"https:\/\/shop.camac-harps.com\/de\/startseite\/"},{"@type":"ListItem","position":2,"name":"Startseite","item":"https:\/\/shop.camac-harps.com\/de\/startseite\/"},{"@type":"ListItem","position":3,"name":"Stimmschl\u00fcssel (gummiert) f\u00fcr keltische bzw. Odyssey-Harfe"}]},{"@type":"WebSite","@id":"https:\/\/shop.camac-harps.com\/de\/#website","url":"https:\/\/shop.camac-harps.com\/de\/","name":"Camac Harps Shop","description":"","potentialAction":[{"@type":"SearchAction","target":{"@type":"EntryPoint","urlTemplate":"https:\/\/shop.camac-harps.com\/de\/?s={search_term_string}"},"query-input":{"@type":"PropertyValueSpecification","valueRequired":true,"valueName":"search_term_string"}}],"inLanguage":"de"}]}},"_links":{"self":[{"href":"https:\/\/shop.camac-harps.com\/de\/wp-json\/wp\/v2\/product\/19823","targetHints":{"allow":["GET"]}}],"collection":[{"href":"https:\/\/shop.camac-harps.com\/de\/wp-json\/wp\/v2\/product"}],"about":[{"href":"https:\/\/shop.camac-harps.com\/de\/wp-json\/wp\/v2\/types\/product"}],"replies":[{"embeddable":true,"href":"https:\/\/shop.camac-harps.com\/de\/wp-json\/wp\/v2\/comments?post=19823"}],"wp:featuredmedia":[{"embeddable":true,"href":"https:\/\/shop.camac-harps.com\/de\/wp-json\/wp\/v2\/media\/9701"}],"wp:attachment":[{"href":"https:\/\/shop.camac-harps.com\/de\/wp-json\/wp\/v2\/media?parent=19823"}],"wp:term":[{"taxonomy":"product_brand","embeddable":true,"href":"https:\/\/shop.camac-harps.com\/de\/wp-json\/wp\/v2\/product_brand?post=19823"},{"taxonomy":"product_cat","embeddable":true,"href":"https:\/\/shop.camac-harps.com\/de\/wp-json\/wp\/v2\/product_cat?post=19823"},{"taxonomy":"product_tag","embeddable":true,"href":"https:\/\/shop.camac-harps.com\/de\/wp-json\/wp\/v2\/product_tag?post=19823"}],"curies":[{"name":"wp","href":"https:\/\/api.w.org\/{rel}","templated":true}]}}