{"id":26119,"date":"2019-11-14T10:18:02","date_gmt":"2019-11-14T10:18:02","guid":{"rendered":"https:\/\/shop.camac-harps.com\/product\/leise-pedale-puder-fur-lederwicklungen\/"},"modified":"2025-02-14T16:48:35","modified_gmt":"2025-02-14T16:48:35","slug":"leise-pedale-puder-fur-lederwicklungen","status":"publish","type":"product","link":"https:\/\/shop.camac-harps.com\/de\/produkt\/leise-pedale-puder-fur-lederwicklungen\/","title":{"rendered":"Leise Pedale: Puder f\u00fcr Lederwicklungen"},"content":{"rendered":"<div dir=\"auto\" style=\"text-align: justify;\">Nehmen Sie einen Pinsel, tragen Sie eine kleine Menge an Puder auf die Pedal-Lederwicklung auf und verteilen Sie es gleichm\u00e4\u00dfig auf der gesamten Oberfl\u00e4che.\u00a0<\/div>\n<div dir=\"auto\">\n<p style=\"text-align: justify;\">Verfahren Sie mit den restlichen Pedalen genauso und entfernen zum Schluss das \u00fcbersch\u00fcssige Pulver vom Pedal, den Pedaleing\u00e4ngen und dem Fu\u00dfteil der Harfe mit einem weichen, trockenen Tuch.<\/p>\n<p style=\"text-align: justify;\">Bitte beachten Sie, dass das Puder ausschlie\u00dflich f\u00fcr Lederwicklungen gedacht ist, nicht f\u00fcr andere Materialien!\u00a0<\/p>\n<\/div>\n","protected":false},"excerpt":{"rendered":"<p>Nehmen Sie einen Pinsel, tragen Sie eine kleine Menge an Puder auf die Pedal-Lederwicklung auf und verteilen Sie es gleichm\u00e4\u00dfig auf der gesamten Oberfl\u00e4che.\u00a0 Verfahren Sie mit den restlichen Pedalen genauso und entfernen zum Schluss das \u00fcbersch\u00fcssige Pulver vom Pedal, den Pedaleing\u00e4ngen und dem Fu\u00dfteil der Harfe mit einem weichen, trockenen Tuch. Bitte beachten Sie, [&hellip;]<\/p>\n","protected":false},"featured_media":26041,"comment_status":"open","ping_status":"closed","template":"","meta":{"_acf_changed":false},"product_brand":[],"product_cat":[443,41],"product_tag":[],"class_list":{"0":"post-26119","1":"product","2":"type-product","3":"status-publish","4":"has-post-thumbnail","6":"product_cat-ersatzteile-und-werkzeuge","7":"product_cat-zubehor-harfenhuellen","9":"first","10":"instock","11":"taxable","12":"shipping-taxable","13":"purchasable","14":"product-type-simple"},"acf":[],"yoast_head":"<title>Leise Pedale: Puder f\u00fcr Lederwicklungen - Camac Harps Shop<\/title>\n<meta name=\"robots\" content=\"index, follow, max-snippet:-1, max-image-preview:large, max-video-preview:-1\" \/>\n<link rel=\"canonical\" href=\"https:\/\/shop.camac-harps.com\/de\/produkt\/leise-pedale-puder-fur-lederwicklungen\/\" \/>\n<meta property=\"og:locale\" content=\"de_DE\" \/>\n<meta property=\"og:type\" content=\"article\" \/>\n<meta property=\"og:title\" content=\"Leise Pedale: Puder f\u00fcr Lederwicklungen - Camac Harps Shop\" \/>\n<meta property=\"og:description\" content=\"Nehmen Sie einen Pinsel, tragen Sie eine kleine Menge an Puder auf die Pedal-Lederwicklung auf und verteilen Sie es gleichm\u00e4\u00dfig auf der gesamten Oberfl\u00e4che.\u00a0 Verfahren Sie mit den restlichen Pedalen genauso und entfernen zum Schluss das \u00fcbersch\u00fcssige Pulver vom Pedal, den Pedaleing\u00e4ngen und dem Fu\u00dfteil der Harfe mit einem weichen, trockenen Tuch. Bitte beachten Sie, [&hellip;]\" \/>\n<meta property=\"og:url\" content=\"https:\/\/shop.camac-harps.com\/de\/produkt\/leise-pedale-puder-fur-lederwicklungen\/\" \/>\n<meta property=\"og:site_name\" content=\"Camac Harps Shop\" \/>\n<meta property=\"article:modified_time\" content=\"2025-02-14T16:48:35+00:00\" \/>\n<meta property=\"og:image\" content=\"https:\/\/shop.camac-harps.com\/wp-content\/uploads\/sites\/25\/2019\/11\/poudrecuir-1.jpeg\" \/>\n\t<meta property=\"og:image:width\" content=\"774\" \/>\n\t<meta property=\"og:image:height\" content=\"800\" \/>\n\t<meta property=\"og:image:type\" content=\"image\/jpeg\" \/>\n<meta name=\"twitter:card\" content=\"summary_large_image\" \/>\n<script type=\"application\/ld+json\" class=\"yoast-schema-graph\">{\"@context\":\"https:\/\/schema.org\",\"@graph\":[{\"@type\":\"WebPage\",\"@id\":\"https:\/\/shop.camac-harps.com\/de\/produkt\/leise-pedale-puder-fur-lederwicklungen\/\",\"url\":\"https:\/\/shop.camac-harps.com\/de\/produkt\/leise-pedale-puder-fur-lederwicklungen\/\",\"name\":\"Leise Pedale: Puder f\u00fcr Lederwicklungen - Camac Harps Shop\",\"isPartOf\":{\"@id\":\"https:\/\/shop.camac-harps.com\/de\/#website\"},\"primaryImageOfPage\":{\"@id\":\"https:\/\/shop.camac-harps.com\/de\/produkt\/leise-pedale-puder-fur-lederwicklungen\/#primaryimage\"},\"image\":{\"@id\":\"https:\/\/shop.camac-harps.com\/de\/produkt\/leise-pedale-puder-fur-lederwicklungen\/#primaryimage\"},\"thumbnailUrl\":\"https:\/\/shop.camac-harps.com\/wp-content\/uploads\/sites\/25\/2019\/11\/poudrecuir-1.jpeg\",\"datePublished\":\"2019-11-14T10:18:02+00:00\",\"dateModified\":\"2025-02-14T16:48:35+00:00\",\"breadcrumb\":{\"@id\":\"https:\/\/shop.camac-harps.com\/de\/produkt\/leise-pedale-puder-fur-lederwicklungen\/#breadcrumb\"},\"inLanguage\":\"de\",\"potentialAction\":[{\"@type\":\"ReadAction\",\"target\":[\"https:\/\/shop.camac-harps.com\/de\/produkt\/leise-pedale-puder-fur-lederwicklungen\/\"]}]},{\"@type\":\"ImageObject\",\"inLanguage\":\"de\",\"@id\":\"https:\/\/shop.camac-harps.com\/de\/produkt\/leise-pedale-puder-fur-lederwicklungen\/#primaryimage\",\"url\":\"https:\/\/shop.camac-harps.com\/wp-content\/uploads\/sites\/25\/2019\/11\/poudrecuir-1.jpeg\",\"contentUrl\":\"https:\/\/shop.camac-harps.com\/wp-content\/uploads\/sites\/25\/2019\/11\/poudrecuir-1.jpeg\",\"width\":774,\"height\":800,\"caption\":\"Leise Pedale: Puder f\u00fcr Lederwicklungen\"},{\"@type\":\"BreadcrumbList\",\"@id\":\"https:\/\/shop.camac-harps.com\/de\/produkt\/leise-pedale-puder-fur-lederwicklungen\/#breadcrumb\",\"itemListElement\":[{\"@type\":\"ListItem\",\"position\":1,\"name\":\"Home\",\"item\":\"https:\/\/shop.camac-harps.com\/de\/startseite\/\"},{\"@type\":\"ListItem\",\"position\":2,\"name\":\"Startseite\",\"item\":\"https:\/\/shop.camac-harps.com\/de\/startseite\/\"},{\"@type\":\"ListItem\",\"position\":3,\"name\":\"Leise Pedale: Puder f\u00fcr Lederwicklungen\"}]},{\"@type\":\"WebSite\",\"@id\":\"https:\/\/shop.camac-harps.com\/de\/#website\",\"url\":\"https:\/\/shop.camac-harps.com\/de\/\",\"name\":\"Camac Harps Shop\",\"description\":\"\",\"potentialAction\":[{\"@type\":\"SearchAction\",\"target\":{\"@type\":\"EntryPoint\",\"urlTemplate\":\"https:\/\/shop.camac-harps.com\/de\/?s={search_term_string}\"},\"query-input\":{\"@type\":\"PropertyValueSpecification\",\"valueRequired\":true,\"valueName\":\"search_term_string\"}}],\"inLanguage\":\"de\"}]}<\/script>","yoast_head_json":{"title":"Leise Pedale: Puder f\u00fcr Lederwicklungen - Camac Harps Shop","robots":{"index":"index","follow":"follow","max-snippet":"max-snippet:-1","max-image-preview":"max-image-preview:large","max-video-preview":"max-video-preview:-1"},"canonical":"https:\/\/shop.camac-harps.com\/de\/produkt\/leise-pedale-puder-fur-lederwicklungen\/","og_locale":"de_DE","og_type":"article","og_title":"Leise Pedale: Puder f\u00fcr Lederwicklungen - Camac Harps Shop","og_description":"Nehmen Sie einen Pinsel, tragen Sie eine kleine Menge an Puder auf die Pedal-Lederwicklung auf und verteilen Sie es gleichm\u00e4\u00dfig auf der gesamten Oberfl\u00e4che.\u00a0 Verfahren Sie mit den restlichen Pedalen genauso und entfernen zum Schluss das \u00fcbersch\u00fcssige Pulver vom Pedal, den Pedaleing\u00e4ngen und dem Fu\u00dfteil der Harfe mit einem weichen, trockenen Tuch. Bitte beachten Sie, [&hellip;]","og_url":"https:\/\/shop.camac-harps.com\/de\/produkt\/leise-pedale-puder-fur-lederwicklungen\/","og_site_name":"Camac Harps Shop","article_modified_time":"2025-02-14T16:48:35+00:00","og_image":[{"width":774,"height":800,"url":"https:\/\/shop.camac-harps.com\/wp-content\/uploads\/sites\/25\/2019\/11\/poudrecuir-1.jpeg","type":"image\/jpeg"}],"twitter_card":"summary_large_image","schema":{"@context":"https:\/\/schema.org","@graph":[{"@type":"WebPage","@id":"https:\/\/shop.camac-harps.com\/de\/produkt\/leise-pedale-puder-fur-lederwicklungen\/","url":"https:\/\/shop.camac-harps.com\/de\/produkt\/leise-pedale-puder-fur-lederwicklungen\/","name":"Leise Pedale: Puder f\u00fcr Lederwicklungen - Camac Harps Shop","isPartOf":{"@id":"https:\/\/shop.camac-harps.com\/de\/#website"},"primaryImageOfPage":{"@id":"https:\/\/shop.camac-harps.com\/de\/produkt\/leise-pedale-puder-fur-lederwicklungen\/#primaryimage"},"image":{"@id":"https:\/\/shop.camac-harps.com\/de\/produkt\/leise-pedale-puder-fur-lederwicklungen\/#primaryimage"},"thumbnailUrl":"https:\/\/shop.camac-harps.com\/wp-content\/uploads\/sites\/25\/2019\/11\/poudrecuir-1.jpeg","datePublished":"2019-11-14T10:18:02+00:00","dateModified":"2025-02-14T16:48:35+00:00","breadcrumb":{"@id":"https:\/\/shop.camac-harps.com\/de\/produkt\/leise-pedale-puder-fur-lederwicklungen\/#breadcrumb"},"inLanguage":"de","potentialAction":[{"@type":"ReadAction","target":["https:\/\/shop.camac-harps.com\/de\/produkt\/leise-pedale-puder-fur-lederwicklungen\/"]}]},{"@type":"ImageObject","inLanguage":"de","@id":"https:\/\/shop.camac-harps.com\/de\/produkt\/leise-pedale-puder-fur-lederwicklungen\/#primaryimage","url":"https:\/\/shop.camac-harps.com\/wp-content\/uploads\/sites\/25\/2019\/11\/poudrecuir-1.jpeg","contentUrl":"https:\/\/shop.camac-harps.com\/wp-content\/uploads\/sites\/25\/2019\/11\/poudrecuir-1.jpeg","width":774,"height":800,"caption":"Leise Pedale: Puder f\u00fcr Lederwicklungen"},{"@type":"BreadcrumbList","@id":"https:\/\/shop.camac-harps.com\/de\/produkt\/leise-pedale-puder-fur-lederwicklungen\/#breadcrumb","itemListElement":[{"@type":"ListItem","position":1,"name":"Home","item":"https:\/\/shop.camac-harps.com\/de\/startseite\/"},{"@type":"ListItem","position":2,"name":"Startseite","item":"https:\/\/shop.camac-harps.com\/de\/startseite\/"},{"@type":"ListItem","position":3,"name":"Leise Pedale: Puder f\u00fcr Lederwicklungen"}]},{"@type":"WebSite","@id":"https:\/\/shop.camac-harps.com\/de\/#website","url":"https:\/\/shop.camac-harps.com\/de\/","name":"Camac Harps Shop","description":"","potentialAction":[{"@type":"SearchAction","target":{"@type":"EntryPoint","urlTemplate":"https:\/\/shop.camac-harps.com\/de\/?s={search_term_string}"},"query-input":{"@type":"PropertyValueSpecification","valueRequired":true,"valueName":"search_term_string"}}],"inLanguage":"de"}]}},"_links":{"self":[{"href":"https:\/\/shop.camac-harps.com\/de\/wp-json\/wp\/v2\/product\/26119","targetHints":{"allow":["GET"]}}],"collection":[{"href":"https:\/\/shop.camac-harps.com\/de\/wp-json\/wp\/v2\/product"}],"about":[{"href":"https:\/\/shop.camac-harps.com\/de\/wp-json\/wp\/v2\/types\/product"}],"replies":[{"embeddable":true,"href":"https:\/\/shop.camac-harps.com\/de\/wp-json\/wp\/v2\/comments?post=26119"}],"wp:featuredmedia":[{"embeddable":true,"href":"https:\/\/shop.camac-harps.com\/de\/wp-json\/wp\/v2\/media\/26041"}],"wp:attachment":[{"href":"https:\/\/shop.camac-harps.com\/de\/wp-json\/wp\/v2\/media?parent=26119"}],"wp:term":[{"taxonomy":"product_brand","embeddable":true,"href":"https:\/\/shop.camac-harps.com\/de\/wp-json\/wp\/v2\/product_brand?post=26119"},{"taxonomy":"product_cat","embeddable":true,"href":"https:\/\/shop.camac-harps.com\/de\/wp-json\/wp\/v2\/product_cat?post=26119"},{"taxonomy":"product_tag","embeddable":true,"href":"https:\/\/shop.camac-harps.com\/de\/wp-json\/wp\/v2\/product_tag?post=26119"}],"curies":[{"name":"wp","href":"https:\/\/api.w.org\/{rel}","templated":true}]}}