{"id":26589,"date":"2019-12-12T09:09:22","date_gmt":"2019-12-12T09:09:22","guid":{"rendered":"https:\/\/shop.camac-harps.com\/product\/werkzeug-zum-regulieren-der-tonhohen-der-camac-haken\/"},"modified":"2025-02-14T16:48:34","modified_gmt":"2025-02-14T16:48:34","slug":"werkzeug-zum-regulieren-der-tonhohen-der-camac-haken","status":"publish","type":"product","link":"https:\/\/shop.camac-harps.com\/de\/produkt\/werkzeug-zum-regulieren-der-tonhohen-der-camac-haken\/","title":{"rendered":"Werkzeug zum Regulieren der Tonh\u00f6hen der Camac-Haken"},"content":{"rendered":"<p>Werkzeug, bestehend aus verschiedenen Mehrkantschl\u00fcsseln zum Regulieren der Tonh\u00f6hen der Camac-Haken.<\/p>\n<ul>\n<li>Gr\u00f6\u00dfe 4 mm f\u00fcr die Regulierung der hohen T\u00f6ne\/Haken<\/li>\n<li>Gr\u00f6\u00dfe 5 mm f\u00fcr die Regulierung der mittleren T\u00f6ne\/Haken<\/li>\n<li>Gr\u00f6\u00dfe 6 mm f\u00fcr die Regulierung der tiefen T\u00f6ne\/Haken<\/li>\n<\/ul>\n<p>Gebrauchsanleitung: Stimmen Sie den jeweiligen Ton (normal mit Ihrem Stimmschl\u00fcssel). Verstellen Sie den Haken an der Saite und \u00fcberpr\u00fcfen Sie die Tonh\u00f6he der alterierten Note.<br \/>\nWenn der Ton zu hoch ist, muss der Sattelpin hineingedreht werden (in Richtung der S\u00e4ule drehen).<br \/>\nWenn der Ton zu tief ist, muss der Sattelpin gel\u00f6st werden (in die entgegengesetzte Richtung). <br \/>\nDrehen Sie den Sattelpin immer zu \u00bc , da bei der Drehung der gew\u00fcnschte Effekt sehr schnell herbeigef\u00fchrt wird. Nachdem die Position des Sattelpins ge\u00e4ndert wurde, bitte immer noch einmal den Haken runterklappen und die Stimmung der Saite nachbessern, bevor Sie das Ergebnis kontrollieren.<\/p>\n<p>Achtung: Dieses Werkzeug kann f\u00fcr alle Harfen benutzt werden, die mit Camac-Klappen ausgestattet sind.<\/p>\n","protected":false},"excerpt":{"rendered":"<p>Werkzeug, bestehend aus verschiedenen Mehrkantschl\u00fcsseln zum Regulieren der Tonh\u00f6hen der Camac-Haken. Gr\u00f6\u00dfe 4 mm f\u00fcr die Regulierung der hohen T\u00f6ne\/Haken Gr\u00f6\u00dfe 5 mm f\u00fcr die Regulierung der mittleren T\u00f6ne\/Haken Gr\u00f6\u00dfe 6 mm f\u00fcr die Regulierung der tiefen T\u00f6ne\/Haken Gebrauchsanleitung: Stimmen Sie den jeweiligen Ton (normal mit Ihrem Stimmschl\u00fcssel). Verstellen Sie den Haken an der Saite [&hellip;]<\/p>\n","protected":false},"featured_media":26577,"comment_status":"open","ping_status":"closed","template":"","meta":{"_acf_changed":false},"product_brand":[],"product_cat":[443,549,628,41],"product_tag":[],"class_list":{"0":"post-26589","1":"product","2":"type-product","3":"status-publish","4":"has-post-thumbnail","6":"product_cat-ersatzteile-und-werkzeuge","7":"product_cat-odyssey-harfe-webshop-de","8":"product_cat-werkzeuge-und-wartung","9":"product_cat-zubehor-harfenhuellen","11":"first","12":"instock","13":"taxable","14":"shipping-taxable","15":"purchasable","16":"product-type-simple"},"acf":[],"yoast_head":"<title>Werkzeug zum Regulieren der Tonh\u00f6hen der Camac-Haken - Camac Harps Shop<\/title>\n<meta name=\"robots\" content=\"index, follow, max-snippet:-1, max-image-preview:large, max-video-preview:-1\" \/>\n<link rel=\"canonical\" href=\"https:\/\/shop.camac-harps.com\/de\/produkt\/werkzeug-zum-regulieren-der-tonhohen-der-camac-haken\/\" \/>\n<meta property=\"og:locale\" content=\"de_DE\" \/>\n<meta property=\"og:type\" content=\"article\" \/>\n<meta property=\"og:title\" content=\"Werkzeug zum Regulieren der Tonh\u00f6hen der Camac-Haken - Camac Harps Shop\" \/>\n<meta property=\"og:description\" content=\"Werkzeug, bestehend aus verschiedenen Mehrkantschl\u00fcsseln zum Regulieren der Tonh\u00f6hen der Camac-Haken. Gr\u00f6\u00dfe 4 mm f\u00fcr die Regulierung der hohen T\u00f6ne\/Haken Gr\u00f6\u00dfe 5 mm f\u00fcr die Regulierung der mittleren T\u00f6ne\/Haken Gr\u00f6\u00dfe 6 mm f\u00fcr die Regulierung der tiefen T\u00f6ne\/Haken Gebrauchsanleitung: Stimmen Sie den jeweiligen Ton (normal mit Ihrem Stimmschl\u00fcssel). Verstellen Sie den Haken an der Saite [&hellip;]\" \/>\n<meta property=\"og:url\" content=\"https:\/\/shop.camac-harps.com\/de\/produkt\/werkzeug-zum-regulieren-der-tonhohen-der-camac-haken\/\" \/>\n<meta property=\"og:site_name\" content=\"Camac Harps Shop\" \/>\n<meta property=\"article:modified_time\" content=\"2025-02-14T16:48:34+00:00\" \/>\n<meta property=\"og:image\" content=\"https:\/\/shop.camac-harps.com\/wp-content\/uploads\/sites\/25\/2019\/12\/clehexa.jpg\" \/>\n\t<meta property=\"og:image:width\" content=\"600\" \/>\n\t<meta property=\"og:image:height\" content=\"800\" \/>\n\t<meta property=\"og:image:type\" content=\"image\/jpeg\" \/>\n<meta name=\"twitter:card\" content=\"summary_large_image\" \/>\n<meta name=\"twitter:label1\" content=\"Gesch\u00e4tzte Lesezeit\" \/>\n\t<meta name=\"twitter:data1\" content=\"1\u00a0Minute\" \/>\n<script type=\"application\/ld+json\" class=\"yoast-schema-graph\">{\"@context\":\"https:\/\/schema.org\",\"@graph\":[{\"@type\":\"WebPage\",\"@id\":\"https:\/\/shop.camac-harps.com\/de\/produkt\/werkzeug-zum-regulieren-der-tonhohen-der-camac-haken\/\",\"url\":\"https:\/\/shop.camac-harps.com\/de\/produkt\/werkzeug-zum-regulieren-der-tonhohen-der-camac-haken\/\",\"name\":\"Werkzeug zum Regulieren der Tonh\u00f6hen der Camac-Haken - Camac Harps Shop\",\"isPartOf\":{\"@id\":\"https:\/\/shop.camac-harps.com\/de\/#website\"},\"primaryImageOfPage\":{\"@id\":\"https:\/\/shop.camac-harps.com\/de\/produkt\/werkzeug-zum-regulieren-der-tonhohen-der-camac-haken\/#primaryimage\"},\"image\":{\"@id\":\"https:\/\/shop.camac-harps.com\/de\/produkt\/werkzeug-zum-regulieren-der-tonhohen-der-camac-haken\/#primaryimage\"},\"thumbnailUrl\":\"https:\/\/shop.camac-harps.com\/wp-content\/uploads\/sites\/25\/2019\/12\/clehexa.jpg\",\"datePublished\":\"2019-12-12T09:09:22+00:00\",\"dateModified\":\"2025-02-14T16:48:34+00:00\",\"breadcrumb\":{\"@id\":\"https:\/\/shop.camac-harps.com\/de\/produkt\/werkzeug-zum-regulieren-der-tonhohen-der-camac-haken\/#breadcrumb\"},\"inLanguage\":\"de\",\"potentialAction\":[{\"@type\":\"ReadAction\",\"target\":[\"https:\/\/shop.camac-harps.com\/de\/produkt\/werkzeug-zum-regulieren-der-tonhohen-der-camac-haken\/\"]}]},{\"@type\":\"ImageObject\",\"inLanguage\":\"de\",\"@id\":\"https:\/\/shop.camac-harps.com\/de\/produkt\/werkzeug-zum-regulieren-der-tonhohen-der-camac-haken\/#primaryimage\",\"url\":\"https:\/\/shop.camac-harps.com\/wp-content\/uploads\/sites\/25\/2019\/12\/clehexa.jpg\",\"contentUrl\":\"https:\/\/shop.camac-harps.com\/wp-content\/uploads\/sites\/25\/2019\/12\/clehexa.jpg\",\"width\":600,\"height\":800,\"caption\":\"Werkzeug zum Regulieren der Tonh\u00f6hen der Camac-Haken\"},{\"@type\":\"BreadcrumbList\",\"@id\":\"https:\/\/shop.camac-harps.com\/de\/produkt\/werkzeug-zum-regulieren-der-tonhohen-der-camac-haken\/#breadcrumb\",\"itemListElement\":[{\"@type\":\"ListItem\",\"position\":1,\"name\":\"Home\",\"item\":\"https:\/\/shop.camac-harps.com\/de\/startseite\/\"},{\"@type\":\"ListItem\",\"position\":2,\"name\":\"Startseite\",\"item\":\"https:\/\/shop.camac-harps.com\/de\/startseite\/\"},{\"@type\":\"ListItem\",\"position\":3,\"name\":\"Werkzeug zum Regulieren der Tonh\u00f6hen der Camac-Haken\"}]},{\"@type\":\"WebSite\",\"@id\":\"https:\/\/shop.camac-harps.com\/de\/#website\",\"url\":\"https:\/\/shop.camac-harps.com\/de\/\",\"name\":\"Camac Harps Shop\",\"description\":\"\",\"potentialAction\":[{\"@type\":\"SearchAction\",\"target\":{\"@type\":\"EntryPoint\",\"urlTemplate\":\"https:\/\/shop.camac-harps.com\/de\/?s={search_term_string}\"},\"query-input\":{\"@type\":\"PropertyValueSpecification\",\"valueRequired\":true,\"valueName\":\"search_term_string\"}}],\"inLanguage\":\"de\"}]}<\/script>","yoast_head_json":{"title":"Werkzeug zum Regulieren der Tonh\u00f6hen der Camac-Haken - Camac Harps Shop","robots":{"index":"index","follow":"follow","max-snippet":"max-snippet:-1","max-image-preview":"max-image-preview:large","max-video-preview":"max-video-preview:-1"},"canonical":"https:\/\/shop.camac-harps.com\/de\/produkt\/werkzeug-zum-regulieren-der-tonhohen-der-camac-haken\/","og_locale":"de_DE","og_type":"article","og_title":"Werkzeug zum Regulieren der Tonh\u00f6hen der Camac-Haken - Camac Harps Shop","og_description":"Werkzeug, bestehend aus verschiedenen Mehrkantschl\u00fcsseln zum Regulieren der Tonh\u00f6hen der Camac-Haken. Gr\u00f6\u00dfe 4 mm f\u00fcr die Regulierung der hohen T\u00f6ne\/Haken Gr\u00f6\u00dfe 5 mm f\u00fcr die Regulierung der mittleren T\u00f6ne\/Haken Gr\u00f6\u00dfe 6 mm f\u00fcr die Regulierung der tiefen T\u00f6ne\/Haken Gebrauchsanleitung: Stimmen Sie den jeweiligen Ton (normal mit Ihrem Stimmschl\u00fcssel). Verstellen Sie den Haken an der Saite [&hellip;]","og_url":"https:\/\/shop.camac-harps.com\/de\/produkt\/werkzeug-zum-regulieren-der-tonhohen-der-camac-haken\/","og_site_name":"Camac Harps Shop","article_modified_time":"2025-02-14T16:48:34+00:00","og_image":[{"width":600,"height":800,"url":"https:\/\/shop.camac-harps.com\/wp-content\/uploads\/sites\/25\/2019\/12\/clehexa.jpg","type":"image\/jpeg"}],"twitter_card":"summary_large_image","twitter_misc":{"Gesch\u00e4tzte Lesezeit":"1\u00a0Minute"},"schema":{"@context":"https:\/\/schema.org","@graph":[{"@type":"WebPage","@id":"https:\/\/shop.camac-harps.com\/de\/produkt\/werkzeug-zum-regulieren-der-tonhohen-der-camac-haken\/","url":"https:\/\/shop.camac-harps.com\/de\/produkt\/werkzeug-zum-regulieren-der-tonhohen-der-camac-haken\/","name":"Werkzeug zum Regulieren der Tonh\u00f6hen der Camac-Haken - Camac Harps Shop","isPartOf":{"@id":"https:\/\/shop.camac-harps.com\/de\/#website"},"primaryImageOfPage":{"@id":"https:\/\/shop.camac-harps.com\/de\/produkt\/werkzeug-zum-regulieren-der-tonhohen-der-camac-haken\/#primaryimage"},"image":{"@id":"https:\/\/shop.camac-harps.com\/de\/produkt\/werkzeug-zum-regulieren-der-tonhohen-der-camac-haken\/#primaryimage"},"thumbnailUrl":"https:\/\/shop.camac-harps.com\/wp-content\/uploads\/sites\/25\/2019\/12\/clehexa.jpg","datePublished":"2019-12-12T09:09:22+00:00","dateModified":"2025-02-14T16:48:34+00:00","breadcrumb":{"@id":"https:\/\/shop.camac-harps.com\/de\/produkt\/werkzeug-zum-regulieren-der-tonhohen-der-camac-haken\/#breadcrumb"},"inLanguage":"de","potentialAction":[{"@type":"ReadAction","target":["https:\/\/shop.camac-harps.com\/de\/produkt\/werkzeug-zum-regulieren-der-tonhohen-der-camac-haken\/"]}]},{"@type":"ImageObject","inLanguage":"de","@id":"https:\/\/shop.camac-harps.com\/de\/produkt\/werkzeug-zum-regulieren-der-tonhohen-der-camac-haken\/#primaryimage","url":"https:\/\/shop.camac-harps.com\/wp-content\/uploads\/sites\/25\/2019\/12\/clehexa.jpg","contentUrl":"https:\/\/shop.camac-harps.com\/wp-content\/uploads\/sites\/25\/2019\/12\/clehexa.jpg","width":600,"height":800,"caption":"Werkzeug zum Regulieren der Tonh\u00f6hen der Camac-Haken"},{"@type":"BreadcrumbList","@id":"https:\/\/shop.camac-harps.com\/de\/produkt\/werkzeug-zum-regulieren-der-tonhohen-der-camac-haken\/#breadcrumb","itemListElement":[{"@type":"ListItem","position":1,"name":"Home","item":"https:\/\/shop.camac-harps.com\/de\/startseite\/"},{"@type":"ListItem","position":2,"name":"Startseite","item":"https:\/\/shop.camac-harps.com\/de\/startseite\/"},{"@type":"ListItem","position":3,"name":"Werkzeug zum Regulieren der Tonh\u00f6hen der Camac-Haken"}]},{"@type":"WebSite","@id":"https:\/\/shop.camac-harps.com\/de\/#website","url":"https:\/\/shop.camac-harps.com\/de\/","name":"Camac Harps Shop","description":"","potentialAction":[{"@type":"SearchAction","target":{"@type":"EntryPoint","urlTemplate":"https:\/\/shop.camac-harps.com\/de\/?s={search_term_string}"},"query-input":{"@type":"PropertyValueSpecification","valueRequired":true,"valueName":"search_term_string"}}],"inLanguage":"de"}]}},"_links":{"self":[{"href":"https:\/\/shop.camac-harps.com\/de\/wp-json\/wp\/v2\/product\/26589","targetHints":{"allow":["GET"]}}],"collection":[{"href":"https:\/\/shop.camac-harps.com\/de\/wp-json\/wp\/v2\/product"}],"about":[{"href":"https:\/\/shop.camac-harps.com\/de\/wp-json\/wp\/v2\/types\/product"}],"replies":[{"embeddable":true,"href":"https:\/\/shop.camac-harps.com\/de\/wp-json\/wp\/v2\/comments?post=26589"}],"wp:featuredmedia":[{"embeddable":true,"href":"https:\/\/shop.camac-harps.com\/de\/wp-json\/wp\/v2\/media\/26577"}],"wp:attachment":[{"href":"https:\/\/shop.camac-harps.com\/de\/wp-json\/wp\/v2\/media?parent=26589"}],"wp:term":[{"taxonomy":"product_brand","embeddable":true,"href":"https:\/\/shop.camac-harps.com\/de\/wp-json\/wp\/v2\/product_brand?post=26589"},{"taxonomy":"product_cat","embeddable":true,"href":"https:\/\/shop.camac-harps.com\/de\/wp-json\/wp\/v2\/product_cat?post=26589"},{"taxonomy":"product_tag","embeddable":true,"href":"https:\/\/shop.camac-harps.com\/de\/wp-json\/wp\/v2\/product_tag?post=26589"}],"curies":[{"name":"wp","href":"https:\/\/api.w.org\/{rel}","templated":true}]}}