{"id":27277,"date":"2020-01-24T14:57:27","date_gmt":"2020-01-24T14:57:27","guid":{"rendered":"https:\/\/shop.camac-harps.com\/product\/mantovani-bruno-tocar-fuer-harfe\/"},"modified":"2026-04-17T13:43:50","modified_gmt":"2026-04-17T13:43:50","slug":"mantovani-bruno-tocar-fuer-harfe","status":"publish","type":"product","link":"https:\/\/shop.camac-harps.com\/de\/produkt\/mantovani-bruno-tocar-fuer-harfe\/","title":{"rendered":"MANTOVANI Bruno: Tocar f\u00fcr Harfe. Ref: 28416HL"},"content":{"rendered":"<p><a href=\"http:\/\/www.brunomantovani.com\/home.html\" target=\"_blank\" rel=\"noopener noreferrer\">Bruno Mantovani<\/a>, einer der bedeutendsten franz\u00f6sischen Komponisten seiner Generation und ehemaliger Direktor des CNSMDP, hat bisher drei gro\u00dfe Werke f\u00fcr Harfe geschrieben. Diese sind: <a href=\"https:\/\/shop.camac-harps.com\/de\/produkt\/mantovani-bruno-danse-libre-konzert-fur-harfe-und-kammerorchester\/\" target=\"_blank\" rel=\"noopener noreferrer\"><em>Danse libre<\/em><\/a> (Konzert f\u00fcr Harfe und Orchester), <em>Tocar <\/em>f\u00fcr Harfe solo und das <em><a href=\"https:\/\/shop.camac-harps.com\/de\/produkt\/mantovani-bruno-quintette-pour-bertold-brecht-fur-harfe-und-streichquartett\/\" target=\"_blank\" rel=\"noopener noreferrer\">Quintett f\u00fcr Berthold Brecht<\/a><\/em>. Erfahren Sie mehr in unserem Interview mit Mantovani auf dem <a href=\"https:\/\/www.camac-harps.com\/blog\/en\/latest\/talking-with-bruno-mantovani\/\" target=\"_blank\" rel=\"noopener noreferrer\">Camac-Blog<\/a>.<\/p>\n","protected":false},"excerpt":{"rendered":"<p>Bruno Mantovani, einer der bedeutendsten franz\u00f6sischen Komponisten seiner Generation und ehemaliger Direktor des CNSMDP, hat bisher drei gro\u00dfe Werke f\u00fcr Harfe geschrieben. Diese sind: Danse libre (Konzert f\u00fcr Harfe und Orchester), Tocar f\u00fcr Harfe solo und das Quintett f\u00fcr Berthold Brecht. Erfahren Sie mehr in unserem Interview mit Mantovani auf dem Camac-Blog.<\/p>\n","protected":false},"featured_media":27275,"comment_status":"open","ping_status":"closed","template":"","meta":{"_acf_changed":false},"product_brand":[],"product_cat":[35,47],"product_tag":[],"class_list":{"0":"post-27277","1":"product","2":"type-product","3":"status-publish","4":"has-post-thumbnail","6":"product_cat-harfennoten","7":"product_cat-solostucke-fur-pedalharfe","9":"first","10":"instock","11":"taxable","12":"shipping-taxable","13":"purchasable","14":"product-type-simple"},"acf":[],"yoast_head":"<title>MANTOVANI Bruno: Tocar f\u00fcr Harfe. Ref: 28416HL - Camac Harps Shop<\/title>\n<meta name=\"robots\" content=\"index, follow, max-snippet:-1, max-image-preview:large, max-video-preview:-1\" \/>\n<link rel=\"canonical\" href=\"https:\/\/shop.camac-harps.com\/de\/produkt\/mantovani-bruno-tocar-fuer-harfe\/\" \/>\n<meta property=\"og:locale\" content=\"de_DE\" \/>\n<meta property=\"og:type\" content=\"article\" \/>\n<meta property=\"og:title\" content=\"MANTOVANI Bruno: Tocar f\u00fcr Harfe. Ref: 28416HL - Camac Harps Shop\" \/>\n<meta property=\"og:description\" content=\"Bruno Mantovani, einer der bedeutendsten franz\u00f6sischen Komponisten seiner Generation und ehemaliger Direktor des CNSMDP, hat bisher drei gro\u00dfe Werke f\u00fcr Harfe geschrieben. Diese sind: Danse libre (Konzert f\u00fcr Harfe und Orchester), Tocar f\u00fcr Harfe solo und das Quintett f\u00fcr Berthold Brecht. Erfahren Sie mehr in unserem Interview mit Mantovani auf dem Camac-Blog.\" \/>\n<meta property=\"og:url\" content=\"https:\/\/shop.camac-harps.com\/de\/produkt\/mantovani-bruno-tocar-fuer-harfe\/\" \/>\n<meta property=\"og:site_name\" content=\"Camac Harps Shop\" \/>\n<meta property=\"article:modified_time\" content=\"2026-04-17T13:43:50+00:00\" \/>\n<meta property=\"og:image\" content=\"https:\/\/shop.camac-harps.com\/wp-content\/uploads\/sites\/25\/2020\/01\/mib01.jpg\" \/>\n\t<meta property=\"og:image:width\" content=\"800\" \/>\n\t<meta property=\"og:image:height\" content=\"578\" \/>\n\t<meta property=\"og:image:type\" content=\"image\/jpeg\" \/>\n<meta name=\"twitter:card\" content=\"summary_large_image\" \/>\n<script type=\"application\/ld+json\" class=\"yoast-schema-graph\">{\"@context\":\"https:\/\/schema.org\",\"@graph\":[{\"@type\":\"WebPage\",\"@id\":\"https:\/\/shop.camac-harps.com\/de\/produkt\/mantovani-bruno-tocar-fuer-harfe\/\",\"url\":\"https:\/\/shop.camac-harps.com\/de\/produkt\/mantovani-bruno-tocar-fuer-harfe\/\",\"name\":\"MANTOVANI Bruno: Tocar f\u00fcr Harfe. Ref: 28416HL - Camac Harps Shop\",\"isPartOf\":{\"@id\":\"https:\/\/shop.camac-harps.com\/de\/#website\"},\"primaryImageOfPage\":{\"@id\":\"https:\/\/shop.camac-harps.com\/de\/produkt\/mantovani-bruno-tocar-fuer-harfe\/#primaryimage\"},\"image\":{\"@id\":\"https:\/\/shop.camac-harps.com\/de\/produkt\/mantovani-bruno-tocar-fuer-harfe\/#primaryimage\"},\"thumbnailUrl\":\"https:\/\/shop.camac-harps.com\/wp-content\/uploads\/sites\/25\/2020\/01\/mib01.jpg\",\"datePublished\":\"2020-01-24T14:57:27+00:00\",\"dateModified\":\"2026-04-17T13:43:50+00:00\",\"breadcrumb\":{\"@id\":\"https:\/\/shop.camac-harps.com\/de\/produkt\/mantovani-bruno-tocar-fuer-harfe\/#breadcrumb\"},\"inLanguage\":\"de\",\"potentialAction\":[{\"@type\":\"ReadAction\",\"target\":[\"https:\/\/shop.camac-harps.com\/de\/produkt\/mantovani-bruno-tocar-fuer-harfe\/\"]}]},{\"@type\":\"ImageObject\",\"inLanguage\":\"de\",\"@id\":\"https:\/\/shop.camac-harps.com\/de\/produkt\/mantovani-bruno-tocar-fuer-harfe\/#primaryimage\",\"url\":\"https:\/\/shop.camac-harps.com\/wp-content\/uploads\/sites\/25\/2020\/01\/mib01.jpg\",\"contentUrl\":\"https:\/\/shop.camac-harps.com\/wp-content\/uploads\/sites\/25\/2020\/01\/mib01.jpg\",\"width\":800,\"height\":578,\"caption\":\"MANTOVANI Bruno: Tocar f\u00fcr Harfe\"},{\"@type\":\"BreadcrumbList\",\"@id\":\"https:\/\/shop.camac-harps.com\/de\/produkt\/mantovani-bruno-tocar-fuer-harfe\/#breadcrumb\",\"itemListElement\":[{\"@type\":\"ListItem\",\"position\":1,\"name\":\"Home\",\"item\":\"https:\/\/shop.camac-harps.com\/de\/startseite\/\"},{\"@type\":\"ListItem\",\"position\":2,\"name\":\"Startseite\",\"item\":\"https:\/\/shop.camac-harps.com\/de\/startseite\/\"},{\"@type\":\"ListItem\",\"position\":3,\"name\":\"MANTOVANI Bruno: Tocar f\u00fcr Harfe. Ref: 28416HL\"}]},{\"@type\":\"WebSite\",\"@id\":\"https:\/\/shop.camac-harps.com\/de\/#website\",\"url\":\"https:\/\/shop.camac-harps.com\/de\/\",\"name\":\"Camac Harps Shop\",\"description\":\"\",\"potentialAction\":[{\"@type\":\"SearchAction\",\"target\":{\"@type\":\"EntryPoint\",\"urlTemplate\":\"https:\/\/shop.camac-harps.com\/de\/?s={search_term_string}\"},\"query-input\":{\"@type\":\"PropertyValueSpecification\",\"valueRequired\":true,\"valueName\":\"search_term_string\"}}],\"inLanguage\":\"de\"}]}<\/script>","yoast_head_json":{"title":"MANTOVANI Bruno: Tocar f\u00fcr Harfe. Ref: 28416HL - Camac Harps Shop","robots":{"index":"index","follow":"follow","max-snippet":"max-snippet:-1","max-image-preview":"max-image-preview:large","max-video-preview":"max-video-preview:-1"},"canonical":"https:\/\/shop.camac-harps.com\/de\/produkt\/mantovani-bruno-tocar-fuer-harfe\/","og_locale":"de_DE","og_type":"article","og_title":"MANTOVANI Bruno: Tocar f\u00fcr Harfe. Ref: 28416HL - Camac Harps Shop","og_description":"Bruno Mantovani, einer der bedeutendsten franz\u00f6sischen Komponisten seiner Generation und ehemaliger Direktor des CNSMDP, hat bisher drei gro\u00dfe Werke f\u00fcr Harfe geschrieben. Diese sind: Danse libre (Konzert f\u00fcr Harfe und Orchester), Tocar f\u00fcr Harfe solo und das Quintett f\u00fcr Berthold Brecht. Erfahren Sie mehr in unserem Interview mit Mantovani auf dem Camac-Blog.","og_url":"https:\/\/shop.camac-harps.com\/de\/produkt\/mantovani-bruno-tocar-fuer-harfe\/","og_site_name":"Camac Harps Shop","article_modified_time":"2026-04-17T13:43:50+00:00","og_image":[{"width":800,"height":578,"url":"https:\/\/shop.camac-harps.com\/wp-content\/uploads\/sites\/25\/2020\/01\/mib01.jpg","type":"image\/jpeg"}],"twitter_card":"summary_large_image","schema":{"@context":"https:\/\/schema.org","@graph":[{"@type":"WebPage","@id":"https:\/\/shop.camac-harps.com\/de\/produkt\/mantovani-bruno-tocar-fuer-harfe\/","url":"https:\/\/shop.camac-harps.com\/de\/produkt\/mantovani-bruno-tocar-fuer-harfe\/","name":"MANTOVANI Bruno: Tocar f\u00fcr Harfe. Ref: 28416HL - Camac Harps Shop","isPartOf":{"@id":"https:\/\/shop.camac-harps.com\/de\/#website"},"primaryImageOfPage":{"@id":"https:\/\/shop.camac-harps.com\/de\/produkt\/mantovani-bruno-tocar-fuer-harfe\/#primaryimage"},"image":{"@id":"https:\/\/shop.camac-harps.com\/de\/produkt\/mantovani-bruno-tocar-fuer-harfe\/#primaryimage"},"thumbnailUrl":"https:\/\/shop.camac-harps.com\/wp-content\/uploads\/sites\/25\/2020\/01\/mib01.jpg","datePublished":"2020-01-24T14:57:27+00:00","dateModified":"2026-04-17T13:43:50+00:00","breadcrumb":{"@id":"https:\/\/shop.camac-harps.com\/de\/produkt\/mantovani-bruno-tocar-fuer-harfe\/#breadcrumb"},"inLanguage":"de","potentialAction":[{"@type":"ReadAction","target":["https:\/\/shop.camac-harps.com\/de\/produkt\/mantovani-bruno-tocar-fuer-harfe\/"]}]},{"@type":"ImageObject","inLanguage":"de","@id":"https:\/\/shop.camac-harps.com\/de\/produkt\/mantovani-bruno-tocar-fuer-harfe\/#primaryimage","url":"https:\/\/shop.camac-harps.com\/wp-content\/uploads\/sites\/25\/2020\/01\/mib01.jpg","contentUrl":"https:\/\/shop.camac-harps.com\/wp-content\/uploads\/sites\/25\/2020\/01\/mib01.jpg","width":800,"height":578,"caption":"MANTOVANI Bruno: Tocar f\u00fcr Harfe"},{"@type":"BreadcrumbList","@id":"https:\/\/shop.camac-harps.com\/de\/produkt\/mantovani-bruno-tocar-fuer-harfe\/#breadcrumb","itemListElement":[{"@type":"ListItem","position":1,"name":"Home","item":"https:\/\/shop.camac-harps.com\/de\/startseite\/"},{"@type":"ListItem","position":2,"name":"Startseite","item":"https:\/\/shop.camac-harps.com\/de\/startseite\/"},{"@type":"ListItem","position":3,"name":"MANTOVANI Bruno: Tocar f\u00fcr Harfe. Ref: 28416HL"}]},{"@type":"WebSite","@id":"https:\/\/shop.camac-harps.com\/de\/#website","url":"https:\/\/shop.camac-harps.com\/de\/","name":"Camac Harps Shop","description":"","potentialAction":[{"@type":"SearchAction","target":{"@type":"EntryPoint","urlTemplate":"https:\/\/shop.camac-harps.com\/de\/?s={search_term_string}"},"query-input":{"@type":"PropertyValueSpecification","valueRequired":true,"valueName":"search_term_string"}}],"inLanguage":"de"}]}},"_links":{"self":[{"href":"https:\/\/shop.camac-harps.com\/de\/wp-json\/wp\/v2\/product\/27277","targetHints":{"allow":["GET"]}}],"collection":[{"href":"https:\/\/shop.camac-harps.com\/de\/wp-json\/wp\/v2\/product"}],"about":[{"href":"https:\/\/shop.camac-harps.com\/de\/wp-json\/wp\/v2\/types\/product"}],"replies":[{"embeddable":true,"href":"https:\/\/shop.camac-harps.com\/de\/wp-json\/wp\/v2\/comments?post=27277"}],"wp:featuredmedia":[{"embeddable":true,"href":"https:\/\/shop.camac-harps.com\/de\/wp-json\/wp\/v2\/media\/27275"}],"wp:attachment":[{"href":"https:\/\/shop.camac-harps.com\/de\/wp-json\/wp\/v2\/media?parent=27277"}],"wp:term":[{"taxonomy":"product_brand","embeddable":true,"href":"https:\/\/shop.camac-harps.com\/de\/wp-json\/wp\/v2\/product_brand?post=27277"},{"taxonomy":"product_cat","embeddable":true,"href":"https:\/\/shop.camac-harps.com\/de\/wp-json\/wp\/v2\/product_cat?post=27277"},{"taxonomy":"product_tag","embeddable":true,"href":"https:\/\/shop.camac-harps.com\/de\/wp-json\/wp\/v2\/product_tag?post=27277"}],"curies":[{"name":"wp","href":"https:\/\/api.w.org\/{rel}","templated":true}]}}