{"id":29044,"date":"2020-05-12T12:15:50","date_gmt":"2020-05-12T12:15:50","guid":{"rendered":"https:\/\/shop.camac-harps.com\/product\/francois-jakez-the-minstrels-suicide\/"},"modified":"2024-11-07T15:02:48","modified_gmt":"2024-11-07T15:02:48","slug":"francois-jakez-the-minstrels-suicide","status":"publish","type":"product","link":"https:\/\/shop.camac-harps.com\/de\/produkt\/francois-jakez-the-minstrels-suicide\/","title":{"rendered":"FRANCOIS Jakez: The Minstrel&#8217;s Suicide (PDF zum herunterladen)"},"content":{"rendered":"<p style=\"text-align: justify;\">Alle Instrumente haben ihre emblematischen St\u00fccke. Auf der Harfe ist eines davon zweifellos &#8222;<a href=\"https:\/\/shop.camac-harps.com\/de\/produkt\/thomas-john-the-minstrels-adieu-to-his-native-land-geliot-ph\/\" target=\"_blank\" rel=\"noopener noreferrer\">The Minstrel&#8217;s Adieu to his Native Land<\/a>&#8222;, ein Thema aus Wales und seine Variationen, das der ber\u00fchmte John Thomas (1826 &#8211; 1913), der Harfenist von K\u00f6nigin Victoria war, komponiert hat.<\/p>\n<p>&nbsp;<\/p>\n<p style=\"text-align: justify;\">Ein weiterer Punkt, den die meisten von Ihnen kennen: Camacs Pr\u00e4sident, Jakez Fran\u00e7ois, ist ebenfalls Harfenist &#8211; und er spielt besonders gerne Jazz. Vor vielen Jahren wurde er eingeladen, bei der Er\u00f6ffnung der Nationalversammlung von Wales in Cardiff aufzutreten, was ihn dazu veranlasste, f\u00fcr diesen Anlass eine jazzige Version von The Minstrel&#8217;s Adieu zu kreieren.<\/p>\n<p>&nbsp;<\/p>\n<div style=\"width: 640px;\" class=\"wp-video\"><video class=\"wp-video-shortcode\" id=\"video-29044-1\" width=\"640\" height=\"360\" poster=\"https:\/\/shop.camac-harps.com\/wp-content\/uploads\/sites\/25\/2020\/05\/fsj12-5.jpg\" preload=\"metadata\" controls=\"controls\"><source type=\"video\/mp4\" src=\"https:\/\/shop.camac-harps.com\/wp-content\/uploads\/sites\/25\/2020\/05\/mins.2.mp4?_=1\" \/><a href=\"https:\/\/shop.camac-harps.com\/wp-content\/uploads\/sites\/25\/2020\/05\/mins.2.mp4\">https:\/\/shop.camac-harps.com\/wp-content\/uploads\/sites\/25\/2020\/05\/mins.2.mp4<\/a><\/video><\/div>\n<p style=\"text-align: justify;\">\u00a0<\/p>\n","protected":false},"excerpt":{"rendered":"<p>Alle Instrumente haben ihre emblematischen St\u00fccke. Auf der Harfe ist eines davon zweifellos &#8222;The Minstrel&#8217;s Adieu to his Native Land&#8222;, ein Thema aus Wales und seine Variationen, das der ber\u00fchmte John Thomas (1826 &#8211; 1913), der Harfenist von K\u00f6nigin Victoria war, komponiert hat. &nbsp; Ein weiterer Punkt, den die meisten von Ihnen kennen: Camacs Pr\u00e4sident, [&hellip;]<\/p>\n","protected":false},"featured_media":28919,"comment_status":"open","ping_status":"closed","template":"","meta":{"_acf_changed":false},"product_brand":[],"product_cat":[35,62,47],"product_tag":[],"class_list":{"0":"post-29044","1":"product","2":"type-product","3":"status-publish","4":"has-post-thumbnail","6":"product_cat-harfennoten","7":"product_cat-jazz-pop-musik-fur-feierlichkeiten","8":"product_cat-solostucke-fur-pedalharfe","10":"first","11":"instock","12":"downloadable","13":"virtual","14":"taxable","15":"purchasable","16":"product-type-simple"},"acf":[],"yoast_head":"<title>FRANCOIS Jakez: The Minstrel&#039;s Suicide<\/title>\n<meta name=\"description\" content=\"Jazzige Version von &quot;The Minstrel&#039;s Adieu to his Native Land&quot;, einem Thema aus Wales und seinen Variationen, komponiert von dem ber\u00fchmten John Thomas (1826 - 1913).\" \/>\n<meta name=\"robots\" content=\"index, follow, max-snippet:-1, max-image-preview:large, max-video-preview:-1\" \/>\n<link rel=\"canonical\" href=\"https:\/\/shop.camac-harps.com\/de\/produkt\/francois-jakez-the-minstrels-suicide\/\" \/>\n<meta property=\"og:locale\" content=\"de_DE\" \/>\n<meta property=\"og:type\" content=\"article\" \/>\n<meta property=\"og:title\" content=\"FRANCOIS Jakez: The Minstrel&#039;s Suicide\" \/>\n<meta property=\"og:description\" content=\"Jazzige Version von &quot;The Minstrel&#039;s Adieu to his Native Land&quot;, einem Thema aus Wales und seinen Variationen, komponiert von dem ber\u00fchmten John Thomas (1826 - 1913).\" \/>\n<meta property=\"og:url\" content=\"https:\/\/shop.camac-harps.com\/de\/produkt\/francois-jakez-the-minstrels-suicide\/\" \/>\n<meta property=\"og:site_name\" content=\"Camac Harps Shop\" \/>\n<meta property=\"article:modified_time\" content=\"2024-11-07T15:02:48+00:00\" \/>\n<meta property=\"og:image\" content=\"https:\/\/shop.camac-harps.com\/wp-content\/uploads\/sites\/25\/2020\/05\/fsj12.jpg\" \/>\n\t<meta property=\"og:image:width\" content=\"1810\" \/>\n\t<meta property=\"og:image:height\" content=\"2560\" \/>\n\t<meta property=\"og:image:type\" content=\"image\/jpeg\" \/>\n<meta name=\"twitter:card\" content=\"summary_large_image\" \/>\n<meta name=\"twitter:label1\" content=\"Gesch\u00e4tzte Lesezeit\" \/>\n\t<meta name=\"twitter:data1\" content=\"1\u00a0Minute\" \/>\n<script type=\"application\/ld+json\" class=\"yoast-schema-graph\">{\"@context\":\"https:\/\/schema.org\",\"@graph\":[{\"@type\":\"WebPage\",\"@id\":\"https:\/\/shop.camac-harps.com\/de\/produkt\/francois-jakez-the-minstrels-suicide\/\",\"url\":\"https:\/\/shop.camac-harps.com\/de\/produkt\/francois-jakez-the-minstrels-suicide\/\",\"name\":\"FRANCOIS Jakez: The Minstrel's Suicide\",\"isPartOf\":{\"@id\":\"https:\/\/shop.camac-harps.com\/de\/#website\"},\"primaryImageOfPage\":{\"@id\":\"https:\/\/shop.camac-harps.com\/de\/produkt\/francois-jakez-the-minstrels-suicide\/#primaryimage\"},\"image\":{\"@id\":\"https:\/\/shop.camac-harps.com\/de\/produkt\/francois-jakez-the-minstrels-suicide\/#primaryimage\"},\"thumbnailUrl\":\"https:\/\/shop.camac-harps.com\/wp-content\/uploads\/sites\/25\/2020\/05\/fsj12.jpg\",\"datePublished\":\"2020-05-12T12:15:50+00:00\",\"dateModified\":\"2024-11-07T15:02:48+00:00\",\"description\":\"Jazzige Version von \\\"The Minstrel's Adieu to his Native Land\\\", einem Thema aus Wales und seinen Variationen, komponiert von dem ber\u00fchmten John Thomas (1826 - 1913).\",\"breadcrumb\":{\"@id\":\"https:\/\/shop.camac-harps.com\/de\/produkt\/francois-jakez-the-minstrels-suicide\/#breadcrumb\"},\"inLanguage\":\"de\",\"potentialAction\":[{\"@type\":\"ReadAction\",\"target\":[\"https:\/\/shop.camac-harps.com\/de\/produkt\/francois-jakez-the-minstrels-suicide\/\"]}]},{\"@type\":\"ImageObject\",\"inLanguage\":\"de\",\"@id\":\"https:\/\/shop.camac-harps.com\/de\/produkt\/francois-jakez-the-minstrels-suicide\/#primaryimage\",\"url\":\"https:\/\/shop.camac-harps.com\/wp-content\/uploads\/sites\/25\/2020\/05\/fsj12.jpg\",\"contentUrl\":\"https:\/\/shop.camac-harps.com\/wp-content\/uploads\/sites\/25\/2020\/05\/fsj12.jpg\",\"width\":1810,\"height\":2560,\"caption\":\"FRANCOIS Jakez : The Minstrel's Suicide\"},{\"@type\":\"BreadcrumbList\",\"@id\":\"https:\/\/shop.camac-harps.com\/de\/produkt\/francois-jakez-the-minstrels-suicide\/#breadcrumb\",\"itemListElement\":[{\"@type\":\"ListItem\",\"position\":1,\"name\":\"Home\",\"item\":\"https:\/\/shop.camac-harps.com\/de\/startseite\/\"},{\"@type\":\"ListItem\",\"position\":2,\"name\":\"Startseite\",\"item\":\"https:\/\/shop.camac-harps.com\/de\/startseite\/\"},{\"@type\":\"ListItem\",\"position\":3,\"name\":\"FRANCOIS Jakez: The Minstrel&#8217;s Suicide (PDF zum herunterladen)\"}]},{\"@type\":\"WebSite\",\"@id\":\"https:\/\/shop.camac-harps.com\/de\/#website\",\"url\":\"https:\/\/shop.camac-harps.com\/de\/\",\"name\":\"Camac Harps Shop\",\"description\":\"\",\"potentialAction\":[{\"@type\":\"SearchAction\",\"target\":{\"@type\":\"EntryPoint\",\"urlTemplate\":\"https:\/\/shop.camac-harps.com\/de\/?s={search_term_string}\"},\"query-input\":{\"@type\":\"PropertyValueSpecification\",\"valueRequired\":true,\"valueName\":\"search_term_string\"}}],\"inLanguage\":\"de\"}]}<\/script>","yoast_head_json":{"title":"FRANCOIS Jakez: The Minstrel's Suicide","description":"Jazzige Version von \"The Minstrel's Adieu to his Native Land\", einem Thema aus Wales und seinen Variationen, komponiert von dem ber\u00fchmten John Thomas (1826 - 1913).","robots":{"index":"index","follow":"follow","max-snippet":"max-snippet:-1","max-image-preview":"max-image-preview:large","max-video-preview":"max-video-preview:-1"},"canonical":"https:\/\/shop.camac-harps.com\/de\/produkt\/francois-jakez-the-minstrels-suicide\/","og_locale":"de_DE","og_type":"article","og_title":"FRANCOIS Jakez: The Minstrel's Suicide","og_description":"Jazzige Version von \"The Minstrel's Adieu to his Native Land\", einem Thema aus Wales und seinen Variationen, komponiert von dem ber\u00fchmten John Thomas (1826 - 1913).","og_url":"https:\/\/shop.camac-harps.com\/de\/produkt\/francois-jakez-the-minstrels-suicide\/","og_site_name":"Camac Harps Shop","article_modified_time":"2024-11-07T15:02:48+00:00","og_image":[{"width":1810,"height":2560,"url":"https:\/\/shop.camac-harps.com\/wp-content\/uploads\/sites\/25\/2020\/05\/fsj12.jpg","type":"image\/jpeg"}],"twitter_card":"summary_large_image","twitter_misc":{"Gesch\u00e4tzte Lesezeit":"1\u00a0Minute"},"schema":{"@context":"https:\/\/schema.org","@graph":[{"@type":"WebPage","@id":"https:\/\/shop.camac-harps.com\/de\/produkt\/francois-jakez-the-minstrels-suicide\/","url":"https:\/\/shop.camac-harps.com\/de\/produkt\/francois-jakez-the-minstrels-suicide\/","name":"FRANCOIS Jakez: The Minstrel's Suicide","isPartOf":{"@id":"https:\/\/shop.camac-harps.com\/de\/#website"},"primaryImageOfPage":{"@id":"https:\/\/shop.camac-harps.com\/de\/produkt\/francois-jakez-the-minstrels-suicide\/#primaryimage"},"image":{"@id":"https:\/\/shop.camac-harps.com\/de\/produkt\/francois-jakez-the-minstrels-suicide\/#primaryimage"},"thumbnailUrl":"https:\/\/shop.camac-harps.com\/wp-content\/uploads\/sites\/25\/2020\/05\/fsj12.jpg","datePublished":"2020-05-12T12:15:50+00:00","dateModified":"2024-11-07T15:02:48+00:00","description":"Jazzige Version von \"The Minstrel's Adieu to his Native Land\", einem Thema aus Wales und seinen Variationen, komponiert von dem ber\u00fchmten John Thomas (1826 - 1913).","breadcrumb":{"@id":"https:\/\/shop.camac-harps.com\/de\/produkt\/francois-jakez-the-minstrels-suicide\/#breadcrumb"},"inLanguage":"de","potentialAction":[{"@type":"ReadAction","target":["https:\/\/shop.camac-harps.com\/de\/produkt\/francois-jakez-the-minstrels-suicide\/"]}]},{"@type":"ImageObject","inLanguage":"de","@id":"https:\/\/shop.camac-harps.com\/de\/produkt\/francois-jakez-the-minstrels-suicide\/#primaryimage","url":"https:\/\/shop.camac-harps.com\/wp-content\/uploads\/sites\/25\/2020\/05\/fsj12.jpg","contentUrl":"https:\/\/shop.camac-harps.com\/wp-content\/uploads\/sites\/25\/2020\/05\/fsj12.jpg","width":1810,"height":2560,"caption":"FRANCOIS Jakez : The Minstrel's Suicide"},{"@type":"BreadcrumbList","@id":"https:\/\/shop.camac-harps.com\/de\/produkt\/francois-jakez-the-minstrels-suicide\/#breadcrumb","itemListElement":[{"@type":"ListItem","position":1,"name":"Home","item":"https:\/\/shop.camac-harps.com\/de\/startseite\/"},{"@type":"ListItem","position":2,"name":"Startseite","item":"https:\/\/shop.camac-harps.com\/de\/startseite\/"},{"@type":"ListItem","position":3,"name":"FRANCOIS Jakez: The Minstrel&#8217;s Suicide (PDF zum herunterladen)"}]},{"@type":"WebSite","@id":"https:\/\/shop.camac-harps.com\/de\/#website","url":"https:\/\/shop.camac-harps.com\/de\/","name":"Camac Harps Shop","description":"","potentialAction":[{"@type":"SearchAction","target":{"@type":"EntryPoint","urlTemplate":"https:\/\/shop.camac-harps.com\/de\/?s={search_term_string}"},"query-input":{"@type":"PropertyValueSpecification","valueRequired":true,"valueName":"search_term_string"}}],"inLanguage":"de"}]}},"_links":{"self":[{"href":"https:\/\/shop.camac-harps.com\/de\/wp-json\/wp\/v2\/product\/29044","targetHints":{"allow":["GET"]}}],"collection":[{"href":"https:\/\/shop.camac-harps.com\/de\/wp-json\/wp\/v2\/product"}],"about":[{"href":"https:\/\/shop.camac-harps.com\/de\/wp-json\/wp\/v2\/types\/product"}],"replies":[{"embeddable":true,"href":"https:\/\/shop.camac-harps.com\/de\/wp-json\/wp\/v2\/comments?post=29044"}],"wp:featuredmedia":[{"embeddable":true,"href":"https:\/\/shop.camac-harps.com\/de\/wp-json\/wp\/v2\/media\/28919"}],"wp:attachment":[{"href":"https:\/\/shop.camac-harps.com\/de\/wp-json\/wp\/v2\/media?parent=29044"}],"wp:term":[{"taxonomy":"product_brand","embeddable":true,"href":"https:\/\/shop.camac-harps.com\/de\/wp-json\/wp\/v2\/product_brand?post=29044"},{"taxonomy":"product_cat","embeddable":true,"href":"https:\/\/shop.camac-harps.com\/de\/wp-json\/wp\/v2\/product_cat?post=29044"},{"taxonomy":"product_tag","embeddable":true,"href":"https:\/\/shop.camac-harps.com\/de\/wp-json\/wp\/v2\/product_tag?post=29044"}],"curies":[{"name":"wp","href":"https:\/\/api.w.org\/{rel}","templated":true}]}}