{"id":29934,"date":"2020-06-22T16:43:59","date_gmt":"2020-06-22T16:43:59","guid":{"rendered":"https:\/\/shop.camac-harps.com\/product\/suk-josef-andante-op-13-bearbeitung-fur-harfe-von-barbora-placha\/"},"modified":"2024-11-07T15:02:46","modified_gmt":"2024-11-07T15:02:46","slug":"suk-josef-andante-op-13-bearbeitung-fur-harfe-von-barbora-placha","status":"publish","type":"product","link":"https:\/\/shop.camac-harps.com\/de\/produkt\/suk-josef-andante-op-13-bearbeitung-fur-harfe-von-barbora-placha\/","title":{"rendered":"SUK Josef: Andante op. 13, Bearbeitung f\u00fcr Harfe von Barbora PLACHA"},"content":{"rendered":"<p style=\"text-align: justify;\">Der Geiger und Komponist Josef Suk (1874 &#8211; 1935) wurde in K\u0159e\u010dovice in B\u00f6hmen geboren. Suk, der als einer der Lieblingssch\u00fcler von <a href=\"https:\/\/de.wikipedia.org\/wiki\/Anton%C3%ADn_Dvo%C5%99%C3%A1k\" target=\"_blank\" rel=\"noopener noreferrer\">Anton\u00edn Dvo\u0159\u00e1k<\/a> bekannt ist, heiratete auch dessen Tochter Otilie (1898).<\/p>\n<p style=\"text-align: justify;\">Dieses Andante, 1897 als Teil der Sonatine in g-Moll f\u00fcr Klavier geschrieben, wurde sp\u00e4ter zum ersten Satz in &#8222;Vier Episoden&#8220;. Es ist ein Beispiel f\u00fcr Suks anf\u00e4nglichen, sp\u00e4tromantischen Stil, der deutlich von Dvo\u0159\u00e1k beeinflusst ist. Nach den beiden Todesf\u00e4llen von Dvo\u0159\u00e1k und Otilie innerhalb von 14 Monaten (1904 bzw. 1905) nahm Suks Schreiben eine komplexere, dunklere und introspektive Richtung.<\/p>\n","protected":false},"excerpt":{"rendered":"<p>Der Geiger und Komponist Josef Suk (1874 &#8211; 1935) wurde in K\u0159e\u010dovice in B\u00f6hmen geboren. Suk, der als einer der Lieblingssch\u00fcler von Anton\u00edn Dvo\u0159\u00e1k bekannt ist, heiratete auch dessen Tochter Otilie (1898). Dieses Andante, 1897 als Teil der Sonatine in g-Moll f\u00fcr Klavier geschrieben, wurde sp\u00e4ter zum ersten Satz in &#8222;Vier Episoden&#8220;. Es ist ein [&hellip;]<\/p>\n","protected":false},"featured_media":29917,"comment_status":"open","ping_status":"closed","template":"","meta":{"_acf_changed":false},"product_brand":[],"product_cat":[35,47],"product_tag":[],"class_list":{"0":"post-29934","1":"product","2":"type-product","3":"status-publish","4":"has-post-thumbnail","6":"product_cat-harfennoten","7":"product_cat-solostucke-fur-pedalharfe","9":"first","10":"instock","11":"taxable","12":"shipping-taxable","13":"purchasable","14":"product-type-simple"},"acf":[],"yoast_head":"<title>SUK Josef: Andante op. 13 | Camac Webshop<\/title>\n<meta name=\"description\" content=\"Der erste Satz der &quot;Vier Episoden&quot; von Josef Suk (1874 - 1935) f\u00fcr Klavier. Transkription f\u00fcr Harfe von Barbora Placha.\" \/>\n<meta name=\"robots\" content=\"index, follow, max-snippet:-1, max-image-preview:large, max-video-preview:-1\" \/>\n<link rel=\"canonical\" href=\"https:\/\/shop.camac-harps.com\/de\/produkt\/suk-josef-andante-op-13-bearbeitung-fur-harfe-von-barbora-placha\/\" \/>\n<meta property=\"og:locale\" content=\"de_DE\" \/>\n<meta property=\"og:type\" content=\"article\" \/>\n<meta property=\"og:title\" content=\"SUK Josef: Andante op. 13 | Camac Webshop\" \/>\n<meta property=\"og:description\" content=\"Der erste Satz der &quot;Vier Episoden&quot; von Josef Suk (1874 - 1935) f\u00fcr Klavier. Transkription f\u00fcr Harfe von Barbora Placha.\" \/>\n<meta property=\"og:url\" content=\"https:\/\/shop.camac-harps.com\/de\/produkt\/suk-josef-andante-op-13-bearbeitung-fur-harfe-von-barbora-placha\/\" \/>\n<meta property=\"og:site_name\" content=\"Camac Harps Shop\" \/>\n<meta property=\"article:modified_time\" content=\"2024-11-07T15:02:46+00:00\" \/>\n<meta property=\"og:image\" content=\"https:\/\/shop.camac-harps.com\/wp-content\/uploads\/sites\/25\/2020\/06\/skj01-scaled.jpg\" \/>\n\t<meta property=\"og:image:width\" content=\"1796\" \/>\n\t<meta property=\"og:image:height\" content=\"2560\" \/>\n\t<meta property=\"og:image:type\" content=\"image\/jpeg\" \/>\n<meta name=\"twitter:card\" content=\"summary_large_image\" \/>\n<script type=\"application\/ld+json\" class=\"yoast-schema-graph\">{\"@context\":\"https:\/\/schema.org\",\"@graph\":[{\"@type\":\"WebPage\",\"@id\":\"https:\/\/shop.camac-harps.com\/de\/produkt\/suk-josef-andante-op-13-bearbeitung-fur-harfe-von-barbora-placha\/\",\"url\":\"https:\/\/shop.camac-harps.com\/de\/produkt\/suk-josef-andante-op-13-bearbeitung-fur-harfe-von-barbora-placha\/\",\"name\":\"SUK Josef: Andante op. 13 | Camac Webshop\",\"isPartOf\":{\"@id\":\"https:\/\/shop.camac-harps.com\/de\/#website\"},\"primaryImageOfPage\":{\"@id\":\"https:\/\/shop.camac-harps.com\/de\/produkt\/suk-josef-andante-op-13-bearbeitung-fur-harfe-von-barbora-placha\/#primaryimage\"},\"image\":{\"@id\":\"https:\/\/shop.camac-harps.com\/de\/produkt\/suk-josef-andante-op-13-bearbeitung-fur-harfe-von-barbora-placha\/#primaryimage\"},\"thumbnailUrl\":\"https:\/\/shop.camac-harps.com\/wp-content\/uploads\/sites\/25\/2020\/06\/skj01-scaled.jpg\",\"datePublished\":\"2020-06-22T16:43:59+00:00\",\"dateModified\":\"2024-11-07T15:02:46+00:00\",\"description\":\"Der erste Satz der \\\"Vier Episoden\\\" von Josef Suk (1874 - 1935) f\u00fcr Klavier. Transkription f\u00fcr Harfe von Barbora Placha.\",\"breadcrumb\":{\"@id\":\"https:\/\/shop.camac-harps.com\/de\/produkt\/suk-josef-andante-op-13-bearbeitung-fur-harfe-von-barbora-placha\/#breadcrumb\"},\"inLanguage\":\"de\",\"potentialAction\":[{\"@type\":\"ReadAction\",\"target\":[\"https:\/\/shop.camac-harps.com\/de\/produkt\/suk-josef-andante-op-13-bearbeitung-fur-harfe-von-barbora-placha\/\"]}]},{\"@type\":\"ImageObject\",\"inLanguage\":\"de\",\"@id\":\"https:\/\/shop.camac-harps.com\/de\/produkt\/suk-josef-andante-op-13-bearbeitung-fur-harfe-von-barbora-placha\/#primaryimage\",\"url\":\"https:\/\/shop.camac-harps.com\/wp-content\/uploads\/sites\/25\/2020\/06\/skj01-scaled.jpg\",\"contentUrl\":\"https:\/\/shop.camac-harps.com\/wp-content\/uploads\/sites\/25\/2020\/06\/skj01-scaled.jpg\",\"width\":1796,\"height\":2560,\"caption\":\"SUK Josef: Andante op. 13, Bearbeitung f\u00fcr Harfe von Barbora PLACHA\"},{\"@type\":\"BreadcrumbList\",\"@id\":\"https:\/\/shop.camac-harps.com\/de\/produkt\/suk-josef-andante-op-13-bearbeitung-fur-harfe-von-barbora-placha\/#breadcrumb\",\"itemListElement\":[{\"@type\":\"ListItem\",\"position\":1,\"name\":\"Home\",\"item\":\"https:\/\/shop.camac-harps.com\/de\/startseite\/\"},{\"@type\":\"ListItem\",\"position\":2,\"name\":\"Startseite\",\"item\":\"https:\/\/shop.camac-harps.com\/de\/startseite\/\"},{\"@type\":\"ListItem\",\"position\":3,\"name\":\"SUK Josef: Andante op. 13, Bearbeitung f\u00fcr Harfe von Barbora PLACHA\"}]},{\"@type\":\"WebSite\",\"@id\":\"https:\/\/shop.camac-harps.com\/de\/#website\",\"url\":\"https:\/\/shop.camac-harps.com\/de\/\",\"name\":\"Camac Harps Shop\",\"description\":\"\",\"potentialAction\":[{\"@type\":\"SearchAction\",\"target\":{\"@type\":\"EntryPoint\",\"urlTemplate\":\"https:\/\/shop.camac-harps.com\/de\/?s={search_term_string}\"},\"query-input\":{\"@type\":\"PropertyValueSpecification\",\"valueRequired\":true,\"valueName\":\"search_term_string\"}}],\"inLanguage\":\"de\"}]}<\/script>","yoast_head_json":{"title":"SUK Josef: Andante op. 13 | Camac Webshop","description":"Der erste Satz der \"Vier Episoden\" von Josef Suk (1874 - 1935) f\u00fcr Klavier. Transkription f\u00fcr Harfe von Barbora Placha.","robots":{"index":"index","follow":"follow","max-snippet":"max-snippet:-1","max-image-preview":"max-image-preview:large","max-video-preview":"max-video-preview:-1"},"canonical":"https:\/\/shop.camac-harps.com\/de\/produkt\/suk-josef-andante-op-13-bearbeitung-fur-harfe-von-barbora-placha\/","og_locale":"de_DE","og_type":"article","og_title":"SUK Josef: Andante op. 13 | Camac Webshop","og_description":"Der erste Satz der \"Vier Episoden\" von Josef Suk (1874 - 1935) f\u00fcr Klavier. Transkription f\u00fcr Harfe von Barbora Placha.","og_url":"https:\/\/shop.camac-harps.com\/de\/produkt\/suk-josef-andante-op-13-bearbeitung-fur-harfe-von-barbora-placha\/","og_site_name":"Camac Harps Shop","article_modified_time":"2024-11-07T15:02:46+00:00","og_image":[{"width":1796,"height":2560,"url":"https:\/\/shop.camac-harps.com\/wp-content\/uploads\/sites\/25\/2020\/06\/skj01-scaled.jpg","type":"image\/jpeg"}],"twitter_card":"summary_large_image","schema":{"@context":"https:\/\/schema.org","@graph":[{"@type":"WebPage","@id":"https:\/\/shop.camac-harps.com\/de\/produkt\/suk-josef-andante-op-13-bearbeitung-fur-harfe-von-barbora-placha\/","url":"https:\/\/shop.camac-harps.com\/de\/produkt\/suk-josef-andante-op-13-bearbeitung-fur-harfe-von-barbora-placha\/","name":"SUK Josef: Andante op. 13 | Camac Webshop","isPartOf":{"@id":"https:\/\/shop.camac-harps.com\/de\/#website"},"primaryImageOfPage":{"@id":"https:\/\/shop.camac-harps.com\/de\/produkt\/suk-josef-andante-op-13-bearbeitung-fur-harfe-von-barbora-placha\/#primaryimage"},"image":{"@id":"https:\/\/shop.camac-harps.com\/de\/produkt\/suk-josef-andante-op-13-bearbeitung-fur-harfe-von-barbora-placha\/#primaryimage"},"thumbnailUrl":"https:\/\/shop.camac-harps.com\/wp-content\/uploads\/sites\/25\/2020\/06\/skj01-scaled.jpg","datePublished":"2020-06-22T16:43:59+00:00","dateModified":"2024-11-07T15:02:46+00:00","description":"Der erste Satz der \"Vier Episoden\" von Josef Suk (1874 - 1935) f\u00fcr Klavier. Transkription f\u00fcr Harfe von Barbora Placha.","breadcrumb":{"@id":"https:\/\/shop.camac-harps.com\/de\/produkt\/suk-josef-andante-op-13-bearbeitung-fur-harfe-von-barbora-placha\/#breadcrumb"},"inLanguage":"de","potentialAction":[{"@type":"ReadAction","target":["https:\/\/shop.camac-harps.com\/de\/produkt\/suk-josef-andante-op-13-bearbeitung-fur-harfe-von-barbora-placha\/"]}]},{"@type":"ImageObject","inLanguage":"de","@id":"https:\/\/shop.camac-harps.com\/de\/produkt\/suk-josef-andante-op-13-bearbeitung-fur-harfe-von-barbora-placha\/#primaryimage","url":"https:\/\/shop.camac-harps.com\/wp-content\/uploads\/sites\/25\/2020\/06\/skj01-scaled.jpg","contentUrl":"https:\/\/shop.camac-harps.com\/wp-content\/uploads\/sites\/25\/2020\/06\/skj01-scaled.jpg","width":1796,"height":2560,"caption":"SUK Josef: Andante op. 13, Bearbeitung f\u00fcr Harfe von Barbora PLACHA"},{"@type":"BreadcrumbList","@id":"https:\/\/shop.camac-harps.com\/de\/produkt\/suk-josef-andante-op-13-bearbeitung-fur-harfe-von-barbora-placha\/#breadcrumb","itemListElement":[{"@type":"ListItem","position":1,"name":"Home","item":"https:\/\/shop.camac-harps.com\/de\/startseite\/"},{"@type":"ListItem","position":2,"name":"Startseite","item":"https:\/\/shop.camac-harps.com\/de\/startseite\/"},{"@type":"ListItem","position":3,"name":"SUK Josef: Andante op. 13, Bearbeitung f\u00fcr Harfe von Barbora PLACHA"}]},{"@type":"WebSite","@id":"https:\/\/shop.camac-harps.com\/de\/#website","url":"https:\/\/shop.camac-harps.com\/de\/","name":"Camac Harps Shop","description":"","potentialAction":[{"@type":"SearchAction","target":{"@type":"EntryPoint","urlTemplate":"https:\/\/shop.camac-harps.com\/de\/?s={search_term_string}"},"query-input":{"@type":"PropertyValueSpecification","valueRequired":true,"valueName":"search_term_string"}}],"inLanguage":"de"}]}},"_links":{"self":[{"href":"https:\/\/shop.camac-harps.com\/de\/wp-json\/wp\/v2\/product\/29934","targetHints":{"allow":["GET"]}}],"collection":[{"href":"https:\/\/shop.camac-harps.com\/de\/wp-json\/wp\/v2\/product"}],"about":[{"href":"https:\/\/shop.camac-harps.com\/de\/wp-json\/wp\/v2\/types\/product"}],"replies":[{"embeddable":true,"href":"https:\/\/shop.camac-harps.com\/de\/wp-json\/wp\/v2\/comments?post=29934"}],"wp:featuredmedia":[{"embeddable":true,"href":"https:\/\/shop.camac-harps.com\/de\/wp-json\/wp\/v2\/media\/29917"}],"wp:attachment":[{"href":"https:\/\/shop.camac-harps.com\/de\/wp-json\/wp\/v2\/media?parent=29934"}],"wp:term":[{"taxonomy":"product_brand","embeddable":true,"href":"https:\/\/shop.camac-harps.com\/de\/wp-json\/wp\/v2\/product_brand?post=29934"},{"taxonomy":"product_cat","embeddable":true,"href":"https:\/\/shop.camac-harps.com\/de\/wp-json\/wp\/v2\/product_cat?post=29934"},{"taxonomy":"product_tag","embeddable":true,"href":"https:\/\/shop.camac-harps.com\/de\/wp-json\/wp\/v2\/product_tag?post=29934"}],"curies":[{"name":"wp","href":"https:\/\/api.w.org\/{rel}","templated":true}]}}