{"id":31992,"date":"2020-09-11T21:29:16","date_gmt":"2020-09-11T21:29:16","guid":{"rendered":"https:\/\/shop.camac-harps.com\/?post_type=product&#038;p=31992"},"modified":"2022-04-21T15:02:25","modified_gmt":"2022-04-21T15:02:25","slug":"bizet-g-menuett-aus-larlesienne-suite-nr-2-bearbeitung-von-saori-mouri-zum-herunterladen","status":"publish","type":"product","link":"https:\/\/shop.camac-harps.com\/de\/produkt\/bizet-g-menuett-aus-larlesienne-suite-nr-2-bearbeitung-von-saori-mouri-zum-herunterladen\/","title":{"rendered":"BIZET G.: Menuett aus L&#8217;Arl\u00e9sienne-Suite Nr. 2, Bearbeitung von Saori Mouri. Zum Herunterladen"},"content":{"rendered":"","protected":false},"excerpt":{"rendered":"[audio mp3=\"https:\/\/shop.camac-harps.com\/wp-content\/uploads\/sites\/25\/2022\/04\/ad4.-meruet-de-larlesienne.mp3\"][\/audio]\n","protected":false},"featured_media":31749,"comment_status":"open","ping_status":"closed","template":"","meta":{"_acf_changed":false},"product_brand":[],"product_cat":[107,35,834,555,885,585,880,573,549,890,623],"product_tag":[],"class_list":{"0":"post-31992","1":"product","2":"type-product","3":"status-publish","4":"has-post-thumbnail","6":"product_cat-barden-und-troubadourmusik","7":"product_cat-harfennoten","8":"product_cat-musik_fuer_harfe_mit_27_saiten","9":"product_cat-noten-odyssey-collection","10":"product_cat-odyssey-collection-fuer-harfen-mit-haken-fortgeschrittenes-niveau","11":"product_cat-odyssey-collection-fur-harfen-mit-haken-fortgeschrittenes-niveau","12":"product_cat-odyssey-collection-noten-fuer-harfen-mit-haken","13":"product_cat-odyssey-collection-noten-fur-harfen-mit-haken","14":"product_cat-odyssey-harfe-webshop-de","15":"product_cat-zum-herunterladen-de-4","16":"product_cat-odyssey-collection-fuer-harfen-ohne-haken-fortgeschrittenes-niveau-zum-herunterladen","18":"first","19":"instock","20":"downloadable","21":"virtual","22":"taxable","23":"purchasable","24":"product-type-simple"},"acf":[],"yoast_head":"<title>Menuett aus L&#039;Arl\u00e9sienne-Suite Nr. 2, Bearbeitung von Saori Mouri | F\u00fcr keltische Harfe<\/title>\n<meta name=\"description\" content=\"Noten f\u00fcr kleine Hakenharfen | Odyssey-Collection, fortgeschrittenes Niveau | Camac \u00b7 Odyssey Webshop.\" \/>\n<meta name=\"robots\" content=\"index, follow, max-snippet:-1, max-image-preview:large, max-video-preview:-1\" \/>\n<link rel=\"canonical\" href=\"https:\/\/shop.camac-harps.com\/de\/produkt\/bizet-g-menuett-aus-larlesienne-suite-nr-2-bearbeitung-von-saori-mouri-zum-herunterladen\/\" \/>\n<meta property=\"og:locale\" content=\"de_DE\" \/>\n<meta property=\"og:type\" content=\"article\" \/>\n<meta property=\"og:title\" content=\"Menuett aus L&#039;Arl\u00e9sienne-Suite Nr. 2, Bearbeitung von Saori Mouri | F\u00fcr keltische Harfe\" \/>\n<meta property=\"og:description\" content=\"Noten f\u00fcr kleine Hakenharfen | Odyssey-Collection, fortgeschrittenes Niveau | Camac \u00b7 Odyssey Webshop.\" \/>\n<meta property=\"og:url\" content=\"https:\/\/shop.camac-harps.com\/de\/produkt\/bizet-g-menuett-aus-larlesienne-suite-nr-2-bearbeitung-von-saori-mouri-zum-herunterladen\/\" \/>\n<meta property=\"og:site_name\" content=\"Camac Harps Shop\" \/>\n<meta property=\"article:modified_time\" content=\"2022-04-21T15:02:25+00:00\" \/>\n<meta property=\"og:image\" content=\"https:\/\/shop.camac-harps.com\/wp-content\/uploads\/sites\/25\/2020\/09\/mis28-scaled.jpg\" \/>\n\t<meta property=\"og:image:width\" content=\"1810\" \/>\n\t<meta property=\"og:image:height\" content=\"2560\" \/>\n\t<meta property=\"og:image:type\" content=\"image\/jpeg\" \/>\n<meta name=\"twitter:card\" content=\"summary_large_image\" \/>\n<script type=\"application\/ld+json\" class=\"yoast-schema-graph\">{\"@context\":\"https:\/\/schema.org\",\"@graph\":[{\"@type\":\"WebPage\",\"@id\":\"https:\/\/shop.camac-harps.com\/de\/produkt\/bizet-g-menuett-aus-larlesienne-suite-nr-2-bearbeitung-von-saori-mouri-zum-herunterladen\/\",\"url\":\"https:\/\/shop.camac-harps.com\/de\/produkt\/bizet-g-menuett-aus-larlesienne-suite-nr-2-bearbeitung-von-saori-mouri-zum-herunterladen\/\",\"name\":\"Menuett aus L'Arl\u00e9sienne-Suite Nr. 2, Bearbeitung von Saori Mouri | F\u00fcr keltische Harfe\",\"isPartOf\":{\"@id\":\"https:\/\/shop.camac-harps.com\/de\/#website\"},\"primaryImageOfPage\":{\"@id\":\"https:\/\/shop.camac-harps.com\/de\/produkt\/bizet-g-menuett-aus-larlesienne-suite-nr-2-bearbeitung-von-saori-mouri-zum-herunterladen\/#primaryimage\"},\"image\":{\"@id\":\"https:\/\/shop.camac-harps.com\/de\/produkt\/bizet-g-menuett-aus-larlesienne-suite-nr-2-bearbeitung-von-saori-mouri-zum-herunterladen\/#primaryimage\"},\"thumbnailUrl\":\"https:\/\/shop.camac-harps.com\/wp-content\/uploads\/sites\/25\/2020\/09\/mis28-scaled.jpg\",\"datePublished\":\"2020-09-11T21:29:16+00:00\",\"dateModified\":\"2022-04-21T15:02:25+00:00\",\"description\":\"Noten f\u00fcr kleine Hakenharfen | Odyssey-Collection, fortgeschrittenes Niveau | Camac \u00b7 Odyssey Webshop.\",\"breadcrumb\":{\"@id\":\"https:\/\/shop.camac-harps.com\/de\/produkt\/bizet-g-menuett-aus-larlesienne-suite-nr-2-bearbeitung-von-saori-mouri-zum-herunterladen\/#breadcrumb\"},\"inLanguage\":\"de\",\"potentialAction\":[{\"@type\":\"ReadAction\",\"target\":[\"https:\/\/shop.camac-harps.com\/de\/produkt\/bizet-g-menuett-aus-larlesienne-suite-nr-2-bearbeitung-von-saori-mouri-zum-herunterladen\/\"]}]},{\"@type\":\"ImageObject\",\"inLanguage\":\"de\",\"@id\":\"https:\/\/shop.camac-harps.com\/de\/produkt\/bizet-g-menuett-aus-larlesienne-suite-nr-2-bearbeitung-von-saori-mouri-zum-herunterladen\/#primaryimage\",\"url\":\"https:\/\/shop.camac-harps.com\/wp-content\/uploads\/sites\/25\/2020\/09\/mis28-scaled.jpg\",\"contentUrl\":\"https:\/\/shop.camac-harps.com\/wp-content\/uploads\/sites\/25\/2020\/09\/mis28-scaled.jpg\",\"width\":1810,\"height\":2560,\"caption\":\"BIZET G.: Menuett aus L'Arl\u00e9sienne-Suite Nr. 2, Bearbeitung von Saori Mouri\"},{\"@type\":\"BreadcrumbList\",\"@id\":\"https:\/\/shop.camac-harps.com\/de\/produkt\/bizet-g-menuett-aus-larlesienne-suite-nr-2-bearbeitung-von-saori-mouri-zum-herunterladen\/#breadcrumb\",\"itemListElement\":[{\"@type\":\"ListItem\",\"position\":1,\"name\":\"Home\",\"item\":\"https:\/\/shop.camac-harps.com\/de\/startseite\/\"},{\"@type\":\"ListItem\",\"position\":2,\"name\":\"Startseite\",\"item\":\"https:\/\/shop.camac-harps.com\/de\/startseite\/\"},{\"@type\":\"ListItem\",\"position\":3,\"name\":\"BIZET G.: Menuett aus L&#8217;Arl\u00e9sienne-Suite Nr. 2, Bearbeitung von Saori Mouri. Zum Herunterladen\"}]},{\"@type\":\"WebSite\",\"@id\":\"https:\/\/shop.camac-harps.com\/de\/#website\",\"url\":\"https:\/\/shop.camac-harps.com\/de\/\",\"name\":\"Camac Harps Shop\",\"description\":\"\",\"potentialAction\":[{\"@type\":\"SearchAction\",\"target\":{\"@type\":\"EntryPoint\",\"urlTemplate\":\"https:\/\/shop.camac-harps.com\/de\/?s={search_term_string}\"},\"query-input\":{\"@type\":\"PropertyValueSpecification\",\"valueRequired\":true,\"valueName\":\"search_term_string\"}}],\"inLanguage\":\"de\"}]}<\/script>","yoast_head_json":{"title":"Menuett aus L'Arl\u00e9sienne-Suite Nr. 2, Bearbeitung von Saori Mouri | F\u00fcr keltische Harfe","description":"Noten f\u00fcr kleine Hakenharfen | Odyssey-Collection, fortgeschrittenes Niveau | Camac \u00b7 Odyssey Webshop.","robots":{"index":"index","follow":"follow","max-snippet":"max-snippet:-1","max-image-preview":"max-image-preview:large","max-video-preview":"max-video-preview:-1"},"canonical":"https:\/\/shop.camac-harps.com\/de\/produkt\/bizet-g-menuett-aus-larlesienne-suite-nr-2-bearbeitung-von-saori-mouri-zum-herunterladen\/","og_locale":"de_DE","og_type":"article","og_title":"Menuett aus L'Arl\u00e9sienne-Suite Nr. 2, Bearbeitung von Saori Mouri | F\u00fcr keltische Harfe","og_description":"Noten f\u00fcr kleine Hakenharfen | Odyssey-Collection, fortgeschrittenes Niveau | Camac \u00b7 Odyssey Webshop.","og_url":"https:\/\/shop.camac-harps.com\/de\/produkt\/bizet-g-menuett-aus-larlesienne-suite-nr-2-bearbeitung-von-saori-mouri-zum-herunterladen\/","og_site_name":"Camac Harps Shop","article_modified_time":"2022-04-21T15:02:25+00:00","og_image":[{"width":1810,"height":2560,"url":"https:\/\/shop.camac-harps.com\/wp-content\/uploads\/sites\/25\/2020\/09\/mis28-scaled.jpg","type":"image\/jpeg"}],"twitter_card":"summary_large_image","schema":{"@context":"https:\/\/schema.org","@graph":[{"@type":"WebPage","@id":"https:\/\/shop.camac-harps.com\/de\/produkt\/bizet-g-menuett-aus-larlesienne-suite-nr-2-bearbeitung-von-saori-mouri-zum-herunterladen\/","url":"https:\/\/shop.camac-harps.com\/de\/produkt\/bizet-g-menuett-aus-larlesienne-suite-nr-2-bearbeitung-von-saori-mouri-zum-herunterladen\/","name":"Menuett aus L'Arl\u00e9sienne-Suite Nr. 2, Bearbeitung von Saori Mouri | F\u00fcr keltische Harfe","isPartOf":{"@id":"https:\/\/shop.camac-harps.com\/de\/#website"},"primaryImageOfPage":{"@id":"https:\/\/shop.camac-harps.com\/de\/produkt\/bizet-g-menuett-aus-larlesienne-suite-nr-2-bearbeitung-von-saori-mouri-zum-herunterladen\/#primaryimage"},"image":{"@id":"https:\/\/shop.camac-harps.com\/de\/produkt\/bizet-g-menuett-aus-larlesienne-suite-nr-2-bearbeitung-von-saori-mouri-zum-herunterladen\/#primaryimage"},"thumbnailUrl":"https:\/\/shop.camac-harps.com\/wp-content\/uploads\/sites\/25\/2020\/09\/mis28-scaled.jpg","datePublished":"2020-09-11T21:29:16+00:00","dateModified":"2022-04-21T15:02:25+00:00","description":"Noten f\u00fcr kleine Hakenharfen | Odyssey-Collection, fortgeschrittenes Niveau | Camac \u00b7 Odyssey Webshop.","breadcrumb":{"@id":"https:\/\/shop.camac-harps.com\/de\/produkt\/bizet-g-menuett-aus-larlesienne-suite-nr-2-bearbeitung-von-saori-mouri-zum-herunterladen\/#breadcrumb"},"inLanguage":"de","potentialAction":[{"@type":"ReadAction","target":["https:\/\/shop.camac-harps.com\/de\/produkt\/bizet-g-menuett-aus-larlesienne-suite-nr-2-bearbeitung-von-saori-mouri-zum-herunterladen\/"]}]},{"@type":"ImageObject","inLanguage":"de","@id":"https:\/\/shop.camac-harps.com\/de\/produkt\/bizet-g-menuett-aus-larlesienne-suite-nr-2-bearbeitung-von-saori-mouri-zum-herunterladen\/#primaryimage","url":"https:\/\/shop.camac-harps.com\/wp-content\/uploads\/sites\/25\/2020\/09\/mis28-scaled.jpg","contentUrl":"https:\/\/shop.camac-harps.com\/wp-content\/uploads\/sites\/25\/2020\/09\/mis28-scaled.jpg","width":1810,"height":2560,"caption":"BIZET G.: Menuett aus L'Arl\u00e9sienne-Suite Nr. 2, Bearbeitung von Saori Mouri"},{"@type":"BreadcrumbList","@id":"https:\/\/shop.camac-harps.com\/de\/produkt\/bizet-g-menuett-aus-larlesienne-suite-nr-2-bearbeitung-von-saori-mouri-zum-herunterladen\/#breadcrumb","itemListElement":[{"@type":"ListItem","position":1,"name":"Home","item":"https:\/\/shop.camac-harps.com\/de\/startseite\/"},{"@type":"ListItem","position":2,"name":"Startseite","item":"https:\/\/shop.camac-harps.com\/de\/startseite\/"},{"@type":"ListItem","position":3,"name":"BIZET G.: Menuett aus L&#8217;Arl\u00e9sienne-Suite Nr. 2, Bearbeitung von Saori Mouri. Zum Herunterladen"}]},{"@type":"WebSite","@id":"https:\/\/shop.camac-harps.com\/de\/#website","url":"https:\/\/shop.camac-harps.com\/de\/","name":"Camac Harps Shop","description":"","potentialAction":[{"@type":"SearchAction","target":{"@type":"EntryPoint","urlTemplate":"https:\/\/shop.camac-harps.com\/de\/?s={search_term_string}"},"query-input":{"@type":"PropertyValueSpecification","valueRequired":true,"valueName":"search_term_string"}}],"inLanguage":"de"}]}},"_links":{"self":[{"href":"https:\/\/shop.camac-harps.com\/de\/wp-json\/wp\/v2\/product\/31992","targetHints":{"allow":["GET"]}}],"collection":[{"href":"https:\/\/shop.camac-harps.com\/de\/wp-json\/wp\/v2\/product"}],"about":[{"href":"https:\/\/shop.camac-harps.com\/de\/wp-json\/wp\/v2\/types\/product"}],"replies":[{"embeddable":true,"href":"https:\/\/shop.camac-harps.com\/de\/wp-json\/wp\/v2\/comments?post=31992"}],"wp:featuredmedia":[{"embeddable":true,"href":"https:\/\/shop.camac-harps.com\/de\/wp-json\/wp\/v2\/media\/31749"}],"wp:attachment":[{"href":"https:\/\/shop.camac-harps.com\/de\/wp-json\/wp\/v2\/media?parent=31992"}],"wp:term":[{"taxonomy":"product_brand","embeddable":true,"href":"https:\/\/shop.camac-harps.com\/de\/wp-json\/wp\/v2\/product_brand?post=31992"},{"taxonomy":"product_cat","embeddable":true,"href":"https:\/\/shop.camac-harps.com\/de\/wp-json\/wp\/v2\/product_cat?post=31992"},{"taxonomy":"product_tag","embeddable":true,"href":"https:\/\/shop.camac-harps.com\/de\/wp-json\/wp\/v2\/product_tag?post=31992"}],"curies":[{"name":"wp","href":"https:\/\/api.w.org\/{rel}","templated":true}]}}