{"id":34593,"date":"2020-11-30T15:27:16","date_gmt":"2020-11-30T15:27:17","guid":{"rendered":"https:\/\/shop.camac-harps.com\/?post_type=product&#038;p=34593"},"modified":"2026-04-01T15:53:33","modified_gmt":"2026-04-01T15:53:33","slug":"flourkarbon-saite-fur-excalibur-alliance-savarez-a-8","status":"publish","type":"product","link":"https:\/\/shop.camac-harps.com\/de\/produkt\/flourkarbon-saite-fur-excalibur-alliance-savarez-a-8\/","title":{"rendered":"Flourkarbon-Saite f\u00fcr Excalibur (Alliance Savarez), A 8"},"content":{"rendered":"<p style=\"text-align: justify;\"><strong>Was ist der Unterschied zwischen K\u00fcrschner und Alliance Savarez Fluor-Karbonsaiten? \u00a0<\/strong><\/p>\n<p style=\"text-align: justify;\">Das Fluor-Karbonmaterial ist dasselbe, aber die Saiten in den unteren Lagen sind bei <a href=\"https:\/\/shop.camac-harps.com\/de\/category\/harfensaiten\/einzelsaiten\/fur-hakenharfe\/fluorkarbon\/flour-karbonsaiten-fur-excalibur\/\">K\u00fcrschner<\/a> monofil, w\u00e4hrend Savarez multifil geflochten ist. Einige Harfenisten bevorzugen den Klang der K\u00fcrschner in der mittleren Lage, finden die Saiten aber weniger robust als geflochtene Multifilamente. Wir haben deshalb beide Optionen f\u00fcr die <a href=\"https:\/\/de.camac-harps.com\/de\/harps-de\/haken\/excalibur\/\">Excalibur<\/a> geschaffen, um den unterschiedlichen Vorlieben und Anforderungen der Harfenisten nachzukommen.<\/p>\n","protected":false},"excerpt":{"rendered":"<p>Was ist der Unterschied zwischen K\u00fcrschner und Alliance Savarez Fluor-Karbonsaiten? \u00a0 Das Fluor-Karbonmaterial ist dasselbe, aber die Saiten in den unteren Lagen sind bei K\u00fcrschner monofil, w\u00e4hrend Savarez multifil geflochten ist. Einige Harfenisten bevorzugen den Klang der K\u00fcrschner in der mittleren Lage, finden die Saiten aber weniger robust als geflochtene Multifilamente. Wir haben deshalb beide [&hellip;]<\/p>\n","protected":false},"featured_media":67038,"comment_status":"open","ping_status":"closed","template":"","meta":{"_acf_changed":false},"product_brand":[],"product_cat":[654,717,68,505,38,125],"product_tag":[],"class_list":{"0":"post-34593","1":"product","2":"type-product","3":"status-publish","4":"has-post-thumbnail","6":"product_cat-alliance-saiten-fuer-excalibur-alternativbesaitung-von-savarez","7":"product_cat-alternativbesaitung-de-2","8":"product_cat-einzelne-saiten","9":"product_cat-fuer-hakenharfe-mit-karbonsaiten","10":"product_cat-harfensaiten","11":"product_cat-saiten-fuer-hakenharfe","13":"first","14":"instock","15":"taxable","16":"shipping-taxable","17":"purchasable","18":"product-type-simple"},"acf":[],"yoast_head":"<title>Flourkarbon-Saite f\u00fcr Excalibur | Camac-Harfen Webshop<\/title>\n<meta name=\"description\" content=\"Fluorkarbon-Saite (Savarez Alliance) f\u00fcr Harfe Excalibur : A 8 | Multifil geflochten | Robuste Flour-Karbonsaite.\" \/>\n<meta name=\"robots\" content=\"index, follow, max-snippet:-1, max-image-preview:large, max-video-preview:-1\" \/>\n<link rel=\"canonical\" href=\"https:\/\/shop.camac-harps.com\/de\/produkt\/flourkarbon-saite-fur-excalibur-alliance-savarez-a-8\/\" \/>\n<meta property=\"og:locale\" content=\"de_DE\" \/>\n<meta property=\"og:type\" content=\"article\" \/>\n<meta property=\"og:title\" content=\"Flourkarbon-Saite f\u00fcr Excalibur | Camac-Harfen Webshop\" \/>\n<meta property=\"og:description\" content=\"Fluorkarbon-Saite (Savarez Alliance) f\u00fcr Harfe Excalibur : A 8 | Multifil geflochten | Robuste Flour-Karbonsaite.\" \/>\n<meta property=\"og:url\" content=\"https:\/\/shop.camac-harps.com\/de\/produkt\/flourkarbon-saite-fur-excalibur-alliance-savarez-a-8\/\" \/>\n<meta property=\"og:site_name\" content=\"Camac Harps Shop\" \/>\n<meta property=\"article:modified_time\" content=\"2026-04-01T15:53:33+00:00\" \/>\n<meta property=\"og:image\" content=\"https:\/\/shop.camac-harps.com\/wp-content\/uploads\/sites\/25\/2025\/04\/4-kfexc.jpg\" \/>\n\t<meta property=\"og:image:width\" content=\"1172\" \/>\n\t<meta property=\"og:image:height\" content=\"1163\" \/>\n\t<meta property=\"og:image:type\" content=\"image\/jpeg\" \/>\n<meta name=\"twitter:card\" content=\"summary_large_image\" \/>\n<script type=\"application\/ld+json\" class=\"yoast-schema-graph\">{\"@context\":\"https:\/\/schema.org\",\"@graph\":[{\"@type\":\"WebPage\",\"@id\":\"https:\/\/shop.camac-harps.com\/de\/produkt\/flourkarbon-saite-fur-excalibur-alliance-savarez-a-8\/\",\"url\":\"https:\/\/shop.camac-harps.com\/de\/produkt\/flourkarbon-saite-fur-excalibur-alliance-savarez-a-8\/\",\"name\":\"Flourkarbon-Saite f\u00fcr Excalibur | Camac-Harfen Webshop\",\"isPartOf\":{\"@id\":\"https:\/\/shop.camac-harps.com\/de\/#website\"},\"primaryImageOfPage\":{\"@id\":\"https:\/\/shop.camac-harps.com\/de\/produkt\/flourkarbon-saite-fur-excalibur-alliance-savarez-a-8\/#primaryimage\"},\"image\":{\"@id\":\"https:\/\/shop.camac-harps.com\/de\/produkt\/flourkarbon-saite-fur-excalibur-alliance-savarez-a-8\/#primaryimage\"},\"thumbnailUrl\":\"https:\/\/shop.camac-harps.com\/wp-content\/uploads\/sites\/25\/2025\/04\/4-kfexc.jpg\",\"datePublished\":\"2020-11-30T15:27:17+00:00\",\"dateModified\":\"2026-04-01T15:53:33+00:00\",\"description\":\"Fluorkarbon-Saite (Savarez Alliance) f\u00fcr Harfe Excalibur : A 8 | Multifil geflochten | Robuste Flour-Karbonsaite.\",\"breadcrumb\":{\"@id\":\"https:\/\/shop.camac-harps.com\/de\/produkt\/flourkarbon-saite-fur-excalibur-alliance-savarez-a-8\/#breadcrumb\"},\"inLanguage\":\"de\",\"potentialAction\":[{\"@type\":\"ReadAction\",\"target\":[\"https:\/\/shop.camac-harps.com\/de\/produkt\/flourkarbon-saite-fur-excalibur-alliance-savarez-a-8\/\"]}]},{\"@type\":\"ImageObject\",\"inLanguage\":\"de\",\"@id\":\"https:\/\/shop.camac-harps.com\/de\/produkt\/flourkarbon-saite-fur-excalibur-alliance-savarez-a-8\/#primaryimage\",\"url\":\"https:\/\/shop.camac-harps.com\/wp-content\/uploads\/sites\/25\/2025\/04\/4-kfexc.jpg\",\"contentUrl\":\"https:\/\/shop.camac-harps.com\/wp-content\/uploads\/sites\/25\/2025\/04\/4-kfexc.jpg\",\"width\":1172,\"height\":1163},{\"@type\":\"BreadcrumbList\",\"@id\":\"https:\/\/shop.camac-harps.com\/de\/produkt\/flourkarbon-saite-fur-excalibur-alliance-savarez-a-8\/#breadcrumb\",\"itemListElement\":[{\"@type\":\"ListItem\",\"position\":1,\"name\":\"Home\",\"item\":\"https:\/\/shop.camac-harps.com\/de\/startseite\/\"},{\"@type\":\"ListItem\",\"position\":2,\"name\":\"Startseite\",\"item\":\"https:\/\/shop.camac-harps.com\/de\/startseite\/\"},{\"@type\":\"ListItem\",\"position\":3,\"name\":\"Flourkarbon-Saite f\u00fcr Excalibur (Alliance Savarez), A 8\"}]},{\"@type\":\"WebSite\",\"@id\":\"https:\/\/shop.camac-harps.com\/de\/#website\",\"url\":\"https:\/\/shop.camac-harps.com\/de\/\",\"name\":\"Camac Harps Shop\",\"description\":\"\",\"potentialAction\":[{\"@type\":\"SearchAction\",\"target\":{\"@type\":\"EntryPoint\",\"urlTemplate\":\"https:\/\/shop.camac-harps.com\/de\/?s={search_term_string}\"},\"query-input\":{\"@type\":\"PropertyValueSpecification\",\"valueRequired\":true,\"valueName\":\"search_term_string\"}}],\"inLanguage\":\"de\"}]}<\/script>","yoast_head_json":{"title":"Flourkarbon-Saite f\u00fcr Excalibur | Camac-Harfen Webshop","description":"Fluorkarbon-Saite (Savarez Alliance) f\u00fcr Harfe Excalibur : A 8 | Multifil geflochten | Robuste Flour-Karbonsaite.","robots":{"index":"index","follow":"follow","max-snippet":"max-snippet:-1","max-image-preview":"max-image-preview:large","max-video-preview":"max-video-preview:-1"},"canonical":"https:\/\/shop.camac-harps.com\/de\/produkt\/flourkarbon-saite-fur-excalibur-alliance-savarez-a-8\/","og_locale":"de_DE","og_type":"article","og_title":"Flourkarbon-Saite f\u00fcr Excalibur | Camac-Harfen Webshop","og_description":"Fluorkarbon-Saite (Savarez Alliance) f\u00fcr Harfe Excalibur : A 8 | Multifil geflochten | Robuste Flour-Karbonsaite.","og_url":"https:\/\/shop.camac-harps.com\/de\/produkt\/flourkarbon-saite-fur-excalibur-alliance-savarez-a-8\/","og_site_name":"Camac Harps Shop","article_modified_time":"2026-04-01T15:53:33+00:00","og_image":[{"width":1172,"height":1163,"url":"https:\/\/shop.camac-harps.com\/wp-content\/uploads\/sites\/25\/2025\/04\/4-kfexc.jpg","type":"image\/jpeg"}],"twitter_card":"summary_large_image","schema":{"@context":"https:\/\/schema.org","@graph":[{"@type":"WebPage","@id":"https:\/\/shop.camac-harps.com\/de\/produkt\/flourkarbon-saite-fur-excalibur-alliance-savarez-a-8\/","url":"https:\/\/shop.camac-harps.com\/de\/produkt\/flourkarbon-saite-fur-excalibur-alliance-savarez-a-8\/","name":"Flourkarbon-Saite f\u00fcr Excalibur | Camac-Harfen Webshop","isPartOf":{"@id":"https:\/\/shop.camac-harps.com\/de\/#website"},"primaryImageOfPage":{"@id":"https:\/\/shop.camac-harps.com\/de\/produkt\/flourkarbon-saite-fur-excalibur-alliance-savarez-a-8\/#primaryimage"},"image":{"@id":"https:\/\/shop.camac-harps.com\/de\/produkt\/flourkarbon-saite-fur-excalibur-alliance-savarez-a-8\/#primaryimage"},"thumbnailUrl":"https:\/\/shop.camac-harps.com\/wp-content\/uploads\/sites\/25\/2025\/04\/4-kfexc.jpg","datePublished":"2020-11-30T15:27:17+00:00","dateModified":"2026-04-01T15:53:33+00:00","description":"Fluorkarbon-Saite (Savarez Alliance) f\u00fcr Harfe Excalibur : A 8 | Multifil geflochten | Robuste Flour-Karbonsaite.","breadcrumb":{"@id":"https:\/\/shop.camac-harps.com\/de\/produkt\/flourkarbon-saite-fur-excalibur-alliance-savarez-a-8\/#breadcrumb"},"inLanguage":"de","potentialAction":[{"@type":"ReadAction","target":["https:\/\/shop.camac-harps.com\/de\/produkt\/flourkarbon-saite-fur-excalibur-alliance-savarez-a-8\/"]}]},{"@type":"ImageObject","inLanguage":"de","@id":"https:\/\/shop.camac-harps.com\/de\/produkt\/flourkarbon-saite-fur-excalibur-alliance-savarez-a-8\/#primaryimage","url":"https:\/\/shop.camac-harps.com\/wp-content\/uploads\/sites\/25\/2025\/04\/4-kfexc.jpg","contentUrl":"https:\/\/shop.camac-harps.com\/wp-content\/uploads\/sites\/25\/2025\/04\/4-kfexc.jpg","width":1172,"height":1163},{"@type":"BreadcrumbList","@id":"https:\/\/shop.camac-harps.com\/de\/produkt\/flourkarbon-saite-fur-excalibur-alliance-savarez-a-8\/#breadcrumb","itemListElement":[{"@type":"ListItem","position":1,"name":"Home","item":"https:\/\/shop.camac-harps.com\/de\/startseite\/"},{"@type":"ListItem","position":2,"name":"Startseite","item":"https:\/\/shop.camac-harps.com\/de\/startseite\/"},{"@type":"ListItem","position":3,"name":"Flourkarbon-Saite f\u00fcr Excalibur (Alliance Savarez), A 8"}]},{"@type":"WebSite","@id":"https:\/\/shop.camac-harps.com\/de\/#website","url":"https:\/\/shop.camac-harps.com\/de\/","name":"Camac Harps Shop","description":"","potentialAction":[{"@type":"SearchAction","target":{"@type":"EntryPoint","urlTemplate":"https:\/\/shop.camac-harps.com\/de\/?s={search_term_string}"},"query-input":{"@type":"PropertyValueSpecification","valueRequired":true,"valueName":"search_term_string"}}],"inLanguage":"de"}]}},"_links":{"self":[{"href":"https:\/\/shop.camac-harps.com\/de\/wp-json\/wp\/v2\/product\/34593","targetHints":{"allow":["GET"]}}],"collection":[{"href":"https:\/\/shop.camac-harps.com\/de\/wp-json\/wp\/v2\/product"}],"about":[{"href":"https:\/\/shop.camac-harps.com\/de\/wp-json\/wp\/v2\/types\/product"}],"replies":[{"embeddable":true,"href":"https:\/\/shop.camac-harps.com\/de\/wp-json\/wp\/v2\/comments?post=34593"}],"wp:featuredmedia":[{"embeddable":true,"href":"https:\/\/shop.camac-harps.com\/de\/wp-json\/wp\/v2\/media\/67038"}],"wp:attachment":[{"href":"https:\/\/shop.camac-harps.com\/de\/wp-json\/wp\/v2\/media?parent=34593"}],"wp:term":[{"taxonomy":"product_brand","embeddable":true,"href":"https:\/\/shop.camac-harps.com\/de\/wp-json\/wp\/v2\/product_brand?post=34593"},{"taxonomy":"product_cat","embeddable":true,"href":"https:\/\/shop.camac-harps.com\/de\/wp-json\/wp\/v2\/product_cat?post=34593"},{"taxonomy":"product_tag","embeddable":true,"href":"https:\/\/shop.camac-harps.com\/de\/wp-json\/wp\/v2\/product_tag?post=34593"}],"curies":[{"name":"wp","href":"https:\/\/api.w.org\/{rel}","templated":true}]}}