{"id":34677,"date":"2020-12-01T11:28:23","date_gmt":"2020-12-01T11:28:23","guid":{"rendered":"https:\/\/shop.camac-harps.com\/product\/saiten-komplett-set-fur-isolde-classique-flourkarbon-alliance-savarez-und-basssaiten-c00-a36\/"},"modified":"2026-04-01T15:52:50","modified_gmt":"2026-04-01T15:52:50","slug":"komplett-set-alliance-savarez-und-basssaiten-alternative-zu-kurschner-fur-isolde-classique-c-00-bis-a-36","status":"publish","type":"product","link":"https:\/\/shop.camac-harps.com\/de\/produkt\/komplett-set-alliance-savarez-und-basssaiten-alternative-zu-kurschner-fur-isolde-classique-c-00-bis-a-36\/","title":{"rendered":"Komplett-Set (Alliance Savarez und Basssaiten, Alternative zu K\u00fcrschner) f\u00fcr Isolde Classique: C 00 bis A 36"},"content":{"rendered":"<p style=\"text-align: justify;\"><strong>Was ist der Unterschied zwischen K\u00fcrschner und Alliance Savarez Fluor-Karbonsaiten? \u00a0<\/strong><\/p>\n<p style=\"text-align: justify;\">Das Fluor-Karbonmaterial ist dasselbe, aber die Saiten in den unteren Lagen sind bei <a href=\"https:\/\/shop.camac-harps.com\/de\/produkt\/saiten-komplett-set-fur-islode-classic-concert-flourkarbon-und-basssaiten-c00-a36\/\">K\u00fcrschner<\/a> monofil, w\u00e4hrend Savarez multifil geflochten ist. Einige Harfenisten bevorzugen den Klang der K\u00fcrschner in der mittleren Lage, finden die Saiten aber weniger robust als geflochtene Multifilamente. Wir haben deshalb beide Optionen f\u00fcr die <a href=\"https:\/\/de.camac-harps.com\/de\/harps-de\/haken\/isolde-%c2%b7-classic\/\">Isolde Classique<\/a> geschaffen, um den unterschiedlichen Vorlieben und Anforderungen der Harfenisten nachzukommen.<\/p>\n","protected":false},"excerpt":{"rendered":"<p>Was ist der Unterschied zwischen K\u00fcrschner und Alliance Savarez Fluor-Karbonsaiten? \u00a0 Das Fluor-Karbonmaterial ist dasselbe, aber die Saiten in den unteren Lagen sind bei K\u00fcrschner monofil, w\u00e4hrend Savarez multifil geflochten ist. Einige Harfenisten bevorzugen den Klang der K\u00fcrschner in der mittleren Lage, finden die Saiten aber weniger robust als geflochtene Multifilamente. Wir haben deshalb beide [&hellip;]<\/p>\n","protected":false},"featured_media":34698,"comment_status":"open","ping_status":"closed","template":"","meta":{"_acf_changed":false},"product_brand":[],"product_cat":[38,71,483,785,791,471],"product_tag":[],"class_list":{"0":"post-34677","1":"product","2":"type-product","3":"status-publish","4":"has-post-thumbnail","6":"product_cat-harfensaiten","7":"product_cat-saiten-sets","8":"product_cat-saiten-sets-fur-hakenharfe","9":"product_cat-saiten-sets-fuer-hakenharfe-mit-fluorkarbon-saiten","10":"product_cat-saiten-sets-isolde-classique-38-saiten","11":"product_cat-uncategorized-de","13":"first","14":"instock","15":"taxable","16":"shipping-taxable","17":"purchasable","18":"product-type-simple"},"acf":[],"yoast_head":"<title>Saiten-Komplett-Set f\u00fcr Isolde Classique-Harfe<\/title>\n<meta name=\"description\" content=\"Saiten-Komplett-Set f\u00fcr Isolde Classique (Flourkarbon Alliance Savarez- und Basssaiten), C00 \u2013 A36 | Camac-Harfen Webshop\" \/>\n<meta name=\"robots\" content=\"index, follow, max-snippet:-1, max-image-preview:large, max-video-preview:-1\" \/>\n<link rel=\"canonical\" href=\"https:\/\/shop.camac-harps.com\/de\/produkt\/komplett-set-alliance-savarez-und-basssaiten-alternative-zu-kurschner-fur-isolde-classique-c-00-bis-a-36\/\" \/>\n<meta property=\"og:locale\" content=\"de_DE\" \/>\n<meta property=\"og:type\" content=\"article\" \/>\n<meta property=\"og:title\" content=\"Saiten-Komplett-Set f\u00fcr Isolde Classique-Harfe\" \/>\n<meta property=\"og:description\" content=\"Saiten-Komplett-Set f\u00fcr Isolde Classique (Flourkarbon Alliance Savarez- und Basssaiten), C00 \u2013 A36 | Camac-Harfen Webshop\" \/>\n<meta property=\"og:url\" content=\"https:\/\/shop.camac-harps.com\/de\/produkt\/komplett-set-alliance-savarez-und-basssaiten-alternative-zu-kurschner-fur-isolde-classique-c-00-bis-a-36\/\" \/>\n<meta property=\"og:site_name\" content=\"Camac Harps Shop\" \/>\n<meta property=\"article:modified_time\" content=\"2026-04-01T15:52:50+00:00\" \/>\n<meta property=\"og:image\" content=\"https:\/\/shop.camac-harps.com\/wp-content\/uploads\/sites\/25\/2020\/12\/isoldefluorocarbone.jpg\" \/>\n\t<meta property=\"og:image:width\" content=\"800\" \/>\n\t<meta property=\"og:image:height\" content=\"800\" \/>\n\t<meta property=\"og:image:type\" content=\"image\/jpeg\" \/>\n<meta name=\"twitter:card\" content=\"summary_large_image\" \/>\n<script type=\"application\/ld+json\" class=\"yoast-schema-graph\">{\"@context\":\"https:\/\/schema.org\",\"@graph\":[{\"@type\":\"WebPage\",\"@id\":\"https:\/\/shop.camac-harps.com\/de\/produkt\/komplett-set-alliance-savarez-und-basssaiten-alternative-zu-kurschner-fur-isolde-classique-c-00-bis-a-36\/\",\"url\":\"https:\/\/shop.camac-harps.com\/de\/produkt\/komplett-set-alliance-savarez-und-basssaiten-alternative-zu-kurschner-fur-isolde-classique-c-00-bis-a-36\/\",\"name\":\"Saiten-Komplett-Set f\u00fcr Isolde Classique-Harfe\",\"isPartOf\":{\"@id\":\"https:\/\/shop.camac-harps.com\/de\/#website\"},\"primaryImageOfPage\":{\"@id\":\"https:\/\/shop.camac-harps.com\/de\/produkt\/komplett-set-alliance-savarez-und-basssaiten-alternative-zu-kurschner-fur-isolde-classique-c-00-bis-a-36\/#primaryimage\"},\"image\":{\"@id\":\"https:\/\/shop.camac-harps.com\/de\/produkt\/komplett-set-alliance-savarez-und-basssaiten-alternative-zu-kurschner-fur-isolde-classique-c-00-bis-a-36\/#primaryimage\"},\"thumbnailUrl\":\"https:\/\/shop.camac-harps.com\/wp-content\/uploads\/sites\/25\/2020\/12\/isoldefluorocarbone.jpg\",\"datePublished\":\"2020-12-01T11:28:23+00:00\",\"dateModified\":\"2026-04-01T15:52:50+00:00\",\"description\":\"Saiten-Komplett-Set f\u00fcr Isolde Classique (Flourkarbon Alliance Savarez- und Basssaiten), C00 \u2013 A36 | Camac-Harfen Webshop\",\"breadcrumb\":{\"@id\":\"https:\/\/shop.camac-harps.com\/de\/produkt\/komplett-set-alliance-savarez-und-basssaiten-alternative-zu-kurschner-fur-isolde-classique-c-00-bis-a-36\/#breadcrumb\"},\"inLanguage\":\"de\",\"potentialAction\":[{\"@type\":\"ReadAction\",\"target\":[\"https:\/\/shop.camac-harps.com\/de\/produkt\/komplett-set-alliance-savarez-und-basssaiten-alternative-zu-kurschner-fur-isolde-classique-c-00-bis-a-36\/\"]}]},{\"@type\":\"ImageObject\",\"inLanguage\":\"de\",\"@id\":\"https:\/\/shop.camac-harps.com\/de\/produkt\/komplett-set-alliance-savarez-und-basssaiten-alternative-zu-kurschner-fur-isolde-classique-c-00-bis-a-36\/#primaryimage\",\"url\":\"https:\/\/shop.camac-harps.com\/wp-content\/uploads\/sites\/25\/2020\/12\/isoldefluorocarbone.jpg\",\"contentUrl\":\"https:\/\/shop.camac-harps.com\/wp-content\/uploads\/sites\/25\/2020\/12\/isoldefluorocarbone.jpg\",\"width\":800,\"height\":800,\"caption\":\"Cordes pour harpe Isolde\"},{\"@type\":\"BreadcrumbList\",\"@id\":\"https:\/\/shop.camac-harps.com\/de\/produkt\/komplett-set-alliance-savarez-und-basssaiten-alternative-zu-kurschner-fur-isolde-classique-c-00-bis-a-36\/#breadcrumb\",\"itemListElement\":[{\"@type\":\"ListItem\",\"position\":1,\"name\":\"Home\",\"item\":\"https:\/\/shop.camac-harps.com\/de\/startseite\/\"},{\"@type\":\"ListItem\",\"position\":2,\"name\":\"Startseite\",\"item\":\"https:\/\/shop.camac-harps.com\/de\/startseite\/\"},{\"@type\":\"ListItem\",\"position\":3,\"name\":\"Komplett-Set (Alliance Savarez und Basssaiten, Alternative zu K\u00fcrschner) f\u00fcr Isolde Classique: C 00 bis A 36\"}]},{\"@type\":\"WebSite\",\"@id\":\"https:\/\/shop.camac-harps.com\/de\/#website\",\"url\":\"https:\/\/shop.camac-harps.com\/de\/\",\"name\":\"Camac Harps Shop\",\"description\":\"\",\"potentialAction\":[{\"@type\":\"SearchAction\",\"target\":{\"@type\":\"EntryPoint\",\"urlTemplate\":\"https:\/\/shop.camac-harps.com\/de\/?s={search_term_string}\"},\"query-input\":{\"@type\":\"PropertyValueSpecification\",\"valueRequired\":true,\"valueName\":\"search_term_string\"}}],\"inLanguage\":\"de\"}]}<\/script>","yoast_head_json":{"title":"Saiten-Komplett-Set f\u00fcr Isolde Classique-Harfe","description":"Saiten-Komplett-Set f\u00fcr Isolde Classique (Flourkarbon Alliance Savarez- und Basssaiten), C00 \u2013 A36 | Camac-Harfen Webshop","robots":{"index":"index","follow":"follow","max-snippet":"max-snippet:-1","max-image-preview":"max-image-preview:large","max-video-preview":"max-video-preview:-1"},"canonical":"https:\/\/shop.camac-harps.com\/de\/produkt\/komplett-set-alliance-savarez-und-basssaiten-alternative-zu-kurschner-fur-isolde-classique-c-00-bis-a-36\/","og_locale":"de_DE","og_type":"article","og_title":"Saiten-Komplett-Set f\u00fcr Isolde Classique-Harfe","og_description":"Saiten-Komplett-Set f\u00fcr Isolde Classique (Flourkarbon Alliance Savarez- und Basssaiten), C00 \u2013 A36 | Camac-Harfen Webshop","og_url":"https:\/\/shop.camac-harps.com\/de\/produkt\/komplett-set-alliance-savarez-und-basssaiten-alternative-zu-kurschner-fur-isolde-classique-c-00-bis-a-36\/","og_site_name":"Camac Harps Shop","article_modified_time":"2026-04-01T15:52:50+00:00","og_image":[{"width":800,"height":800,"url":"https:\/\/shop.camac-harps.com\/wp-content\/uploads\/sites\/25\/2020\/12\/isoldefluorocarbone.jpg","type":"image\/jpeg"}],"twitter_card":"summary_large_image","schema":{"@context":"https:\/\/schema.org","@graph":[{"@type":"WebPage","@id":"https:\/\/shop.camac-harps.com\/de\/produkt\/komplett-set-alliance-savarez-und-basssaiten-alternative-zu-kurschner-fur-isolde-classique-c-00-bis-a-36\/","url":"https:\/\/shop.camac-harps.com\/de\/produkt\/komplett-set-alliance-savarez-und-basssaiten-alternative-zu-kurschner-fur-isolde-classique-c-00-bis-a-36\/","name":"Saiten-Komplett-Set f\u00fcr Isolde Classique-Harfe","isPartOf":{"@id":"https:\/\/shop.camac-harps.com\/de\/#website"},"primaryImageOfPage":{"@id":"https:\/\/shop.camac-harps.com\/de\/produkt\/komplett-set-alliance-savarez-und-basssaiten-alternative-zu-kurschner-fur-isolde-classique-c-00-bis-a-36\/#primaryimage"},"image":{"@id":"https:\/\/shop.camac-harps.com\/de\/produkt\/komplett-set-alliance-savarez-und-basssaiten-alternative-zu-kurschner-fur-isolde-classique-c-00-bis-a-36\/#primaryimage"},"thumbnailUrl":"https:\/\/shop.camac-harps.com\/wp-content\/uploads\/sites\/25\/2020\/12\/isoldefluorocarbone.jpg","datePublished":"2020-12-01T11:28:23+00:00","dateModified":"2026-04-01T15:52:50+00:00","description":"Saiten-Komplett-Set f\u00fcr Isolde Classique (Flourkarbon Alliance Savarez- und Basssaiten), C00 \u2013 A36 | Camac-Harfen Webshop","breadcrumb":{"@id":"https:\/\/shop.camac-harps.com\/de\/produkt\/komplett-set-alliance-savarez-und-basssaiten-alternative-zu-kurschner-fur-isolde-classique-c-00-bis-a-36\/#breadcrumb"},"inLanguage":"de","potentialAction":[{"@type":"ReadAction","target":["https:\/\/shop.camac-harps.com\/de\/produkt\/komplett-set-alliance-savarez-und-basssaiten-alternative-zu-kurschner-fur-isolde-classique-c-00-bis-a-36\/"]}]},{"@type":"ImageObject","inLanguage":"de","@id":"https:\/\/shop.camac-harps.com\/de\/produkt\/komplett-set-alliance-savarez-und-basssaiten-alternative-zu-kurschner-fur-isolde-classique-c-00-bis-a-36\/#primaryimage","url":"https:\/\/shop.camac-harps.com\/wp-content\/uploads\/sites\/25\/2020\/12\/isoldefluorocarbone.jpg","contentUrl":"https:\/\/shop.camac-harps.com\/wp-content\/uploads\/sites\/25\/2020\/12\/isoldefluorocarbone.jpg","width":800,"height":800,"caption":"Cordes pour harpe Isolde"},{"@type":"BreadcrumbList","@id":"https:\/\/shop.camac-harps.com\/de\/produkt\/komplett-set-alliance-savarez-und-basssaiten-alternative-zu-kurschner-fur-isolde-classique-c-00-bis-a-36\/#breadcrumb","itemListElement":[{"@type":"ListItem","position":1,"name":"Home","item":"https:\/\/shop.camac-harps.com\/de\/startseite\/"},{"@type":"ListItem","position":2,"name":"Startseite","item":"https:\/\/shop.camac-harps.com\/de\/startseite\/"},{"@type":"ListItem","position":3,"name":"Komplett-Set (Alliance Savarez und Basssaiten, Alternative zu K\u00fcrschner) f\u00fcr Isolde Classique: C 00 bis A 36"}]},{"@type":"WebSite","@id":"https:\/\/shop.camac-harps.com\/de\/#website","url":"https:\/\/shop.camac-harps.com\/de\/","name":"Camac Harps Shop","description":"","potentialAction":[{"@type":"SearchAction","target":{"@type":"EntryPoint","urlTemplate":"https:\/\/shop.camac-harps.com\/de\/?s={search_term_string}"},"query-input":{"@type":"PropertyValueSpecification","valueRequired":true,"valueName":"search_term_string"}}],"inLanguage":"de"}]}},"_links":{"self":[{"href":"https:\/\/shop.camac-harps.com\/de\/wp-json\/wp\/v2\/product\/34677","targetHints":{"allow":["GET"]}}],"collection":[{"href":"https:\/\/shop.camac-harps.com\/de\/wp-json\/wp\/v2\/product"}],"about":[{"href":"https:\/\/shop.camac-harps.com\/de\/wp-json\/wp\/v2\/types\/product"}],"replies":[{"embeddable":true,"href":"https:\/\/shop.camac-harps.com\/de\/wp-json\/wp\/v2\/comments?post=34677"}],"wp:featuredmedia":[{"embeddable":true,"href":"https:\/\/shop.camac-harps.com\/de\/wp-json\/wp\/v2\/media\/34698"}],"wp:attachment":[{"href":"https:\/\/shop.camac-harps.com\/de\/wp-json\/wp\/v2\/media?parent=34677"}],"wp:term":[{"taxonomy":"product_brand","embeddable":true,"href":"https:\/\/shop.camac-harps.com\/de\/wp-json\/wp\/v2\/product_brand?post=34677"},{"taxonomy":"product_cat","embeddable":true,"href":"https:\/\/shop.camac-harps.com\/de\/wp-json\/wp\/v2\/product_cat?post=34677"},{"taxonomy":"product_tag","embeddable":true,"href":"https:\/\/shop.camac-harps.com\/de\/wp-json\/wp\/v2\/product_tag?post=34677"}],"curies":[{"name":"wp","href":"https:\/\/api.w.org\/{rel}","templated":true}]}}