{"id":35494,"date":"2020-12-16T09:37:12","date_gmt":"2020-12-16T09:37:12","guid":{"rendered":"https:\/\/shop.camac-harps.com\/product\/1-set-pedalumwicklungen-fur-konzertharfe\/"},"modified":"2024-11-07T15:02:23","modified_gmt":"2024-11-07T15:02:23","slug":"1-set-pedalumwicklungen-fur-konzertharfe","status":"publish","type":"product","link":"https:\/\/shop.camac-harps.com\/de\/produkt\/1-set-pedalumwicklungen-fur-konzertharfe\/","title":{"rendered":"1 Set Pedalumwicklungen f\u00fcr Konzertharfe"},"content":{"rendered":"<div><span style=\"color: #000000;\">Das Set beinhaltet 7 Pedalumwicklungen, fertig f\u00fcr den Gebrauch. Diese sind vorgeklebt\u00a0 &#8211; perfekt f\u00fcr ein leises Umstellen der Pedale.<\/span><\/div>\n<div>\u00a0<\/div>\n<div><span style=\"color: #000000;\">Gebrauchsanleitung: Mithilfe eines gro\u00dfen Schlitzschraubendrehers schrauben Sie das Pedalansatzst\u00fcck\u00a0(gold) ab und entfernen anschlie\u00dfend die alten\u00a0Pedalumwicklungen.<\/span><\/div>\n<div><span style=\"color: #000000;\">Bringen Sie die neuen Pedalumwicklungen an den Pedalen an, indem Sie sie \u00fcber die Pedale gleiten lassen. Anschlie\u00dfend bringen Sie die Pedalansatzst\u00fccke wieder an der Harfe an.\u00a0<\/span><\/div>\n<div>\u00a0<\/div>\n<div><span style=\"color: #000000;\">Position: Wenn Sie die neuen Umwicklungen \u00fcber die Pedale ziehen, vergewissern Sie sich, dass die Naht nach au\u00dfen der Einrastung zeigt.<\/span><\/div>\n<div><span style=\"color: #000000;\">Pedale D,C,H: die Naht sollte auf einer imagin\u00e4ren Uhr auf &#8222;50min&#8220; platziert werden.<\/span><\/div>\n<div><span style=\"color: #000000;\">Pedale E,F,G,A:\u00a0die Naht sollte auf\u00a0 auf &#8222;10min&#8220; platziert werden.\u00a0<\/span><\/div>\n<div><span style=\"color: #000000;\">Die zwei l\u00e4ngsten Pedalumwicklungen geh\u00f6ren auf die \u00e4u\u00dferen Pedale, D und A.\u00a0<\/span><\/div>\n<div>\u00a0<\/div>\n<div><span style=\"color: #000000;\">Achtung: diese Pedalumwicklungen sind nur mit Camac-Harfen kompatibel.<\/span><\/div>\n","protected":false},"excerpt":{"rendered":"<p>Das Set beinhaltet 7 Pedalumwicklungen, fertig f\u00fcr den Gebrauch. Diese sind vorgeklebt\u00a0 &#8211; perfekt f\u00fcr ein leises Umstellen der Pedale. \u00a0 Gebrauchsanleitung: Mithilfe eines gro\u00dfen Schlitzschraubendrehers schrauben Sie das Pedalansatzst\u00fcck\u00a0(gold) ab und entfernen anschlie\u00dfend die alten\u00a0Pedalumwicklungen. Bringen Sie die neuen Pedalumwicklungen an den Pedalen an, indem Sie sie \u00fcber die Pedale gleiten lassen. Anschlie\u00dfend bringen [&hellip;]<\/p>\n","protected":false},"featured_media":35482,"comment_status":"open","ping_status":"closed","template":"","meta":{"_acf_changed":false},"product_brand":[],"product_cat":[443,41],"product_tag":[],"class_list":{"0":"post-35494","1":"product","2":"type-product","3":"status-publish","4":"has-post-thumbnail","6":"product_cat-ersatzteile-und-werkzeuge","7":"product_cat-zubehor-harfenhuellen","9":"first","10":"instock","11":"taxable","12":"shipping-taxable","13":"purchasable","14":"product-type-variable"},"acf":[],"yoast_head":"<title>Pedalumwicklungen f\u00fcr Camac-Konzertharfen | Camac-Harfen Webshop<\/title>\n<meta name=\"description\" content=\"Satz mit 7 Pedalumwicklungen, einbaufertig | Optionen: rotes Leder, gr\u00fcnes Leder (nur f\u00fcr Canop\u00e9e),\" \/>\n<meta name=\"robots\" content=\"index, follow, max-snippet:-1, max-image-preview:large, max-video-preview:-1\" \/>\n<link rel=\"canonical\" href=\"https:\/\/shop.camac-harps.com\/de\/produkt\/1-set-pedalumwicklungen-fur-konzertharfe\/\" \/>\n<meta property=\"og:locale\" content=\"de_DE\" \/>\n<meta property=\"og:type\" content=\"article\" \/>\n<meta property=\"og:title\" content=\"Pedalumwicklungen f\u00fcr Camac-Konzertharfen | Camac-Harfen Webshop\" \/>\n<meta property=\"og:description\" content=\"Satz mit 7 Pedalumwicklungen, einbaufertig | Optionen: rotes Leder, gr\u00fcnes Leder (nur f\u00fcr Canop\u00e9e),\" \/>\n<meta property=\"og:url\" content=\"https:\/\/shop.camac-harps.com\/de\/produkt\/1-set-pedalumwicklungen-fur-konzertharfe\/\" \/>\n<meta property=\"og:site_name\" content=\"Camac Harps Shop\" \/>\n<meta property=\"article:modified_time\" content=\"2024-11-07T15:02:23+00:00\" \/>\n<meta property=\"og:image\" content=\"https:\/\/shop.camac-harps.com\/wp-content\/uploads\/sites\/25\/2020\/12\/feutrerouge.jpeg\" \/>\n\t<meta property=\"og:image:width\" content=\"1200\" \/>\n\t<meta property=\"og:image:height\" content=\"937\" \/>\n\t<meta property=\"og:image:type\" content=\"image\/jpeg\" \/>\n<meta name=\"twitter:card\" content=\"summary_large_image\" \/>\n<meta name=\"twitter:label1\" content=\"Gesch\u00e4tzte Lesezeit\" \/>\n\t<meta name=\"twitter:data1\" content=\"1\u00a0Minute\" \/>\n<script type=\"application\/ld+json\" class=\"yoast-schema-graph\">{\"@context\":\"https:\/\/schema.org\",\"@graph\":[{\"@type\":\"WebPage\",\"@id\":\"https:\/\/shop.camac-harps.com\/de\/produkt\/1-set-pedalumwicklungen-fur-konzertharfe\/\",\"url\":\"https:\/\/shop.camac-harps.com\/de\/produkt\/1-set-pedalumwicklungen-fur-konzertharfe\/\",\"name\":\"Pedalumwicklungen f\u00fcr Camac-Konzertharfen | Camac-Harfen Webshop\",\"isPartOf\":{\"@id\":\"https:\/\/shop.camac-harps.com\/de\/#website\"},\"primaryImageOfPage\":{\"@id\":\"https:\/\/shop.camac-harps.com\/de\/produkt\/1-set-pedalumwicklungen-fur-konzertharfe\/#primaryimage\"},\"image\":{\"@id\":\"https:\/\/shop.camac-harps.com\/de\/produkt\/1-set-pedalumwicklungen-fur-konzertharfe\/#primaryimage\"},\"thumbnailUrl\":\"https:\/\/shop.camac-harps.com\/wp-content\/uploads\/sites\/25\/2020\/12\/feutrerouge.jpeg\",\"datePublished\":\"2020-12-16T09:37:12+00:00\",\"dateModified\":\"2024-11-07T15:02:23+00:00\",\"description\":\"Satz mit 7 Pedalumwicklungen, einbaufertig | Optionen: rotes Leder, gr\u00fcnes Leder (nur f\u00fcr Canop\u00e9e),\",\"breadcrumb\":{\"@id\":\"https:\/\/shop.camac-harps.com\/de\/produkt\/1-set-pedalumwicklungen-fur-konzertharfe\/#breadcrumb\"},\"inLanguage\":\"de\",\"potentialAction\":[{\"@type\":\"ReadAction\",\"target\":[\"https:\/\/shop.camac-harps.com\/de\/produkt\/1-set-pedalumwicklungen-fur-konzertharfe\/\"]}]},{\"@type\":\"ImageObject\",\"inLanguage\":\"de\",\"@id\":\"https:\/\/shop.camac-harps.com\/de\/produkt\/1-set-pedalumwicklungen-fur-konzertharfe\/#primaryimage\",\"url\":\"https:\/\/shop.camac-harps.com\/wp-content\/uploads\/sites\/25\/2020\/12\/feutrerouge.jpeg\",\"contentUrl\":\"https:\/\/shop.camac-harps.com\/wp-content\/uploads\/sites\/25\/2020\/12\/feutrerouge.jpeg\",\"width\":1200,\"height\":937,\"caption\":\"Roter verst\u00e4rkter Filz\"},{\"@type\":\"BreadcrumbList\",\"@id\":\"https:\/\/shop.camac-harps.com\/de\/produkt\/1-set-pedalumwicklungen-fur-konzertharfe\/#breadcrumb\",\"itemListElement\":[{\"@type\":\"ListItem\",\"position\":1,\"name\":\"Home\",\"item\":\"https:\/\/shop.camac-harps.com\/de\/startseite\/\"},{\"@type\":\"ListItem\",\"position\":2,\"name\":\"Startseite\",\"item\":\"https:\/\/shop.camac-harps.com\/de\/startseite\/\"},{\"@type\":\"ListItem\",\"position\":3,\"name\":\"1 Set Pedalumwicklungen f\u00fcr Konzertharfe\"}]},{\"@type\":\"WebSite\",\"@id\":\"https:\/\/shop.camac-harps.com\/de\/#website\",\"url\":\"https:\/\/shop.camac-harps.com\/de\/\",\"name\":\"Camac Harps Shop\",\"description\":\"\",\"potentialAction\":[{\"@type\":\"SearchAction\",\"target\":{\"@type\":\"EntryPoint\",\"urlTemplate\":\"https:\/\/shop.camac-harps.com\/de\/?s={search_term_string}\"},\"query-input\":{\"@type\":\"PropertyValueSpecification\",\"valueRequired\":true,\"valueName\":\"search_term_string\"}}],\"inLanguage\":\"de\"}]}<\/script>","yoast_head_json":{"title":"Pedalumwicklungen f\u00fcr Camac-Konzertharfen | Camac-Harfen Webshop","description":"Satz mit 7 Pedalumwicklungen, einbaufertig | Optionen: rotes Leder, gr\u00fcnes Leder (nur f\u00fcr Canop\u00e9e),","robots":{"index":"index","follow":"follow","max-snippet":"max-snippet:-1","max-image-preview":"max-image-preview:large","max-video-preview":"max-video-preview:-1"},"canonical":"https:\/\/shop.camac-harps.com\/de\/produkt\/1-set-pedalumwicklungen-fur-konzertharfe\/","og_locale":"de_DE","og_type":"article","og_title":"Pedalumwicklungen f\u00fcr Camac-Konzertharfen | Camac-Harfen Webshop","og_description":"Satz mit 7 Pedalumwicklungen, einbaufertig | Optionen: rotes Leder, gr\u00fcnes Leder (nur f\u00fcr Canop\u00e9e),","og_url":"https:\/\/shop.camac-harps.com\/de\/produkt\/1-set-pedalumwicklungen-fur-konzertharfe\/","og_site_name":"Camac Harps Shop","article_modified_time":"2024-11-07T15:02:23+00:00","og_image":[{"width":1200,"height":937,"url":"https:\/\/shop.camac-harps.com\/wp-content\/uploads\/sites\/25\/2020\/12\/feutrerouge.jpeg","type":"image\/jpeg"}],"twitter_card":"summary_large_image","twitter_misc":{"Gesch\u00e4tzte Lesezeit":"1\u00a0Minute"},"schema":{"@context":"https:\/\/schema.org","@graph":[{"@type":"WebPage","@id":"https:\/\/shop.camac-harps.com\/de\/produkt\/1-set-pedalumwicklungen-fur-konzertharfe\/","url":"https:\/\/shop.camac-harps.com\/de\/produkt\/1-set-pedalumwicklungen-fur-konzertharfe\/","name":"Pedalumwicklungen f\u00fcr Camac-Konzertharfen | Camac-Harfen Webshop","isPartOf":{"@id":"https:\/\/shop.camac-harps.com\/de\/#website"},"primaryImageOfPage":{"@id":"https:\/\/shop.camac-harps.com\/de\/produkt\/1-set-pedalumwicklungen-fur-konzertharfe\/#primaryimage"},"image":{"@id":"https:\/\/shop.camac-harps.com\/de\/produkt\/1-set-pedalumwicklungen-fur-konzertharfe\/#primaryimage"},"thumbnailUrl":"https:\/\/shop.camac-harps.com\/wp-content\/uploads\/sites\/25\/2020\/12\/feutrerouge.jpeg","datePublished":"2020-12-16T09:37:12+00:00","dateModified":"2024-11-07T15:02:23+00:00","description":"Satz mit 7 Pedalumwicklungen, einbaufertig | Optionen: rotes Leder, gr\u00fcnes Leder (nur f\u00fcr Canop\u00e9e),","breadcrumb":{"@id":"https:\/\/shop.camac-harps.com\/de\/produkt\/1-set-pedalumwicklungen-fur-konzertharfe\/#breadcrumb"},"inLanguage":"de","potentialAction":[{"@type":"ReadAction","target":["https:\/\/shop.camac-harps.com\/de\/produkt\/1-set-pedalumwicklungen-fur-konzertharfe\/"]}]},{"@type":"ImageObject","inLanguage":"de","@id":"https:\/\/shop.camac-harps.com\/de\/produkt\/1-set-pedalumwicklungen-fur-konzertharfe\/#primaryimage","url":"https:\/\/shop.camac-harps.com\/wp-content\/uploads\/sites\/25\/2020\/12\/feutrerouge.jpeg","contentUrl":"https:\/\/shop.camac-harps.com\/wp-content\/uploads\/sites\/25\/2020\/12\/feutrerouge.jpeg","width":1200,"height":937,"caption":"Roter verst\u00e4rkter Filz"},{"@type":"BreadcrumbList","@id":"https:\/\/shop.camac-harps.com\/de\/produkt\/1-set-pedalumwicklungen-fur-konzertharfe\/#breadcrumb","itemListElement":[{"@type":"ListItem","position":1,"name":"Home","item":"https:\/\/shop.camac-harps.com\/de\/startseite\/"},{"@type":"ListItem","position":2,"name":"Startseite","item":"https:\/\/shop.camac-harps.com\/de\/startseite\/"},{"@type":"ListItem","position":3,"name":"1 Set Pedalumwicklungen f\u00fcr Konzertharfe"}]},{"@type":"WebSite","@id":"https:\/\/shop.camac-harps.com\/de\/#website","url":"https:\/\/shop.camac-harps.com\/de\/","name":"Camac Harps Shop","description":"","potentialAction":[{"@type":"SearchAction","target":{"@type":"EntryPoint","urlTemplate":"https:\/\/shop.camac-harps.com\/de\/?s={search_term_string}"},"query-input":{"@type":"PropertyValueSpecification","valueRequired":true,"valueName":"search_term_string"}}],"inLanguage":"de"}]}},"_links":{"self":[{"href":"https:\/\/shop.camac-harps.com\/de\/wp-json\/wp\/v2\/product\/35494","targetHints":{"allow":["GET"]}}],"collection":[{"href":"https:\/\/shop.camac-harps.com\/de\/wp-json\/wp\/v2\/product"}],"about":[{"href":"https:\/\/shop.camac-harps.com\/de\/wp-json\/wp\/v2\/types\/product"}],"replies":[{"embeddable":true,"href":"https:\/\/shop.camac-harps.com\/de\/wp-json\/wp\/v2\/comments?post=35494"}],"wp:featuredmedia":[{"embeddable":true,"href":"https:\/\/shop.camac-harps.com\/de\/wp-json\/wp\/v2\/media\/35482"}],"wp:attachment":[{"href":"https:\/\/shop.camac-harps.com\/de\/wp-json\/wp\/v2\/media?parent=35494"}],"wp:term":[{"taxonomy":"product_brand","embeddable":true,"href":"https:\/\/shop.camac-harps.com\/de\/wp-json\/wp\/v2\/product_brand?post=35494"},{"taxonomy":"product_cat","embeddable":true,"href":"https:\/\/shop.camac-harps.com\/de\/wp-json\/wp\/v2\/product_cat?post=35494"},{"taxonomy":"product_tag","embeddable":true,"href":"https:\/\/shop.camac-harps.com\/de\/wp-json\/wp\/v2\/product_tag?post=35494"}],"curies":[{"name":"wp","href":"https:\/\/api.w.org\/{rel}","templated":true}]}}