{"id":35767,"date":"2021-01-08T10:09:21","date_gmt":"2021-01-08T10:09:21","guid":{"rendered":"https:\/\/shop.camac-harps.com\/product\/krzyzanowska-justyna-und-leesik-kristina-woodlands\/"},"modified":"2024-07-17T15:09:57","modified_gmt":"2024-07-17T15:09:57","slug":"krzyzanowska-justyna-und-leesik-kristina-woodlands","status":"publish","type":"product","link":"https:\/\/shop.camac-harps.com\/de\/produkt\/krzyzanowska-justyna-und-leesik-kristina-woodlands\/","title":{"rendered":"KRZYZANOWSKA Justyna und LEESIK Kristina: Woodlands"},"content":{"rendered":"<p>Ein super Newcomer in der modernen Trad-Szene! Das Stockholmer Duo <a href=\"https:\/\/woodlandsduo.com\/\">Woodlands<\/a> &#8211; die Geigerin Kristina Leesik und die Lever Harpistin Justyna Krzy\u017canowska &#8211; haben gerade ihr Deb\u00fctalbum ver\u00f6ffentlicht. Es ist ein frischer und sch\u00f6ner Mix: Elemente von Jazz und Pop tragen zu seiner gro\u00dfen emotionalen und musikalischen Bandbreite bei, ebenso wie die Mischung aus traditionellen Arrangements und Eigenkompositionen. Lesen Sie mehr auf dem <a href=\"https:\/\/www.camac-harps.com\/blog\/en\/latest\/christmas-trad-and-a-debut-album-from-woodlands\/\">Camac Blog<\/a>.<\/p>\n","protected":false},"excerpt":{"rendered":"<p>Ein super Newcomer in der modernen Trad-Szene! Das Stockholmer Duo Woodlands &#8211; die Geigerin Kristina Leesik und die Lever Harpistin Justyna Krzy\u017canowska &#8211; haben gerade ihr Deb\u00fctalbum ver\u00f6ffentlicht. Es ist ein frischer und sch\u00f6ner Mix: Elemente von Jazz und Pop tragen zu seiner gro\u00dfen emotionalen und musikalischen Bandbreite bei, ebenso wie die Mischung aus traditionellen [&hellip;]<\/p>\n","protected":false},"featured_media":35760,"comment_status":"open","ping_status":"closed","template":"","meta":{"_acf_changed":false},"product_brand":[],"product_cat":[368,98],"product_tag":[],"class_list":{"0":"post-35767","1":"product","2":"type-product","3":"status-publish","4":"has-post-thumbnail","6":"product_cat-cd-cds-dvds","7":"product_cat-cds-dvds","9":"first","10":"instock","11":"taxable","12":"shipping-taxable","13":"purchasable","14":"product-type-simple"},"acf":[],"yoast_head":"<title>KRZYZANOWSKA Justyna und LEESIK Kristina: Woodlands - Camac Harps Shop<\/title>\n<meta name=\"robots\" content=\"index, follow, max-snippet:-1, max-image-preview:large, max-video-preview:-1\" \/>\n<link rel=\"canonical\" href=\"https:\/\/shop.camac-harps.com\/de\/produkt\/krzyzanowska-justyna-und-leesik-kristina-woodlands\/\" \/>\n<meta property=\"og:locale\" content=\"de_DE\" \/>\n<meta property=\"og:type\" content=\"article\" \/>\n<meta property=\"og:title\" content=\"KRZYZANOWSKA Justyna und LEESIK Kristina: Woodlands - Camac Harps Shop\" \/>\n<meta property=\"og:description\" content=\"Ein super Newcomer in der modernen Trad-Szene! Das Stockholmer Duo Woodlands &#8211; die Geigerin Kristina Leesik und die Lever Harpistin Justyna Krzy\u017canowska &#8211; haben gerade ihr Deb\u00fctalbum ver\u00f6ffentlicht. Es ist ein frischer und sch\u00f6ner Mix: Elemente von Jazz und Pop tragen zu seiner gro\u00dfen emotionalen und musikalischen Bandbreite bei, ebenso wie die Mischung aus traditionellen [&hellip;]\" \/>\n<meta property=\"og:url\" content=\"https:\/\/shop.camac-harps.com\/de\/produkt\/krzyzanowska-justyna-und-leesik-kristina-woodlands\/\" \/>\n<meta property=\"og:site_name\" content=\"Camac Harps Shop\" \/>\n<meta property=\"article:modified_time\" content=\"2024-07-17T15:09:57+00:00\" \/>\n<meta property=\"og:image\" content=\"https:\/\/shop.camac-harps.com\/wp-content\/uploads\/sites\/25\/2021\/01\/cdkaja01.jpg\" \/>\n\t<meta property=\"og:image:width\" content=\"1602\" \/>\n\t<meta property=\"og:image:height\" content=\"1452\" \/>\n\t<meta property=\"og:image:type\" content=\"image\/jpeg\" \/>\n<meta name=\"twitter:card\" content=\"summary_large_image\" \/>\n<script type=\"application\/ld+json\" class=\"yoast-schema-graph\">{\"@context\":\"https:\/\/schema.org\",\"@graph\":[{\"@type\":\"WebPage\",\"@id\":\"https:\/\/shop.camac-harps.com\/de\/produkt\/krzyzanowska-justyna-und-leesik-kristina-woodlands\/\",\"url\":\"https:\/\/shop.camac-harps.com\/de\/produkt\/krzyzanowska-justyna-und-leesik-kristina-woodlands\/\",\"name\":\"KRZYZANOWSKA Justyna und LEESIK Kristina: Woodlands - Camac Harps Shop\",\"isPartOf\":{\"@id\":\"https:\/\/shop.camac-harps.com\/de\/#website\"},\"primaryImageOfPage\":{\"@id\":\"https:\/\/shop.camac-harps.com\/de\/produkt\/krzyzanowska-justyna-und-leesik-kristina-woodlands\/#primaryimage\"},\"image\":{\"@id\":\"https:\/\/shop.camac-harps.com\/de\/produkt\/krzyzanowska-justyna-und-leesik-kristina-woodlands\/#primaryimage\"},\"thumbnailUrl\":\"https:\/\/shop.camac-harps.com\/wp-content\/uploads\/sites\/25\/2021\/01\/cdkaja01.jpg\",\"datePublished\":\"2021-01-08T10:09:21+00:00\",\"dateModified\":\"2024-07-17T15:09:57+00:00\",\"breadcrumb\":{\"@id\":\"https:\/\/shop.camac-harps.com\/de\/produkt\/krzyzanowska-justyna-und-leesik-kristina-woodlands\/#breadcrumb\"},\"inLanguage\":\"de\",\"potentialAction\":[{\"@type\":\"ReadAction\",\"target\":[\"https:\/\/shop.camac-harps.com\/de\/produkt\/krzyzanowska-justyna-und-leesik-kristina-woodlands\/\"]}]},{\"@type\":\"ImageObject\",\"inLanguage\":\"de\",\"@id\":\"https:\/\/shop.camac-harps.com\/de\/produkt\/krzyzanowska-justyna-und-leesik-kristina-woodlands\/#primaryimage\",\"url\":\"https:\/\/shop.camac-harps.com\/wp-content\/uploads\/sites\/25\/2021\/01\/cdkaja01.jpg\",\"contentUrl\":\"https:\/\/shop.camac-harps.com\/wp-content\/uploads\/sites\/25\/2021\/01\/cdkaja01.jpg\",\"width\":1602,\"height\":1452,\"caption\":\"Woodlands\"},{\"@type\":\"BreadcrumbList\",\"@id\":\"https:\/\/shop.camac-harps.com\/de\/produkt\/krzyzanowska-justyna-und-leesik-kristina-woodlands\/#breadcrumb\",\"itemListElement\":[{\"@type\":\"ListItem\",\"position\":1,\"name\":\"Home\",\"item\":\"https:\/\/shop.camac-harps.com\/de\/startseite\/\"},{\"@type\":\"ListItem\",\"position\":2,\"name\":\"Startseite\",\"item\":\"https:\/\/shop.camac-harps.com\/de\/startseite\/\"},{\"@type\":\"ListItem\",\"position\":3,\"name\":\"KRZYZANOWSKA Justyna und LEESIK Kristina: Woodlands\"}]},{\"@type\":\"WebSite\",\"@id\":\"https:\/\/shop.camac-harps.com\/de\/#website\",\"url\":\"https:\/\/shop.camac-harps.com\/de\/\",\"name\":\"Camac Harps Shop\",\"description\":\"\",\"potentialAction\":[{\"@type\":\"SearchAction\",\"target\":{\"@type\":\"EntryPoint\",\"urlTemplate\":\"https:\/\/shop.camac-harps.com\/de\/?s={search_term_string}\"},\"query-input\":{\"@type\":\"PropertyValueSpecification\",\"valueRequired\":true,\"valueName\":\"search_term_string\"}}],\"inLanguage\":\"de\"}]}<\/script>","yoast_head_json":{"title":"KRZYZANOWSKA Justyna und LEESIK Kristina: Woodlands - Camac Harps Shop","robots":{"index":"index","follow":"follow","max-snippet":"max-snippet:-1","max-image-preview":"max-image-preview:large","max-video-preview":"max-video-preview:-1"},"canonical":"https:\/\/shop.camac-harps.com\/de\/produkt\/krzyzanowska-justyna-und-leesik-kristina-woodlands\/","og_locale":"de_DE","og_type":"article","og_title":"KRZYZANOWSKA Justyna und LEESIK Kristina: Woodlands - Camac Harps Shop","og_description":"Ein super Newcomer in der modernen Trad-Szene! Das Stockholmer Duo Woodlands &#8211; die Geigerin Kristina Leesik und die Lever Harpistin Justyna Krzy\u017canowska &#8211; haben gerade ihr Deb\u00fctalbum ver\u00f6ffentlicht. Es ist ein frischer und sch\u00f6ner Mix: Elemente von Jazz und Pop tragen zu seiner gro\u00dfen emotionalen und musikalischen Bandbreite bei, ebenso wie die Mischung aus traditionellen [&hellip;]","og_url":"https:\/\/shop.camac-harps.com\/de\/produkt\/krzyzanowska-justyna-und-leesik-kristina-woodlands\/","og_site_name":"Camac Harps Shop","article_modified_time":"2024-07-17T15:09:57+00:00","og_image":[{"width":1602,"height":1452,"url":"https:\/\/shop.camac-harps.com\/wp-content\/uploads\/sites\/25\/2021\/01\/cdkaja01.jpg","type":"image\/jpeg"}],"twitter_card":"summary_large_image","schema":{"@context":"https:\/\/schema.org","@graph":[{"@type":"WebPage","@id":"https:\/\/shop.camac-harps.com\/de\/produkt\/krzyzanowska-justyna-und-leesik-kristina-woodlands\/","url":"https:\/\/shop.camac-harps.com\/de\/produkt\/krzyzanowska-justyna-und-leesik-kristina-woodlands\/","name":"KRZYZANOWSKA Justyna und LEESIK Kristina: Woodlands - Camac Harps Shop","isPartOf":{"@id":"https:\/\/shop.camac-harps.com\/de\/#website"},"primaryImageOfPage":{"@id":"https:\/\/shop.camac-harps.com\/de\/produkt\/krzyzanowska-justyna-und-leesik-kristina-woodlands\/#primaryimage"},"image":{"@id":"https:\/\/shop.camac-harps.com\/de\/produkt\/krzyzanowska-justyna-und-leesik-kristina-woodlands\/#primaryimage"},"thumbnailUrl":"https:\/\/shop.camac-harps.com\/wp-content\/uploads\/sites\/25\/2021\/01\/cdkaja01.jpg","datePublished":"2021-01-08T10:09:21+00:00","dateModified":"2024-07-17T15:09:57+00:00","breadcrumb":{"@id":"https:\/\/shop.camac-harps.com\/de\/produkt\/krzyzanowska-justyna-und-leesik-kristina-woodlands\/#breadcrumb"},"inLanguage":"de","potentialAction":[{"@type":"ReadAction","target":["https:\/\/shop.camac-harps.com\/de\/produkt\/krzyzanowska-justyna-und-leesik-kristina-woodlands\/"]}]},{"@type":"ImageObject","inLanguage":"de","@id":"https:\/\/shop.camac-harps.com\/de\/produkt\/krzyzanowska-justyna-und-leesik-kristina-woodlands\/#primaryimage","url":"https:\/\/shop.camac-harps.com\/wp-content\/uploads\/sites\/25\/2021\/01\/cdkaja01.jpg","contentUrl":"https:\/\/shop.camac-harps.com\/wp-content\/uploads\/sites\/25\/2021\/01\/cdkaja01.jpg","width":1602,"height":1452,"caption":"Woodlands"},{"@type":"BreadcrumbList","@id":"https:\/\/shop.camac-harps.com\/de\/produkt\/krzyzanowska-justyna-und-leesik-kristina-woodlands\/#breadcrumb","itemListElement":[{"@type":"ListItem","position":1,"name":"Home","item":"https:\/\/shop.camac-harps.com\/de\/startseite\/"},{"@type":"ListItem","position":2,"name":"Startseite","item":"https:\/\/shop.camac-harps.com\/de\/startseite\/"},{"@type":"ListItem","position":3,"name":"KRZYZANOWSKA Justyna und LEESIK Kristina: Woodlands"}]},{"@type":"WebSite","@id":"https:\/\/shop.camac-harps.com\/de\/#website","url":"https:\/\/shop.camac-harps.com\/de\/","name":"Camac Harps Shop","description":"","potentialAction":[{"@type":"SearchAction","target":{"@type":"EntryPoint","urlTemplate":"https:\/\/shop.camac-harps.com\/de\/?s={search_term_string}"},"query-input":{"@type":"PropertyValueSpecification","valueRequired":true,"valueName":"search_term_string"}}],"inLanguage":"de"}]}},"_links":{"self":[{"href":"https:\/\/shop.camac-harps.com\/de\/wp-json\/wp\/v2\/product\/35767","targetHints":{"allow":["GET"]}}],"collection":[{"href":"https:\/\/shop.camac-harps.com\/de\/wp-json\/wp\/v2\/product"}],"about":[{"href":"https:\/\/shop.camac-harps.com\/de\/wp-json\/wp\/v2\/types\/product"}],"replies":[{"embeddable":true,"href":"https:\/\/shop.camac-harps.com\/de\/wp-json\/wp\/v2\/comments?post=35767"}],"wp:featuredmedia":[{"embeddable":true,"href":"https:\/\/shop.camac-harps.com\/de\/wp-json\/wp\/v2\/media\/35760"}],"wp:attachment":[{"href":"https:\/\/shop.camac-harps.com\/de\/wp-json\/wp\/v2\/media?parent=35767"}],"wp:term":[{"taxonomy":"product_brand","embeddable":true,"href":"https:\/\/shop.camac-harps.com\/de\/wp-json\/wp\/v2\/product_brand?post=35767"},{"taxonomy":"product_cat","embeddable":true,"href":"https:\/\/shop.camac-harps.com\/de\/wp-json\/wp\/v2\/product_cat?post=35767"},{"taxonomy":"product_tag","embeddable":true,"href":"https:\/\/shop.camac-harps.com\/de\/wp-json\/wp\/v2\/product_tag?post=35767"}],"curies":[{"name":"wp","href":"https:\/\/api.w.org\/{rel}","templated":true}]}}