{"id":35805,"date":"2021-01-09T20:32:11","date_gmt":"2021-01-09T20:32:11","guid":{"rendered":"https:\/\/shop.camac-harps.com\/product\/isabelle-frouvelle-l-anniversaire-de-gribouille-auf-franzoesisch-ref-elh18\/"},"modified":"2024-11-07T15:02:22","modified_gmt":"2024-11-07T15:02:22","slug":"isabelle-frouvelle-l-anniversaire-de-gribouille-auf-franzoesisch-ref-elh18","status":"publish","type":"product","link":"https:\/\/shop.camac-harps.com\/de\/produkt\/isabelle-frouvelle-l-anniversaire-de-gribouille-auf-franzoesisch-ref-elh18\/","title":{"rendered":"Isabelle FROUVELLE: L&#8216; anniversaire de Gribouille (auf Franz\u00f6sisch) &#8211; Ref. ELH18"},"content":{"rendered":"<p>Illustrierte musikalische Geschichte auf Franz\u00f6sisch, mit QR-Codes zum Anh\u00f6ren der auf der Harfe gespielten Musik auf einem Smartphone und mit in die Zeichnungen integrierten Partituren.\u00a0<\/p>\n","protected":false},"excerpt":{"rendered":"<p>Illustrierte musikalische Geschichte auf Franz\u00f6sisch, mit QR-Codes zum Anh\u00f6ren der auf der Harfe gespielten Musik auf einem Smartphone und mit in die Zeichnungen integrierten Partituren.\u00a0<\/p>\n","protected":false},"featured_media":35789,"comment_status":"open","ping_status":"closed","template":"","meta":{"_acf_changed":false},"product_brand":[],"product_cat":[65,35,110,47],"product_tag":[],"class_list":{"0":"post-35805","1":"product","2":"type-product","3":"status-publish","4":"has-post-thumbnail","6":"product_cat-bucher","7":"product_cat-harfennoten","8":"product_cat-musik-fur-hakenharfen","9":"product_cat-solostucke-fur-pedalharfe","11":"first","12":"instock","13":"taxable","14":"shipping-taxable","15":"purchasable","16":"product-type-simple"},"acf":[],"yoast_head":"<title>Isabelle FROUVELLE: L&#039; anniversaire de Gribouille (auf Franz\u00f6sisch) - Ref. ELH18 - Camac Harps Shop<\/title>\n<meta name=\"robots\" content=\"index, follow, max-snippet:-1, max-image-preview:large, max-video-preview:-1\" \/>\n<link rel=\"canonical\" href=\"https:\/\/shop.camac-harps.com\/de\/produkt\/isabelle-frouvelle-l-anniversaire-de-gribouille-auf-franzoesisch-ref-elh18\/\" \/>\n<meta property=\"og:locale\" content=\"de_DE\" \/>\n<meta property=\"og:type\" content=\"article\" \/>\n<meta property=\"og:title\" content=\"Isabelle FROUVELLE: L&#039; anniversaire de Gribouille (auf Franz\u00f6sisch) - Ref. ELH18 - Camac Harps Shop\" \/>\n<meta property=\"og:description\" content=\"Illustrierte musikalische Geschichte auf Franz\u00f6sisch, mit QR-Codes zum Anh\u00f6ren der auf der Harfe gespielten Musik auf einem Smartphone und mit in die Zeichnungen integrierten Partituren.\u00a0\" \/>\n<meta property=\"og:url\" content=\"https:\/\/shop.camac-harps.com\/de\/produkt\/isabelle-frouvelle-l-anniversaire-de-gribouille-auf-franzoesisch-ref-elh18\/\" \/>\n<meta property=\"og:site_name\" content=\"Camac Harps Shop\" \/>\n<meta property=\"article:modified_time\" content=\"2024-11-07T15:02:22+00:00\" \/>\n<meta property=\"og:image\" content=\"https:\/\/shop.camac-harps.com\/wp-content\/uploads\/sites\/25\/2021\/01\/fei17-scaled.jpg\" \/>\n\t<meta property=\"og:image:width\" content=\"2560\" \/>\n\t<meta property=\"og:image:height\" content=\"2285\" \/>\n\t<meta property=\"og:image:type\" content=\"image\/jpeg\" \/>\n<meta name=\"twitter:card\" content=\"summary_large_image\" \/>\n<script type=\"application\/ld+json\" class=\"yoast-schema-graph\">{\"@context\":\"https:\/\/schema.org\",\"@graph\":[{\"@type\":\"WebPage\",\"@id\":\"https:\/\/shop.camac-harps.com\/de\/produkt\/isabelle-frouvelle-l-anniversaire-de-gribouille-auf-franzoesisch-ref-elh18\/\",\"url\":\"https:\/\/shop.camac-harps.com\/de\/produkt\/isabelle-frouvelle-l-anniversaire-de-gribouille-auf-franzoesisch-ref-elh18\/\",\"name\":\"Isabelle FROUVELLE: L' anniversaire de Gribouille (auf Franz\u00f6sisch) - Ref. ELH18 - Camac Harps Shop\",\"isPartOf\":{\"@id\":\"https:\/\/shop.camac-harps.com\/de\/#website\"},\"primaryImageOfPage\":{\"@id\":\"https:\/\/shop.camac-harps.com\/de\/produkt\/isabelle-frouvelle-l-anniversaire-de-gribouille-auf-franzoesisch-ref-elh18\/#primaryimage\"},\"image\":{\"@id\":\"https:\/\/shop.camac-harps.com\/de\/produkt\/isabelle-frouvelle-l-anniversaire-de-gribouille-auf-franzoesisch-ref-elh18\/#primaryimage\"},\"thumbnailUrl\":\"https:\/\/shop.camac-harps.com\/wp-content\/uploads\/sites\/25\/2021\/01\/fei17-scaled.jpg\",\"datePublished\":\"2021-01-09T20:32:11+00:00\",\"dateModified\":\"2024-11-07T15:02:22+00:00\",\"breadcrumb\":{\"@id\":\"https:\/\/shop.camac-harps.com\/de\/produkt\/isabelle-frouvelle-l-anniversaire-de-gribouille-auf-franzoesisch-ref-elh18\/#breadcrumb\"},\"inLanguage\":\"de\",\"potentialAction\":[{\"@type\":\"ReadAction\",\"target\":[\"https:\/\/shop.camac-harps.com\/de\/produkt\/isabelle-frouvelle-l-anniversaire-de-gribouille-auf-franzoesisch-ref-elh18\/\"]}]},{\"@type\":\"ImageObject\",\"inLanguage\":\"de\",\"@id\":\"https:\/\/shop.camac-harps.com\/de\/produkt\/isabelle-frouvelle-l-anniversaire-de-gribouille-auf-franzoesisch-ref-elh18\/#primaryimage\",\"url\":\"https:\/\/shop.camac-harps.com\/wp-content\/uploads\/sites\/25\/2021\/01\/fei17-scaled.jpg\",\"contentUrl\":\"https:\/\/shop.camac-harps.com\/wp-content\/uploads\/sites\/25\/2021\/01\/fei17-scaled.jpg\",\"width\":2560,\"height\":2285,\"caption\":\"Isabelle FROUVELLE: L' anniversaire de Gribouille - Ref. ELH18\"},{\"@type\":\"BreadcrumbList\",\"@id\":\"https:\/\/shop.camac-harps.com\/de\/produkt\/isabelle-frouvelle-l-anniversaire-de-gribouille-auf-franzoesisch-ref-elh18\/#breadcrumb\",\"itemListElement\":[{\"@type\":\"ListItem\",\"position\":1,\"name\":\"Home\",\"item\":\"https:\/\/shop.camac-harps.com\/de\/startseite\/\"},{\"@type\":\"ListItem\",\"position\":2,\"name\":\"Startseite\",\"item\":\"https:\/\/shop.camac-harps.com\/de\/startseite\/\"},{\"@type\":\"ListItem\",\"position\":3,\"name\":\"Isabelle FROUVELLE: L&#8217; anniversaire de Gribouille (auf Franz\u00f6sisch) &#8211; Ref. ELH18\"}]},{\"@type\":\"WebSite\",\"@id\":\"https:\/\/shop.camac-harps.com\/de\/#website\",\"url\":\"https:\/\/shop.camac-harps.com\/de\/\",\"name\":\"Camac Harps Shop\",\"description\":\"\",\"potentialAction\":[{\"@type\":\"SearchAction\",\"target\":{\"@type\":\"EntryPoint\",\"urlTemplate\":\"https:\/\/shop.camac-harps.com\/de\/?s={search_term_string}\"},\"query-input\":{\"@type\":\"PropertyValueSpecification\",\"valueRequired\":true,\"valueName\":\"search_term_string\"}}],\"inLanguage\":\"de\"}]}<\/script>","yoast_head_json":{"title":"Isabelle FROUVELLE: L' anniversaire de Gribouille (auf Franz\u00f6sisch) - Ref. ELH18 - Camac Harps Shop","robots":{"index":"index","follow":"follow","max-snippet":"max-snippet:-1","max-image-preview":"max-image-preview:large","max-video-preview":"max-video-preview:-1"},"canonical":"https:\/\/shop.camac-harps.com\/de\/produkt\/isabelle-frouvelle-l-anniversaire-de-gribouille-auf-franzoesisch-ref-elh18\/","og_locale":"de_DE","og_type":"article","og_title":"Isabelle FROUVELLE: L' anniversaire de Gribouille (auf Franz\u00f6sisch) - Ref. ELH18 - Camac Harps Shop","og_description":"Illustrierte musikalische Geschichte auf Franz\u00f6sisch, mit QR-Codes zum Anh\u00f6ren der auf der Harfe gespielten Musik auf einem Smartphone und mit in die Zeichnungen integrierten Partituren.\u00a0","og_url":"https:\/\/shop.camac-harps.com\/de\/produkt\/isabelle-frouvelle-l-anniversaire-de-gribouille-auf-franzoesisch-ref-elh18\/","og_site_name":"Camac Harps Shop","article_modified_time":"2024-11-07T15:02:22+00:00","og_image":[{"width":2560,"height":2285,"url":"https:\/\/shop.camac-harps.com\/wp-content\/uploads\/sites\/25\/2021\/01\/fei17-scaled.jpg","type":"image\/jpeg"}],"twitter_card":"summary_large_image","schema":{"@context":"https:\/\/schema.org","@graph":[{"@type":"WebPage","@id":"https:\/\/shop.camac-harps.com\/de\/produkt\/isabelle-frouvelle-l-anniversaire-de-gribouille-auf-franzoesisch-ref-elh18\/","url":"https:\/\/shop.camac-harps.com\/de\/produkt\/isabelle-frouvelle-l-anniversaire-de-gribouille-auf-franzoesisch-ref-elh18\/","name":"Isabelle FROUVELLE: L' anniversaire de Gribouille (auf Franz\u00f6sisch) - Ref. ELH18 - Camac Harps Shop","isPartOf":{"@id":"https:\/\/shop.camac-harps.com\/de\/#website"},"primaryImageOfPage":{"@id":"https:\/\/shop.camac-harps.com\/de\/produkt\/isabelle-frouvelle-l-anniversaire-de-gribouille-auf-franzoesisch-ref-elh18\/#primaryimage"},"image":{"@id":"https:\/\/shop.camac-harps.com\/de\/produkt\/isabelle-frouvelle-l-anniversaire-de-gribouille-auf-franzoesisch-ref-elh18\/#primaryimage"},"thumbnailUrl":"https:\/\/shop.camac-harps.com\/wp-content\/uploads\/sites\/25\/2021\/01\/fei17-scaled.jpg","datePublished":"2021-01-09T20:32:11+00:00","dateModified":"2024-11-07T15:02:22+00:00","breadcrumb":{"@id":"https:\/\/shop.camac-harps.com\/de\/produkt\/isabelle-frouvelle-l-anniversaire-de-gribouille-auf-franzoesisch-ref-elh18\/#breadcrumb"},"inLanguage":"de","potentialAction":[{"@type":"ReadAction","target":["https:\/\/shop.camac-harps.com\/de\/produkt\/isabelle-frouvelle-l-anniversaire-de-gribouille-auf-franzoesisch-ref-elh18\/"]}]},{"@type":"ImageObject","inLanguage":"de","@id":"https:\/\/shop.camac-harps.com\/de\/produkt\/isabelle-frouvelle-l-anniversaire-de-gribouille-auf-franzoesisch-ref-elh18\/#primaryimage","url":"https:\/\/shop.camac-harps.com\/wp-content\/uploads\/sites\/25\/2021\/01\/fei17-scaled.jpg","contentUrl":"https:\/\/shop.camac-harps.com\/wp-content\/uploads\/sites\/25\/2021\/01\/fei17-scaled.jpg","width":2560,"height":2285,"caption":"Isabelle FROUVELLE: L' anniversaire de Gribouille - Ref. ELH18"},{"@type":"BreadcrumbList","@id":"https:\/\/shop.camac-harps.com\/de\/produkt\/isabelle-frouvelle-l-anniversaire-de-gribouille-auf-franzoesisch-ref-elh18\/#breadcrumb","itemListElement":[{"@type":"ListItem","position":1,"name":"Home","item":"https:\/\/shop.camac-harps.com\/de\/startseite\/"},{"@type":"ListItem","position":2,"name":"Startseite","item":"https:\/\/shop.camac-harps.com\/de\/startseite\/"},{"@type":"ListItem","position":3,"name":"Isabelle FROUVELLE: L&#8217; anniversaire de Gribouille (auf Franz\u00f6sisch) &#8211; Ref. ELH18"}]},{"@type":"WebSite","@id":"https:\/\/shop.camac-harps.com\/de\/#website","url":"https:\/\/shop.camac-harps.com\/de\/","name":"Camac Harps Shop","description":"","potentialAction":[{"@type":"SearchAction","target":{"@type":"EntryPoint","urlTemplate":"https:\/\/shop.camac-harps.com\/de\/?s={search_term_string}"},"query-input":{"@type":"PropertyValueSpecification","valueRequired":true,"valueName":"search_term_string"}}],"inLanguage":"de"}]}},"_links":{"self":[{"href":"https:\/\/shop.camac-harps.com\/de\/wp-json\/wp\/v2\/product\/35805","targetHints":{"allow":["GET"]}}],"collection":[{"href":"https:\/\/shop.camac-harps.com\/de\/wp-json\/wp\/v2\/product"}],"about":[{"href":"https:\/\/shop.camac-harps.com\/de\/wp-json\/wp\/v2\/types\/product"}],"replies":[{"embeddable":true,"href":"https:\/\/shop.camac-harps.com\/de\/wp-json\/wp\/v2\/comments?post=35805"}],"wp:featuredmedia":[{"embeddable":true,"href":"https:\/\/shop.camac-harps.com\/de\/wp-json\/wp\/v2\/media\/35789"}],"wp:attachment":[{"href":"https:\/\/shop.camac-harps.com\/de\/wp-json\/wp\/v2\/media?parent=35805"}],"wp:term":[{"taxonomy":"product_brand","embeddable":true,"href":"https:\/\/shop.camac-harps.com\/de\/wp-json\/wp\/v2\/product_brand?post=35805"},{"taxonomy":"product_cat","embeddable":true,"href":"https:\/\/shop.camac-harps.com\/de\/wp-json\/wp\/v2\/product_cat?post=35805"},{"taxonomy":"product_tag","embeddable":true,"href":"https:\/\/shop.camac-harps.com\/de\/wp-json\/wp\/v2\/product_tag?post=35805"}],"curies":[{"name":"wp","href":"https:\/\/api.w.org\/{rel}","templated":true}]}}