{"id":36036,"date":"2021-01-20T15:37:45","date_gmt":"2021-01-20T15:37:45","guid":{"rendered":"https:\/\/shop.camac-harps.com\/product\/francois-pernel-boite-a-outils\/"},"modified":"2024-11-07T15:02:21","modified_gmt":"2024-11-07T15:02:21","slug":"francois-pernel-boite-a-outils","status":"publish","type":"product","link":"https:\/\/shop.camac-harps.com\/de\/produkt\/francois-pernel-boite-a-outils\/","title":{"rendered":"Fran\u00e7ois Pernel: Bo\u00eete \u00e0 outils (Klassische Softcover-Ausgabe)"},"content":{"rendered":"<div class=\"video_container\">\n<div class=\"video_container__inner\"><iframe loading=\"lazy\" title=\"Bo\u00eete \u00e0 Outils \/ Toolbox, recueil de compositions pour harpe \u00e0 leviers (english subtitle)\" width=\"980\" height=\"551\" src=\"https:\/\/www.youtube.com\/embed\/4pHwrWemcAQ?feature=oembed\" frameborder=\"0\" allow=\"accelerometer; autoplay; clipboard-write; encrypted-media; gyroscope; picture-in-picture\" allowfullscreen><\/iframe><\/div>\n<\/div>\n<p>&#8222;Toolbox&#8220; ist auch in einer <a href=\"https:\/\/shop.camac-harps.com\/de\/produkt\/francois-pernel-boite-a-outils-gebundene-deluxe-ausgabe\/\">luxuri\u00f6sen, handgefertigten Hardcover-Ausgabe<\/a> erh\u00e4ltlich.<\/p>\n<p>Die ersten zwanzig Exemplare der klassischen Ausgabe (Softcover) wurden von Fran\u00e7ois pers\u00f6nlich signiert.\u00a0<\/p>\n<p>Zweisprachige Ausgabe in Franz\u00f6sisch und Englisch.<\/p>\n","protected":false},"excerpt":{"rendered":"<p>&#8222;Toolbox&#8220; ist auch in einer luxuri\u00f6sen, handgefertigten Hardcover-Ausgabe erh\u00e4ltlich. Die ersten zwanzig Exemplare der klassischen Ausgabe (Softcover) wurden von Fran\u00e7ois pers\u00f6nlich signiert.\u00a0 Zweisprachige Ausgabe in Franz\u00f6sisch und Englisch.<\/p>\n","protected":false},"featured_media":36029,"comment_status":"open","ping_status":"closed","template":"","meta":{"_acf_changed":false},"product_brand":[],"product_cat":[35,110],"product_tag":[],"class_list":{"0":"post-36036","1":"product","2":"type-product","3":"status-publish","4":"has-post-thumbnail","6":"product_cat-harfennoten","7":"product_cat-musik-fur-hakenharfen","9":"first","10":"instock","11":"taxable","12":"shipping-taxable","13":"purchasable","14":"product-type-simple"},"acf":[],"yoast_head":"<title>Fran\u00e7ois Pernel: Bo\u00eete \u00e0 Outils | Neuerscheinung f\u00fcr Hakenharfe<\/title>\n<meta name=\"description\" content=\"Eine fantastische neue Sammlung mit mehr als 60 Solos, 5 Duos und Auftragswerken | Erh\u00e4ltlich im Camac Webshop.\" \/>\n<meta name=\"robots\" content=\"index, follow, max-snippet:-1, max-image-preview:large, max-video-preview:-1\" \/>\n<link rel=\"canonical\" href=\"https:\/\/shop.camac-harps.com\/de\/produkt\/francois-pernel-boite-a-outils\/\" \/>\n<meta property=\"og:locale\" content=\"de_DE\" \/>\n<meta property=\"og:type\" content=\"article\" \/>\n<meta property=\"og:title\" content=\"Fran\u00e7ois Pernel: Bo\u00eete \u00e0 Outils | Neuerscheinung f\u00fcr Hakenharfe\" \/>\n<meta property=\"og:description\" content=\"Eine fantastische neue Sammlung mit mehr als 60 Solos, 5 Duos und Auftragswerken | Erh\u00e4ltlich im Camac Webshop.\" \/>\n<meta property=\"og:url\" content=\"https:\/\/shop.camac-harps.com\/de\/produkt\/francois-pernel-boite-a-outils\/\" \/>\n<meta property=\"og:site_name\" content=\"Camac Harps Shop\" \/>\n<meta property=\"article:modified_time\" content=\"2024-11-07T15:02:21+00:00\" \/>\n<meta property=\"og:image\" content=\"https:\/\/shop.camac-harps.com\/wp-content\/uploads\/sites\/25\/2021\/01\/plf13.jpg\" \/>\n\t<meta property=\"og:image:width\" content=\"1222\" \/>\n\t<meta property=\"og:image:height\" content=\"1723\" \/>\n\t<meta property=\"og:image:type\" content=\"image\/jpeg\" \/>\n<meta name=\"twitter:card\" content=\"summary_large_image\" \/>\n<script type=\"application\/ld+json\" class=\"yoast-schema-graph\">{\"@context\":\"https:\/\/schema.org\",\"@graph\":[{\"@type\":\"WebPage\",\"@id\":\"https:\/\/shop.camac-harps.com\/de\/produkt\/francois-pernel-boite-a-outils\/\",\"url\":\"https:\/\/shop.camac-harps.com\/de\/produkt\/francois-pernel-boite-a-outils\/\",\"name\":\"Fran\u00e7ois Pernel: Bo\u00eete \u00e0 Outils | Neuerscheinung f\u00fcr Hakenharfe\",\"isPartOf\":{\"@id\":\"https:\/\/shop.camac-harps.com\/de\/#website\"},\"primaryImageOfPage\":{\"@id\":\"https:\/\/shop.camac-harps.com\/de\/produkt\/francois-pernel-boite-a-outils\/#primaryimage\"},\"image\":{\"@id\":\"https:\/\/shop.camac-harps.com\/de\/produkt\/francois-pernel-boite-a-outils\/#primaryimage\"},\"thumbnailUrl\":\"https:\/\/shop.camac-harps.com\/wp-content\/uploads\/sites\/25\/2021\/01\/plf13.jpg\",\"datePublished\":\"2021-01-20T15:37:45+00:00\",\"dateModified\":\"2024-11-07T15:02:21+00:00\",\"description\":\"Eine fantastische neue Sammlung mit mehr als 60 Solos, 5 Duos und Auftragswerken | Erh\u00e4ltlich im Camac Webshop.\",\"breadcrumb\":{\"@id\":\"https:\/\/shop.camac-harps.com\/de\/produkt\/francois-pernel-boite-a-outils\/#breadcrumb\"},\"inLanguage\":\"de\",\"potentialAction\":[{\"@type\":\"ReadAction\",\"target\":[\"https:\/\/shop.camac-harps.com\/de\/produkt\/francois-pernel-boite-a-outils\/\"]}]},{\"@type\":\"ImageObject\",\"inLanguage\":\"de\",\"@id\":\"https:\/\/shop.camac-harps.com\/de\/produkt\/francois-pernel-boite-a-outils\/#primaryimage\",\"url\":\"https:\/\/shop.camac-harps.com\/wp-content\/uploads\/sites\/25\/2021\/01\/plf13.jpg\",\"contentUrl\":\"https:\/\/shop.camac-harps.com\/wp-content\/uploads\/sites\/25\/2021\/01\/plf13.jpg\",\"width\":1222,\"height\":1723,\"caption\":\"PERNEL Fran\u00e7ois : Bo\u00eete \u00e0 Outils\"},{\"@type\":\"BreadcrumbList\",\"@id\":\"https:\/\/shop.camac-harps.com\/de\/produkt\/francois-pernel-boite-a-outils\/#breadcrumb\",\"itemListElement\":[{\"@type\":\"ListItem\",\"position\":1,\"name\":\"Home\",\"item\":\"https:\/\/shop.camac-harps.com\/de\/startseite\/\"},{\"@type\":\"ListItem\",\"position\":2,\"name\":\"Startseite\",\"item\":\"https:\/\/shop.camac-harps.com\/de\/startseite\/\"},{\"@type\":\"ListItem\",\"position\":3,\"name\":\"Fran\u00e7ois Pernel: Bo\u00eete \u00e0 outils (Klassische Softcover-Ausgabe)\"}]},{\"@type\":\"WebSite\",\"@id\":\"https:\/\/shop.camac-harps.com\/de\/#website\",\"url\":\"https:\/\/shop.camac-harps.com\/de\/\",\"name\":\"Camac Harps Shop\",\"description\":\"\",\"potentialAction\":[{\"@type\":\"SearchAction\",\"target\":{\"@type\":\"EntryPoint\",\"urlTemplate\":\"https:\/\/shop.camac-harps.com\/de\/?s={search_term_string}\"},\"query-input\":{\"@type\":\"PropertyValueSpecification\",\"valueRequired\":true,\"valueName\":\"search_term_string\"}}],\"inLanguage\":\"de\"}]}<\/script>","yoast_head_json":{"title":"Fran\u00e7ois Pernel: Bo\u00eete \u00e0 Outils | Neuerscheinung f\u00fcr Hakenharfe","description":"Eine fantastische neue Sammlung mit mehr als 60 Solos, 5 Duos und Auftragswerken | Erh\u00e4ltlich im Camac Webshop.","robots":{"index":"index","follow":"follow","max-snippet":"max-snippet:-1","max-image-preview":"max-image-preview:large","max-video-preview":"max-video-preview:-1"},"canonical":"https:\/\/shop.camac-harps.com\/de\/produkt\/francois-pernel-boite-a-outils\/","og_locale":"de_DE","og_type":"article","og_title":"Fran\u00e7ois Pernel: Bo\u00eete \u00e0 Outils | Neuerscheinung f\u00fcr Hakenharfe","og_description":"Eine fantastische neue Sammlung mit mehr als 60 Solos, 5 Duos und Auftragswerken | Erh\u00e4ltlich im Camac Webshop.","og_url":"https:\/\/shop.camac-harps.com\/de\/produkt\/francois-pernel-boite-a-outils\/","og_site_name":"Camac Harps Shop","article_modified_time":"2024-11-07T15:02:21+00:00","og_image":[{"width":1222,"height":1723,"url":"https:\/\/shop.camac-harps.com\/wp-content\/uploads\/sites\/25\/2021\/01\/plf13.jpg","type":"image\/jpeg"}],"twitter_card":"summary_large_image","schema":{"@context":"https:\/\/schema.org","@graph":[{"@type":"WebPage","@id":"https:\/\/shop.camac-harps.com\/de\/produkt\/francois-pernel-boite-a-outils\/","url":"https:\/\/shop.camac-harps.com\/de\/produkt\/francois-pernel-boite-a-outils\/","name":"Fran\u00e7ois Pernel: Bo\u00eete \u00e0 Outils | Neuerscheinung f\u00fcr Hakenharfe","isPartOf":{"@id":"https:\/\/shop.camac-harps.com\/de\/#website"},"primaryImageOfPage":{"@id":"https:\/\/shop.camac-harps.com\/de\/produkt\/francois-pernel-boite-a-outils\/#primaryimage"},"image":{"@id":"https:\/\/shop.camac-harps.com\/de\/produkt\/francois-pernel-boite-a-outils\/#primaryimage"},"thumbnailUrl":"https:\/\/shop.camac-harps.com\/wp-content\/uploads\/sites\/25\/2021\/01\/plf13.jpg","datePublished":"2021-01-20T15:37:45+00:00","dateModified":"2024-11-07T15:02:21+00:00","description":"Eine fantastische neue Sammlung mit mehr als 60 Solos, 5 Duos und Auftragswerken | Erh\u00e4ltlich im Camac Webshop.","breadcrumb":{"@id":"https:\/\/shop.camac-harps.com\/de\/produkt\/francois-pernel-boite-a-outils\/#breadcrumb"},"inLanguage":"de","potentialAction":[{"@type":"ReadAction","target":["https:\/\/shop.camac-harps.com\/de\/produkt\/francois-pernel-boite-a-outils\/"]}]},{"@type":"ImageObject","inLanguage":"de","@id":"https:\/\/shop.camac-harps.com\/de\/produkt\/francois-pernel-boite-a-outils\/#primaryimage","url":"https:\/\/shop.camac-harps.com\/wp-content\/uploads\/sites\/25\/2021\/01\/plf13.jpg","contentUrl":"https:\/\/shop.camac-harps.com\/wp-content\/uploads\/sites\/25\/2021\/01\/plf13.jpg","width":1222,"height":1723,"caption":"PERNEL Fran\u00e7ois : Bo\u00eete \u00e0 Outils"},{"@type":"BreadcrumbList","@id":"https:\/\/shop.camac-harps.com\/de\/produkt\/francois-pernel-boite-a-outils\/#breadcrumb","itemListElement":[{"@type":"ListItem","position":1,"name":"Home","item":"https:\/\/shop.camac-harps.com\/de\/startseite\/"},{"@type":"ListItem","position":2,"name":"Startseite","item":"https:\/\/shop.camac-harps.com\/de\/startseite\/"},{"@type":"ListItem","position":3,"name":"Fran\u00e7ois Pernel: Bo\u00eete \u00e0 outils (Klassische Softcover-Ausgabe)"}]},{"@type":"WebSite","@id":"https:\/\/shop.camac-harps.com\/de\/#website","url":"https:\/\/shop.camac-harps.com\/de\/","name":"Camac Harps Shop","description":"","potentialAction":[{"@type":"SearchAction","target":{"@type":"EntryPoint","urlTemplate":"https:\/\/shop.camac-harps.com\/de\/?s={search_term_string}"},"query-input":{"@type":"PropertyValueSpecification","valueRequired":true,"valueName":"search_term_string"}}],"inLanguage":"de"}]}},"_links":{"self":[{"href":"https:\/\/shop.camac-harps.com\/de\/wp-json\/wp\/v2\/product\/36036","targetHints":{"allow":["GET"]}}],"collection":[{"href":"https:\/\/shop.camac-harps.com\/de\/wp-json\/wp\/v2\/product"}],"about":[{"href":"https:\/\/shop.camac-harps.com\/de\/wp-json\/wp\/v2\/types\/product"}],"replies":[{"embeddable":true,"href":"https:\/\/shop.camac-harps.com\/de\/wp-json\/wp\/v2\/comments?post=36036"}],"wp:featuredmedia":[{"embeddable":true,"href":"https:\/\/shop.camac-harps.com\/de\/wp-json\/wp\/v2\/media\/36029"}],"wp:attachment":[{"href":"https:\/\/shop.camac-harps.com\/de\/wp-json\/wp\/v2\/media?parent=36036"}],"wp:term":[{"taxonomy":"product_brand","embeddable":true,"href":"https:\/\/shop.camac-harps.com\/de\/wp-json\/wp\/v2\/product_brand?post=36036"},{"taxonomy":"product_cat","embeddable":true,"href":"https:\/\/shop.camac-harps.com\/de\/wp-json\/wp\/v2\/product_cat?post=36036"},{"taxonomy":"product_tag","embeddable":true,"href":"https:\/\/shop.camac-harps.com\/de\/wp-json\/wp\/v2\/product_tag?post=36036"}],"curies":[{"name":"wp","href":"https:\/\/api.w.org\/{rel}","templated":true}]}}