{"id":38328,"date":"2021-05-22T21:34:52","date_gmt":"2021-05-22T21:34:52","guid":{"rendered":"https:\/\/shop.camac-harps.com\/product\/flight-case-fur-pedalharfe\/"},"modified":"2026-01-28T10:17:33","modified_gmt":"2026-01-28T10:17:33","slug":"flight-case-fur-pedalharfe","status":"publish","type":"product","link":"https:\/\/shop.camac-harps.com\/de\/produkt\/flight-case-fur-pedalharfe\/","title":{"rendered":"Flight-Case f\u00fcr Pedalharfe"},"content":{"rendered":"<p>Auch wenn ein Transportunternehmen Ihnen versichert, dass dies m\u00f6glich ist, raten wir Ihnen dringend davon ab, ihm eine Harfe ohne festes Flightcase anzuvertrauen, sei es in einem LKW oder im Frachtraum eines Flugzeugs.<\/p>\n<p>Zum optimalen Schutz Ihrer Harfe <a href=\"https:\/\/shop.camac-harps.com\/de\/category\/zubehor-harfenhuellen\/harfenhuellen\/transporthuellen\/pedalharfen\/\">zusammen mit der gepolsterten Transporth\u00fclle<\/a> (zwingend erforderlich).<\/p>\n<p>Gewicht: 63 kg.<\/p>\n","protected":false},"excerpt":{"rendered":"<p>Auch wenn ein Transportunternehmen Ihnen versichert, dass dies m\u00f6glich ist, raten wir Ihnen dringend davon ab, ihm eine Harfe ohne festes Flightcase anzuvertrauen, sei es in einem LKW oder im Frachtraum eines Flugzeugs. Zum optimalen Schutz Ihrer Harfe zusammen mit der gepolsterten Transporth\u00fclle (zwingend erforderlich). Gewicht: 63 kg.<\/p>\n","protected":false},"featured_media":38326,"comment_status":"open","ping_status":"closed","template":"","meta":{"_acf_changed":false},"product_brand":[],"product_cat":[666,41],"product_tag":[],"class_list":{"0":"post-38328","1":"product","2":"type-product","3":"status-publish","4":"has-post-thumbnail","6":"product_cat-flight-cases-fur-harfe","7":"product_cat-zubehor-harfenhuellen","9":"first","10":"instock","11":"taxable","12":"shipping-taxable","13":"product-type-simple"},"acf":[],"yoast_head":"<title>Flight-Case f\u00fcr Pedal Harfe | Camac-Harfen Webshop<\/title>\n<meta name=\"description\" content=\"f\u00fcr Pedalharfe | Zur Verwendung zusammen mit gepolsterter Transporth\u00fclle | Gewicht 78 kg.\" \/>\n<meta name=\"robots\" content=\"index, follow, max-snippet:-1, max-image-preview:large, max-video-preview:-1\" \/>\n<link rel=\"canonical\" href=\"https:\/\/shop.camac-harps.com\/de\/produkt\/flight-case-fur-pedalharfe\/\" \/>\n<meta property=\"og:locale\" content=\"de_DE\" \/>\n<meta property=\"og:type\" content=\"article\" \/>\n<meta property=\"og:title\" content=\"Flight-Case f\u00fcr Pedal Harfe | Camac-Harfen Webshop\" \/>\n<meta property=\"og:description\" content=\"f\u00fcr Pedalharfe | Zur Verwendung zusammen mit gepolsterter Transporth\u00fclle | Gewicht 78 kg.\" \/>\n<meta property=\"og:url\" content=\"https:\/\/shop.camac-harps.com\/de\/produkt\/flight-case-fur-pedalharfe\/\" \/>\n<meta property=\"og:site_name\" content=\"Camac Harps Shop\" \/>\n<meta property=\"article:modified_time\" content=\"2026-01-28T10:17:33+00:00\" \/>\n<meta property=\"og:image\" content=\"https:\/\/shop.camac-harps.com\/wp-content\/uploads\/sites\/25\/2021\/05\/flight-case-47-4.jpg\" \/>\n\t<meta property=\"og:image:width\" content=\"2400\" \/>\n\t<meta property=\"og:image:height\" content=\"2400\" \/>\n\t<meta property=\"og:image:type\" content=\"image\/jpeg\" \/>\n<meta name=\"twitter:card\" content=\"summary_large_image\" \/>\n<script type=\"application\/ld+json\" class=\"yoast-schema-graph\">{\"@context\":\"https:\/\/schema.org\",\"@graph\":[{\"@type\":\"WebPage\",\"@id\":\"https:\/\/shop.camac-harps.com\/de\/produkt\/flight-case-fur-pedalharfe\/\",\"url\":\"https:\/\/shop.camac-harps.com\/de\/produkt\/flight-case-fur-pedalharfe\/\",\"name\":\"Flight-Case f\u00fcr Pedal Harfe | Camac-Harfen Webshop\",\"isPartOf\":{\"@id\":\"https:\/\/shop.camac-harps.com\/de\/#website\"},\"primaryImageOfPage\":{\"@id\":\"https:\/\/shop.camac-harps.com\/de\/produkt\/flight-case-fur-pedalharfe\/#primaryimage\"},\"image\":{\"@id\":\"https:\/\/shop.camac-harps.com\/de\/produkt\/flight-case-fur-pedalharfe\/#primaryimage\"},\"thumbnailUrl\":\"https:\/\/shop.camac-harps.com\/wp-content\/uploads\/sites\/25\/2021\/05\/flight-case-47-4.jpg\",\"datePublished\":\"2021-05-22T21:34:52+00:00\",\"dateModified\":\"2026-01-28T10:17:33+00:00\",\"description\":\"f\u00fcr Pedalharfe | Zur Verwendung zusammen mit gepolsterter Transporth\u00fclle | Gewicht 78 kg.\",\"breadcrumb\":{\"@id\":\"https:\/\/shop.camac-harps.com\/de\/produkt\/flight-case-fur-pedalharfe\/#breadcrumb\"},\"inLanguage\":\"de\",\"potentialAction\":[{\"@type\":\"ReadAction\",\"target\":[\"https:\/\/shop.camac-harps.com\/de\/produkt\/flight-case-fur-pedalharfe\/\"]}]},{\"@type\":\"ImageObject\",\"inLanguage\":\"de\",\"@id\":\"https:\/\/shop.camac-harps.com\/de\/produkt\/flight-case-fur-pedalharfe\/#primaryimage\",\"url\":\"https:\/\/shop.camac-harps.com\/wp-content\/uploads\/sites\/25\/2021\/05\/flight-case-47-4.jpg\",\"contentUrl\":\"https:\/\/shop.camac-harps.com\/wp-content\/uploads\/sites\/25\/2021\/05\/flight-case-47-4.jpg\",\"width\":2400,\"height\":2400,\"caption\":\"FLY CASE\"},{\"@type\":\"BreadcrumbList\",\"@id\":\"https:\/\/shop.camac-harps.com\/de\/produkt\/flight-case-fur-pedalharfe\/#breadcrumb\",\"itemListElement\":[{\"@type\":\"ListItem\",\"position\":1,\"name\":\"Home\",\"item\":\"https:\/\/shop.camac-harps.com\/de\/startseite\/\"},{\"@type\":\"ListItem\",\"position\":2,\"name\":\"Startseite\",\"item\":\"https:\/\/shop.camac-harps.com\/de\/startseite\/\"},{\"@type\":\"ListItem\",\"position\":3,\"name\":\"Flight-Case f\u00fcr Pedalharfe\"}]},{\"@type\":\"WebSite\",\"@id\":\"https:\/\/shop.camac-harps.com\/de\/#website\",\"url\":\"https:\/\/shop.camac-harps.com\/de\/\",\"name\":\"Camac Harps Shop\",\"description\":\"\",\"potentialAction\":[{\"@type\":\"SearchAction\",\"target\":{\"@type\":\"EntryPoint\",\"urlTemplate\":\"https:\/\/shop.camac-harps.com\/de\/?s={search_term_string}\"},\"query-input\":{\"@type\":\"PropertyValueSpecification\",\"valueRequired\":true,\"valueName\":\"search_term_string\"}}],\"inLanguage\":\"de\"}]}<\/script>","yoast_head_json":{"title":"Flight-Case f\u00fcr Pedal Harfe | Camac-Harfen Webshop","description":"f\u00fcr Pedalharfe | Zur Verwendung zusammen mit gepolsterter Transporth\u00fclle | Gewicht 78 kg.","robots":{"index":"index","follow":"follow","max-snippet":"max-snippet:-1","max-image-preview":"max-image-preview:large","max-video-preview":"max-video-preview:-1"},"canonical":"https:\/\/shop.camac-harps.com\/de\/produkt\/flight-case-fur-pedalharfe\/","og_locale":"de_DE","og_type":"article","og_title":"Flight-Case f\u00fcr Pedal Harfe | Camac-Harfen Webshop","og_description":"f\u00fcr Pedalharfe | Zur Verwendung zusammen mit gepolsterter Transporth\u00fclle | Gewicht 78 kg.","og_url":"https:\/\/shop.camac-harps.com\/de\/produkt\/flight-case-fur-pedalharfe\/","og_site_name":"Camac Harps Shop","article_modified_time":"2026-01-28T10:17:33+00:00","og_image":[{"width":2400,"height":2400,"url":"https:\/\/shop.camac-harps.com\/wp-content\/uploads\/sites\/25\/2021\/05\/flight-case-47-4.jpg","type":"image\/jpeg"}],"twitter_card":"summary_large_image","schema":{"@context":"https:\/\/schema.org","@graph":[{"@type":"WebPage","@id":"https:\/\/shop.camac-harps.com\/de\/produkt\/flight-case-fur-pedalharfe\/","url":"https:\/\/shop.camac-harps.com\/de\/produkt\/flight-case-fur-pedalharfe\/","name":"Flight-Case f\u00fcr Pedal Harfe | Camac-Harfen Webshop","isPartOf":{"@id":"https:\/\/shop.camac-harps.com\/de\/#website"},"primaryImageOfPage":{"@id":"https:\/\/shop.camac-harps.com\/de\/produkt\/flight-case-fur-pedalharfe\/#primaryimage"},"image":{"@id":"https:\/\/shop.camac-harps.com\/de\/produkt\/flight-case-fur-pedalharfe\/#primaryimage"},"thumbnailUrl":"https:\/\/shop.camac-harps.com\/wp-content\/uploads\/sites\/25\/2021\/05\/flight-case-47-4.jpg","datePublished":"2021-05-22T21:34:52+00:00","dateModified":"2026-01-28T10:17:33+00:00","description":"f\u00fcr Pedalharfe | Zur Verwendung zusammen mit gepolsterter Transporth\u00fclle | Gewicht 78 kg.","breadcrumb":{"@id":"https:\/\/shop.camac-harps.com\/de\/produkt\/flight-case-fur-pedalharfe\/#breadcrumb"},"inLanguage":"de","potentialAction":[{"@type":"ReadAction","target":["https:\/\/shop.camac-harps.com\/de\/produkt\/flight-case-fur-pedalharfe\/"]}]},{"@type":"ImageObject","inLanguage":"de","@id":"https:\/\/shop.camac-harps.com\/de\/produkt\/flight-case-fur-pedalharfe\/#primaryimage","url":"https:\/\/shop.camac-harps.com\/wp-content\/uploads\/sites\/25\/2021\/05\/flight-case-47-4.jpg","contentUrl":"https:\/\/shop.camac-harps.com\/wp-content\/uploads\/sites\/25\/2021\/05\/flight-case-47-4.jpg","width":2400,"height":2400,"caption":"FLY CASE"},{"@type":"BreadcrumbList","@id":"https:\/\/shop.camac-harps.com\/de\/produkt\/flight-case-fur-pedalharfe\/#breadcrumb","itemListElement":[{"@type":"ListItem","position":1,"name":"Home","item":"https:\/\/shop.camac-harps.com\/de\/startseite\/"},{"@type":"ListItem","position":2,"name":"Startseite","item":"https:\/\/shop.camac-harps.com\/de\/startseite\/"},{"@type":"ListItem","position":3,"name":"Flight-Case f\u00fcr Pedalharfe"}]},{"@type":"WebSite","@id":"https:\/\/shop.camac-harps.com\/de\/#website","url":"https:\/\/shop.camac-harps.com\/de\/","name":"Camac Harps Shop","description":"","potentialAction":[{"@type":"SearchAction","target":{"@type":"EntryPoint","urlTemplate":"https:\/\/shop.camac-harps.com\/de\/?s={search_term_string}"},"query-input":{"@type":"PropertyValueSpecification","valueRequired":true,"valueName":"search_term_string"}}],"inLanguage":"de"}]}},"_links":{"self":[{"href":"https:\/\/shop.camac-harps.com\/de\/wp-json\/wp\/v2\/product\/38328","targetHints":{"allow":["GET"]}}],"collection":[{"href":"https:\/\/shop.camac-harps.com\/de\/wp-json\/wp\/v2\/product"}],"about":[{"href":"https:\/\/shop.camac-harps.com\/de\/wp-json\/wp\/v2\/types\/product"}],"replies":[{"embeddable":true,"href":"https:\/\/shop.camac-harps.com\/de\/wp-json\/wp\/v2\/comments?post=38328"}],"wp:featuredmedia":[{"embeddable":true,"href":"https:\/\/shop.camac-harps.com\/de\/wp-json\/wp\/v2\/media\/38326"}],"wp:attachment":[{"href":"https:\/\/shop.camac-harps.com\/de\/wp-json\/wp\/v2\/media?parent=38328"}],"wp:term":[{"taxonomy":"product_brand","embeddable":true,"href":"https:\/\/shop.camac-harps.com\/de\/wp-json\/wp\/v2\/product_brand?post=38328"},{"taxonomy":"product_cat","embeddable":true,"href":"https:\/\/shop.camac-harps.com\/de\/wp-json\/wp\/v2\/product_cat?post=38328"},{"taxonomy":"product_tag","embeddable":true,"href":"https:\/\/shop.camac-harps.com\/de\/wp-json\/wp\/v2\/product_tag?post=38328"}],"curies":[{"name":"wp","href":"https:\/\/api.w.org\/{rel}","templated":true}]}}