{"id":39371,"date":"2021-07-01T15:59:05","date_gmt":"2021-07-01T15:59:05","guid":{"rendered":"https:\/\/shop.camac-harps.com\/product\/haendel-g-f-lascia-chio-pianga-bearbeitung-von-saori-mouri-zum-herunterladen\/"},"modified":"2025-12-02T22:50:38","modified_gmt":"2025-12-02T22:50:38","slug":"haendel-g-f-lascia-chio-pianga-bearbeitung-von-saori-mouri","status":"publish","type":"product","link":"https:\/\/shop.camac-harps.com\/de\/produkt\/haendel-g-f-lascia-chio-pianga-bearbeitung-von-saori-mouri\/","title":{"rendered":"HAENDEL G.F.: Lascia Ch&#8217;io Pianga, Bearbeitung von Saori Mouri"},"content":{"rendered":"","protected":false},"excerpt":{"rendered":"[audio mp3=\"https:\/\/shop.camac-harps.com\/wp-content\/uploads\/sites\/25\/2022\/04\/in20.-lascia-chio-pianga.mp3\"][\/audio]\n","protected":false},"featured_media":39257,"comment_status":"open","ping_status":"closed","template":"","meta":{"_acf_changed":false},"product_brand":[],"product_cat":[107,35,834,555,884,582,880,573,549,892,616],"product_tag":[],"class_list":{"0":"post-39371","1":"product","2":"type-product","3":"status-publish","4":"has-post-thumbnail","6":"product_cat-barden-und-troubadourmusik","7":"product_cat-harfennoten","8":"product_cat-musik_fuer_harfe_mit_27_saiten","9":"product_cat-noten-odyssey-collection","10":"product_cat-odyssey-collection-fuer-harfen-mit-haken-mittlere-schwierigkeitsstufe","11":"product_cat-odyssey-collection-fur-harfen-mit-haken-mittlere-schwierigkeitsstufe","12":"product_cat-odyssey-collection-noten-fuer-harfen-mit-haken","13":"product_cat-odyssey-collection-noten-fur-harfen-mit-haken","14":"product_cat-odyssey-harfe-webshop-de","15":"product_cat-zum-herunterladen-de-5","16":"product_cat-odyssey-collection-fuer-harfen-ohne-haken-mittleres-niveau-um-herunterladen","18":"first","19":"instock","20":"downloadable","21":"virtual","22":"taxable","23":"purchasable","24":"product-type-simple"},"acf":[],"yoast_head":"<title>Noten f\u00fcr kleine Harfen | Lascia Ch&#039;io Pianga<\/title>\n<meta name=\"description\" content=\"Noten f\u00fcr kleine Hakenharfe ab 27 Saiten | im Camac-Harfen Webshop erh\u00e4ltlich\" \/>\n<meta name=\"robots\" content=\"index, follow, max-snippet:-1, max-image-preview:large, max-video-preview:-1\" \/>\n<link rel=\"canonical\" href=\"https:\/\/shop.camac-harps.com\/de\/produkt\/haendel-g-f-lascia-chio-pianga-bearbeitung-von-saori-mouri\/\" \/>\n<meta property=\"og:locale\" content=\"de_DE\" \/>\n<meta property=\"og:type\" content=\"article\" \/>\n<meta property=\"og:title\" content=\"Noten f\u00fcr kleine Harfen | Lascia Ch&#039;io Pianga\" \/>\n<meta property=\"og:description\" content=\"Noten f\u00fcr kleine Hakenharfe ab 27 Saiten | im Camac-Harfen Webshop erh\u00e4ltlich\" \/>\n<meta property=\"og:url\" content=\"https:\/\/shop.camac-harps.com\/de\/produkt\/haendel-g-f-lascia-chio-pianga-bearbeitung-von-saori-mouri\/\" \/>\n<meta property=\"og:site_name\" content=\"Camac Harps Shop\" \/>\n<meta property=\"article:modified_time\" content=\"2025-12-02T22:50:38+00:00\" \/>\n<meta property=\"og:image\" content=\"https:\/\/shop.camac-harps.com\/wp-content\/uploads\/sites\/25\/2021\/06\/mis57pdf-2-scaled.jpg\" \/>\n\t<meta property=\"og:image:width\" content=\"1810\" \/>\n\t<meta property=\"og:image:height\" content=\"2560\" \/>\n\t<meta property=\"og:image:type\" content=\"image\/jpeg\" \/>\n<meta name=\"twitter:card\" content=\"summary_large_image\" \/>\n<script type=\"application\/ld+json\" class=\"yoast-schema-graph\">{\"@context\":\"https:\/\/schema.org\",\"@graph\":[{\"@type\":\"WebPage\",\"@id\":\"https:\/\/shop.camac-harps.com\/de\/produkt\/haendel-g-f-lascia-chio-pianga-bearbeitung-von-saori-mouri\/\",\"url\":\"https:\/\/shop.camac-harps.com\/de\/produkt\/haendel-g-f-lascia-chio-pianga-bearbeitung-von-saori-mouri\/\",\"name\":\"Noten f\u00fcr kleine Harfen | Lascia Ch'io Pianga\",\"isPartOf\":{\"@id\":\"https:\/\/shop.camac-harps.com\/de\/#website\"},\"primaryImageOfPage\":{\"@id\":\"https:\/\/shop.camac-harps.com\/de\/produkt\/haendel-g-f-lascia-chio-pianga-bearbeitung-von-saori-mouri\/#primaryimage\"},\"image\":{\"@id\":\"https:\/\/shop.camac-harps.com\/de\/produkt\/haendel-g-f-lascia-chio-pianga-bearbeitung-von-saori-mouri\/#primaryimage\"},\"thumbnailUrl\":\"https:\/\/shop.camac-harps.com\/wp-content\/uploads\/sites\/25\/2021\/06\/mis57pdf-2-scaled.jpg\",\"datePublished\":\"2021-07-01T15:59:05+00:00\",\"dateModified\":\"2025-12-02T22:50:38+00:00\",\"description\":\"Noten f\u00fcr kleine Hakenharfe ab 27 Saiten | im Camac-Harfen Webshop erh\u00e4ltlich\",\"breadcrumb\":{\"@id\":\"https:\/\/shop.camac-harps.com\/de\/produkt\/haendel-g-f-lascia-chio-pianga-bearbeitung-von-saori-mouri\/#breadcrumb\"},\"inLanguage\":\"de\",\"potentialAction\":[{\"@type\":\"ReadAction\",\"target\":[\"https:\/\/shop.camac-harps.com\/de\/produkt\/haendel-g-f-lascia-chio-pianga-bearbeitung-von-saori-mouri\/\"]}]},{\"@type\":\"ImageObject\",\"inLanguage\":\"de\",\"@id\":\"https:\/\/shop.camac-harps.com\/de\/produkt\/haendel-g-f-lascia-chio-pianga-bearbeitung-von-saori-mouri\/#primaryimage\",\"url\":\"https:\/\/shop.camac-harps.com\/wp-content\/uploads\/sites\/25\/2021\/06\/mis57pdf-2-scaled.jpg\",\"contentUrl\":\"https:\/\/shop.camac-harps.com\/wp-content\/uploads\/sites\/25\/2021\/06\/mis57pdf-2-scaled.jpg\",\"width\":1810,\"height\":2560,\"caption\":\"HAENDEL G.F.: Lascia Ch'io Pianga, Bearbeitung von Saori Mouri\"},{\"@type\":\"BreadcrumbList\",\"@id\":\"https:\/\/shop.camac-harps.com\/de\/produkt\/haendel-g-f-lascia-chio-pianga-bearbeitung-von-saori-mouri\/#breadcrumb\",\"itemListElement\":[{\"@type\":\"ListItem\",\"position\":1,\"name\":\"Home\",\"item\":\"https:\/\/shop.camac-harps.com\/de\/startseite\/\"},{\"@type\":\"ListItem\",\"position\":2,\"name\":\"Startseite\",\"item\":\"https:\/\/shop.camac-harps.com\/de\/startseite\/\"},{\"@type\":\"ListItem\",\"position\":3,\"name\":\"HAENDEL G.F.: Lascia Ch&#8217;io Pianga, Bearbeitung von Saori Mouri\"}]},{\"@type\":\"WebSite\",\"@id\":\"https:\/\/shop.camac-harps.com\/de\/#website\",\"url\":\"https:\/\/shop.camac-harps.com\/de\/\",\"name\":\"Camac Harps Shop\",\"description\":\"\",\"potentialAction\":[{\"@type\":\"SearchAction\",\"target\":{\"@type\":\"EntryPoint\",\"urlTemplate\":\"https:\/\/shop.camac-harps.com\/de\/?s={search_term_string}\"},\"query-input\":{\"@type\":\"PropertyValueSpecification\",\"valueRequired\":true,\"valueName\":\"search_term_string\"}}],\"inLanguage\":\"de\"}]}<\/script>","yoast_head_json":{"title":"Noten f\u00fcr kleine Harfen | Lascia Ch'io Pianga","description":"Noten f\u00fcr kleine Hakenharfe ab 27 Saiten | im Camac-Harfen Webshop erh\u00e4ltlich","robots":{"index":"index","follow":"follow","max-snippet":"max-snippet:-1","max-image-preview":"max-image-preview:large","max-video-preview":"max-video-preview:-1"},"canonical":"https:\/\/shop.camac-harps.com\/de\/produkt\/haendel-g-f-lascia-chio-pianga-bearbeitung-von-saori-mouri\/","og_locale":"de_DE","og_type":"article","og_title":"Noten f\u00fcr kleine Harfen | Lascia Ch'io Pianga","og_description":"Noten f\u00fcr kleine Hakenharfe ab 27 Saiten | im Camac-Harfen Webshop erh\u00e4ltlich","og_url":"https:\/\/shop.camac-harps.com\/de\/produkt\/haendel-g-f-lascia-chio-pianga-bearbeitung-von-saori-mouri\/","og_site_name":"Camac Harps Shop","article_modified_time":"2025-12-02T22:50:38+00:00","og_image":[{"width":1810,"height":2560,"url":"https:\/\/shop.camac-harps.com\/wp-content\/uploads\/sites\/25\/2021\/06\/mis57pdf-2-scaled.jpg","type":"image\/jpeg"}],"twitter_card":"summary_large_image","schema":{"@context":"https:\/\/schema.org","@graph":[{"@type":"WebPage","@id":"https:\/\/shop.camac-harps.com\/de\/produkt\/haendel-g-f-lascia-chio-pianga-bearbeitung-von-saori-mouri\/","url":"https:\/\/shop.camac-harps.com\/de\/produkt\/haendel-g-f-lascia-chio-pianga-bearbeitung-von-saori-mouri\/","name":"Noten f\u00fcr kleine Harfen | Lascia Ch'io Pianga","isPartOf":{"@id":"https:\/\/shop.camac-harps.com\/de\/#website"},"primaryImageOfPage":{"@id":"https:\/\/shop.camac-harps.com\/de\/produkt\/haendel-g-f-lascia-chio-pianga-bearbeitung-von-saori-mouri\/#primaryimage"},"image":{"@id":"https:\/\/shop.camac-harps.com\/de\/produkt\/haendel-g-f-lascia-chio-pianga-bearbeitung-von-saori-mouri\/#primaryimage"},"thumbnailUrl":"https:\/\/shop.camac-harps.com\/wp-content\/uploads\/sites\/25\/2021\/06\/mis57pdf-2-scaled.jpg","datePublished":"2021-07-01T15:59:05+00:00","dateModified":"2025-12-02T22:50:38+00:00","description":"Noten f\u00fcr kleine Hakenharfe ab 27 Saiten | im Camac-Harfen Webshop erh\u00e4ltlich","breadcrumb":{"@id":"https:\/\/shop.camac-harps.com\/de\/produkt\/haendel-g-f-lascia-chio-pianga-bearbeitung-von-saori-mouri\/#breadcrumb"},"inLanguage":"de","potentialAction":[{"@type":"ReadAction","target":["https:\/\/shop.camac-harps.com\/de\/produkt\/haendel-g-f-lascia-chio-pianga-bearbeitung-von-saori-mouri\/"]}]},{"@type":"ImageObject","inLanguage":"de","@id":"https:\/\/shop.camac-harps.com\/de\/produkt\/haendel-g-f-lascia-chio-pianga-bearbeitung-von-saori-mouri\/#primaryimage","url":"https:\/\/shop.camac-harps.com\/wp-content\/uploads\/sites\/25\/2021\/06\/mis57pdf-2-scaled.jpg","contentUrl":"https:\/\/shop.camac-harps.com\/wp-content\/uploads\/sites\/25\/2021\/06\/mis57pdf-2-scaled.jpg","width":1810,"height":2560,"caption":"HAENDEL G.F.: Lascia Ch'io Pianga, Bearbeitung von Saori Mouri"},{"@type":"BreadcrumbList","@id":"https:\/\/shop.camac-harps.com\/de\/produkt\/haendel-g-f-lascia-chio-pianga-bearbeitung-von-saori-mouri\/#breadcrumb","itemListElement":[{"@type":"ListItem","position":1,"name":"Home","item":"https:\/\/shop.camac-harps.com\/de\/startseite\/"},{"@type":"ListItem","position":2,"name":"Startseite","item":"https:\/\/shop.camac-harps.com\/de\/startseite\/"},{"@type":"ListItem","position":3,"name":"HAENDEL G.F.: Lascia Ch&#8217;io Pianga, Bearbeitung von Saori Mouri"}]},{"@type":"WebSite","@id":"https:\/\/shop.camac-harps.com\/de\/#website","url":"https:\/\/shop.camac-harps.com\/de\/","name":"Camac Harps Shop","description":"","potentialAction":[{"@type":"SearchAction","target":{"@type":"EntryPoint","urlTemplate":"https:\/\/shop.camac-harps.com\/de\/?s={search_term_string}"},"query-input":{"@type":"PropertyValueSpecification","valueRequired":true,"valueName":"search_term_string"}}],"inLanguage":"de"}]}},"_links":{"self":[{"href":"https:\/\/shop.camac-harps.com\/de\/wp-json\/wp\/v2\/product\/39371","targetHints":{"allow":["GET"]}}],"collection":[{"href":"https:\/\/shop.camac-harps.com\/de\/wp-json\/wp\/v2\/product"}],"about":[{"href":"https:\/\/shop.camac-harps.com\/de\/wp-json\/wp\/v2\/types\/product"}],"replies":[{"embeddable":true,"href":"https:\/\/shop.camac-harps.com\/de\/wp-json\/wp\/v2\/comments?post=39371"}],"wp:featuredmedia":[{"embeddable":true,"href":"https:\/\/shop.camac-harps.com\/de\/wp-json\/wp\/v2\/media\/39257"}],"wp:attachment":[{"href":"https:\/\/shop.camac-harps.com\/de\/wp-json\/wp\/v2\/media?parent=39371"}],"wp:term":[{"taxonomy":"product_brand","embeddable":true,"href":"https:\/\/shop.camac-harps.com\/de\/wp-json\/wp\/v2\/product_brand?post=39371"},{"taxonomy":"product_cat","embeddable":true,"href":"https:\/\/shop.camac-harps.com\/de\/wp-json\/wp\/v2\/product_cat?post=39371"},{"taxonomy":"product_tag","embeddable":true,"href":"https:\/\/shop.camac-harps.com\/de\/wp-json\/wp\/v2\/product_tag?post=39371"}],"curies":[{"name":"wp","href":"https:\/\/api.w.org\/{rel}","templated":true}]}}