{"id":41866,"date":"2021-10-20T08:55:27","date_gmt":"2021-10-20T08:55:27","guid":{"rendered":"https:\/\/shop.camac-harps.com\/?post_type=product&#038;p=41866"},"modified":"2024-11-07T15:01:56","modified_gmt":"2024-11-07T15:01:56","slug":"respighi-ottorino-intermezzo-serenata-fur-3-harfen-ref-2mcvb003-bearbeitung-von-vincent-buffin","status":"publish","type":"product","link":"https:\/\/shop.camac-harps.com\/de\/produkt\/respighi-ottorino-intermezzo-serenata-fur-3-harfen-ref-2mcvb003-bearbeitung-von-vincent-buffin\/","title":{"rendered":"RESPIGHI Ottorino: Intermezzo-Serenata f\u00fcr 3 Harfen, Ref. 2MCVB003 &#8211; Bearbeitung von Vincent Buffin"},"content":{"rendered":"<p style=\"text-align: justify;\">Sind Sie auf der Suche nach raffinierten Arrangements sch\u00f6ner und ber\u00fchmter St\u00fccke f\u00fcr Ihr Harfenensemble? Die neue Kollektion f\u00fcr zwei, drei oder vier Harfen des Harfenisten Vincent Buffin bietet bekannte und wundersch\u00f6ne Musik an, ohne dabei Klischees zu bedienen.<\/p>\n<p style=\"text-align: justify;\">Diese neuen Partituren k\u00f6nnen sowohl von Sch\u00fclerensembles ab der Mittelstufe als auch von Profis gespielt werden.<\/p>\n","protected":false},"excerpt":{"rendered":"<p>Sind Sie auf der Suche nach raffinierten Arrangements sch\u00f6ner und ber\u00fchmter St\u00fccke f\u00fcr Ihr Harfenensemble? Die neue Kollektion f\u00fcr zwei, drei oder vier Harfen des Harfenisten Vincent Buffin bietet bekannte und wundersch\u00f6ne Musik an, ohne dabei Klischees zu bedienen. Diese neuen Partituren k\u00f6nnen sowohl von Sch\u00fclerensembles ab der Mittelstufe als auch von Profis gespielt werden.<\/p>\n","protected":false},"featured_media":41849,"comment_status":"open","ping_status":"closed","template":"","meta":{"_acf_changed":false},"product_brand":[],"product_cat":[53,35],"product_tag":[],"class_list":{"0":"post-41866","1":"product","2":"type-product","3":"status-publish","4":"has-post-thumbnail","6":"product_cat-ensemblestucke-fur-harfe","7":"product_cat-harfennoten","9":"first","10":"instock","11":"taxable","12":"shipping-taxable","13":"purchasable","14":"product-type-simple"},"acf":[],"yoast_head":"<title>RESPIGHI Ottorino: Intermezzo-Serenata | Noten f\u00fcr 3 Harfen, Bearbeitung von Vincent Buffin<\/title>\n<meta name=\"description\" content=\"Im Camac-Harfen Webshop erh\u00e4ltlich.\" \/>\n<meta name=\"robots\" content=\"index, follow, max-snippet:-1, max-image-preview:large, max-video-preview:-1\" \/>\n<link rel=\"canonical\" href=\"https:\/\/shop.camac-harps.com\/de\/produkt\/respighi-ottorino-intermezzo-serenata-fur-3-harfen-ref-2mcvb003-bearbeitung-von-vincent-buffin\/\" \/>\n<meta property=\"og:locale\" content=\"de_DE\" \/>\n<meta property=\"og:type\" content=\"article\" \/>\n<meta property=\"og:title\" content=\"RESPIGHI Ottorino: Intermezzo-Serenata | Noten f\u00fcr 3 Harfen, Bearbeitung von Vincent Buffin\" \/>\n<meta property=\"og:description\" content=\"Im Camac-Harfen Webshop erh\u00e4ltlich.\" \/>\n<meta property=\"og:url\" content=\"https:\/\/shop.camac-harps.com\/de\/produkt\/respighi-ottorino-intermezzo-serenata-fur-3-harfen-ref-2mcvb003-bearbeitung-von-vincent-buffin\/\" \/>\n<meta property=\"og:site_name\" content=\"Camac Harps Shop\" \/>\n<meta property=\"article:modified_time\" content=\"2024-11-07T15:01:56+00:00\" \/>\n<meta property=\"og:image\" content=\"https:\/\/shop.camac-harps.com\/wp-content\/uploads\/sites\/25\/2021\/10\/rio03.jpg\" \/>\n\t<meta property=\"og:image:width\" content=\"574\" \/>\n\t<meta property=\"og:image:height\" content=\"829\" \/>\n\t<meta property=\"og:image:type\" content=\"image\/jpeg\" \/>\n<meta name=\"twitter:card\" content=\"summary_large_image\" \/>\n<script type=\"application\/ld+json\" class=\"yoast-schema-graph\">{\"@context\":\"https:\/\/schema.org\",\"@graph\":[{\"@type\":\"WebPage\",\"@id\":\"https:\/\/shop.camac-harps.com\/de\/produkt\/respighi-ottorino-intermezzo-serenata-fur-3-harfen-ref-2mcvb003-bearbeitung-von-vincent-buffin\/\",\"url\":\"https:\/\/shop.camac-harps.com\/de\/produkt\/respighi-ottorino-intermezzo-serenata-fur-3-harfen-ref-2mcvb003-bearbeitung-von-vincent-buffin\/\",\"name\":\"RESPIGHI Ottorino: Intermezzo-Serenata | Noten f\u00fcr 3 Harfen, Bearbeitung von Vincent Buffin\",\"isPartOf\":{\"@id\":\"https:\/\/shop.camac-harps.com\/de\/#website\"},\"primaryImageOfPage\":{\"@id\":\"https:\/\/shop.camac-harps.com\/de\/produkt\/respighi-ottorino-intermezzo-serenata-fur-3-harfen-ref-2mcvb003-bearbeitung-von-vincent-buffin\/#primaryimage\"},\"image\":{\"@id\":\"https:\/\/shop.camac-harps.com\/de\/produkt\/respighi-ottorino-intermezzo-serenata-fur-3-harfen-ref-2mcvb003-bearbeitung-von-vincent-buffin\/#primaryimage\"},\"thumbnailUrl\":\"https:\/\/shop.camac-harps.com\/wp-content\/uploads\/sites\/25\/2021\/10\/rio03.jpg\",\"datePublished\":\"2021-10-20T08:55:27+00:00\",\"dateModified\":\"2024-11-07T15:01:56+00:00\",\"description\":\"Im Camac-Harfen Webshop erh\u00e4ltlich.\",\"breadcrumb\":{\"@id\":\"https:\/\/shop.camac-harps.com\/de\/produkt\/respighi-ottorino-intermezzo-serenata-fur-3-harfen-ref-2mcvb003-bearbeitung-von-vincent-buffin\/#breadcrumb\"},\"inLanguage\":\"de\",\"potentialAction\":[{\"@type\":\"ReadAction\",\"target\":[\"https:\/\/shop.camac-harps.com\/de\/produkt\/respighi-ottorino-intermezzo-serenata-fur-3-harfen-ref-2mcvb003-bearbeitung-von-vincent-buffin\/\"]}]},{\"@type\":\"ImageObject\",\"inLanguage\":\"de\",\"@id\":\"https:\/\/shop.camac-harps.com\/de\/produkt\/respighi-ottorino-intermezzo-serenata-fur-3-harfen-ref-2mcvb003-bearbeitung-von-vincent-buffin\/#primaryimage\",\"url\":\"https:\/\/shop.camac-harps.com\/wp-content\/uploads\/sites\/25\/2021\/10\/rio03.jpg\",\"contentUrl\":\"https:\/\/shop.camac-harps.com\/wp-content\/uploads\/sites\/25\/2021\/10\/rio03.jpg\",\"width\":574,\"height\":829,\"caption\":\"RESPIGHI Ottorino: Intermezzo-Serenata f\u00fcr 3 Harfen, Bearbeitung von Vincent Buffin\"},{\"@type\":\"BreadcrumbList\",\"@id\":\"https:\/\/shop.camac-harps.com\/de\/produkt\/respighi-ottorino-intermezzo-serenata-fur-3-harfen-ref-2mcvb003-bearbeitung-von-vincent-buffin\/#breadcrumb\",\"itemListElement\":[{\"@type\":\"ListItem\",\"position\":1,\"name\":\"Home\",\"item\":\"https:\/\/shop.camac-harps.com\/de\/startseite\/\"},{\"@type\":\"ListItem\",\"position\":2,\"name\":\"Startseite\",\"item\":\"https:\/\/shop.camac-harps.com\/de\/startseite\/\"},{\"@type\":\"ListItem\",\"position\":3,\"name\":\"RESPIGHI Ottorino: Intermezzo-Serenata f\u00fcr 3 Harfen, Ref. 2MCVB003 &#8211; Bearbeitung von Vincent Buffin\"}]},{\"@type\":\"WebSite\",\"@id\":\"https:\/\/shop.camac-harps.com\/de\/#website\",\"url\":\"https:\/\/shop.camac-harps.com\/de\/\",\"name\":\"Camac Harps Shop\",\"description\":\"\",\"potentialAction\":[{\"@type\":\"SearchAction\",\"target\":{\"@type\":\"EntryPoint\",\"urlTemplate\":\"https:\/\/shop.camac-harps.com\/de\/?s={search_term_string}\"},\"query-input\":{\"@type\":\"PropertyValueSpecification\",\"valueRequired\":true,\"valueName\":\"search_term_string\"}}],\"inLanguage\":\"de\"}]}<\/script>","yoast_head_json":{"title":"RESPIGHI Ottorino: Intermezzo-Serenata | Noten f\u00fcr 3 Harfen, Bearbeitung von Vincent Buffin","description":"Im Camac-Harfen Webshop erh\u00e4ltlich.","robots":{"index":"index","follow":"follow","max-snippet":"max-snippet:-1","max-image-preview":"max-image-preview:large","max-video-preview":"max-video-preview:-1"},"canonical":"https:\/\/shop.camac-harps.com\/de\/produkt\/respighi-ottorino-intermezzo-serenata-fur-3-harfen-ref-2mcvb003-bearbeitung-von-vincent-buffin\/","og_locale":"de_DE","og_type":"article","og_title":"RESPIGHI Ottorino: Intermezzo-Serenata | Noten f\u00fcr 3 Harfen, Bearbeitung von Vincent Buffin","og_description":"Im Camac-Harfen Webshop erh\u00e4ltlich.","og_url":"https:\/\/shop.camac-harps.com\/de\/produkt\/respighi-ottorino-intermezzo-serenata-fur-3-harfen-ref-2mcvb003-bearbeitung-von-vincent-buffin\/","og_site_name":"Camac Harps Shop","article_modified_time":"2024-11-07T15:01:56+00:00","og_image":[{"width":574,"height":829,"url":"https:\/\/shop.camac-harps.com\/wp-content\/uploads\/sites\/25\/2021\/10\/rio03.jpg","type":"image\/jpeg"}],"twitter_card":"summary_large_image","schema":{"@context":"https:\/\/schema.org","@graph":[{"@type":"WebPage","@id":"https:\/\/shop.camac-harps.com\/de\/produkt\/respighi-ottorino-intermezzo-serenata-fur-3-harfen-ref-2mcvb003-bearbeitung-von-vincent-buffin\/","url":"https:\/\/shop.camac-harps.com\/de\/produkt\/respighi-ottorino-intermezzo-serenata-fur-3-harfen-ref-2mcvb003-bearbeitung-von-vincent-buffin\/","name":"RESPIGHI Ottorino: Intermezzo-Serenata | Noten f\u00fcr 3 Harfen, Bearbeitung von Vincent Buffin","isPartOf":{"@id":"https:\/\/shop.camac-harps.com\/de\/#website"},"primaryImageOfPage":{"@id":"https:\/\/shop.camac-harps.com\/de\/produkt\/respighi-ottorino-intermezzo-serenata-fur-3-harfen-ref-2mcvb003-bearbeitung-von-vincent-buffin\/#primaryimage"},"image":{"@id":"https:\/\/shop.camac-harps.com\/de\/produkt\/respighi-ottorino-intermezzo-serenata-fur-3-harfen-ref-2mcvb003-bearbeitung-von-vincent-buffin\/#primaryimage"},"thumbnailUrl":"https:\/\/shop.camac-harps.com\/wp-content\/uploads\/sites\/25\/2021\/10\/rio03.jpg","datePublished":"2021-10-20T08:55:27+00:00","dateModified":"2024-11-07T15:01:56+00:00","description":"Im Camac-Harfen Webshop erh\u00e4ltlich.","breadcrumb":{"@id":"https:\/\/shop.camac-harps.com\/de\/produkt\/respighi-ottorino-intermezzo-serenata-fur-3-harfen-ref-2mcvb003-bearbeitung-von-vincent-buffin\/#breadcrumb"},"inLanguage":"de","potentialAction":[{"@type":"ReadAction","target":["https:\/\/shop.camac-harps.com\/de\/produkt\/respighi-ottorino-intermezzo-serenata-fur-3-harfen-ref-2mcvb003-bearbeitung-von-vincent-buffin\/"]}]},{"@type":"ImageObject","inLanguage":"de","@id":"https:\/\/shop.camac-harps.com\/de\/produkt\/respighi-ottorino-intermezzo-serenata-fur-3-harfen-ref-2mcvb003-bearbeitung-von-vincent-buffin\/#primaryimage","url":"https:\/\/shop.camac-harps.com\/wp-content\/uploads\/sites\/25\/2021\/10\/rio03.jpg","contentUrl":"https:\/\/shop.camac-harps.com\/wp-content\/uploads\/sites\/25\/2021\/10\/rio03.jpg","width":574,"height":829,"caption":"RESPIGHI Ottorino: Intermezzo-Serenata f\u00fcr 3 Harfen, Bearbeitung von Vincent Buffin"},{"@type":"BreadcrumbList","@id":"https:\/\/shop.camac-harps.com\/de\/produkt\/respighi-ottorino-intermezzo-serenata-fur-3-harfen-ref-2mcvb003-bearbeitung-von-vincent-buffin\/#breadcrumb","itemListElement":[{"@type":"ListItem","position":1,"name":"Home","item":"https:\/\/shop.camac-harps.com\/de\/startseite\/"},{"@type":"ListItem","position":2,"name":"Startseite","item":"https:\/\/shop.camac-harps.com\/de\/startseite\/"},{"@type":"ListItem","position":3,"name":"RESPIGHI Ottorino: Intermezzo-Serenata f\u00fcr 3 Harfen, Ref. 2MCVB003 &#8211; Bearbeitung von Vincent Buffin"}]},{"@type":"WebSite","@id":"https:\/\/shop.camac-harps.com\/de\/#website","url":"https:\/\/shop.camac-harps.com\/de\/","name":"Camac Harps Shop","description":"","potentialAction":[{"@type":"SearchAction","target":{"@type":"EntryPoint","urlTemplate":"https:\/\/shop.camac-harps.com\/de\/?s={search_term_string}"},"query-input":{"@type":"PropertyValueSpecification","valueRequired":true,"valueName":"search_term_string"}}],"inLanguage":"de"}]}},"_links":{"self":[{"href":"https:\/\/shop.camac-harps.com\/de\/wp-json\/wp\/v2\/product\/41866","targetHints":{"allow":["GET"]}}],"collection":[{"href":"https:\/\/shop.camac-harps.com\/de\/wp-json\/wp\/v2\/product"}],"about":[{"href":"https:\/\/shop.camac-harps.com\/de\/wp-json\/wp\/v2\/types\/product"}],"replies":[{"embeddable":true,"href":"https:\/\/shop.camac-harps.com\/de\/wp-json\/wp\/v2\/comments?post=41866"}],"wp:featuredmedia":[{"embeddable":true,"href":"https:\/\/shop.camac-harps.com\/de\/wp-json\/wp\/v2\/media\/41849"}],"wp:attachment":[{"href":"https:\/\/shop.camac-harps.com\/de\/wp-json\/wp\/v2\/media?parent=41866"}],"wp:term":[{"taxonomy":"product_brand","embeddable":true,"href":"https:\/\/shop.camac-harps.com\/de\/wp-json\/wp\/v2\/product_brand?post=41866"},{"taxonomy":"product_cat","embeddable":true,"href":"https:\/\/shop.camac-harps.com\/de\/wp-json\/wp\/v2\/product_cat?post=41866"},{"taxonomy":"product_tag","embeddable":true,"href":"https:\/\/shop.camac-harps.com\/de\/wp-json\/wp\/v2\/product_tag?post=41866"}],"curies":[{"name":"wp","href":"https:\/\/api.w.org\/{rel}","templated":true}]}}