{"id":42690,"date":"2021-11-25T11:49:17","date_gmt":"2021-11-25T11:49:17","guid":{"rendered":"https:\/\/shop.camac-harps.com\/product\/lopez-felix-maximo-variaciones-del-fandango-espagnol-bearbeitung-von-claudia-lamanna\/"},"modified":"2024-11-07T15:01:51","modified_gmt":"2024-11-07T15:01:51","slug":"lopez-felix-maximo-variaciones-del-fandango-espagnol-bearbeitung-von-claudia-lamanna","status":"publish","type":"product","link":"https:\/\/shop.camac-harps.com\/de\/produkt\/lopez-felix-maximo-variaciones-del-fandango-espagnol-bearbeitung-von-claudia-lamanna\/","title":{"rendered":"LOPEZ F\u00e9lix M\u00e1ximo : Variaciones del Fandango espag\u00f1ol, Bearbeitung von Claudia LAMANNA"},"content":{"rendered":"","protected":false},"excerpt":{"rendered":"","protected":false},"featured_media":42687,"comment_status":"open","ping_status":"closed","template":"","meta":{"_acf_changed":false},"product_brand":[],"product_cat":[35,47],"product_tag":[],"class_list":{"0":"post-42690","1":"product","2":"type-product","3":"status-publish","4":"has-post-thumbnail","6":"product_cat-harfennoten","7":"product_cat-solostucke-fur-pedalharfe","9":"first","10":"instock","11":"taxable","12":"shipping-taxable","13":"purchasable","14":"product-type-simple"},"acf":[],"yoast_head":"<title>LOPEZ F\u00e9lix M\u00e1ximo: Variaciones del Fandango espag\u00f1ol, Bearbeitung von Claudia LAMANNA<\/title>\n<meta name=\"description\" content=\"Transkription f\u00fcr Harfe von Claudia Lamanna | Im Camac-Harfen Webshop erh\u00e4ltlich.\" \/>\n<meta name=\"robots\" content=\"index, follow, max-snippet:-1, max-image-preview:large, max-video-preview:-1\" \/>\n<link rel=\"canonical\" href=\"https:\/\/shop.camac-harps.com\/de\/produkt\/lopez-felix-maximo-variaciones-del-fandango-espagnol-bearbeitung-von-claudia-lamanna\/\" \/>\n<meta property=\"og:locale\" content=\"de_DE\" \/>\n<meta property=\"og:type\" content=\"article\" \/>\n<meta property=\"og:title\" content=\"LOPEZ F\u00e9lix M\u00e1ximo: Variaciones del Fandango espag\u00f1ol, Bearbeitung von Claudia LAMANNA\" \/>\n<meta property=\"og:description\" content=\"Transkription f\u00fcr Harfe von Claudia Lamanna | Im Camac-Harfen Webshop erh\u00e4ltlich.\" \/>\n<meta property=\"og:url\" content=\"https:\/\/shop.camac-harps.com\/de\/produkt\/lopez-felix-maximo-variaciones-del-fandango-espagnol-bearbeitung-von-claudia-lamanna\/\" \/>\n<meta property=\"og:site_name\" content=\"Camac Harps Shop\" \/>\n<meta property=\"article:modified_time\" content=\"2024-11-07T15:01:51+00:00\" \/>\n<meta property=\"og:image\" content=\"https:\/\/shop.camac-harps.com\/wp-content\/uploads\/sites\/25\/2021\/11\/fxl01.jpg\" \/>\n\t<meta property=\"og:image:width\" content=\"563\" \/>\n\t<meta property=\"og:image:height\" content=\"800\" \/>\n\t<meta property=\"og:image:type\" content=\"image\/jpeg\" \/>\n<meta name=\"twitter:card\" content=\"summary_large_image\" \/>\n<script type=\"application\/ld+json\" class=\"yoast-schema-graph\">{\"@context\":\"https:\/\/schema.org\",\"@graph\":[{\"@type\":\"WebPage\",\"@id\":\"https:\/\/shop.camac-harps.com\/de\/produkt\/lopez-felix-maximo-variaciones-del-fandango-espagnol-bearbeitung-von-claudia-lamanna\/\",\"url\":\"https:\/\/shop.camac-harps.com\/de\/produkt\/lopez-felix-maximo-variaciones-del-fandango-espagnol-bearbeitung-von-claudia-lamanna\/\",\"name\":\"LOPEZ F\u00e9lix M\u00e1ximo: Variaciones del Fandango espag\u00f1ol, Bearbeitung von Claudia LAMANNA\",\"isPartOf\":{\"@id\":\"https:\/\/shop.camac-harps.com\/de\/#website\"},\"primaryImageOfPage\":{\"@id\":\"https:\/\/shop.camac-harps.com\/de\/produkt\/lopez-felix-maximo-variaciones-del-fandango-espagnol-bearbeitung-von-claudia-lamanna\/#primaryimage\"},\"image\":{\"@id\":\"https:\/\/shop.camac-harps.com\/de\/produkt\/lopez-felix-maximo-variaciones-del-fandango-espagnol-bearbeitung-von-claudia-lamanna\/#primaryimage\"},\"thumbnailUrl\":\"https:\/\/shop.camac-harps.com\/wp-content\/uploads\/sites\/25\/2021\/11\/fxl01.jpg\",\"datePublished\":\"2021-11-25T11:49:17+00:00\",\"dateModified\":\"2024-11-07T15:01:51+00:00\",\"description\":\"Transkription f\u00fcr Harfe von Claudia Lamanna | Im Camac-Harfen Webshop erh\u00e4ltlich.\",\"breadcrumb\":{\"@id\":\"https:\/\/shop.camac-harps.com\/de\/produkt\/lopez-felix-maximo-variaciones-del-fandango-espagnol-bearbeitung-von-claudia-lamanna\/#breadcrumb\"},\"inLanguage\":\"de\",\"potentialAction\":[{\"@type\":\"ReadAction\",\"target\":[\"https:\/\/shop.camac-harps.com\/de\/produkt\/lopez-felix-maximo-variaciones-del-fandango-espagnol-bearbeitung-von-claudia-lamanna\/\"]}]},{\"@type\":\"ImageObject\",\"inLanguage\":\"de\",\"@id\":\"https:\/\/shop.camac-harps.com\/de\/produkt\/lopez-felix-maximo-variaciones-del-fandango-espagnol-bearbeitung-von-claudia-lamanna\/#primaryimage\",\"url\":\"https:\/\/shop.camac-harps.com\/wp-content\/uploads\/sites\/25\/2021\/11\/fxl01.jpg\",\"contentUrl\":\"https:\/\/shop.camac-harps.com\/wp-content\/uploads\/sites\/25\/2021\/11\/fxl01.jpg\",\"width\":563,\"height\":800,\"caption\":\"LOPEZ F\u00e9lix M\u00e1ximo : Variaciones del Fandango espag\u00f1ol, Bearbeitung von Claudia LAMANNA\"},{\"@type\":\"BreadcrumbList\",\"@id\":\"https:\/\/shop.camac-harps.com\/de\/produkt\/lopez-felix-maximo-variaciones-del-fandango-espagnol-bearbeitung-von-claudia-lamanna\/#breadcrumb\",\"itemListElement\":[{\"@type\":\"ListItem\",\"position\":1,\"name\":\"Home\",\"item\":\"https:\/\/shop.camac-harps.com\/de\/startseite\/\"},{\"@type\":\"ListItem\",\"position\":2,\"name\":\"Startseite\",\"item\":\"https:\/\/shop.camac-harps.com\/de\/startseite\/\"},{\"@type\":\"ListItem\",\"position\":3,\"name\":\"LOPEZ F\u00e9lix M\u00e1ximo : Variaciones del Fandango espag\u00f1ol, Bearbeitung von Claudia LAMANNA\"}]},{\"@type\":\"WebSite\",\"@id\":\"https:\/\/shop.camac-harps.com\/de\/#website\",\"url\":\"https:\/\/shop.camac-harps.com\/de\/\",\"name\":\"Camac Harps Shop\",\"description\":\"\",\"potentialAction\":[{\"@type\":\"SearchAction\",\"target\":{\"@type\":\"EntryPoint\",\"urlTemplate\":\"https:\/\/shop.camac-harps.com\/de\/?s={search_term_string}\"},\"query-input\":{\"@type\":\"PropertyValueSpecification\",\"valueRequired\":true,\"valueName\":\"search_term_string\"}}],\"inLanguage\":\"de\"}]}<\/script>","yoast_head_json":{"title":"LOPEZ F\u00e9lix M\u00e1ximo: Variaciones del Fandango espag\u00f1ol, Bearbeitung von Claudia LAMANNA","description":"Transkription f\u00fcr Harfe von Claudia Lamanna | Im Camac-Harfen Webshop erh\u00e4ltlich.","robots":{"index":"index","follow":"follow","max-snippet":"max-snippet:-1","max-image-preview":"max-image-preview:large","max-video-preview":"max-video-preview:-1"},"canonical":"https:\/\/shop.camac-harps.com\/de\/produkt\/lopez-felix-maximo-variaciones-del-fandango-espagnol-bearbeitung-von-claudia-lamanna\/","og_locale":"de_DE","og_type":"article","og_title":"LOPEZ F\u00e9lix M\u00e1ximo: Variaciones del Fandango espag\u00f1ol, Bearbeitung von Claudia LAMANNA","og_description":"Transkription f\u00fcr Harfe von Claudia Lamanna | Im Camac-Harfen Webshop erh\u00e4ltlich.","og_url":"https:\/\/shop.camac-harps.com\/de\/produkt\/lopez-felix-maximo-variaciones-del-fandango-espagnol-bearbeitung-von-claudia-lamanna\/","og_site_name":"Camac Harps Shop","article_modified_time":"2024-11-07T15:01:51+00:00","og_image":[{"width":563,"height":800,"url":"https:\/\/shop.camac-harps.com\/wp-content\/uploads\/sites\/25\/2021\/11\/fxl01.jpg","type":"image\/jpeg"}],"twitter_card":"summary_large_image","schema":{"@context":"https:\/\/schema.org","@graph":[{"@type":"WebPage","@id":"https:\/\/shop.camac-harps.com\/de\/produkt\/lopez-felix-maximo-variaciones-del-fandango-espagnol-bearbeitung-von-claudia-lamanna\/","url":"https:\/\/shop.camac-harps.com\/de\/produkt\/lopez-felix-maximo-variaciones-del-fandango-espagnol-bearbeitung-von-claudia-lamanna\/","name":"LOPEZ F\u00e9lix M\u00e1ximo: Variaciones del Fandango espag\u00f1ol, Bearbeitung von Claudia LAMANNA","isPartOf":{"@id":"https:\/\/shop.camac-harps.com\/de\/#website"},"primaryImageOfPage":{"@id":"https:\/\/shop.camac-harps.com\/de\/produkt\/lopez-felix-maximo-variaciones-del-fandango-espagnol-bearbeitung-von-claudia-lamanna\/#primaryimage"},"image":{"@id":"https:\/\/shop.camac-harps.com\/de\/produkt\/lopez-felix-maximo-variaciones-del-fandango-espagnol-bearbeitung-von-claudia-lamanna\/#primaryimage"},"thumbnailUrl":"https:\/\/shop.camac-harps.com\/wp-content\/uploads\/sites\/25\/2021\/11\/fxl01.jpg","datePublished":"2021-11-25T11:49:17+00:00","dateModified":"2024-11-07T15:01:51+00:00","description":"Transkription f\u00fcr Harfe von Claudia Lamanna | Im Camac-Harfen Webshop erh\u00e4ltlich.","breadcrumb":{"@id":"https:\/\/shop.camac-harps.com\/de\/produkt\/lopez-felix-maximo-variaciones-del-fandango-espagnol-bearbeitung-von-claudia-lamanna\/#breadcrumb"},"inLanguage":"de","potentialAction":[{"@type":"ReadAction","target":["https:\/\/shop.camac-harps.com\/de\/produkt\/lopez-felix-maximo-variaciones-del-fandango-espagnol-bearbeitung-von-claudia-lamanna\/"]}]},{"@type":"ImageObject","inLanguage":"de","@id":"https:\/\/shop.camac-harps.com\/de\/produkt\/lopez-felix-maximo-variaciones-del-fandango-espagnol-bearbeitung-von-claudia-lamanna\/#primaryimage","url":"https:\/\/shop.camac-harps.com\/wp-content\/uploads\/sites\/25\/2021\/11\/fxl01.jpg","contentUrl":"https:\/\/shop.camac-harps.com\/wp-content\/uploads\/sites\/25\/2021\/11\/fxl01.jpg","width":563,"height":800,"caption":"LOPEZ F\u00e9lix M\u00e1ximo : Variaciones del Fandango espag\u00f1ol, Bearbeitung von Claudia LAMANNA"},{"@type":"BreadcrumbList","@id":"https:\/\/shop.camac-harps.com\/de\/produkt\/lopez-felix-maximo-variaciones-del-fandango-espagnol-bearbeitung-von-claudia-lamanna\/#breadcrumb","itemListElement":[{"@type":"ListItem","position":1,"name":"Home","item":"https:\/\/shop.camac-harps.com\/de\/startseite\/"},{"@type":"ListItem","position":2,"name":"Startseite","item":"https:\/\/shop.camac-harps.com\/de\/startseite\/"},{"@type":"ListItem","position":3,"name":"LOPEZ F\u00e9lix M\u00e1ximo : Variaciones del Fandango espag\u00f1ol, Bearbeitung von Claudia LAMANNA"}]},{"@type":"WebSite","@id":"https:\/\/shop.camac-harps.com\/de\/#website","url":"https:\/\/shop.camac-harps.com\/de\/","name":"Camac Harps Shop","description":"","potentialAction":[{"@type":"SearchAction","target":{"@type":"EntryPoint","urlTemplate":"https:\/\/shop.camac-harps.com\/de\/?s={search_term_string}"},"query-input":{"@type":"PropertyValueSpecification","valueRequired":true,"valueName":"search_term_string"}}],"inLanguage":"de"}]}},"_links":{"self":[{"href":"https:\/\/shop.camac-harps.com\/de\/wp-json\/wp\/v2\/product\/42690","targetHints":{"allow":["GET"]}}],"collection":[{"href":"https:\/\/shop.camac-harps.com\/de\/wp-json\/wp\/v2\/product"}],"about":[{"href":"https:\/\/shop.camac-harps.com\/de\/wp-json\/wp\/v2\/types\/product"}],"replies":[{"embeddable":true,"href":"https:\/\/shop.camac-harps.com\/de\/wp-json\/wp\/v2\/comments?post=42690"}],"wp:featuredmedia":[{"embeddable":true,"href":"https:\/\/shop.camac-harps.com\/de\/wp-json\/wp\/v2\/media\/42687"}],"wp:attachment":[{"href":"https:\/\/shop.camac-harps.com\/de\/wp-json\/wp\/v2\/media?parent=42690"}],"wp:term":[{"taxonomy":"product_brand","embeddable":true,"href":"https:\/\/shop.camac-harps.com\/de\/wp-json\/wp\/v2\/product_brand?post=42690"},{"taxonomy":"product_cat","embeddable":true,"href":"https:\/\/shop.camac-harps.com\/de\/wp-json\/wp\/v2\/product_cat?post=42690"},{"taxonomy":"product_tag","embeddable":true,"href":"https:\/\/shop.camac-harps.com\/de\/wp-json\/wp\/v2\/product_tag?post=42690"}],"curies":[{"name":"wp","href":"https:\/\/api.w.org\/{rel}","templated":true}]}}