{"id":43753,"date":"2022-01-20T20:26:50","date_gmt":"2022-01-20T20:26:50","guid":{"rendered":"https:\/\/shop.camac-harps.com\/product\/armelle-lc-le-derive\/"},"modified":"2024-07-17T15:09:53","modified_gmt":"2024-07-17T15:09:53","slug":"armelle-lc-la-derive","status":"publish","type":"product","link":"https:\/\/shop.camac-harps.com\/de\/produkt\/armelle-lc-la-derive\/","title":{"rendered":"Armelle LC: L@ D\u00e9rive (the drift)"},"content":{"rendered":"","protected":false},"excerpt":{"rendered":"<p>&#x2666; Bunte Indie-Pop-Welt &#x2666;<br \/>\nKonzeptalbum mit 12 Tracks, die mit \u00dcberg\u00e4ngen verbunden sind &#x2666; eine 65-min\u00fctige musikalische Odyssee &#x2666; Songs auf Englisch und Franz\u00f6sisch &#x2666; Book-Disc &#x2666; Deluxe-Digipack-Edition &#x2666; 44 Seiten illustriertes Booklet &#x2666;<\/p>\n<p>Gesang &#x2666; Harfen &#x2666; Keyboards &#x2666; Gitarren &#x2666; Bass &#x2666; Schlagzeug &#x2666; Fl\u00f6ten &#x2666; Percussions &#x2666; Programmierung &#x2666; Cello &#x2666; Saxophon &#x2666; Glocken &#x2666; Didgeridoo &#x2666; Sound Design &#x2666; usw&#8230;<\/p>\n","protected":false},"featured_media":43751,"comment_status":"open","ping_status":"closed","template":"","meta":{"_acf_changed":false},"product_brand":[],"product_cat":[368,98],"product_tag":[],"class_list":{"0":"post-43753","1":"product","2":"type-product","3":"status-publish","4":"has-post-thumbnail","6":"product_cat-cd-cds-dvds","7":"product_cat-cds-dvds","9":"first","10":"instock","11":"taxable","12":"shipping-taxable","13":"purchasable","14":"product-type-simple"},"acf":[],"yoast_head":"<title>Armelle LC: La D\u00e9rive | Camac-Harfen Webshop<\/title>\n<meta name=\"description\" content=\"Ein Konzeptalbum mit 12 Titeln in Englisch und Franz\u00f6sisch, die durch \u00dcberg\u00e4nge miteinander verbunden sind. Jedes St\u00fcck hat sein eigenes Universum.\" \/>\n<meta name=\"robots\" content=\"index, follow, max-snippet:-1, max-image-preview:large, max-video-preview:-1\" \/>\n<link rel=\"canonical\" href=\"https:\/\/shop.camac-harps.com\/de\/produkt\/armelle-lc-la-derive\/\" \/>\n<meta property=\"og:locale\" content=\"de_DE\" \/>\n<meta property=\"og:type\" content=\"article\" \/>\n<meta property=\"og:title\" content=\"Armelle LC: La D\u00e9rive | Camac-Harfen Webshop\" \/>\n<meta property=\"og:description\" content=\"Ein Konzeptalbum mit 12 Titeln in Englisch und Franz\u00f6sisch, die durch \u00dcberg\u00e4nge miteinander verbunden sind. Jedes St\u00fcck hat sein eigenes Universum.\" \/>\n<meta property=\"og:url\" content=\"https:\/\/shop.camac-harps.com\/de\/produkt\/armelle-lc-la-derive\/\" \/>\n<meta property=\"og:site_name\" content=\"Camac Harps Shop\" \/>\n<meta property=\"article:modified_time\" content=\"2024-07-17T15:09:53+00:00\" \/>\n<meta property=\"og:image\" content=\"https:\/\/shop.camac-harps.com\/wp-content\/uploads\/sites\/25\/2022\/01\/cdlea01.jpg\" \/>\n\t<meta property=\"og:image:width\" content=\"1648\" \/>\n\t<meta property=\"og:image:height\" content=\"1477\" \/>\n\t<meta property=\"og:image:type\" content=\"image\/jpeg\" \/>\n<meta name=\"twitter:card\" content=\"summary_large_image\" \/>\n<script type=\"application\/ld+json\" class=\"yoast-schema-graph\">{\"@context\":\"https:\/\/schema.org\",\"@graph\":[{\"@type\":\"WebPage\",\"@id\":\"https:\/\/shop.camac-harps.com\/de\/produkt\/armelle-lc-la-derive\/\",\"url\":\"https:\/\/shop.camac-harps.com\/de\/produkt\/armelle-lc-la-derive\/\",\"name\":\"Armelle LC: La D\u00e9rive | Camac-Harfen Webshop\",\"isPartOf\":{\"@id\":\"https:\/\/shop.camac-harps.com\/de\/#website\"},\"primaryImageOfPage\":{\"@id\":\"https:\/\/shop.camac-harps.com\/de\/produkt\/armelle-lc-la-derive\/#primaryimage\"},\"image\":{\"@id\":\"https:\/\/shop.camac-harps.com\/de\/produkt\/armelle-lc-la-derive\/#primaryimage\"},\"thumbnailUrl\":\"https:\/\/shop.camac-harps.com\/wp-content\/uploads\/sites\/25\/2022\/01\/cdlea01.jpg\",\"datePublished\":\"2022-01-20T20:26:50+00:00\",\"dateModified\":\"2024-07-17T15:09:53+00:00\",\"description\":\"Ein Konzeptalbum mit 12 Titeln in Englisch und Franz\u00f6sisch, die durch \u00dcberg\u00e4nge miteinander verbunden sind. Jedes St\u00fcck hat sein eigenes Universum.\",\"breadcrumb\":{\"@id\":\"https:\/\/shop.camac-harps.com\/de\/produkt\/armelle-lc-la-derive\/#breadcrumb\"},\"inLanguage\":\"de\",\"potentialAction\":[{\"@type\":\"ReadAction\",\"target\":[\"https:\/\/shop.camac-harps.com\/de\/produkt\/armelle-lc-la-derive\/\"]}]},{\"@type\":\"ImageObject\",\"inLanguage\":\"de\",\"@id\":\"https:\/\/shop.camac-harps.com\/de\/produkt\/armelle-lc-la-derive\/#primaryimage\",\"url\":\"https:\/\/shop.camac-harps.com\/wp-content\/uploads\/sites\/25\/2022\/01\/cdlea01.jpg\",\"contentUrl\":\"https:\/\/shop.camac-harps.com\/wp-content\/uploads\/sites\/25\/2022\/01\/cdlea01.jpg\",\"width\":1648,\"height\":1477,\"caption\":\"Armelle LC: La D\u00e9rive\"},{\"@type\":\"BreadcrumbList\",\"@id\":\"https:\/\/shop.camac-harps.com\/de\/produkt\/armelle-lc-la-derive\/#breadcrumb\",\"itemListElement\":[{\"@type\":\"ListItem\",\"position\":1,\"name\":\"Home\",\"item\":\"https:\/\/shop.camac-harps.com\/de\/startseite\/\"},{\"@type\":\"ListItem\",\"position\":2,\"name\":\"Startseite\",\"item\":\"https:\/\/shop.camac-harps.com\/de\/startseite\/\"},{\"@type\":\"ListItem\",\"position\":3,\"name\":\"Armelle LC: L@ D\u00e9rive (the drift)\"}]},{\"@type\":\"WebSite\",\"@id\":\"https:\/\/shop.camac-harps.com\/de\/#website\",\"url\":\"https:\/\/shop.camac-harps.com\/de\/\",\"name\":\"Camac Harps Shop\",\"description\":\"\",\"potentialAction\":[{\"@type\":\"SearchAction\",\"target\":{\"@type\":\"EntryPoint\",\"urlTemplate\":\"https:\/\/shop.camac-harps.com\/de\/?s={search_term_string}\"},\"query-input\":{\"@type\":\"PropertyValueSpecification\",\"valueRequired\":true,\"valueName\":\"search_term_string\"}}],\"inLanguage\":\"de\"}]}<\/script>","yoast_head_json":{"title":"Armelle LC: La D\u00e9rive | Camac-Harfen Webshop","description":"Ein Konzeptalbum mit 12 Titeln in Englisch und Franz\u00f6sisch, die durch \u00dcberg\u00e4nge miteinander verbunden sind. Jedes St\u00fcck hat sein eigenes Universum.","robots":{"index":"index","follow":"follow","max-snippet":"max-snippet:-1","max-image-preview":"max-image-preview:large","max-video-preview":"max-video-preview:-1"},"canonical":"https:\/\/shop.camac-harps.com\/de\/produkt\/armelle-lc-la-derive\/","og_locale":"de_DE","og_type":"article","og_title":"Armelle LC: La D\u00e9rive | Camac-Harfen Webshop","og_description":"Ein Konzeptalbum mit 12 Titeln in Englisch und Franz\u00f6sisch, die durch \u00dcberg\u00e4nge miteinander verbunden sind. Jedes St\u00fcck hat sein eigenes Universum.","og_url":"https:\/\/shop.camac-harps.com\/de\/produkt\/armelle-lc-la-derive\/","og_site_name":"Camac Harps Shop","article_modified_time":"2024-07-17T15:09:53+00:00","og_image":[{"width":1648,"height":1477,"url":"https:\/\/shop.camac-harps.com\/wp-content\/uploads\/sites\/25\/2022\/01\/cdlea01.jpg","type":"image\/jpeg"}],"twitter_card":"summary_large_image","schema":{"@context":"https:\/\/schema.org","@graph":[{"@type":"WebPage","@id":"https:\/\/shop.camac-harps.com\/de\/produkt\/armelle-lc-la-derive\/","url":"https:\/\/shop.camac-harps.com\/de\/produkt\/armelle-lc-la-derive\/","name":"Armelle LC: La D\u00e9rive | Camac-Harfen Webshop","isPartOf":{"@id":"https:\/\/shop.camac-harps.com\/de\/#website"},"primaryImageOfPage":{"@id":"https:\/\/shop.camac-harps.com\/de\/produkt\/armelle-lc-la-derive\/#primaryimage"},"image":{"@id":"https:\/\/shop.camac-harps.com\/de\/produkt\/armelle-lc-la-derive\/#primaryimage"},"thumbnailUrl":"https:\/\/shop.camac-harps.com\/wp-content\/uploads\/sites\/25\/2022\/01\/cdlea01.jpg","datePublished":"2022-01-20T20:26:50+00:00","dateModified":"2024-07-17T15:09:53+00:00","description":"Ein Konzeptalbum mit 12 Titeln in Englisch und Franz\u00f6sisch, die durch \u00dcberg\u00e4nge miteinander verbunden sind. Jedes St\u00fcck hat sein eigenes Universum.","breadcrumb":{"@id":"https:\/\/shop.camac-harps.com\/de\/produkt\/armelle-lc-la-derive\/#breadcrumb"},"inLanguage":"de","potentialAction":[{"@type":"ReadAction","target":["https:\/\/shop.camac-harps.com\/de\/produkt\/armelle-lc-la-derive\/"]}]},{"@type":"ImageObject","inLanguage":"de","@id":"https:\/\/shop.camac-harps.com\/de\/produkt\/armelle-lc-la-derive\/#primaryimage","url":"https:\/\/shop.camac-harps.com\/wp-content\/uploads\/sites\/25\/2022\/01\/cdlea01.jpg","contentUrl":"https:\/\/shop.camac-harps.com\/wp-content\/uploads\/sites\/25\/2022\/01\/cdlea01.jpg","width":1648,"height":1477,"caption":"Armelle LC: La D\u00e9rive"},{"@type":"BreadcrumbList","@id":"https:\/\/shop.camac-harps.com\/de\/produkt\/armelle-lc-la-derive\/#breadcrumb","itemListElement":[{"@type":"ListItem","position":1,"name":"Home","item":"https:\/\/shop.camac-harps.com\/de\/startseite\/"},{"@type":"ListItem","position":2,"name":"Startseite","item":"https:\/\/shop.camac-harps.com\/de\/startseite\/"},{"@type":"ListItem","position":3,"name":"Armelle LC: L@ D\u00e9rive (the drift)"}]},{"@type":"WebSite","@id":"https:\/\/shop.camac-harps.com\/de\/#website","url":"https:\/\/shop.camac-harps.com\/de\/","name":"Camac Harps Shop","description":"","potentialAction":[{"@type":"SearchAction","target":{"@type":"EntryPoint","urlTemplate":"https:\/\/shop.camac-harps.com\/de\/?s={search_term_string}"},"query-input":{"@type":"PropertyValueSpecification","valueRequired":true,"valueName":"search_term_string"}}],"inLanguage":"de"}]}},"_links":{"self":[{"href":"https:\/\/shop.camac-harps.com\/de\/wp-json\/wp\/v2\/product\/43753","targetHints":{"allow":["GET"]}}],"collection":[{"href":"https:\/\/shop.camac-harps.com\/de\/wp-json\/wp\/v2\/product"}],"about":[{"href":"https:\/\/shop.camac-harps.com\/de\/wp-json\/wp\/v2\/types\/product"}],"replies":[{"embeddable":true,"href":"https:\/\/shop.camac-harps.com\/de\/wp-json\/wp\/v2\/comments?post=43753"}],"wp:featuredmedia":[{"embeddable":true,"href":"https:\/\/shop.camac-harps.com\/de\/wp-json\/wp\/v2\/media\/43751"}],"wp:attachment":[{"href":"https:\/\/shop.camac-harps.com\/de\/wp-json\/wp\/v2\/media?parent=43753"}],"wp:term":[{"taxonomy":"product_brand","embeddable":true,"href":"https:\/\/shop.camac-harps.com\/de\/wp-json\/wp\/v2\/product_brand?post=43753"},{"taxonomy":"product_cat","embeddable":true,"href":"https:\/\/shop.camac-harps.com\/de\/wp-json\/wp\/v2\/product_cat?post=43753"},{"taxonomy":"product_tag","embeddable":true,"href":"https:\/\/shop.camac-harps.com\/de\/wp-json\/wp\/v2\/product_tag?post=43753"}],"curies":[{"name":"wp","href":"https:\/\/api.w.org\/{rel}","templated":true}]}}