{"id":45027,"date":"2022-03-31T17:03:16","date_gmt":"2022-03-31T17:03:16","guid":{"rendered":"https:\/\/shop.camac-harps.com\/product\/pernel-francois-harp-in-bag-a-travers-champs\/"},"modified":"2025-02-14T16:48:26","modified_gmt":"2025-02-14T16:48:26","slug":"pernel-francois-harp-in-bag-a-travers-champs","status":"publish","type":"product","link":"https:\/\/shop.camac-harps.com\/de\/produkt\/pernel-francois-harp-in-bag-a-travers-champs\/","title":{"rendered":"PERNEL Fran\u00e7ois \/ Harp In Bag: \u00c0 travers champs"},"content":{"rendered":"","protected":false},"excerpt":{"rendered":"","protected":false},"featured_media":45030,"comment_status":"open","ping_status":"closed","template":"","meta":{"_acf_changed":false},"product_brand":[],"product_cat":[368,98],"product_tag":[],"class_list":{"0":"post-45027","1":"product","2":"type-product","3":"status-publish","4":"has-post-thumbnail","6":"product_cat-cd-cds-dvds","7":"product_cat-cds-dvds","9":"first","10":"instock","11":"taxable","12":"shipping-taxable","13":"purchasable","14":"product-type-simple"},"acf":[],"yoast_head":"<title>PERNEL Fran\u00e7ois \/ Harp In Bag : \u00c0 travers champs | Neue CD<\/title>\n<meta name=\"description\" content=\"Kompositionen von Fran\u00e7ois Pernel, gespielt vom Ensemble Harp in Bag | Erh\u00e4ltlich im Camac-Harfen Webshop.\" \/>\n<meta name=\"robots\" content=\"index, follow, max-snippet:-1, max-image-preview:large, max-video-preview:-1\" \/>\n<link rel=\"canonical\" href=\"https:\/\/shop.camac-harps.com\/de\/produkt\/pernel-francois-harp-in-bag-a-travers-champs\/\" \/>\n<meta property=\"og:locale\" content=\"de_DE\" \/>\n<meta property=\"og:type\" content=\"article\" \/>\n<meta property=\"og:title\" content=\"PERNEL Fran\u00e7ois \/ Harp In Bag : \u00c0 travers champs | Neue CD\" \/>\n<meta property=\"og:description\" content=\"Kompositionen von Fran\u00e7ois Pernel, gespielt vom Ensemble Harp in Bag | Erh\u00e4ltlich im Camac-Harfen Webshop.\" \/>\n<meta property=\"og:url\" content=\"https:\/\/shop.camac-harps.com\/de\/produkt\/pernel-francois-harp-in-bag-a-travers-champs\/\" \/>\n<meta property=\"og:site_name\" content=\"Camac Harps Shop\" \/>\n<meta property=\"article:modified_time\" content=\"2025-02-14T16:48:26+00:00\" \/>\n<meta name=\"twitter:card\" content=\"summary_large_image\" \/>\n<script type=\"application\/ld+json\" class=\"yoast-schema-graph\">{\"@context\":\"https:\/\/schema.org\",\"@graph\":[{\"@type\":\"WebPage\",\"@id\":\"https:\/\/shop.camac-harps.com\/de\/produkt\/pernel-francois-harp-in-bag-a-travers-champs\/\",\"url\":\"https:\/\/shop.camac-harps.com\/de\/produkt\/pernel-francois-harp-in-bag-a-travers-champs\/\",\"name\":\"PERNEL Fran\u00e7ois \/ Harp In Bag : \u00c0 travers champs | Neue CD\",\"isPartOf\":{\"@id\":\"https:\/\/shop.camac-harps.com\/de\/#website\"},\"primaryImageOfPage\":{\"@id\":\"https:\/\/shop.camac-harps.com\/de\/produkt\/pernel-francois-harp-in-bag-a-travers-champs\/#primaryimage\"},\"image\":{\"@id\":\"https:\/\/shop.camac-harps.com\/de\/produkt\/pernel-francois-harp-in-bag-a-travers-champs\/#primaryimage\"},\"thumbnailUrl\":\"https:\/\/shop.camac-harps.com\/wp-content\/uploads\/sites\/25\/2022\/03\/cdplf12-1.jpg\",\"datePublished\":\"2022-03-31T17:03:16+00:00\",\"dateModified\":\"2025-02-14T16:48:26+00:00\",\"description\":\"Kompositionen von Fran\u00e7ois Pernel, gespielt vom Ensemble Harp in Bag | Erh\u00e4ltlich im Camac-Harfen Webshop.\",\"breadcrumb\":{\"@id\":\"https:\/\/shop.camac-harps.com\/de\/produkt\/pernel-francois-harp-in-bag-a-travers-champs\/#breadcrumb\"},\"inLanguage\":\"de\",\"potentialAction\":[{\"@type\":\"ReadAction\",\"target\":[\"https:\/\/shop.camac-harps.com\/de\/produkt\/pernel-francois-harp-in-bag-a-travers-champs\/\"]}]},{\"@type\":\"ImageObject\",\"inLanguage\":\"de\",\"@id\":\"https:\/\/shop.camac-harps.com\/de\/produkt\/pernel-francois-harp-in-bag-a-travers-champs\/#primaryimage\",\"url\":\"https:\/\/shop.camac-harps.com\/wp-content\/uploads\/sites\/25\/2022\/03\/cdplf12-1.jpg\",\"contentUrl\":\"https:\/\/shop.camac-harps.com\/wp-content\/uploads\/sites\/25\/2022\/03\/cdplf12-1.jpg\",\"width\":392,\"height\":346,\"caption\":\"Harp In Bag : \u00c0 travers champs\"},{\"@type\":\"BreadcrumbList\",\"@id\":\"https:\/\/shop.camac-harps.com\/de\/produkt\/pernel-francois-harp-in-bag-a-travers-champs\/#breadcrumb\",\"itemListElement\":[{\"@type\":\"ListItem\",\"position\":1,\"name\":\"Home\",\"item\":\"https:\/\/shop.camac-harps.com\/de\/startseite\/\"},{\"@type\":\"ListItem\",\"position\":2,\"name\":\"Startseite\",\"item\":\"https:\/\/shop.camac-harps.com\/de\/startseite\/\"},{\"@type\":\"ListItem\",\"position\":3,\"name\":\"PERNEL Fran\u00e7ois \/ Harp In Bag: \u00c0 travers champs\"}]},{\"@type\":\"WebSite\",\"@id\":\"https:\/\/shop.camac-harps.com\/de\/#website\",\"url\":\"https:\/\/shop.camac-harps.com\/de\/\",\"name\":\"Camac Harps Shop\",\"description\":\"\",\"potentialAction\":[{\"@type\":\"SearchAction\",\"target\":{\"@type\":\"EntryPoint\",\"urlTemplate\":\"https:\/\/shop.camac-harps.com\/de\/?s={search_term_string}\"},\"query-input\":{\"@type\":\"PropertyValueSpecification\",\"valueRequired\":true,\"valueName\":\"search_term_string\"}}],\"inLanguage\":\"de\"}]}<\/script>","yoast_head_json":{"title":"PERNEL Fran\u00e7ois \/ Harp In Bag : \u00c0 travers champs | Neue CD","description":"Kompositionen von Fran\u00e7ois Pernel, gespielt vom Ensemble Harp in Bag | Erh\u00e4ltlich im Camac-Harfen Webshop.","robots":{"index":"index","follow":"follow","max-snippet":"max-snippet:-1","max-image-preview":"max-image-preview:large","max-video-preview":"max-video-preview:-1"},"canonical":"https:\/\/shop.camac-harps.com\/de\/produkt\/pernel-francois-harp-in-bag-a-travers-champs\/","og_locale":"de_DE","og_type":"article","og_title":"PERNEL Fran\u00e7ois \/ Harp In Bag : \u00c0 travers champs | Neue CD","og_description":"Kompositionen von Fran\u00e7ois Pernel, gespielt vom Ensemble Harp in Bag | Erh\u00e4ltlich im Camac-Harfen Webshop.","og_url":"https:\/\/shop.camac-harps.com\/de\/produkt\/pernel-francois-harp-in-bag-a-travers-champs\/","og_site_name":"Camac Harps Shop","article_modified_time":"2025-02-14T16:48:26+00:00","twitter_card":"summary_large_image","schema":{"@context":"https:\/\/schema.org","@graph":[{"@type":"WebPage","@id":"https:\/\/shop.camac-harps.com\/de\/produkt\/pernel-francois-harp-in-bag-a-travers-champs\/","url":"https:\/\/shop.camac-harps.com\/de\/produkt\/pernel-francois-harp-in-bag-a-travers-champs\/","name":"PERNEL Fran\u00e7ois \/ Harp In Bag : \u00c0 travers champs | Neue CD","isPartOf":{"@id":"https:\/\/shop.camac-harps.com\/de\/#website"},"primaryImageOfPage":{"@id":"https:\/\/shop.camac-harps.com\/de\/produkt\/pernel-francois-harp-in-bag-a-travers-champs\/#primaryimage"},"image":{"@id":"https:\/\/shop.camac-harps.com\/de\/produkt\/pernel-francois-harp-in-bag-a-travers-champs\/#primaryimage"},"thumbnailUrl":"https:\/\/shop.camac-harps.com\/wp-content\/uploads\/sites\/25\/2022\/03\/cdplf12-1.jpg","datePublished":"2022-03-31T17:03:16+00:00","dateModified":"2025-02-14T16:48:26+00:00","description":"Kompositionen von Fran\u00e7ois Pernel, gespielt vom Ensemble Harp in Bag | Erh\u00e4ltlich im Camac-Harfen Webshop.","breadcrumb":{"@id":"https:\/\/shop.camac-harps.com\/de\/produkt\/pernel-francois-harp-in-bag-a-travers-champs\/#breadcrumb"},"inLanguage":"de","potentialAction":[{"@type":"ReadAction","target":["https:\/\/shop.camac-harps.com\/de\/produkt\/pernel-francois-harp-in-bag-a-travers-champs\/"]}]},{"@type":"ImageObject","inLanguage":"de","@id":"https:\/\/shop.camac-harps.com\/de\/produkt\/pernel-francois-harp-in-bag-a-travers-champs\/#primaryimage","url":"https:\/\/shop.camac-harps.com\/wp-content\/uploads\/sites\/25\/2022\/03\/cdplf12-1.jpg","contentUrl":"https:\/\/shop.camac-harps.com\/wp-content\/uploads\/sites\/25\/2022\/03\/cdplf12-1.jpg","width":392,"height":346,"caption":"Harp In Bag : \u00c0 travers champs"},{"@type":"BreadcrumbList","@id":"https:\/\/shop.camac-harps.com\/de\/produkt\/pernel-francois-harp-in-bag-a-travers-champs\/#breadcrumb","itemListElement":[{"@type":"ListItem","position":1,"name":"Home","item":"https:\/\/shop.camac-harps.com\/de\/startseite\/"},{"@type":"ListItem","position":2,"name":"Startseite","item":"https:\/\/shop.camac-harps.com\/de\/startseite\/"},{"@type":"ListItem","position":3,"name":"PERNEL Fran\u00e7ois \/ Harp In Bag: \u00c0 travers champs"}]},{"@type":"WebSite","@id":"https:\/\/shop.camac-harps.com\/de\/#website","url":"https:\/\/shop.camac-harps.com\/de\/","name":"Camac Harps Shop","description":"","potentialAction":[{"@type":"SearchAction","target":{"@type":"EntryPoint","urlTemplate":"https:\/\/shop.camac-harps.com\/de\/?s={search_term_string}"},"query-input":{"@type":"PropertyValueSpecification","valueRequired":true,"valueName":"search_term_string"}}],"inLanguage":"de"}]}},"_links":{"self":[{"href":"https:\/\/shop.camac-harps.com\/de\/wp-json\/wp\/v2\/product\/45027","targetHints":{"allow":["GET"]}}],"collection":[{"href":"https:\/\/shop.camac-harps.com\/de\/wp-json\/wp\/v2\/product"}],"about":[{"href":"https:\/\/shop.camac-harps.com\/de\/wp-json\/wp\/v2\/types\/product"}],"replies":[{"embeddable":true,"href":"https:\/\/shop.camac-harps.com\/de\/wp-json\/wp\/v2\/comments?post=45027"}],"wp:featuredmedia":[{"embeddable":true,"href":"https:\/\/shop.camac-harps.com\/de\/wp-json\/wp\/v2\/media\/45030"}],"wp:attachment":[{"href":"https:\/\/shop.camac-harps.com\/de\/wp-json\/wp\/v2\/media?parent=45027"}],"wp:term":[{"taxonomy":"product_brand","embeddable":true,"href":"https:\/\/shop.camac-harps.com\/de\/wp-json\/wp\/v2\/product_brand?post=45027"},{"taxonomy":"product_cat","embeddable":true,"href":"https:\/\/shop.camac-harps.com\/de\/wp-json\/wp\/v2\/product_cat?post=45027"},{"taxonomy":"product_tag","embeddable":true,"href":"https:\/\/shop.camac-harps.com\/de\/wp-json\/wp\/v2\/product_tag?post=45027"}],"curies":[{"name":"wp","href":"https:\/\/api.w.org\/{rel}","templated":true}]}}