{"id":45682,"date":"2022-04-22T14:25:21","date_gmt":"2022-04-22T14:25:21","guid":{"rendered":"https:\/\/shop.camac-harps.com\/product\/the-harpers-not\/"},"modified":"2025-02-14T16:48:26","modified_gmt":"2025-02-14T16:48:26","slug":"the-harpers-not","status":"publish","type":"product","link":"https:\/\/shop.camac-harps.com\/de\/produkt\/the-harpers-not\/","title":{"rendered":"STRING BUTTONS &#8211; The Harper&#8217;s NOT"},"content":{"rendered":"<p>Allen Harfenspielern, die sich mit Saiten-Knoten herumschlagen, m\u00f6chten wir gerne &#8222;The Harper&#8217;s NOT&#8220; vorstellen, der urspr\u00fcnglich von unseren Freunden von Dusty Strings stammt.<\/p>\n<p>Wir wissen, dass das Knoten einer rutschenden Saite um ein kleines Holzst\u00fcck oder um ein St\u00fcck Saite f\u00fcr viele Menschen so kompliziert ist, dass eine gerissene Harfensaite zu einer Quelle von Stress und Angst werden kann. Bei Dusty Strings hat man sich dieses Problems angenommen und nach einem Verfahren zur Befestigung der Saite gesucht, das einfacher ist und fest h\u00e4lt, ohne dass es zu Saitenriss oder Klangverlust kommt. Die &#8222;String Buttons&#8220; sind eine brillante L\u00f6sung, die alle diese Bedingungen erf\u00fcllt.<\/p>\n<p>&#8211; Endlos wiederverwendbar;<br \/>\n&#8211; Saiten k\u00f6nnen nach einem einfachen Prinzip eingef\u00e4delt werden, ohne dass sie mit den Fingern eingeklemmt werden m\u00fcssen ;<br \/>\n&#8211; L\u00f6st sich nicht w\u00e4hrend des Anziehens des Knotens ;<br \/>\n&#8211; Nutzt die Spannung der Saite, um den Knoten festzuziehen;<br \/>\n&#8211; Geeignet f\u00fcr Nylon- und Darmsaiten mit einem Durchmesser von bis zu 2 mm auf jeder Harfe.<br \/>\nEine Packung enth\u00e4lt 12 schwarze Saitenkn\u00f6pfe, eine Gebrauchsanweisung und einen Link zu einem Anleitungsvideo.<\/p>\n","protected":false},"excerpt":{"rendered":"<p>Allen Harfenspielern, die sich mit Saiten-Knoten herumschlagen, m\u00f6chten wir gerne &#8222;The Harper&#8217;s NOT&#8220; vorstellen, der urspr\u00fcnglich von unseren Freunden von Dusty Strings stammt. Wir wissen, dass das Knoten einer rutschenden Saite um ein kleines Holzst\u00fcck oder um ein St\u00fcck Saite f\u00fcr viele Menschen so kompliziert ist, dass eine gerissene Harfensaite zu einer Quelle von Stress [&hellip;]<\/p>\n","protected":false},"featured_media":45673,"comment_status":"open","ping_status":"closed","template":"","meta":{"_acf_changed":false},"product_brand":[],"product_cat":[443,41],"product_tag":[],"class_list":{"0":"post-45682","1":"product","2":"type-product","3":"status-publish","4":"has-post-thumbnail","6":"product_cat-ersatzteile-und-werkzeuge","7":"product_cat-zubehor-harfenhuellen","9":"first","10":"instock","11":"taxable","12":"shipping-taxable","13":"purchasable","14":"product-type-simple"},"acf":[],"yoast_head":"<title>STRING BUTTONS - The Harper&#039;s NOT | Camac-Harfen Webshop<\/title>\n<meta name=\"description\" content=\"Endlich! Eine einfache L\u00f6sung zum Verankern von Harfensaiten, die von Dusty Strings entwickelt wurde.\" \/>\n<meta name=\"robots\" content=\"index, follow, max-snippet:-1, max-image-preview:large, max-video-preview:-1\" \/>\n<link rel=\"canonical\" href=\"https:\/\/shop.camac-harps.com\/de\/produkt\/the-harpers-not\/\" \/>\n<meta property=\"og:locale\" content=\"de_DE\" \/>\n<meta property=\"og:type\" content=\"article\" \/>\n<meta property=\"og:title\" content=\"STRING BUTTONS - The Harper&#039;s NOT | Camac-Harfen Webshop\" \/>\n<meta property=\"og:description\" content=\"Endlich! Eine einfache L\u00f6sung zum Verankern von Harfensaiten, die von Dusty Strings entwickelt wurde.\" \/>\n<meta property=\"og:url\" content=\"https:\/\/shop.camac-harps.com\/de\/produkt\/the-harpers-not\/\" \/>\n<meta property=\"og:site_name\" content=\"Camac Harps Shop\" \/>\n<meta property=\"article:modified_time\" content=\"2025-02-14T16:48:26+00:00\" \/>\n<meta property=\"og:image\" content=\"https:\/\/shop.camac-harps.com\/wp-content\/uploads\/sites\/25\/2022\/04\/button-2.jpeg\" \/>\n\t<meta property=\"og:image:width\" content=\"1440\" \/>\n\t<meta property=\"og:image:height\" content=\"809\" \/>\n\t<meta property=\"og:image:type\" content=\"image\/jpeg\" \/>\n<meta name=\"twitter:card\" content=\"summary_large_image\" \/>\n<meta name=\"twitter:label1\" content=\"Gesch\u00e4tzte Lesezeit\" \/>\n\t<meta name=\"twitter:data1\" content=\"1\u00a0Minute\" \/>\n<script type=\"application\/ld+json\" class=\"yoast-schema-graph\">{\"@context\":\"https:\/\/schema.org\",\"@graph\":[{\"@type\":\"WebPage\",\"@id\":\"https:\/\/shop.camac-harps.com\/de\/produkt\/the-harpers-not\/\",\"url\":\"https:\/\/shop.camac-harps.com\/de\/produkt\/the-harpers-not\/\",\"name\":\"STRING BUTTONS - The Harper's NOT | Camac-Harfen Webshop\",\"isPartOf\":{\"@id\":\"https:\/\/shop.camac-harps.com\/de\/#website\"},\"primaryImageOfPage\":{\"@id\":\"https:\/\/shop.camac-harps.com\/de\/produkt\/the-harpers-not\/#primaryimage\"},\"image\":{\"@id\":\"https:\/\/shop.camac-harps.com\/de\/produkt\/the-harpers-not\/#primaryimage\"},\"thumbnailUrl\":\"https:\/\/shop.camac-harps.com\/wp-content\/uploads\/sites\/25\/2022\/04\/button-2.jpeg\",\"datePublished\":\"2022-04-22T14:25:21+00:00\",\"dateModified\":\"2025-02-14T16:48:26+00:00\",\"description\":\"Endlich! Eine einfache L\u00f6sung zum Verankern von Harfensaiten, die von Dusty Strings entwickelt wurde.\",\"breadcrumb\":{\"@id\":\"https:\/\/shop.camac-harps.com\/de\/produkt\/the-harpers-not\/#breadcrumb\"},\"inLanguage\":\"de\",\"potentialAction\":[{\"@type\":\"ReadAction\",\"target\":[\"https:\/\/shop.camac-harps.com\/de\/produkt\/the-harpers-not\/\"]}]},{\"@type\":\"ImageObject\",\"inLanguage\":\"de\",\"@id\":\"https:\/\/shop.camac-harps.com\/de\/produkt\/the-harpers-not\/#primaryimage\",\"url\":\"https:\/\/shop.camac-harps.com\/wp-content\/uploads\/sites\/25\/2022\/04\/button-2.jpeg\",\"contentUrl\":\"https:\/\/shop.camac-harps.com\/wp-content\/uploads\/sites\/25\/2022\/04\/button-2.jpeg\",\"width\":1440,\"height\":809,\"caption\":\"STRING BUTTONS - The Harper's NOT\"},{\"@type\":\"BreadcrumbList\",\"@id\":\"https:\/\/shop.camac-harps.com\/de\/produkt\/the-harpers-not\/#breadcrumb\",\"itemListElement\":[{\"@type\":\"ListItem\",\"position\":1,\"name\":\"Home\",\"item\":\"https:\/\/shop.camac-harps.com\/de\/startseite\/\"},{\"@type\":\"ListItem\",\"position\":2,\"name\":\"Startseite\",\"item\":\"https:\/\/shop.camac-harps.com\/de\/startseite\/\"},{\"@type\":\"ListItem\",\"position\":3,\"name\":\"STRING BUTTONS &#8211; The Harper&#8217;s NOT\"}]},{\"@type\":\"WebSite\",\"@id\":\"https:\/\/shop.camac-harps.com\/de\/#website\",\"url\":\"https:\/\/shop.camac-harps.com\/de\/\",\"name\":\"Camac Harps Shop\",\"description\":\"\",\"potentialAction\":[{\"@type\":\"SearchAction\",\"target\":{\"@type\":\"EntryPoint\",\"urlTemplate\":\"https:\/\/shop.camac-harps.com\/de\/?s={search_term_string}\"},\"query-input\":{\"@type\":\"PropertyValueSpecification\",\"valueRequired\":true,\"valueName\":\"search_term_string\"}}],\"inLanguage\":\"de\"}]}<\/script>","yoast_head_json":{"title":"STRING BUTTONS - The Harper's NOT | Camac-Harfen Webshop","description":"Endlich! Eine einfache L\u00f6sung zum Verankern von Harfensaiten, die von Dusty Strings entwickelt wurde.","robots":{"index":"index","follow":"follow","max-snippet":"max-snippet:-1","max-image-preview":"max-image-preview:large","max-video-preview":"max-video-preview:-1"},"canonical":"https:\/\/shop.camac-harps.com\/de\/produkt\/the-harpers-not\/","og_locale":"de_DE","og_type":"article","og_title":"STRING BUTTONS - The Harper's NOT | Camac-Harfen Webshop","og_description":"Endlich! Eine einfache L\u00f6sung zum Verankern von Harfensaiten, die von Dusty Strings entwickelt wurde.","og_url":"https:\/\/shop.camac-harps.com\/de\/produkt\/the-harpers-not\/","og_site_name":"Camac Harps Shop","article_modified_time":"2025-02-14T16:48:26+00:00","og_image":[{"width":1440,"height":809,"url":"https:\/\/shop.camac-harps.com\/wp-content\/uploads\/sites\/25\/2022\/04\/button-2.jpeg","type":"image\/jpeg"}],"twitter_card":"summary_large_image","twitter_misc":{"Gesch\u00e4tzte Lesezeit":"1\u00a0Minute"},"schema":{"@context":"https:\/\/schema.org","@graph":[{"@type":"WebPage","@id":"https:\/\/shop.camac-harps.com\/de\/produkt\/the-harpers-not\/","url":"https:\/\/shop.camac-harps.com\/de\/produkt\/the-harpers-not\/","name":"STRING BUTTONS - The Harper's NOT | Camac-Harfen Webshop","isPartOf":{"@id":"https:\/\/shop.camac-harps.com\/de\/#website"},"primaryImageOfPage":{"@id":"https:\/\/shop.camac-harps.com\/de\/produkt\/the-harpers-not\/#primaryimage"},"image":{"@id":"https:\/\/shop.camac-harps.com\/de\/produkt\/the-harpers-not\/#primaryimage"},"thumbnailUrl":"https:\/\/shop.camac-harps.com\/wp-content\/uploads\/sites\/25\/2022\/04\/button-2.jpeg","datePublished":"2022-04-22T14:25:21+00:00","dateModified":"2025-02-14T16:48:26+00:00","description":"Endlich! Eine einfache L\u00f6sung zum Verankern von Harfensaiten, die von Dusty Strings entwickelt wurde.","breadcrumb":{"@id":"https:\/\/shop.camac-harps.com\/de\/produkt\/the-harpers-not\/#breadcrumb"},"inLanguage":"de","potentialAction":[{"@type":"ReadAction","target":["https:\/\/shop.camac-harps.com\/de\/produkt\/the-harpers-not\/"]}]},{"@type":"ImageObject","inLanguage":"de","@id":"https:\/\/shop.camac-harps.com\/de\/produkt\/the-harpers-not\/#primaryimage","url":"https:\/\/shop.camac-harps.com\/wp-content\/uploads\/sites\/25\/2022\/04\/button-2.jpeg","contentUrl":"https:\/\/shop.camac-harps.com\/wp-content\/uploads\/sites\/25\/2022\/04\/button-2.jpeg","width":1440,"height":809,"caption":"STRING BUTTONS - The Harper's NOT"},{"@type":"BreadcrumbList","@id":"https:\/\/shop.camac-harps.com\/de\/produkt\/the-harpers-not\/#breadcrumb","itemListElement":[{"@type":"ListItem","position":1,"name":"Home","item":"https:\/\/shop.camac-harps.com\/de\/startseite\/"},{"@type":"ListItem","position":2,"name":"Startseite","item":"https:\/\/shop.camac-harps.com\/de\/startseite\/"},{"@type":"ListItem","position":3,"name":"STRING BUTTONS &#8211; The Harper&#8217;s NOT"}]},{"@type":"WebSite","@id":"https:\/\/shop.camac-harps.com\/de\/#website","url":"https:\/\/shop.camac-harps.com\/de\/","name":"Camac Harps Shop","description":"","potentialAction":[{"@type":"SearchAction","target":{"@type":"EntryPoint","urlTemplate":"https:\/\/shop.camac-harps.com\/de\/?s={search_term_string}"},"query-input":{"@type":"PropertyValueSpecification","valueRequired":true,"valueName":"search_term_string"}}],"inLanguage":"de"}]}},"_links":{"self":[{"href":"https:\/\/shop.camac-harps.com\/de\/wp-json\/wp\/v2\/product\/45682","targetHints":{"allow":["GET"]}}],"collection":[{"href":"https:\/\/shop.camac-harps.com\/de\/wp-json\/wp\/v2\/product"}],"about":[{"href":"https:\/\/shop.camac-harps.com\/de\/wp-json\/wp\/v2\/types\/product"}],"replies":[{"embeddable":true,"href":"https:\/\/shop.camac-harps.com\/de\/wp-json\/wp\/v2\/comments?post=45682"}],"wp:featuredmedia":[{"embeddable":true,"href":"https:\/\/shop.camac-harps.com\/de\/wp-json\/wp\/v2\/media\/45673"}],"wp:attachment":[{"href":"https:\/\/shop.camac-harps.com\/de\/wp-json\/wp\/v2\/media?parent=45682"}],"wp:term":[{"taxonomy":"product_brand","embeddable":true,"href":"https:\/\/shop.camac-harps.com\/de\/wp-json\/wp\/v2\/product_brand?post=45682"},{"taxonomy":"product_cat","embeddable":true,"href":"https:\/\/shop.camac-harps.com\/de\/wp-json\/wp\/v2\/product_cat?post=45682"},{"taxonomy":"product_tag","embeddable":true,"href":"https:\/\/shop.camac-harps.com\/de\/wp-json\/wp\/v2\/product_tag?post=45682"}],"curies":[{"name":"wp","href":"https:\/\/api.w.org\/{rel}","templated":true}]}}