{"id":46390,"date":"2022-05-31T14:43:29","date_gmt":"2022-05-31T14:43:29","guid":{"rendered":"https:\/\/shop.camac-harps.com\/product\/kaiser-susanne-finger-und-technikubungen-fur-harfenspieler\/"},"modified":"2024-11-07T15:01:38","modified_gmt":"2024-11-07T15:01:38","slug":"kaiser-susanne-finger-und-technikubungen-fur-harfenspieler","status":"publish","type":"product","link":"https:\/\/shop.camac-harps.com\/de\/produkt\/kaiser-susanne-finger-und-technikubungen-fur-harfenspieler\/","title":{"rendered":"KAISER Susanne: Finger und Technik\u00fcbungen f\u00fcr Harfenspieler"},"content":{"rendered":"","protected":false},"excerpt":{"rendered":"","protected":false},"featured_media":46387,"comment_status":"open","ping_status":"closed","template":"","meta":{"_acf_changed":false},"product_brand":[],"product_cat":[35,44],"product_tag":[],"class_list":{"0":"post-46390","1":"product","2":"type-product","3":"status-publish","4":"has-post-thumbnail","6":"product_cat-harfennoten","7":"product_cat-harfenschulen-ubungsstucke-etuden","9":"first","10":"instock","11":"taxable","12":"shipping-taxable","13":"purchasable","14":"product-type-simple"},"acf":[],"yoast_head":"<title>KAISER Susanne: Finger und Technik\u00fcbungen f\u00fcr Harfenspieler<\/title>\n<meta name=\"description\" content=\"Im Camac-Harfen Webshop erh\u00e4ltlich | Versand aus Frankreich\" \/>\n<meta name=\"robots\" content=\"index, follow, max-snippet:-1, max-image-preview:large, max-video-preview:-1\" \/>\n<link rel=\"canonical\" href=\"https:\/\/shop.camac-harps.com\/de\/produkt\/kaiser-susanne-finger-und-technikubungen-fur-harfenspieler\/\" \/>\n<meta property=\"og:locale\" content=\"de_DE\" \/>\n<meta property=\"og:type\" content=\"article\" \/>\n<meta property=\"og:title\" content=\"KAISER Susanne: Finger und Technik\u00fcbungen f\u00fcr Harfenspieler\" \/>\n<meta property=\"og:description\" content=\"Im Camac-Harfen Webshop erh\u00e4ltlich | Versand aus Frankreich\" \/>\n<meta property=\"og:url\" content=\"https:\/\/shop.camac-harps.com\/de\/produkt\/kaiser-susanne-finger-und-technikubungen-fur-harfenspieler\/\" \/>\n<meta property=\"og:site_name\" content=\"Camac Harps Shop\" \/>\n<meta property=\"article:modified_time\" content=\"2024-11-07T15:01:38+00:00\" \/>\n<meta property=\"og:image\" content=\"https:\/\/shop.camac-harps.com\/wp-content\/uploads\/sites\/25\/2022\/05\/krs01-1.jpg\" \/>\n\t<meta property=\"og:image:width\" content=\"849\" \/>\n\t<meta property=\"og:image:height\" content=\"1200\" \/>\n\t<meta property=\"og:image:type\" content=\"image\/jpeg\" \/>\n<meta name=\"twitter:card\" content=\"summary_large_image\" \/>\n<script type=\"application\/ld+json\" class=\"yoast-schema-graph\">{\"@context\":\"https:\/\/schema.org\",\"@graph\":[{\"@type\":\"WebPage\",\"@id\":\"https:\/\/shop.camac-harps.com\/de\/produkt\/kaiser-susanne-finger-und-technikubungen-fur-harfenspieler\/\",\"url\":\"https:\/\/shop.camac-harps.com\/de\/produkt\/kaiser-susanne-finger-und-technikubungen-fur-harfenspieler\/\",\"name\":\"KAISER Susanne: Finger und Technik\u00fcbungen f\u00fcr Harfenspieler\",\"isPartOf\":{\"@id\":\"https:\/\/shop.camac-harps.com\/de\/#website\"},\"primaryImageOfPage\":{\"@id\":\"https:\/\/shop.camac-harps.com\/de\/produkt\/kaiser-susanne-finger-und-technikubungen-fur-harfenspieler\/#primaryimage\"},\"image\":{\"@id\":\"https:\/\/shop.camac-harps.com\/de\/produkt\/kaiser-susanne-finger-und-technikubungen-fur-harfenspieler\/#primaryimage\"},\"thumbnailUrl\":\"https:\/\/shop.camac-harps.com\/wp-content\/uploads\/sites\/25\/2022\/05\/krs01-1.jpg\",\"datePublished\":\"2022-05-31T14:43:29+00:00\",\"dateModified\":\"2024-11-07T15:01:38+00:00\",\"description\":\"Im Camac-Harfen Webshop erh\u00e4ltlich | Versand aus Frankreich\",\"breadcrumb\":{\"@id\":\"https:\/\/shop.camac-harps.com\/de\/produkt\/kaiser-susanne-finger-und-technikubungen-fur-harfenspieler\/#breadcrumb\"},\"inLanguage\":\"de\",\"potentialAction\":[{\"@type\":\"ReadAction\",\"target\":[\"https:\/\/shop.camac-harps.com\/de\/produkt\/kaiser-susanne-finger-und-technikubungen-fur-harfenspieler\/\"]}]},{\"@type\":\"ImageObject\",\"inLanguage\":\"de\",\"@id\":\"https:\/\/shop.camac-harps.com\/de\/produkt\/kaiser-susanne-finger-und-technikubungen-fur-harfenspieler\/#primaryimage\",\"url\":\"https:\/\/shop.camac-harps.com\/wp-content\/uploads\/sites\/25\/2022\/05\/krs01-1.jpg\",\"contentUrl\":\"https:\/\/shop.camac-harps.com\/wp-content\/uploads\/sites\/25\/2022\/05\/krs01-1.jpg\",\"width\":849,\"height\":1200,\"caption\":\"KAISER Susanne: Finger- und Technik\u00fcbungen f\u00fcr Harfenspieler\"},{\"@type\":\"BreadcrumbList\",\"@id\":\"https:\/\/shop.camac-harps.com\/de\/produkt\/kaiser-susanne-finger-und-technikubungen-fur-harfenspieler\/#breadcrumb\",\"itemListElement\":[{\"@type\":\"ListItem\",\"position\":1,\"name\":\"Home\",\"item\":\"https:\/\/shop.camac-harps.com\/de\/startseite\/\"},{\"@type\":\"ListItem\",\"position\":2,\"name\":\"Startseite\",\"item\":\"https:\/\/shop.camac-harps.com\/de\/startseite\/\"},{\"@type\":\"ListItem\",\"position\":3,\"name\":\"KAISER Susanne: Finger und Technik\u00fcbungen f\u00fcr Harfenspieler\"}]},{\"@type\":\"WebSite\",\"@id\":\"https:\/\/shop.camac-harps.com\/de\/#website\",\"url\":\"https:\/\/shop.camac-harps.com\/de\/\",\"name\":\"Camac Harps Shop\",\"description\":\"\",\"potentialAction\":[{\"@type\":\"SearchAction\",\"target\":{\"@type\":\"EntryPoint\",\"urlTemplate\":\"https:\/\/shop.camac-harps.com\/de\/?s={search_term_string}\"},\"query-input\":{\"@type\":\"PropertyValueSpecification\",\"valueRequired\":true,\"valueName\":\"search_term_string\"}}],\"inLanguage\":\"de\"}]}<\/script>","yoast_head_json":{"title":"KAISER Susanne: Finger und Technik\u00fcbungen f\u00fcr Harfenspieler","description":"Im Camac-Harfen Webshop erh\u00e4ltlich | Versand aus Frankreich","robots":{"index":"index","follow":"follow","max-snippet":"max-snippet:-1","max-image-preview":"max-image-preview:large","max-video-preview":"max-video-preview:-1"},"canonical":"https:\/\/shop.camac-harps.com\/de\/produkt\/kaiser-susanne-finger-und-technikubungen-fur-harfenspieler\/","og_locale":"de_DE","og_type":"article","og_title":"KAISER Susanne: Finger und Technik\u00fcbungen f\u00fcr Harfenspieler","og_description":"Im Camac-Harfen Webshop erh\u00e4ltlich | Versand aus Frankreich","og_url":"https:\/\/shop.camac-harps.com\/de\/produkt\/kaiser-susanne-finger-und-technikubungen-fur-harfenspieler\/","og_site_name":"Camac Harps Shop","article_modified_time":"2024-11-07T15:01:38+00:00","og_image":[{"width":849,"height":1200,"url":"https:\/\/shop.camac-harps.com\/wp-content\/uploads\/sites\/25\/2022\/05\/krs01-1.jpg","type":"image\/jpeg"}],"twitter_card":"summary_large_image","schema":{"@context":"https:\/\/schema.org","@graph":[{"@type":"WebPage","@id":"https:\/\/shop.camac-harps.com\/de\/produkt\/kaiser-susanne-finger-und-technikubungen-fur-harfenspieler\/","url":"https:\/\/shop.camac-harps.com\/de\/produkt\/kaiser-susanne-finger-und-technikubungen-fur-harfenspieler\/","name":"KAISER Susanne: Finger und Technik\u00fcbungen f\u00fcr Harfenspieler","isPartOf":{"@id":"https:\/\/shop.camac-harps.com\/de\/#website"},"primaryImageOfPage":{"@id":"https:\/\/shop.camac-harps.com\/de\/produkt\/kaiser-susanne-finger-und-technikubungen-fur-harfenspieler\/#primaryimage"},"image":{"@id":"https:\/\/shop.camac-harps.com\/de\/produkt\/kaiser-susanne-finger-und-technikubungen-fur-harfenspieler\/#primaryimage"},"thumbnailUrl":"https:\/\/shop.camac-harps.com\/wp-content\/uploads\/sites\/25\/2022\/05\/krs01-1.jpg","datePublished":"2022-05-31T14:43:29+00:00","dateModified":"2024-11-07T15:01:38+00:00","description":"Im Camac-Harfen Webshop erh\u00e4ltlich | Versand aus Frankreich","breadcrumb":{"@id":"https:\/\/shop.camac-harps.com\/de\/produkt\/kaiser-susanne-finger-und-technikubungen-fur-harfenspieler\/#breadcrumb"},"inLanguage":"de","potentialAction":[{"@type":"ReadAction","target":["https:\/\/shop.camac-harps.com\/de\/produkt\/kaiser-susanne-finger-und-technikubungen-fur-harfenspieler\/"]}]},{"@type":"ImageObject","inLanguage":"de","@id":"https:\/\/shop.camac-harps.com\/de\/produkt\/kaiser-susanne-finger-und-technikubungen-fur-harfenspieler\/#primaryimage","url":"https:\/\/shop.camac-harps.com\/wp-content\/uploads\/sites\/25\/2022\/05\/krs01-1.jpg","contentUrl":"https:\/\/shop.camac-harps.com\/wp-content\/uploads\/sites\/25\/2022\/05\/krs01-1.jpg","width":849,"height":1200,"caption":"KAISER Susanne: Finger- und Technik\u00fcbungen f\u00fcr Harfenspieler"},{"@type":"BreadcrumbList","@id":"https:\/\/shop.camac-harps.com\/de\/produkt\/kaiser-susanne-finger-und-technikubungen-fur-harfenspieler\/#breadcrumb","itemListElement":[{"@type":"ListItem","position":1,"name":"Home","item":"https:\/\/shop.camac-harps.com\/de\/startseite\/"},{"@type":"ListItem","position":2,"name":"Startseite","item":"https:\/\/shop.camac-harps.com\/de\/startseite\/"},{"@type":"ListItem","position":3,"name":"KAISER Susanne: Finger und Technik\u00fcbungen f\u00fcr Harfenspieler"}]},{"@type":"WebSite","@id":"https:\/\/shop.camac-harps.com\/de\/#website","url":"https:\/\/shop.camac-harps.com\/de\/","name":"Camac Harps Shop","description":"","potentialAction":[{"@type":"SearchAction","target":{"@type":"EntryPoint","urlTemplate":"https:\/\/shop.camac-harps.com\/de\/?s={search_term_string}"},"query-input":{"@type":"PropertyValueSpecification","valueRequired":true,"valueName":"search_term_string"}}],"inLanguage":"de"}]}},"_links":{"self":[{"href":"https:\/\/shop.camac-harps.com\/de\/wp-json\/wp\/v2\/product\/46390","targetHints":{"allow":["GET"]}}],"collection":[{"href":"https:\/\/shop.camac-harps.com\/de\/wp-json\/wp\/v2\/product"}],"about":[{"href":"https:\/\/shop.camac-harps.com\/de\/wp-json\/wp\/v2\/types\/product"}],"replies":[{"embeddable":true,"href":"https:\/\/shop.camac-harps.com\/de\/wp-json\/wp\/v2\/comments?post=46390"}],"wp:featuredmedia":[{"embeddable":true,"href":"https:\/\/shop.camac-harps.com\/de\/wp-json\/wp\/v2\/media\/46387"}],"wp:attachment":[{"href":"https:\/\/shop.camac-harps.com\/de\/wp-json\/wp\/v2\/media?parent=46390"}],"wp:term":[{"taxonomy":"product_brand","embeddable":true,"href":"https:\/\/shop.camac-harps.com\/de\/wp-json\/wp\/v2\/product_brand?post=46390"},{"taxonomy":"product_cat","embeddable":true,"href":"https:\/\/shop.camac-harps.com\/de\/wp-json\/wp\/v2\/product_cat?post=46390"},{"taxonomy":"product_tag","embeddable":true,"href":"https:\/\/shop.camac-harps.com\/de\/wp-json\/wp\/v2\/product_tag?post=46390"}],"curies":[{"name":"wp","href":"https:\/\/api.w.org\/{rel}","templated":true}]}}