{"id":48108,"date":"2022-09-15T10:54:46","date_gmt":"2022-09-15T10:54:46","guid":{"rendered":"https:\/\/shop.camac-harps.com\/product\/adelson-robert-erard-the-empire-of-the-harp-auf-franzoesisch-und-englisch\/"},"modified":"2024-11-07T15:01:37","modified_gmt":"2024-11-07T15:01:37","slug":"adelson-robert-erard-the-empire-of-the-harp-auf-franzoesisch-und-englisch","status":"publish","type":"product","link":"https:\/\/shop.camac-harps.com\/de\/produkt\/adelson-robert-erard-the-empire-of-the-harp-auf-franzoesisch-und-englisch\/","title":{"rendered":"ADELSON Robert: Erard, The Empire of the Harp (auf Franz\u00f6sisch und Englisch)"},"content":{"rendered":"<p style=\"text-align: justify;\">\u00a0<\/p>\n<p>&nbsp;<\/p>\n","protected":false},"excerpt":{"rendered":"<p style=\"text-align: justify;\"><strong>S\u00e9bastien Erard<\/strong> (1752-1831) gilt zu Recht als der Vater der modernen Harfe. Seine beiden wichtigsten Beitr\u00e4ge zur Konstruktion des Instruments bilden noch heute die Grundlage der Modelle: der Mechanismus der Gabelscheiben, die die Schwingungsl\u00e4nge der Saiten um einen Halbton verk\u00fcrzen, und die doppelte Mechanik, die es dem Harfenisten erm\u00f6glicht, in allen Tonarten zu spielen. Die Hegemonie der Firma Erard resultiert nicht nur aus der offensichtlichen musikalischen und technischen \u00dcberlegenheit dieser Erfindungen, sondern auch aus ihrem Bestreben, diese Instrumente weltweit zu vermarkten. Anhand der Gesch\u00e4fts- und Familienarchive sowie zahlreicher seltener Instrumente erz\u00e4hlt dieses Buch die spannende Geschichte des Erard-Imperiums.<\/p>\n<p>Lesen Sie <a href=\"https:\/\/shop.camac-harps.com\/wp-content\/uploads\/sites\/25\/2023\/02\/review-hhs-erard-empire-de-la-harpe.pdf\">die Rezension<\/a> von Mike Baldwin im <a href=\"https:\/\/historicalharpsociety.org\/\">Historical Harp Society Bulletin<\/a> (auf Englisch)<\/p>\n","protected":false},"featured_media":48085,"comment_status":"open","ping_status":"closed","template":"","meta":{"_acf_changed":false},"product_brand":[],"product_cat":[65],"product_tag":[],"class_list":{"0":"post-48108","1":"product","2":"type-product","3":"status-publish","4":"has-post-thumbnail","6":"product_cat-bucher","8":"first","9":"instock","10":"taxable","11":"shipping-taxable","12":"purchasable","13":"product-type-simple"},"acf":[],"yoast_head":"<title>ADELSON Robert: Erard, The Empire of the Harp | Camac-Harfen Webshop<\/title>\n<meta name=\"description\" content=\"S\u00e9bastien Erard (1752-1831) gilt als der Vater der modernen Harfe. Dieses Buch erz\u00e4hlt seine spannende Geschichte | Auf Franz\u00f6sisch und Englisch.\" \/>\n<meta name=\"robots\" content=\"index, follow, max-snippet:-1, max-image-preview:large, max-video-preview:-1\" \/>\n<link rel=\"canonical\" href=\"https:\/\/shop.camac-harps.com\/de\/produkt\/adelson-robert-erard-the-empire-of-the-harp-auf-franzoesisch-und-englisch\/\" \/>\n<meta property=\"og:locale\" content=\"de_DE\" \/>\n<meta property=\"og:type\" content=\"article\" \/>\n<meta property=\"og:title\" content=\"ADELSON Robert: Erard, The Empire of the Harp | Camac-Harfen Webshop\" \/>\n<meta property=\"og:description\" content=\"S\u00e9bastien Erard (1752-1831) gilt als der Vater der modernen Harfe. Dieses Buch erz\u00e4hlt seine spannende Geschichte | Auf Franz\u00f6sisch und Englisch.\" \/>\n<meta property=\"og:url\" content=\"https:\/\/shop.camac-harps.com\/de\/produkt\/adelson-robert-erard-the-empire-of-the-harp-auf-franzoesisch-und-englisch\/\" \/>\n<meta property=\"og:site_name\" content=\"Camac Harps Shop\" \/>\n<meta property=\"article:modified_time\" content=\"2024-11-07T15:01:37+00:00\" \/>\n<meta property=\"og:image\" content=\"https:\/\/shop.camac-harps.com\/wp-content\/uploads\/sites\/25\/2022\/09\/anr01-1.jpg\" \/>\n\t<meta property=\"og:image:width\" content=\"880\" \/>\n\t<meta property=\"og:image:height\" content=\"1200\" \/>\n\t<meta property=\"og:image:type\" content=\"image\/jpeg\" \/>\n<meta name=\"twitter:card\" content=\"summary_large_image\" \/>\n<script type=\"application\/ld+json\" class=\"yoast-schema-graph\">{\"@context\":\"https:\/\/schema.org\",\"@graph\":[{\"@type\":\"WebPage\",\"@id\":\"https:\/\/shop.camac-harps.com\/de\/produkt\/adelson-robert-erard-the-empire-of-the-harp-auf-franzoesisch-und-englisch\/\",\"url\":\"https:\/\/shop.camac-harps.com\/de\/produkt\/adelson-robert-erard-the-empire-of-the-harp-auf-franzoesisch-und-englisch\/\",\"name\":\"ADELSON Robert: Erard, The Empire of the Harp | Camac-Harfen Webshop\",\"isPartOf\":{\"@id\":\"https:\/\/shop.camac-harps.com\/de\/#website\"},\"primaryImageOfPage\":{\"@id\":\"https:\/\/shop.camac-harps.com\/de\/produkt\/adelson-robert-erard-the-empire-of-the-harp-auf-franzoesisch-und-englisch\/#primaryimage\"},\"image\":{\"@id\":\"https:\/\/shop.camac-harps.com\/de\/produkt\/adelson-robert-erard-the-empire-of-the-harp-auf-franzoesisch-und-englisch\/#primaryimage\"},\"thumbnailUrl\":\"https:\/\/shop.camac-harps.com\/wp-content\/uploads\/sites\/25\/2022\/09\/anr01-1.jpg\",\"datePublished\":\"2022-09-15T10:54:46+00:00\",\"dateModified\":\"2024-11-07T15:01:37+00:00\",\"description\":\"S\u00e9bastien Erard (1752-1831) gilt als der Vater der modernen Harfe. Dieses Buch erz\u00e4hlt seine spannende Geschichte | Auf Franz\u00f6sisch und Englisch.\",\"breadcrumb\":{\"@id\":\"https:\/\/shop.camac-harps.com\/de\/produkt\/adelson-robert-erard-the-empire-of-the-harp-auf-franzoesisch-und-englisch\/#breadcrumb\"},\"inLanguage\":\"de\",\"potentialAction\":[{\"@type\":\"ReadAction\",\"target\":[\"https:\/\/shop.camac-harps.com\/de\/produkt\/adelson-robert-erard-the-empire-of-the-harp-auf-franzoesisch-und-englisch\/\"]}]},{\"@type\":\"ImageObject\",\"inLanguage\":\"de\",\"@id\":\"https:\/\/shop.camac-harps.com\/de\/produkt\/adelson-robert-erard-the-empire-of-the-harp-auf-franzoesisch-und-englisch\/#primaryimage\",\"url\":\"https:\/\/shop.camac-harps.com\/wp-content\/uploads\/sites\/25\/2022\/09\/anr01-1.jpg\",\"contentUrl\":\"https:\/\/shop.camac-harps.com\/wp-content\/uploads\/sites\/25\/2022\/09\/anr01-1.jpg\",\"width\":880,\"height\":1200,\"caption\":\"ADELSON Robert : Erard, l'empire de la harpe\"},{\"@type\":\"BreadcrumbList\",\"@id\":\"https:\/\/shop.camac-harps.com\/de\/produkt\/adelson-robert-erard-the-empire-of-the-harp-auf-franzoesisch-und-englisch\/#breadcrumb\",\"itemListElement\":[{\"@type\":\"ListItem\",\"position\":1,\"name\":\"Home\",\"item\":\"https:\/\/shop.camac-harps.com\/de\/startseite\/\"},{\"@type\":\"ListItem\",\"position\":2,\"name\":\"Startseite\",\"item\":\"https:\/\/shop.camac-harps.com\/de\/startseite\/\"},{\"@type\":\"ListItem\",\"position\":3,\"name\":\"ADELSON Robert: Erard, The Empire of the Harp (auf Franz\u00f6sisch und Englisch)\"}]},{\"@type\":\"WebSite\",\"@id\":\"https:\/\/shop.camac-harps.com\/de\/#website\",\"url\":\"https:\/\/shop.camac-harps.com\/de\/\",\"name\":\"Camac Harps Shop\",\"description\":\"\",\"potentialAction\":[{\"@type\":\"SearchAction\",\"target\":{\"@type\":\"EntryPoint\",\"urlTemplate\":\"https:\/\/shop.camac-harps.com\/de\/?s={search_term_string}\"},\"query-input\":{\"@type\":\"PropertyValueSpecification\",\"valueRequired\":true,\"valueName\":\"search_term_string\"}}],\"inLanguage\":\"de\"}]}<\/script>","yoast_head_json":{"title":"ADELSON Robert: Erard, The Empire of the Harp | Camac-Harfen Webshop","description":"S\u00e9bastien Erard (1752-1831) gilt als der Vater der modernen Harfe. Dieses Buch erz\u00e4hlt seine spannende Geschichte | Auf Franz\u00f6sisch und Englisch.","robots":{"index":"index","follow":"follow","max-snippet":"max-snippet:-1","max-image-preview":"max-image-preview:large","max-video-preview":"max-video-preview:-1"},"canonical":"https:\/\/shop.camac-harps.com\/de\/produkt\/adelson-robert-erard-the-empire-of-the-harp-auf-franzoesisch-und-englisch\/","og_locale":"de_DE","og_type":"article","og_title":"ADELSON Robert: Erard, The Empire of the Harp | Camac-Harfen Webshop","og_description":"S\u00e9bastien Erard (1752-1831) gilt als der Vater der modernen Harfe. Dieses Buch erz\u00e4hlt seine spannende Geschichte | Auf Franz\u00f6sisch und Englisch.","og_url":"https:\/\/shop.camac-harps.com\/de\/produkt\/adelson-robert-erard-the-empire-of-the-harp-auf-franzoesisch-und-englisch\/","og_site_name":"Camac Harps Shop","article_modified_time":"2024-11-07T15:01:37+00:00","og_image":[{"width":880,"height":1200,"url":"https:\/\/shop.camac-harps.com\/wp-content\/uploads\/sites\/25\/2022\/09\/anr01-1.jpg","type":"image\/jpeg"}],"twitter_card":"summary_large_image","schema":{"@context":"https:\/\/schema.org","@graph":[{"@type":"WebPage","@id":"https:\/\/shop.camac-harps.com\/de\/produkt\/adelson-robert-erard-the-empire-of-the-harp-auf-franzoesisch-und-englisch\/","url":"https:\/\/shop.camac-harps.com\/de\/produkt\/adelson-robert-erard-the-empire-of-the-harp-auf-franzoesisch-und-englisch\/","name":"ADELSON Robert: Erard, The Empire of the Harp | Camac-Harfen Webshop","isPartOf":{"@id":"https:\/\/shop.camac-harps.com\/de\/#website"},"primaryImageOfPage":{"@id":"https:\/\/shop.camac-harps.com\/de\/produkt\/adelson-robert-erard-the-empire-of-the-harp-auf-franzoesisch-und-englisch\/#primaryimage"},"image":{"@id":"https:\/\/shop.camac-harps.com\/de\/produkt\/adelson-robert-erard-the-empire-of-the-harp-auf-franzoesisch-und-englisch\/#primaryimage"},"thumbnailUrl":"https:\/\/shop.camac-harps.com\/wp-content\/uploads\/sites\/25\/2022\/09\/anr01-1.jpg","datePublished":"2022-09-15T10:54:46+00:00","dateModified":"2024-11-07T15:01:37+00:00","description":"S\u00e9bastien Erard (1752-1831) gilt als der Vater der modernen Harfe. Dieses Buch erz\u00e4hlt seine spannende Geschichte | Auf Franz\u00f6sisch und Englisch.","breadcrumb":{"@id":"https:\/\/shop.camac-harps.com\/de\/produkt\/adelson-robert-erard-the-empire-of-the-harp-auf-franzoesisch-und-englisch\/#breadcrumb"},"inLanguage":"de","potentialAction":[{"@type":"ReadAction","target":["https:\/\/shop.camac-harps.com\/de\/produkt\/adelson-robert-erard-the-empire-of-the-harp-auf-franzoesisch-und-englisch\/"]}]},{"@type":"ImageObject","inLanguage":"de","@id":"https:\/\/shop.camac-harps.com\/de\/produkt\/adelson-robert-erard-the-empire-of-the-harp-auf-franzoesisch-und-englisch\/#primaryimage","url":"https:\/\/shop.camac-harps.com\/wp-content\/uploads\/sites\/25\/2022\/09\/anr01-1.jpg","contentUrl":"https:\/\/shop.camac-harps.com\/wp-content\/uploads\/sites\/25\/2022\/09\/anr01-1.jpg","width":880,"height":1200,"caption":"ADELSON Robert : Erard, l'empire de la harpe"},{"@type":"BreadcrumbList","@id":"https:\/\/shop.camac-harps.com\/de\/produkt\/adelson-robert-erard-the-empire-of-the-harp-auf-franzoesisch-und-englisch\/#breadcrumb","itemListElement":[{"@type":"ListItem","position":1,"name":"Home","item":"https:\/\/shop.camac-harps.com\/de\/startseite\/"},{"@type":"ListItem","position":2,"name":"Startseite","item":"https:\/\/shop.camac-harps.com\/de\/startseite\/"},{"@type":"ListItem","position":3,"name":"ADELSON Robert: Erard, The Empire of the Harp (auf Franz\u00f6sisch und Englisch)"}]},{"@type":"WebSite","@id":"https:\/\/shop.camac-harps.com\/de\/#website","url":"https:\/\/shop.camac-harps.com\/de\/","name":"Camac Harps Shop","description":"","potentialAction":[{"@type":"SearchAction","target":{"@type":"EntryPoint","urlTemplate":"https:\/\/shop.camac-harps.com\/de\/?s={search_term_string}"},"query-input":{"@type":"PropertyValueSpecification","valueRequired":true,"valueName":"search_term_string"}}],"inLanguage":"de"}]}},"_links":{"self":[{"href":"https:\/\/shop.camac-harps.com\/de\/wp-json\/wp\/v2\/product\/48108","targetHints":{"allow":["GET"]}}],"collection":[{"href":"https:\/\/shop.camac-harps.com\/de\/wp-json\/wp\/v2\/product"}],"about":[{"href":"https:\/\/shop.camac-harps.com\/de\/wp-json\/wp\/v2\/types\/product"}],"replies":[{"embeddable":true,"href":"https:\/\/shop.camac-harps.com\/de\/wp-json\/wp\/v2\/comments?post=48108"}],"wp:featuredmedia":[{"embeddable":true,"href":"https:\/\/shop.camac-harps.com\/de\/wp-json\/wp\/v2\/media\/48085"}],"wp:attachment":[{"href":"https:\/\/shop.camac-harps.com\/de\/wp-json\/wp\/v2\/media?parent=48108"}],"wp:term":[{"taxonomy":"product_brand","embeddable":true,"href":"https:\/\/shop.camac-harps.com\/de\/wp-json\/wp\/v2\/product_brand?post=48108"},{"taxonomy":"product_cat","embeddable":true,"href":"https:\/\/shop.camac-harps.com\/de\/wp-json\/wp\/v2\/product_cat?post=48108"},{"taxonomy":"product_tag","embeddable":true,"href":"https:\/\/shop.camac-harps.com\/de\/wp-json\/wp\/v2\/product_tag?post=48108"}],"curies":[{"name":"wp","href":"https:\/\/api.w.org\/{rel}","templated":true}]}}