{"id":48491,"date":"2022-09-23T13:41:15","date_gmt":"2022-09-23T13:41:15","guid":{"rendered":"https:\/\/shop.camac-harps.com\/product\/ergonomische-pedale\/"},"modified":"2024-08-23T09:33:54","modified_gmt":"2024-08-23T09:33:54","slug":"ergonomische-pedale","status":"publish","type":"product","link":"https:\/\/shop.camac-harps.com\/de\/produkt\/ergonomische-pedale\/","title":{"rendered":"Ergonomische Pedale"},"content":{"rendered":"<p style=\"text-align: justify;\"><strong>Konzeption: Chantal Mathieu <\/strong><\/p>\n<p style=\"text-align: justify;\">Diese wundersch\u00f6nen ergonomischen Pedale sind das Ergebnis einer Zusammenarbeit mit der gro\u00dfen franz\u00f6sischen Harfenistin Chantal Mathieu. Nach einer Verletzung interessierte sich Chantal f\u00fcr die Kunstmedizin, ein Bereich, in dem ihr Fachwissen durch ein Diplom zertifiziert wurde.<\/p>\n<p style=\"text-align: justify;\">Das Harfenspielen ist eine belastende T\u00e4tigkeit f\u00fcr den K\u00f6rper. Chantal hatte festgestellt, dass bei alten Harfen aus dem 18. und 19. Jahrhundert die \u00e4u\u00dferen Pedale l\u00e4nger waren als die heutigen. Dadurch war es f\u00fcr den Harfenspieler leichter, sie zu erreichen, ohne das Bein ganz durchzustrecken und somit die Muskeln zu verspannen oder den Oberk\u00f6rper aus dem Gleichgewicht zu bringen. Wenn Ihnen das passiert, wenn Sie die Pedale f\u00fcr A, G oder D bet\u00e4tigen m\u00fcssen, sind diese Verl\u00e4ngerungen wahrscheinlich genau das Richtige f\u00fcr Sie!<\/p>\n<p style=\"text-align: justify;\">Der Satz von 5 ergonomischen Pedalen wird mit dem Installationswerkzeug geliefert:<\/p>\n<p style=\"text-align: left;\">&#8211; gro\u00dfer flacher Schraubendreher ;<br \/>\n&#8211; 2,5-mm-Sechskantschl\u00fcssel zum Einstellen der Neigung ;<br \/>\n&#8211; 3-mm-Sechskantschl\u00fcssel zum Arretieren der Neigungseinstellung.<\/p>\n<p style=\"text-align: justify;\">Ein Tutorial zur Installation finden Sie auf dem YouTube-Kanal von Camac Harps <a href=\"https:\/\/www.youtube.com\/watch?v=1f1rD010KJE\">hier<\/a>.<\/p>\n<p style=\"text-align: justify;\">Chantals Dissertation &#8222;Des p\u00e9dales ergonomiques, pour quoi faire&#8220; ist im Verlag <a href=\"https:\/\/www.medecine-des-arts.com\/fr\/produit\/revue-medecine-des-arts-n-81.php\">Editions Alexit\u00e8re, Revue M\u00e9decine des arts N\u00b081<\/a> erschienen, sowie in der Zeitschrift Nr. 61,1 der A.I.H.A.H. (<a href=\"https:\/\/aiharpe.com\/\">Association Internationale des Harpistes et Amis de la Harpe<\/a>).<\/p>\n","protected":false},"excerpt":{"rendered":"<p>Konzeption: Chantal Mathieu Diese wundersch\u00f6nen ergonomischen Pedale sind das Ergebnis einer Zusammenarbeit mit der gro\u00dfen franz\u00f6sischen Harfenistin Chantal Mathieu. Nach einer Verletzung interessierte sich Chantal f\u00fcr die Kunstmedizin, ein Bereich, in dem ihr Fachwissen durch ein Diplom zertifiziert wurde. Das Harfenspielen ist eine belastende T\u00e4tigkeit f\u00fcr den K\u00f6rper. Chantal hatte festgestellt, dass bei alten Harfen [&hellip;]<\/p>\n","protected":false},"featured_media":48474,"comment_status":"open","ping_status":"closed","template":"","meta":{"_acf_changed":false},"product_brand":[],"product_cat":[443,41],"product_tag":[],"class_list":{"0":"post-48491","1":"product","2":"type-product","3":"status-publish","4":"has-post-thumbnail","6":"product_cat-ersatzteile-und-werkzeuge","7":"product_cat-zubehor-harfenhuellen","9":"first","10":"instock","11":"taxable","12":"shipping-taxable","13":"product-type-simple"},"acf":[],"yoast_head":"<title>Ergonomische Pedale | Boutique en ligne Camac<\/title>\n<meta name=\"description\" content=\"Magnifiques p\u00e9dales ergonomiques pour harpe, le r\u00e9sultat d&#039;une collaboration avec Chantal Mathieu | Tutoriel d&#039;installation disponible | Livraison internationale.\" \/>\n<meta name=\"robots\" content=\"index, follow, max-snippet:-1, max-image-preview:large, max-video-preview:-1\" \/>\n<link rel=\"canonical\" href=\"https:\/\/shop.camac-harps.com\/de\/produkt\/ergonomische-pedale\/\" \/>\n<meta property=\"og:locale\" content=\"de_DE\" \/>\n<meta property=\"og:type\" content=\"article\" \/>\n<meta property=\"og:title\" content=\"Ergonomische Pedale | Boutique en ligne Camac\" \/>\n<meta property=\"og:description\" content=\"Magnifiques p\u00e9dales ergonomiques pour harpe, le r\u00e9sultat d&#039;une collaboration avec Chantal Mathieu | Tutoriel d&#039;installation disponible | Livraison internationale.\" \/>\n<meta property=\"og:url\" content=\"https:\/\/shop.camac-harps.com\/de\/produkt\/ergonomische-pedale\/\" \/>\n<meta property=\"og:site_name\" content=\"Camac Harps Shop\" \/>\n<meta property=\"article:modified_time\" content=\"2024-08-23T09:33:54+00:00\" \/>\n<meta property=\"og:image\" content=\"https:\/\/shop.camac-harps.com\/wp-content\/uploads\/sites\/25\/2022\/09\/ergopedal-0.jpeg\" \/>\n\t<meta property=\"og:image:width\" content=\"1200\" \/>\n\t<meta property=\"og:image:height\" content=\"675\" \/>\n\t<meta property=\"og:image:type\" content=\"image\/jpeg\" \/>\n<meta name=\"twitter:card\" content=\"summary_large_image\" \/>\n<meta name=\"twitter:label1\" content=\"Gesch\u00e4tzte Lesezeit\" \/>\n\t<meta name=\"twitter:data1\" content=\"1\u00a0Minute\" \/>\n<script type=\"application\/ld+json\" class=\"yoast-schema-graph\">{\"@context\":\"https:\/\/schema.org\",\"@graph\":[{\"@type\":\"WebPage\",\"@id\":\"https:\/\/shop.camac-harps.com\/de\/produkt\/ergonomische-pedale\/\",\"url\":\"https:\/\/shop.camac-harps.com\/de\/produkt\/ergonomische-pedale\/\",\"name\":\"Ergonomische Pedale | Boutique en ligne Camac\",\"isPartOf\":{\"@id\":\"https:\/\/shop.camac-harps.com\/de\/#website\"},\"primaryImageOfPage\":{\"@id\":\"https:\/\/shop.camac-harps.com\/de\/produkt\/ergonomische-pedale\/#primaryimage\"},\"image\":{\"@id\":\"https:\/\/shop.camac-harps.com\/de\/produkt\/ergonomische-pedale\/#primaryimage\"},\"thumbnailUrl\":\"https:\/\/shop.camac-harps.com\/wp-content\/uploads\/sites\/25\/2022\/09\/ergopedal-0.jpeg\",\"datePublished\":\"2022-09-23T13:41:15+00:00\",\"dateModified\":\"2024-08-23T09:33:54+00:00\",\"description\":\"Magnifiques p\u00e9dales ergonomiques pour harpe, le r\u00e9sultat d'une collaboration avec Chantal Mathieu | Tutoriel d'installation disponible | Livraison internationale.\",\"breadcrumb\":{\"@id\":\"https:\/\/shop.camac-harps.com\/de\/produkt\/ergonomische-pedale\/#breadcrumb\"},\"inLanguage\":\"de\",\"potentialAction\":[{\"@type\":\"ReadAction\",\"target\":[\"https:\/\/shop.camac-harps.com\/de\/produkt\/ergonomische-pedale\/\"]}]},{\"@type\":\"ImageObject\",\"inLanguage\":\"de\",\"@id\":\"https:\/\/shop.camac-harps.com\/de\/produkt\/ergonomische-pedale\/#primaryimage\",\"url\":\"https:\/\/shop.camac-harps.com\/wp-content\/uploads\/sites\/25\/2022\/09\/ergopedal-0.jpeg\",\"contentUrl\":\"https:\/\/shop.camac-harps.com\/wp-content\/uploads\/sites\/25\/2022\/09\/ergopedal-0.jpeg\",\"width\":1200,\"height\":675,\"caption\":\"P\u00e9dales ergonomiques\"},{\"@type\":\"BreadcrumbList\",\"@id\":\"https:\/\/shop.camac-harps.com\/de\/produkt\/ergonomische-pedale\/#breadcrumb\",\"itemListElement\":[{\"@type\":\"ListItem\",\"position\":1,\"name\":\"Home\",\"item\":\"https:\/\/shop.camac-harps.com\/de\/startseite\/\"},{\"@type\":\"ListItem\",\"position\":2,\"name\":\"Startseite\",\"item\":\"https:\/\/shop.camac-harps.com\/de\/startseite\/\"},{\"@type\":\"ListItem\",\"position\":3,\"name\":\"Ergonomische Pedale\"}]},{\"@type\":\"WebSite\",\"@id\":\"https:\/\/shop.camac-harps.com\/de\/#website\",\"url\":\"https:\/\/shop.camac-harps.com\/de\/\",\"name\":\"Camac Harps Shop\",\"description\":\"\",\"potentialAction\":[{\"@type\":\"SearchAction\",\"target\":{\"@type\":\"EntryPoint\",\"urlTemplate\":\"https:\/\/shop.camac-harps.com\/de\/?s={search_term_string}\"},\"query-input\":{\"@type\":\"PropertyValueSpecification\",\"valueRequired\":true,\"valueName\":\"search_term_string\"}}],\"inLanguage\":\"de\"}]}<\/script>","yoast_head_json":{"title":"Ergonomische Pedale | Boutique en ligne Camac","description":"Magnifiques p\u00e9dales ergonomiques pour harpe, le r\u00e9sultat d'une collaboration avec Chantal Mathieu | Tutoriel d'installation disponible | Livraison internationale.","robots":{"index":"index","follow":"follow","max-snippet":"max-snippet:-1","max-image-preview":"max-image-preview:large","max-video-preview":"max-video-preview:-1"},"canonical":"https:\/\/shop.camac-harps.com\/de\/produkt\/ergonomische-pedale\/","og_locale":"de_DE","og_type":"article","og_title":"Ergonomische Pedale | Boutique en ligne Camac","og_description":"Magnifiques p\u00e9dales ergonomiques pour harpe, le r\u00e9sultat d'une collaboration avec Chantal Mathieu | Tutoriel d'installation disponible | Livraison internationale.","og_url":"https:\/\/shop.camac-harps.com\/de\/produkt\/ergonomische-pedale\/","og_site_name":"Camac Harps Shop","article_modified_time":"2024-08-23T09:33:54+00:00","og_image":[{"width":1200,"height":675,"url":"https:\/\/shop.camac-harps.com\/wp-content\/uploads\/sites\/25\/2022\/09\/ergopedal-0.jpeg","type":"image\/jpeg"}],"twitter_card":"summary_large_image","twitter_misc":{"Gesch\u00e4tzte Lesezeit":"1\u00a0Minute"},"schema":{"@context":"https:\/\/schema.org","@graph":[{"@type":"WebPage","@id":"https:\/\/shop.camac-harps.com\/de\/produkt\/ergonomische-pedale\/","url":"https:\/\/shop.camac-harps.com\/de\/produkt\/ergonomische-pedale\/","name":"Ergonomische Pedale | Boutique en ligne Camac","isPartOf":{"@id":"https:\/\/shop.camac-harps.com\/de\/#website"},"primaryImageOfPage":{"@id":"https:\/\/shop.camac-harps.com\/de\/produkt\/ergonomische-pedale\/#primaryimage"},"image":{"@id":"https:\/\/shop.camac-harps.com\/de\/produkt\/ergonomische-pedale\/#primaryimage"},"thumbnailUrl":"https:\/\/shop.camac-harps.com\/wp-content\/uploads\/sites\/25\/2022\/09\/ergopedal-0.jpeg","datePublished":"2022-09-23T13:41:15+00:00","dateModified":"2024-08-23T09:33:54+00:00","description":"Magnifiques p\u00e9dales ergonomiques pour harpe, le r\u00e9sultat d'une collaboration avec Chantal Mathieu | Tutoriel d'installation disponible | Livraison internationale.","breadcrumb":{"@id":"https:\/\/shop.camac-harps.com\/de\/produkt\/ergonomische-pedale\/#breadcrumb"},"inLanguage":"de","potentialAction":[{"@type":"ReadAction","target":["https:\/\/shop.camac-harps.com\/de\/produkt\/ergonomische-pedale\/"]}]},{"@type":"ImageObject","inLanguage":"de","@id":"https:\/\/shop.camac-harps.com\/de\/produkt\/ergonomische-pedale\/#primaryimage","url":"https:\/\/shop.camac-harps.com\/wp-content\/uploads\/sites\/25\/2022\/09\/ergopedal-0.jpeg","contentUrl":"https:\/\/shop.camac-harps.com\/wp-content\/uploads\/sites\/25\/2022\/09\/ergopedal-0.jpeg","width":1200,"height":675,"caption":"P\u00e9dales ergonomiques"},{"@type":"BreadcrumbList","@id":"https:\/\/shop.camac-harps.com\/de\/produkt\/ergonomische-pedale\/#breadcrumb","itemListElement":[{"@type":"ListItem","position":1,"name":"Home","item":"https:\/\/shop.camac-harps.com\/de\/startseite\/"},{"@type":"ListItem","position":2,"name":"Startseite","item":"https:\/\/shop.camac-harps.com\/de\/startseite\/"},{"@type":"ListItem","position":3,"name":"Ergonomische Pedale"}]},{"@type":"WebSite","@id":"https:\/\/shop.camac-harps.com\/de\/#website","url":"https:\/\/shop.camac-harps.com\/de\/","name":"Camac Harps Shop","description":"","potentialAction":[{"@type":"SearchAction","target":{"@type":"EntryPoint","urlTemplate":"https:\/\/shop.camac-harps.com\/de\/?s={search_term_string}"},"query-input":{"@type":"PropertyValueSpecification","valueRequired":true,"valueName":"search_term_string"}}],"inLanguage":"de"}]}},"_links":{"self":[{"href":"https:\/\/shop.camac-harps.com\/de\/wp-json\/wp\/v2\/product\/48491","targetHints":{"allow":["GET"]}}],"collection":[{"href":"https:\/\/shop.camac-harps.com\/de\/wp-json\/wp\/v2\/product"}],"about":[{"href":"https:\/\/shop.camac-harps.com\/de\/wp-json\/wp\/v2\/types\/product"}],"replies":[{"embeddable":true,"href":"https:\/\/shop.camac-harps.com\/de\/wp-json\/wp\/v2\/comments?post=48491"}],"wp:featuredmedia":[{"embeddable":true,"href":"https:\/\/shop.camac-harps.com\/de\/wp-json\/wp\/v2\/media\/48474"}],"wp:attachment":[{"href":"https:\/\/shop.camac-harps.com\/de\/wp-json\/wp\/v2\/media?parent=48491"}],"wp:term":[{"taxonomy":"product_brand","embeddable":true,"href":"https:\/\/shop.camac-harps.com\/de\/wp-json\/wp\/v2\/product_brand?post=48491"},{"taxonomy":"product_cat","embeddable":true,"href":"https:\/\/shop.camac-harps.com\/de\/wp-json\/wp\/v2\/product_cat?post=48491"},{"taxonomy":"product_tag","embeddable":true,"href":"https:\/\/shop.camac-harps.com\/de\/wp-json\/wp\/v2\/product_tag?post=48491"}],"curies":[{"name":"wp","href":"https:\/\/api.w.org\/{rel}","templated":true}]}}