{"id":49151,"date":"2022-10-12T09:46:58","date_gmt":"2022-10-12T09:46:58","guid":{"rendered":"https:\/\/shop.camac-harps.com\/product\/walshot-stapp-astrid-dragonfly\/"},"modified":"2024-11-07T15:01:34","modified_gmt":"2024-11-07T15:01:34","slug":"walschot-stapp-astrid-dragonfly","status":"publish","type":"product","link":"https:\/\/shop.camac-harps.com\/de\/produkt\/walschot-stapp-astrid-dragonfly\/","title":{"rendered":"WALSCHOT-STAPP Astrid: Dragonfly"},"content":{"rendered":"<p>F\u00fcr Astrid Walschot-Stapp haben wir einen speziellen <a href=\"https:\/\/de.camac-harps.com\/de\/harps-de\/pedalharfen\/vendome\/\">Vend\u00f4me<\/a> angefertigt, der mit Libellen verziert ist. Lesen Sie ihre Geschichte auf dem Camac Blog (auf <a href=\"https:\/\/www.camac-harps.com\/blog\/en\/latest\/dragonfly-harp\/\">Englisch<\/a> oder <a href=\"https:\/\/www.camac-harps.com\/blog\/fr\/alaune\/dragonfly-harp\/\">Franz\u00f6sisch<\/a>).\u00a0<\/p>\n<p>Dragonfly anh\u00f6ren :\u00a0<\/p>\n<audio class=\"wp-audio-shortcode\" id=\"audio-49151-1\" preload=\"none\" style=\"width: 100%;\" controls=\"controls\"><source type=\"audio\/mpeg\" src=\"https:\/\/shop.camac-harps.com\/wp-content\/uploads\/sites\/25\/2022\/10\/dragonfly-final-2496-wave.m4a?_=1\" \/><a href=\"https:\/\/shop.camac-harps.com\/wp-content\/uploads\/sites\/25\/2022\/10\/dragonfly-final-2496-wave.m4a\">https:\/\/shop.camac-harps.com\/wp-content\/uploads\/sites\/25\/2022\/10\/dragonfly-final-2496-wave.m4a<\/a><\/audio>\n","protected":false},"excerpt":{"rendered":"<p>F\u00fcr Astrid Walschot-Stapp haben wir einen speziellen Vend\u00f4me angefertigt, der mit Libellen verziert ist. Lesen Sie ihre Geschichte auf dem Camac Blog (auf Englisch oder Franz\u00f6sisch).\u00a0 Dragonfly anh\u00f6ren :\u00a0<\/p>\n","protected":false},"featured_media":49143,"comment_status":"open","ping_status":"closed","template":"","meta":{"_acf_changed":false},"product_brand":[],"product_cat":[35,47],"product_tag":[],"class_list":{"0":"post-49151","1":"product","2":"type-product","3":"status-publish","4":"has-post-thumbnail","6":"product_cat-harfennoten","7":"product_cat-solostucke-fur-pedalharfe","9":"first","10":"instock","11":"taxable","12":"shipping-taxable","13":"purchasable","14":"product-type-simple"},"acf":[],"yoast_head":"<title>WALSCHOT-STAPP Astrid: Dragonfly<\/title>\n<meta name=\"description\" content=\"Von Libellen inspiriertes Solo, fortgeschrittenes Niveau f\u00fcr Pedalharfe. Im Camac-Harfen Webshop erh\u00e4ltlich, Lieferung aus Frankreich.\" \/>\n<meta name=\"robots\" content=\"index, follow, max-snippet:-1, max-image-preview:large, max-video-preview:-1\" \/>\n<link rel=\"canonical\" href=\"https:\/\/shop.camac-harps.com\/de\/produkt\/walschot-stapp-astrid-dragonfly\/\" \/>\n<meta property=\"og:locale\" content=\"de_DE\" \/>\n<meta property=\"og:type\" content=\"article\" \/>\n<meta property=\"og:title\" content=\"WALSCHOT-STAPP Astrid: Dragonfly\" \/>\n<meta property=\"og:description\" content=\"Von Libellen inspiriertes Solo, fortgeschrittenes Niveau f\u00fcr Pedalharfe. Im Camac-Harfen Webshop erh\u00e4ltlich, Lieferung aus Frankreich.\" \/>\n<meta property=\"og:url\" content=\"https:\/\/shop.camac-harps.com\/de\/produkt\/walschot-stapp-astrid-dragonfly\/\" \/>\n<meta property=\"og:site_name\" content=\"Camac Harps Shop\" \/>\n<meta property=\"article:modified_time\" content=\"2024-11-07T15:01:34+00:00\" \/>\n<meta property=\"og:image\" content=\"https:\/\/shop.camac-harps.com\/wp-content\/uploads\/sites\/25\/2022\/10\/wpa01.jpg\" \/>\n\t<meta property=\"og:image:width\" content=\"582\" \/>\n\t<meta property=\"og:image:height\" content=\"835\" \/>\n\t<meta property=\"og:image:type\" content=\"image\/jpeg\" \/>\n<meta name=\"twitter:card\" content=\"summary_large_image\" \/>\n<script type=\"application\/ld+json\" class=\"yoast-schema-graph\">{\"@context\":\"https:\/\/schema.org\",\"@graph\":[{\"@type\":\"WebPage\",\"@id\":\"https:\/\/shop.camac-harps.com\/de\/produkt\/walschot-stapp-astrid-dragonfly\/\",\"url\":\"https:\/\/shop.camac-harps.com\/de\/produkt\/walschot-stapp-astrid-dragonfly\/\",\"name\":\"WALSCHOT-STAPP Astrid: Dragonfly\",\"isPartOf\":{\"@id\":\"https:\/\/shop.camac-harps.com\/de\/#website\"},\"primaryImageOfPage\":{\"@id\":\"https:\/\/shop.camac-harps.com\/de\/produkt\/walschot-stapp-astrid-dragonfly\/#primaryimage\"},\"image\":{\"@id\":\"https:\/\/shop.camac-harps.com\/de\/produkt\/walschot-stapp-astrid-dragonfly\/#primaryimage\"},\"thumbnailUrl\":\"https:\/\/shop.camac-harps.com\/wp-content\/uploads\/sites\/25\/2022\/10\/wpa01.jpg\",\"datePublished\":\"2022-10-12T09:46:58+00:00\",\"dateModified\":\"2024-11-07T15:01:34+00:00\",\"description\":\"Von Libellen inspiriertes Solo, fortgeschrittenes Niveau f\u00fcr Pedalharfe. Im Camac-Harfen Webshop erh\u00e4ltlich, Lieferung aus Frankreich.\",\"breadcrumb\":{\"@id\":\"https:\/\/shop.camac-harps.com\/de\/produkt\/walschot-stapp-astrid-dragonfly\/#breadcrumb\"},\"inLanguage\":\"de\",\"potentialAction\":[{\"@type\":\"ReadAction\",\"target\":[\"https:\/\/shop.camac-harps.com\/de\/produkt\/walschot-stapp-astrid-dragonfly\/\"]}]},{\"@type\":\"ImageObject\",\"inLanguage\":\"de\",\"@id\":\"https:\/\/shop.camac-harps.com\/de\/produkt\/walschot-stapp-astrid-dragonfly\/#primaryimage\",\"url\":\"https:\/\/shop.camac-harps.com\/wp-content\/uploads\/sites\/25\/2022\/10\/wpa01.jpg\",\"contentUrl\":\"https:\/\/shop.camac-harps.com\/wp-content\/uploads\/sites\/25\/2022\/10\/wpa01.jpg\",\"width\":582,\"height\":835,\"caption\":\"WALSHOT-STAPP Astrid : Dragonfly\"},{\"@type\":\"BreadcrumbList\",\"@id\":\"https:\/\/shop.camac-harps.com\/de\/produkt\/walschot-stapp-astrid-dragonfly\/#breadcrumb\",\"itemListElement\":[{\"@type\":\"ListItem\",\"position\":1,\"name\":\"Home\",\"item\":\"https:\/\/shop.camac-harps.com\/de\/startseite\/\"},{\"@type\":\"ListItem\",\"position\":2,\"name\":\"Startseite\",\"item\":\"https:\/\/shop.camac-harps.com\/de\/startseite\/\"},{\"@type\":\"ListItem\",\"position\":3,\"name\":\"WALSCHOT-STAPP Astrid: Dragonfly\"}]},{\"@type\":\"WebSite\",\"@id\":\"https:\/\/shop.camac-harps.com\/de\/#website\",\"url\":\"https:\/\/shop.camac-harps.com\/de\/\",\"name\":\"Camac Harps Shop\",\"description\":\"\",\"potentialAction\":[{\"@type\":\"SearchAction\",\"target\":{\"@type\":\"EntryPoint\",\"urlTemplate\":\"https:\/\/shop.camac-harps.com\/de\/?s={search_term_string}\"},\"query-input\":{\"@type\":\"PropertyValueSpecification\",\"valueRequired\":true,\"valueName\":\"search_term_string\"}}],\"inLanguage\":\"de\"}]}<\/script>","yoast_head_json":{"title":"WALSCHOT-STAPP Astrid: Dragonfly","description":"Von Libellen inspiriertes Solo, fortgeschrittenes Niveau f\u00fcr Pedalharfe. Im Camac-Harfen Webshop erh\u00e4ltlich, Lieferung aus Frankreich.","robots":{"index":"index","follow":"follow","max-snippet":"max-snippet:-1","max-image-preview":"max-image-preview:large","max-video-preview":"max-video-preview:-1"},"canonical":"https:\/\/shop.camac-harps.com\/de\/produkt\/walschot-stapp-astrid-dragonfly\/","og_locale":"de_DE","og_type":"article","og_title":"WALSCHOT-STAPP Astrid: Dragonfly","og_description":"Von Libellen inspiriertes Solo, fortgeschrittenes Niveau f\u00fcr Pedalharfe. Im Camac-Harfen Webshop erh\u00e4ltlich, Lieferung aus Frankreich.","og_url":"https:\/\/shop.camac-harps.com\/de\/produkt\/walschot-stapp-astrid-dragonfly\/","og_site_name":"Camac Harps Shop","article_modified_time":"2024-11-07T15:01:34+00:00","og_image":[{"width":582,"height":835,"url":"https:\/\/shop.camac-harps.com\/wp-content\/uploads\/sites\/25\/2022\/10\/wpa01.jpg","type":"image\/jpeg"}],"twitter_card":"summary_large_image","schema":{"@context":"https:\/\/schema.org","@graph":[{"@type":"WebPage","@id":"https:\/\/shop.camac-harps.com\/de\/produkt\/walschot-stapp-astrid-dragonfly\/","url":"https:\/\/shop.camac-harps.com\/de\/produkt\/walschot-stapp-astrid-dragonfly\/","name":"WALSCHOT-STAPP Astrid: Dragonfly","isPartOf":{"@id":"https:\/\/shop.camac-harps.com\/de\/#website"},"primaryImageOfPage":{"@id":"https:\/\/shop.camac-harps.com\/de\/produkt\/walschot-stapp-astrid-dragonfly\/#primaryimage"},"image":{"@id":"https:\/\/shop.camac-harps.com\/de\/produkt\/walschot-stapp-astrid-dragonfly\/#primaryimage"},"thumbnailUrl":"https:\/\/shop.camac-harps.com\/wp-content\/uploads\/sites\/25\/2022\/10\/wpa01.jpg","datePublished":"2022-10-12T09:46:58+00:00","dateModified":"2024-11-07T15:01:34+00:00","description":"Von Libellen inspiriertes Solo, fortgeschrittenes Niveau f\u00fcr Pedalharfe. Im Camac-Harfen Webshop erh\u00e4ltlich, Lieferung aus Frankreich.","breadcrumb":{"@id":"https:\/\/shop.camac-harps.com\/de\/produkt\/walschot-stapp-astrid-dragonfly\/#breadcrumb"},"inLanguage":"de","potentialAction":[{"@type":"ReadAction","target":["https:\/\/shop.camac-harps.com\/de\/produkt\/walschot-stapp-astrid-dragonfly\/"]}]},{"@type":"ImageObject","inLanguage":"de","@id":"https:\/\/shop.camac-harps.com\/de\/produkt\/walschot-stapp-astrid-dragonfly\/#primaryimage","url":"https:\/\/shop.camac-harps.com\/wp-content\/uploads\/sites\/25\/2022\/10\/wpa01.jpg","contentUrl":"https:\/\/shop.camac-harps.com\/wp-content\/uploads\/sites\/25\/2022\/10\/wpa01.jpg","width":582,"height":835,"caption":"WALSHOT-STAPP Astrid : Dragonfly"},{"@type":"BreadcrumbList","@id":"https:\/\/shop.camac-harps.com\/de\/produkt\/walschot-stapp-astrid-dragonfly\/#breadcrumb","itemListElement":[{"@type":"ListItem","position":1,"name":"Home","item":"https:\/\/shop.camac-harps.com\/de\/startseite\/"},{"@type":"ListItem","position":2,"name":"Startseite","item":"https:\/\/shop.camac-harps.com\/de\/startseite\/"},{"@type":"ListItem","position":3,"name":"WALSCHOT-STAPP Astrid: Dragonfly"}]},{"@type":"WebSite","@id":"https:\/\/shop.camac-harps.com\/de\/#website","url":"https:\/\/shop.camac-harps.com\/de\/","name":"Camac Harps Shop","description":"","potentialAction":[{"@type":"SearchAction","target":{"@type":"EntryPoint","urlTemplate":"https:\/\/shop.camac-harps.com\/de\/?s={search_term_string}"},"query-input":{"@type":"PropertyValueSpecification","valueRequired":true,"valueName":"search_term_string"}}],"inLanguage":"de"}]}},"_links":{"self":[{"href":"https:\/\/shop.camac-harps.com\/de\/wp-json\/wp\/v2\/product\/49151","targetHints":{"allow":["GET"]}}],"collection":[{"href":"https:\/\/shop.camac-harps.com\/de\/wp-json\/wp\/v2\/product"}],"about":[{"href":"https:\/\/shop.camac-harps.com\/de\/wp-json\/wp\/v2\/types\/product"}],"replies":[{"embeddable":true,"href":"https:\/\/shop.camac-harps.com\/de\/wp-json\/wp\/v2\/comments?post=49151"}],"wp:featuredmedia":[{"embeddable":true,"href":"https:\/\/shop.camac-harps.com\/de\/wp-json\/wp\/v2\/media\/49143"}],"wp:attachment":[{"href":"https:\/\/shop.camac-harps.com\/de\/wp-json\/wp\/v2\/media?parent=49151"}],"wp:term":[{"taxonomy":"product_brand","embeddable":true,"href":"https:\/\/shop.camac-harps.com\/de\/wp-json\/wp\/v2\/product_brand?post=49151"},{"taxonomy":"product_cat","embeddable":true,"href":"https:\/\/shop.camac-harps.com\/de\/wp-json\/wp\/v2\/product_cat?post=49151"},{"taxonomy":"product_tag","embeddable":true,"href":"https:\/\/shop.camac-harps.com\/de\/wp-json\/wp\/v2\/product_tag?post=49151"}],"curies":[{"name":"wp","href":"https:\/\/api.w.org\/{rel}","templated":true}]}}