{"id":49762,"date":"2022-10-28T15:42:20","date_gmt":"2022-10-28T15:42:20","guid":{"rendered":"https:\/\/shop.camac-harps.com\/product\/rider-alexander-fresque-marine\/"},"modified":"2024-07-17T15:09:50","modified_gmt":"2024-07-17T15:09:50","slug":"rider-alexander-fresque-marine","status":"publish","type":"product","link":"https:\/\/shop.camac-harps.com\/de\/produkt\/rider-alexander-fresque-marine\/","title":{"rendered":"RIDER Alexander: Fresque Marine"},"content":{"rendered":"<p style=\"text-align: justify;\">Gro\u00dfartiges Programm mit seltenem franz\u00f6sischen Repertoire aus dem 19. und fr\u00fchen 20. Jahrhundert. Aufgef\u00fchrt von Alex Rider auf seiner Erard-Harfe.<\/p>\n<p style=\"text-align: justify;\"><a href=\"https:\/\/shop.camac-harps.com\/wp-content\/uploads\/sites\/25\/2022\/10\/alex-fresque-marine-300x300.jpg\"><img loading=\"lazy\" decoding=\"async\" class=\"alignleft size-medium wp-image-49758\" src=\"https:\/\/shop.camac-harps.com\/wp-content\/uploads\/sites\/25\/2022\/10\/alex-fresque-marine-300x300.jpg\" alt=\"Alex Rider au festival Camac 2022\" width=\"300\" height=\"300\" srcset=\"https:\/\/shop.camac-harps.com\/wp-content\/uploads\/sites\/25\/2022\/10\/alex-fresque-marine-300x300.jpg 300w, https:\/\/shop.camac-harps.com\/wp-content\/uploads\/sites\/25\/2022\/10\/alex-fresque-marine-1024x1024.jpg 1024w, https:\/\/shop.camac-harps.com\/wp-content\/uploads\/sites\/25\/2022\/10\/alex-fresque-marine-150x150.jpg 150w, https:\/\/shop.camac-harps.com\/wp-content\/uploads\/sites\/25\/2022\/10\/alex-fresque-marine-768x768.jpg 768w, https:\/\/shop.camac-harps.com\/wp-content\/uploads\/sites\/25\/2022\/10\/alex-fresque-marine-1536x1536.jpg 1536w, https:\/\/shop.camac-harps.com\/wp-content\/uploads\/sites\/25\/2022\/10\/alex-fresque-marine-324x324.jpg 324w, https:\/\/shop.camac-harps.com\/wp-content\/uploads\/sites\/25\/2022\/10\/alex-fresque-marine-416x416.jpg 416w, https:\/\/shop.camac-harps.com\/wp-content\/uploads\/sites\/25\/2022\/10\/alex-fresque-marine-100x100.jpg 100w, https:\/\/shop.camac-harps.com\/wp-content\/uploads\/sites\/25\/2022\/10\/alex-fresque-marine.jpg 2048w\" sizes=\"auto, (max-width: 300px) 100vw, 300px\" \/><\/a>Foto : Alex spielt Musik aus seinem Album beim <a href=\"https:\/\/www.camac-harps.com\/blog\/en\/news\/camacs-50th-anniversary-festival-in-paris\/\">Camac Festival 2022<\/a>. Die Erard-Harfe, die Alex auf den Bildern spielt, ist die Harfe von <a href=\"https:\/\/en.wikipedia.org\/wiki\/Micheline_Kahn\">Micheline Kahn<\/a>, und die Harfe neben ihm ist die Erard Empire n\u00b03969, von der wir die Bronzen unserer <a href=\"https:\/\/de.camac-harps.com\/de\/harps-de\/pedalharfen\/elysee-2\/\">\u00c9lys\u00e9e-Harfe<\/a> gegossen haben. Es war auch die Harfe von Ghislaine de Winter, der Frau von <a href=\"https:\/\/en.wikipedia.org\/wiki\/Pierick_Houdy\">Pierick Houdy<\/a>. Beide Harfen geh\u00f6ren zu Camacs <a href=\"https:\/\/www.camac-harps.com\/blog\/en\/news\/camac-collection\/\">Privatsammlung historischer Instrumente<\/a>.<\/p>\n","protected":false},"excerpt":{"rendered":"<p>Gro\u00dfartiges Programm mit seltenem franz\u00f6sischen Repertoire aus dem 19. und fr\u00fchen 20. Jahrhundert. Aufgef\u00fchrt von Alex Rider auf seiner Erard-Harfe. Foto : Alex spielt Musik aus seinem Album beim Camac Festival 2022. Die Erard-Harfe, die Alex auf den Bildern spielt, ist die Harfe von Micheline Kahn, und die Harfe neben ihm ist die Erard Empire [&hellip;]<\/p>\n","protected":false},"featured_media":49752,"comment_status":"open","ping_status":"closed","template":"","meta":{"_acf_changed":false},"product_brand":[],"product_cat":[368,98],"product_tag":[],"class_list":{"0":"post-49762","1":"product","2":"type-product","3":"status-publish","4":"has-post-thumbnail","6":"product_cat-cd-cds-dvds","7":"product_cat-cds-dvds","9":"first","10":"instock","11":"taxable","12":"shipping-taxable","13":"purchasable","14":"product-type-simple"},"acf":[],"yoast_head":"<title>RIDER Alexander: Fresque Marine | Camac-Harfen Webshop<\/title>\n<meta name=\"description\" content=\"Gro\u00dfartiges Programm mit seltenem franz\u00f6sischen Repertoire aus dem 19. und fr\u00fchen 20. Jahrhundert. Aufgef\u00fchrt von Alex Rider auf seiner Erard-Harfe.\" \/>\n<meta name=\"robots\" content=\"index, follow, max-snippet:-1, max-image-preview:large, max-video-preview:-1\" \/>\n<link rel=\"canonical\" href=\"https:\/\/shop.camac-harps.com\/de\/produkt\/rider-alexander-fresque-marine\/\" \/>\n<meta property=\"og:locale\" content=\"de_DE\" \/>\n<meta property=\"og:type\" content=\"article\" \/>\n<meta property=\"og:title\" content=\"RIDER Alexander: Fresque Marine | Camac-Harfen Webshop\" \/>\n<meta property=\"og:description\" content=\"Gro\u00dfartiges Programm mit seltenem franz\u00f6sischen Repertoire aus dem 19. und fr\u00fchen 20. Jahrhundert. Aufgef\u00fchrt von Alex Rider auf seiner Erard-Harfe.\" \/>\n<meta property=\"og:url\" content=\"https:\/\/shop.camac-harps.com\/de\/produkt\/rider-alexander-fresque-marine\/\" \/>\n<meta property=\"og:site_name\" content=\"Camac Harps Shop\" \/>\n<meta property=\"article:modified_time\" content=\"2024-07-17T15:09:50+00:00\" \/>\n<meta property=\"og:image\" content=\"https:\/\/shop.camac-harps.com\/wp-content\/uploads\/sites\/25\/2022\/10\/cdrra01.jpg\" \/>\n\t<meta property=\"og:image:width\" content=\"640\" \/>\n\t<meta property=\"og:image:height\" content=\"640\" \/>\n\t<meta property=\"og:image:type\" content=\"image\/jpeg\" \/>\n<meta name=\"twitter:card\" content=\"summary_large_image\" \/>\n<script type=\"application\/ld+json\" class=\"yoast-schema-graph\">{\"@context\":\"https:\/\/schema.org\",\"@graph\":[{\"@type\":\"WebPage\",\"@id\":\"https:\/\/shop.camac-harps.com\/de\/produkt\/rider-alexander-fresque-marine\/\",\"url\":\"https:\/\/shop.camac-harps.com\/de\/produkt\/rider-alexander-fresque-marine\/\",\"name\":\"RIDER Alexander: Fresque Marine | Camac-Harfen Webshop\",\"isPartOf\":{\"@id\":\"https:\/\/shop.camac-harps.com\/de\/#website\"},\"primaryImageOfPage\":{\"@id\":\"https:\/\/shop.camac-harps.com\/de\/produkt\/rider-alexander-fresque-marine\/#primaryimage\"},\"image\":{\"@id\":\"https:\/\/shop.camac-harps.com\/de\/produkt\/rider-alexander-fresque-marine\/#primaryimage\"},\"thumbnailUrl\":\"https:\/\/shop.camac-harps.com\/wp-content\/uploads\/sites\/25\/2022\/10\/cdrra01.jpg\",\"datePublished\":\"2022-10-28T15:42:20+00:00\",\"dateModified\":\"2024-07-17T15:09:50+00:00\",\"description\":\"Gro\u00dfartiges Programm mit seltenem franz\u00f6sischen Repertoire aus dem 19. und fr\u00fchen 20. Jahrhundert. Aufgef\u00fchrt von Alex Rider auf seiner Erard-Harfe.\",\"breadcrumb\":{\"@id\":\"https:\/\/shop.camac-harps.com\/de\/produkt\/rider-alexander-fresque-marine\/#breadcrumb\"},\"inLanguage\":\"de\",\"potentialAction\":[{\"@type\":\"ReadAction\",\"target\":[\"https:\/\/shop.camac-harps.com\/de\/produkt\/rider-alexander-fresque-marine\/\"]}]},{\"@type\":\"ImageObject\",\"inLanguage\":\"de\",\"@id\":\"https:\/\/shop.camac-harps.com\/de\/produkt\/rider-alexander-fresque-marine\/#primaryimage\",\"url\":\"https:\/\/shop.camac-harps.com\/wp-content\/uploads\/sites\/25\/2022\/10\/cdrra01.jpg\",\"contentUrl\":\"https:\/\/shop.camac-harps.com\/wp-content\/uploads\/sites\/25\/2022\/10\/cdrra01.jpg\",\"width\":640,\"height\":640,\"caption\":\"RIDER Alexander : Fresque Marine\"},{\"@type\":\"BreadcrumbList\",\"@id\":\"https:\/\/shop.camac-harps.com\/de\/produkt\/rider-alexander-fresque-marine\/#breadcrumb\",\"itemListElement\":[{\"@type\":\"ListItem\",\"position\":1,\"name\":\"Home\",\"item\":\"https:\/\/shop.camac-harps.com\/de\/startseite\/\"},{\"@type\":\"ListItem\",\"position\":2,\"name\":\"Startseite\",\"item\":\"https:\/\/shop.camac-harps.com\/de\/startseite\/\"},{\"@type\":\"ListItem\",\"position\":3,\"name\":\"RIDER Alexander: Fresque Marine\"}]},{\"@type\":\"WebSite\",\"@id\":\"https:\/\/shop.camac-harps.com\/de\/#website\",\"url\":\"https:\/\/shop.camac-harps.com\/de\/\",\"name\":\"Camac Harps Shop\",\"description\":\"\",\"potentialAction\":[{\"@type\":\"SearchAction\",\"target\":{\"@type\":\"EntryPoint\",\"urlTemplate\":\"https:\/\/shop.camac-harps.com\/de\/?s={search_term_string}\"},\"query-input\":{\"@type\":\"PropertyValueSpecification\",\"valueRequired\":true,\"valueName\":\"search_term_string\"}}],\"inLanguage\":\"de\"}]}<\/script>","yoast_head_json":{"title":"RIDER Alexander: Fresque Marine | Camac-Harfen Webshop","description":"Gro\u00dfartiges Programm mit seltenem franz\u00f6sischen Repertoire aus dem 19. und fr\u00fchen 20. Jahrhundert. Aufgef\u00fchrt von Alex Rider auf seiner Erard-Harfe.","robots":{"index":"index","follow":"follow","max-snippet":"max-snippet:-1","max-image-preview":"max-image-preview:large","max-video-preview":"max-video-preview:-1"},"canonical":"https:\/\/shop.camac-harps.com\/de\/produkt\/rider-alexander-fresque-marine\/","og_locale":"de_DE","og_type":"article","og_title":"RIDER Alexander: Fresque Marine | Camac-Harfen Webshop","og_description":"Gro\u00dfartiges Programm mit seltenem franz\u00f6sischen Repertoire aus dem 19. und fr\u00fchen 20. Jahrhundert. Aufgef\u00fchrt von Alex Rider auf seiner Erard-Harfe.","og_url":"https:\/\/shop.camac-harps.com\/de\/produkt\/rider-alexander-fresque-marine\/","og_site_name":"Camac Harps Shop","article_modified_time":"2024-07-17T15:09:50+00:00","og_image":[{"width":640,"height":640,"url":"https:\/\/shop.camac-harps.com\/wp-content\/uploads\/sites\/25\/2022\/10\/cdrra01.jpg","type":"image\/jpeg"}],"twitter_card":"summary_large_image","schema":{"@context":"https:\/\/schema.org","@graph":[{"@type":"WebPage","@id":"https:\/\/shop.camac-harps.com\/de\/produkt\/rider-alexander-fresque-marine\/","url":"https:\/\/shop.camac-harps.com\/de\/produkt\/rider-alexander-fresque-marine\/","name":"RIDER Alexander: Fresque Marine | Camac-Harfen Webshop","isPartOf":{"@id":"https:\/\/shop.camac-harps.com\/de\/#website"},"primaryImageOfPage":{"@id":"https:\/\/shop.camac-harps.com\/de\/produkt\/rider-alexander-fresque-marine\/#primaryimage"},"image":{"@id":"https:\/\/shop.camac-harps.com\/de\/produkt\/rider-alexander-fresque-marine\/#primaryimage"},"thumbnailUrl":"https:\/\/shop.camac-harps.com\/wp-content\/uploads\/sites\/25\/2022\/10\/cdrra01.jpg","datePublished":"2022-10-28T15:42:20+00:00","dateModified":"2024-07-17T15:09:50+00:00","description":"Gro\u00dfartiges Programm mit seltenem franz\u00f6sischen Repertoire aus dem 19. und fr\u00fchen 20. Jahrhundert. Aufgef\u00fchrt von Alex Rider auf seiner Erard-Harfe.","breadcrumb":{"@id":"https:\/\/shop.camac-harps.com\/de\/produkt\/rider-alexander-fresque-marine\/#breadcrumb"},"inLanguage":"de","potentialAction":[{"@type":"ReadAction","target":["https:\/\/shop.camac-harps.com\/de\/produkt\/rider-alexander-fresque-marine\/"]}]},{"@type":"ImageObject","inLanguage":"de","@id":"https:\/\/shop.camac-harps.com\/de\/produkt\/rider-alexander-fresque-marine\/#primaryimage","url":"https:\/\/shop.camac-harps.com\/wp-content\/uploads\/sites\/25\/2022\/10\/cdrra01.jpg","contentUrl":"https:\/\/shop.camac-harps.com\/wp-content\/uploads\/sites\/25\/2022\/10\/cdrra01.jpg","width":640,"height":640,"caption":"RIDER Alexander : Fresque Marine"},{"@type":"BreadcrumbList","@id":"https:\/\/shop.camac-harps.com\/de\/produkt\/rider-alexander-fresque-marine\/#breadcrumb","itemListElement":[{"@type":"ListItem","position":1,"name":"Home","item":"https:\/\/shop.camac-harps.com\/de\/startseite\/"},{"@type":"ListItem","position":2,"name":"Startseite","item":"https:\/\/shop.camac-harps.com\/de\/startseite\/"},{"@type":"ListItem","position":3,"name":"RIDER Alexander: Fresque Marine"}]},{"@type":"WebSite","@id":"https:\/\/shop.camac-harps.com\/de\/#website","url":"https:\/\/shop.camac-harps.com\/de\/","name":"Camac Harps Shop","description":"","potentialAction":[{"@type":"SearchAction","target":{"@type":"EntryPoint","urlTemplate":"https:\/\/shop.camac-harps.com\/de\/?s={search_term_string}"},"query-input":{"@type":"PropertyValueSpecification","valueRequired":true,"valueName":"search_term_string"}}],"inLanguage":"de"}]}},"_links":{"self":[{"href":"https:\/\/shop.camac-harps.com\/de\/wp-json\/wp\/v2\/product\/49762","targetHints":{"allow":["GET"]}}],"collection":[{"href":"https:\/\/shop.camac-harps.com\/de\/wp-json\/wp\/v2\/product"}],"about":[{"href":"https:\/\/shop.camac-harps.com\/de\/wp-json\/wp\/v2\/types\/product"}],"replies":[{"embeddable":true,"href":"https:\/\/shop.camac-harps.com\/de\/wp-json\/wp\/v2\/comments?post=49762"}],"wp:featuredmedia":[{"embeddable":true,"href":"https:\/\/shop.camac-harps.com\/de\/wp-json\/wp\/v2\/media\/49752"}],"wp:attachment":[{"href":"https:\/\/shop.camac-harps.com\/de\/wp-json\/wp\/v2\/media?parent=49762"}],"wp:term":[{"taxonomy":"product_brand","embeddable":true,"href":"https:\/\/shop.camac-harps.com\/de\/wp-json\/wp\/v2\/product_brand?post=49762"},{"taxonomy":"product_cat","embeddable":true,"href":"https:\/\/shop.camac-harps.com\/de\/wp-json\/wp\/v2\/product_cat?post=49762"},{"taxonomy":"product_tag","embeddable":true,"href":"https:\/\/shop.camac-harps.com\/de\/wp-json\/wp\/v2\/product_tag?post=49762"}],"curies":[{"name":"wp","href":"https:\/\/api.w.org\/{rel}","templated":true}]}}