{"id":50211,"date":"2022-11-09T20:28:28","date_gmt":"2022-11-09T20:28:28","guid":{"rendered":"https:\/\/shop.camac-harps.com\/product\/hort-der-engel-helle-lieder-bearbeitung-von-myriam-serfass\/"},"modified":"2023-06-28T12:48:44","modified_gmt":"2023-06-28T12:48:44","slug":"hort-der-engel-helle-lieder-bearbeitung-von-myriam-serfass","status":"publish","type":"product","link":"https:\/\/shop.camac-harps.com\/de\/produkt\/hort-der-engel-helle-lieder-bearbeitung-von-myriam-serfass\/","title":{"rendered":"H\u00f6rt der Engel helle Lieder, Bearbeitung von Myriam Serfass"},"content":{"rendered":"","protected":false},"excerpt":{"rendered":"[audio mp3=\"https:\/\/shop.camac-harps.com\/wp-content\/uploads\/sites\/25\/2022\/11\/angels-we-have-heard-on-high.mp3\"][\/audio]\n","protected":false},"featured_media":50161,"comment_status":"open","ping_status":"closed","template":"","meta":{"_acf_changed":false},"product_brand":[],"product_cat":[614,107,35,62,110,834,555,884,582,868,568,880,573,570,860,549,892,606,872],"product_tag":[],"class_list":{"0":"post-50211","1":"product","2":"type-product","3":"status-publish","4":"has-post-thumbnail","6":"product_cat-odyssey-collection-fuer-harfen-ohne-haken-mittleres-niveau-gedruckte-partituren","7":"product_cat-barden-und-troubadourmusik","8":"product_cat-harfennoten","9":"product_cat-jazz-pop-musik-fur-feierlichkeiten","10":"product_cat-musik-fur-hakenharfen","11":"product_cat-musik_fuer_harfe_mit_27_saiten","12":"product_cat-noten-odyssey-collection","13":"product_cat-odyssey-collection-fuer-harfen-mit-haken-mittlere-schwierigkeitsstufe","14":"product_cat-odyssey-collection-fur-harfen-mit-haken-mittlere-schwierigkeitsstufe","15":"product_cat-odyssey-collection-fuer-harfen-mit-oder-ohne-haken-mittlere-schwierigkeitsstufe-de","16":"product_cat-odyssey-collection-fur-harfen-mit-oder-ohne-haken-mittleres-niveau","17":"product_cat-odyssey-collection-noten-fuer-harfen-mit-haken","18":"product_cat-odyssey-collection-noten-fur-harfen-mit-haken","19":"product_cat-odyssey-collection-noten-fur-harfen-mit-oder-ohne-haken","20":"product_cat-odyssey-collection-noten-fuer-harfen-mit-oder-ohne-haken","21":"product_cat-odyssey-harfe-webshop-de","22":"product_cat-zum-herunterladen-de-5","23":"product_cat-odyssey-collection-mit-oder-ohne-haken-mittleres-niveau-zum-herunterladen","24":"product_cat-zum-herunterladen-de-2","26":"first","27":"instock","28":"downloadable","29":"virtual","30":"taxable","31":"purchasable","32":"product-type-simple"},"acf":[],"yoast_head":"<title>H\u00f6rt der Engel helle Lieder | Weihnachtslied f\u00fcr kleine Harfe<\/title>\n<meta name=\"description\" content=\"Bearbeitung von Myriam Serfass f\u00fcr kleine Harfe mit 27 Saiten, mit oder ohne Haken | Erh\u00e4ltlich als Download im Camac Webshop.\" \/>\n<meta name=\"robots\" content=\"index, follow, max-snippet:-1, max-image-preview:large, max-video-preview:-1\" \/>\n<link rel=\"canonical\" href=\"https:\/\/shop.camac-harps.com\/de\/produkt\/hort-der-engel-helle-lieder-bearbeitung-von-myriam-serfass\/\" \/>\n<meta property=\"og:locale\" content=\"de_DE\" \/>\n<meta property=\"og:type\" content=\"article\" \/>\n<meta property=\"og:title\" content=\"H\u00f6rt der Engel helle Lieder | Weihnachtslied f\u00fcr kleine Harfe\" \/>\n<meta property=\"og:description\" content=\"Bearbeitung von Myriam Serfass f\u00fcr kleine Harfe mit 27 Saiten, mit oder ohne Haken | Erh\u00e4ltlich als Download im Camac Webshop.\" \/>\n<meta property=\"og:url\" content=\"https:\/\/shop.camac-harps.com\/de\/produkt\/hort-der-engel-helle-lieder-bearbeitung-von-myriam-serfass\/\" \/>\n<meta property=\"og:site_name\" content=\"Camac Harps Shop\" \/>\n<meta property=\"article:modified_time\" content=\"2023-06-28T12:48:44+00:00\" \/>\n<meta property=\"og:image\" content=\"https:\/\/shop.camac-harps.com\/wp-content\/uploads\/sites\/25\/2022\/11\/ssm01pdf.jpg\" \/>\n\t<meta property=\"og:image:width\" content=\"595\" \/>\n\t<meta property=\"og:image:height\" content=\"841\" \/>\n\t<meta property=\"og:image:type\" content=\"image\/jpeg\" \/>\n<meta name=\"twitter:card\" content=\"summary_large_image\" \/>\n<script type=\"application\/ld+json\" class=\"yoast-schema-graph\">{\"@context\":\"https:\/\/schema.org\",\"@graph\":[{\"@type\":\"WebPage\",\"@id\":\"https:\/\/shop.camac-harps.com\/de\/produkt\/hort-der-engel-helle-lieder-bearbeitung-von-myriam-serfass\/\",\"url\":\"https:\/\/shop.camac-harps.com\/de\/produkt\/hort-der-engel-helle-lieder-bearbeitung-von-myriam-serfass\/\",\"name\":\"H\u00f6rt der Engel helle Lieder | Weihnachtslied f\u00fcr kleine Harfe\",\"isPartOf\":{\"@id\":\"https:\/\/shop.camac-harps.com\/de\/#website\"},\"primaryImageOfPage\":{\"@id\":\"https:\/\/shop.camac-harps.com\/de\/produkt\/hort-der-engel-helle-lieder-bearbeitung-von-myriam-serfass\/#primaryimage\"},\"image\":{\"@id\":\"https:\/\/shop.camac-harps.com\/de\/produkt\/hort-der-engel-helle-lieder-bearbeitung-von-myriam-serfass\/#primaryimage\"},\"thumbnailUrl\":\"https:\/\/shop.camac-harps.com\/wp-content\/uploads\/sites\/25\/2022\/11\/ssm01pdf.jpg\",\"datePublished\":\"2022-11-09T20:28:28+00:00\",\"dateModified\":\"2023-06-28T12:48:44+00:00\",\"description\":\"Bearbeitung von Myriam Serfass f\u00fcr kleine Harfe mit 27 Saiten, mit oder ohne Haken | Erh\u00e4ltlich als Download im Camac Webshop.\",\"breadcrumb\":{\"@id\":\"https:\/\/shop.camac-harps.com\/de\/produkt\/hort-der-engel-helle-lieder-bearbeitung-von-myriam-serfass\/#breadcrumb\"},\"inLanguage\":\"de\",\"potentialAction\":[{\"@type\":\"ReadAction\",\"target\":[\"https:\/\/shop.camac-harps.com\/de\/produkt\/hort-der-engel-helle-lieder-bearbeitung-von-myriam-serfass\/\"]}]},{\"@type\":\"ImageObject\",\"inLanguage\":\"de\",\"@id\":\"https:\/\/shop.camac-harps.com\/de\/produkt\/hort-der-engel-helle-lieder-bearbeitung-von-myriam-serfass\/#primaryimage\",\"url\":\"https:\/\/shop.camac-harps.com\/wp-content\/uploads\/sites\/25\/2022\/11\/ssm01pdf.jpg\",\"contentUrl\":\"https:\/\/shop.camac-harps.com\/wp-content\/uploads\/sites\/25\/2022\/11\/ssm01pdf.jpg\",\"width\":595,\"height\":841},{\"@type\":\"BreadcrumbList\",\"@id\":\"https:\/\/shop.camac-harps.com\/de\/produkt\/hort-der-engel-helle-lieder-bearbeitung-von-myriam-serfass\/#breadcrumb\",\"itemListElement\":[{\"@type\":\"ListItem\",\"position\":1,\"name\":\"Home\",\"item\":\"https:\/\/shop.camac-harps.com\/de\/startseite\/\"},{\"@type\":\"ListItem\",\"position\":2,\"name\":\"Startseite\",\"item\":\"https:\/\/shop.camac-harps.com\/de\/startseite\/\"},{\"@type\":\"ListItem\",\"position\":3,\"name\":\"H\u00f6rt der Engel helle Lieder, Bearbeitung von Myriam Serfass\"}]},{\"@type\":\"WebSite\",\"@id\":\"https:\/\/shop.camac-harps.com\/de\/#website\",\"url\":\"https:\/\/shop.camac-harps.com\/de\/\",\"name\":\"Camac Harps Shop\",\"description\":\"\",\"potentialAction\":[{\"@type\":\"SearchAction\",\"target\":{\"@type\":\"EntryPoint\",\"urlTemplate\":\"https:\/\/shop.camac-harps.com\/de\/?s={search_term_string}\"},\"query-input\":{\"@type\":\"PropertyValueSpecification\",\"valueRequired\":true,\"valueName\":\"search_term_string\"}}],\"inLanguage\":\"de\"}]}<\/script>","yoast_head_json":{"title":"H\u00f6rt der Engel helle Lieder | Weihnachtslied f\u00fcr kleine Harfe","description":"Bearbeitung von Myriam Serfass f\u00fcr kleine Harfe mit 27 Saiten, mit oder ohne Haken | Erh\u00e4ltlich als Download im Camac Webshop.","robots":{"index":"index","follow":"follow","max-snippet":"max-snippet:-1","max-image-preview":"max-image-preview:large","max-video-preview":"max-video-preview:-1"},"canonical":"https:\/\/shop.camac-harps.com\/de\/produkt\/hort-der-engel-helle-lieder-bearbeitung-von-myriam-serfass\/","og_locale":"de_DE","og_type":"article","og_title":"H\u00f6rt der Engel helle Lieder | Weihnachtslied f\u00fcr kleine Harfe","og_description":"Bearbeitung von Myriam Serfass f\u00fcr kleine Harfe mit 27 Saiten, mit oder ohne Haken | Erh\u00e4ltlich als Download im Camac Webshop.","og_url":"https:\/\/shop.camac-harps.com\/de\/produkt\/hort-der-engel-helle-lieder-bearbeitung-von-myriam-serfass\/","og_site_name":"Camac Harps Shop","article_modified_time":"2023-06-28T12:48:44+00:00","og_image":[{"width":595,"height":841,"url":"https:\/\/shop.camac-harps.com\/wp-content\/uploads\/sites\/25\/2022\/11\/ssm01pdf.jpg","type":"image\/jpeg"}],"twitter_card":"summary_large_image","schema":{"@context":"https:\/\/schema.org","@graph":[{"@type":"WebPage","@id":"https:\/\/shop.camac-harps.com\/de\/produkt\/hort-der-engel-helle-lieder-bearbeitung-von-myriam-serfass\/","url":"https:\/\/shop.camac-harps.com\/de\/produkt\/hort-der-engel-helle-lieder-bearbeitung-von-myriam-serfass\/","name":"H\u00f6rt der Engel helle Lieder | Weihnachtslied f\u00fcr kleine Harfe","isPartOf":{"@id":"https:\/\/shop.camac-harps.com\/de\/#website"},"primaryImageOfPage":{"@id":"https:\/\/shop.camac-harps.com\/de\/produkt\/hort-der-engel-helle-lieder-bearbeitung-von-myriam-serfass\/#primaryimage"},"image":{"@id":"https:\/\/shop.camac-harps.com\/de\/produkt\/hort-der-engel-helle-lieder-bearbeitung-von-myriam-serfass\/#primaryimage"},"thumbnailUrl":"https:\/\/shop.camac-harps.com\/wp-content\/uploads\/sites\/25\/2022\/11\/ssm01pdf.jpg","datePublished":"2022-11-09T20:28:28+00:00","dateModified":"2023-06-28T12:48:44+00:00","description":"Bearbeitung von Myriam Serfass f\u00fcr kleine Harfe mit 27 Saiten, mit oder ohne Haken | Erh\u00e4ltlich als Download im Camac Webshop.","breadcrumb":{"@id":"https:\/\/shop.camac-harps.com\/de\/produkt\/hort-der-engel-helle-lieder-bearbeitung-von-myriam-serfass\/#breadcrumb"},"inLanguage":"de","potentialAction":[{"@type":"ReadAction","target":["https:\/\/shop.camac-harps.com\/de\/produkt\/hort-der-engel-helle-lieder-bearbeitung-von-myriam-serfass\/"]}]},{"@type":"ImageObject","inLanguage":"de","@id":"https:\/\/shop.camac-harps.com\/de\/produkt\/hort-der-engel-helle-lieder-bearbeitung-von-myriam-serfass\/#primaryimage","url":"https:\/\/shop.camac-harps.com\/wp-content\/uploads\/sites\/25\/2022\/11\/ssm01pdf.jpg","contentUrl":"https:\/\/shop.camac-harps.com\/wp-content\/uploads\/sites\/25\/2022\/11\/ssm01pdf.jpg","width":595,"height":841},{"@type":"BreadcrumbList","@id":"https:\/\/shop.camac-harps.com\/de\/produkt\/hort-der-engel-helle-lieder-bearbeitung-von-myriam-serfass\/#breadcrumb","itemListElement":[{"@type":"ListItem","position":1,"name":"Home","item":"https:\/\/shop.camac-harps.com\/de\/startseite\/"},{"@type":"ListItem","position":2,"name":"Startseite","item":"https:\/\/shop.camac-harps.com\/de\/startseite\/"},{"@type":"ListItem","position":3,"name":"H\u00f6rt der Engel helle Lieder, Bearbeitung von Myriam Serfass"}]},{"@type":"WebSite","@id":"https:\/\/shop.camac-harps.com\/de\/#website","url":"https:\/\/shop.camac-harps.com\/de\/","name":"Camac Harps Shop","description":"","potentialAction":[{"@type":"SearchAction","target":{"@type":"EntryPoint","urlTemplate":"https:\/\/shop.camac-harps.com\/de\/?s={search_term_string}"},"query-input":{"@type":"PropertyValueSpecification","valueRequired":true,"valueName":"search_term_string"}}],"inLanguage":"de"}]}},"_links":{"self":[{"href":"https:\/\/shop.camac-harps.com\/de\/wp-json\/wp\/v2\/product\/50211","targetHints":{"allow":["GET"]}}],"collection":[{"href":"https:\/\/shop.camac-harps.com\/de\/wp-json\/wp\/v2\/product"}],"about":[{"href":"https:\/\/shop.camac-harps.com\/de\/wp-json\/wp\/v2\/types\/product"}],"replies":[{"embeddable":true,"href":"https:\/\/shop.camac-harps.com\/de\/wp-json\/wp\/v2\/comments?post=50211"}],"wp:featuredmedia":[{"embeddable":true,"href":"https:\/\/shop.camac-harps.com\/de\/wp-json\/wp\/v2\/media\/50161"}],"wp:attachment":[{"href":"https:\/\/shop.camac-harps.com\/de\/wp-json\/wp\/v2\/media?parent=50211"}],"wp:term":[{"taxonomy":"product_brand","embeddable":true,"href":"https:\/\/shop.camac-harps.com\/de\/wp-json\/wp\/v2\/product_brand?post=50211"},{"taxonomy":"product_cat","embeddable":true,"href":"https:\/\/shop.camac-harps.com\/de\/wp-json\/wp\/v2\/product_cat?post=50211"},{"taxonomy":"product_tag","embeddable":true,"href":"https:\/\/shop.camac-harps.com\/de\/wp-json\/wp\/v2\/product_tag?post=50211"}],"curies":[{"name":"wp","href":"https:\/\/api.w.org\/{rel}","templated":true}]}}