{"id":51173,"date":"2022-12-08T11:41:15","date_gmt":"2022-12-08T11:41:15","guid":{"rendered":"https:\/\/shop.camac-harps.com\/product\/cecile-corbel-mon-tres-beau-carnet-de-harpe\/"},"modified":"2024-11-07T15:01:34","modified_gmt":"2024-11-07T15:01:34","slug":"cecile-corbel-mon-tres-beau-carnet-de-harpe","status":"publish","type":"product","link":"https:\/\/shop.camac-harps.com\/de\/produkt\/cecile-corbel-mon-tres-beau-carnet-de-harpe\/","title":{"rendered":"C\u00e9cile CORBEL: Mon tr\u00e8s beau carnet de harpe"},"content":{"rendered":"<p>&#8222;Diese illustrierte Sammlung enth\u00e4lt 30 St\u00fccke aus der ganzen Welt, die von mir selbst arrangiert wurden (mit Fingers\u00e4tzen), f\u00fcr alle Niveaus, vom Anf\u00e4nger bis zum Fortgeschrittenen.<\/p>\n<p>Das Programm umfasst mittelalterliche, bretonische, irische, schottische, t\u00fcrkische, israelische, sephardische und andalusische Melodien sowie einige Themen aus dem traditionellen franz\u00f6sischen Volksrepertoire und zwei meiner eigenen Kompositionen.<\/p>\n<p>Als Bonus gibt es auf meiner Website <a href=\"https:\/\/www.cecile-corbel.com\/product-page\/tutoriel-vid%C3%A9o-1-15-mon-tr%C3%A8s-beau-carnet-de-harpe\">\u00dcbungsvideos<\/a>, die Sie Schritt f\u00fcr Schritt durch die Melodien und Akkorde f\u00fchren (linke Hand, rechte Hand, H\u00e4nde zusammen), in einem langsamen Tempo, das das Lernen und Auswendiglernen erleichtert, und dann in einer Version, die in echtem Tempo gespielt wird.<\/p>\n<p style=\"text-align: right;\">C\u00e9cile Corbel<\/p>\n","protected":false},"excerpt":{"rendered":"<p>&#8222;Diese illustrierte Sammlung enth\u00e4lt 30 St\u00fccke aus der ganzen Welt, die von mir selbst arrangiert wurden (mit Fingers\u00e4tzen), f\u00fcr alle Niveaus, vom Anf\u00e4nger bis zum Fortgeschrittenen. Das Programm umfasst mittelalterliche, bretonische, irische, schottische, t\u00fcrkische, israelische, sephardische und andalusische Melodien sowie einige Themen aus dem traditionellen franz\u00f6sischen Volksrepertoire und zwei meiner eigenen Kompositionen. Als Bonus gibt [&hellip;]<\/p>\n","protected":false},"featured_media":51153,"comment_status":"open","ping_status":"closed","template":"","meta":{"_acf_changed":false},"product_brand":[],"product_cat":[35,110,47],"product_tag":[],"class_list":{"0":"post-51173","1":"product","2":"type-product","3":"status-publish","4":"has-post-thumbnail","6":"product_cat-harfennoten","7":"product_cat-musik-fur-hakenharfen","8":"product_cat-solostucke-fur-pedalharfe","10":"first","11":"instock","12":"taxable","13":"shipping-taxable","14":"purchasable","15":"product-type-simple"},"acf":[],"yoast_head":"<title>C\u00e9cile CORBEL: Mon tr\u00e8s beau carnet de harpe - Camac Harps Shop<\/title>\n<meta name=\"description\" content=\"30 St\u00fccke aus aller Welt f\u00fcr Anf\u00e4nger und Fortgeschrittene | Video-Tutorials verf\u00fcgbar.\" \/>\n<meta name=\"robots\" content=\"index, follow, max-snippet:-1, max-image-preview:large, max-video-preview:-1\" \/>\n<link rel=\"canonical\" href=\"https:\/\/shop.camac-harps.com\/de\/produkt\/cecile-corbel-mon-tres-beau-carnet-de-harpe\/\" \/>\n<meta property=\"og:locale\" content=\"de_DE\" \/>\n<meta property=\"og:type\" content=\"article\" \/>\n<meta property=\"og:title\" content=\"C\u00e9cile CORBEL: Mon tr\u00e8s beau carnet de harpe - Camac Harps Shop\" \/>\n<meta property=\"og:description\" content=\"30 St\u00fccke aus aller Welt f\u00fcr Anf\u00e4nger und Fortgeschrittene | Video-Tutorials verf\u00fcgbar.\" \/>\n<meta property=\"og:url\" content=\"https:\/\/shop.camac-harps.com\/de\/produkt\/cecile-corbel-mon-tres-beau-carnet-de-harpe\/\" \/>\n<meta property=\"og:site_name\" content=\"Camac Harps Shop\" \/>\n<meta property=\"article:modified_time\" content=\"2024-11-07T15:01:34+00:00\" \/>\n<meta property=\"og:image\" content=\"https:\/\/shop.camac-harps.com\/wp-content\/uploads\/sites\/25\/2022\/12\/clc01-1.jpg\" \/>\n\t<meta property=\"og:image:width\" content=\"694\" \/>\n\t<meta property=\"og:image:height\" content=\"920\" \/>\n\t<meta property=\"og:image:type\" content=\"image\/jpeg\" \/>\n<meta name=\"twitter:card\" content=\"summary_large_image\" \/>\n<meta name=\"twitter:label1\" content=\"Gesch\u00e4tzte Lesezeit\" \/>\n\t<meta name=\"twitter:data1\" content=\"1\u00a0Minute\" \/>\n<script type=\"application\/ld+json\" class=\"yoast-schema-graph\">{\"@context\":\"https:\/\/schema.org\",\"@graph\":[{\"@type\":\"WebPage\",\"@id\":\"https:\/\/shop.camac-harps.com\/de\/produkt\/cecile-corbel-mon-tres-beau-carnet-de-harpe\/\",\"url\":\"https:\/\/shop.camac-harps.com\/de\/produkt\/cecile-corbel-mon-tres-beau-carnet-de-harpe\/\",\"name\":\"C\u00e9cile CORBEL: Mon tr\u00e8s beau carnet de harpe - Camac Harps Shop\",\"isPartOf\":{\"@id\":\"https:\/\/shop.camac-harps.com\/de\/#website\"},\"primaryImageOfPage\":{\"@id\":\"https:\/\/shop.camac-harps.com\/de\/produkt\/cecile-corbel-mon-tres-beau-carnet-de-harpe\/#primaryimage\"},\"image\":{\"@id\":\"https:\/\/shop.camac-harps.com\/de\/produkt\/cecile-corbel-mon-tres-beau-carnet-de-harpe\/#primaryimage\"},\"thumbnailUrl\":\"https:\/\/shop.camac-harps.com\/wp-content\/uploads\/sites\/25\/2022\/12\/clc01-1.jpg\",\"datePublished\":\"2022-12-08T11:41:15+00:00\",\"dateModified\":\"2024-11-07T15:01:34+00:00\",\"description\":\"30 St\u00fccke aus aller Welt f\u00fcr Anf\u00e4nger und Fortgeschrittene | Video-Tutorials verf\u00fcgbar.\",\"breadcrumb\":{\"@id\":\"https:\/\/shop.camac-harps.com\/de\/produkt\/cecile-corbel-mon-tres-beau-carnet-de-harpe\/#breadcrumb\"},\"inLanguage\":\"de\",\"potentialAction\":[{\"@type\":\"ReadAction\",\"target\":[\"https:\/\/shop.camac-harps.com\/de\/produkt\/cecile-corbel-mon-tres-beau-carnet-de-harpe\/\"]}]},{\"@type\":\"ImageObject\",\"inLanguage\":\"de\",\"@id\":\"https:\/\/shop.camac-harps.com\/de\/produkt\/cecile-corbel-mon-tres-beau-carnet-de-harpe\/#primaryimage\",\"url\":\"https:\/\/shop.camac-harps.com\/wp-content\/uploads\/sites\/25\/2022\/12\/clc01-1.jpg\",\"contentUrl\":\"https:\/\/shop.camac-harps.com\/wp-content\/uploads\/sites\/25\/2022\/12\/clc01-1.jpg\",\"width\":694,\"height\":920,\"caption\":\"C\u00e9cile CORBEL : Mon tr\u00e8s beau carnet de harpe\"},{\"@type\":\"BreadcrumbList\",\"@id\":\"https:\/\/shop.camac-harps.com\/de\/produkt\/cecile-corbel-mon-tres-beau-carnet-de-harpe\/#breadcrumb\",\"itemListElement\":[{\"@type\":\"ListItem\",\"position\":1,\"name\":\"Home\",\"item\":\"https:\/\/shop.camac-harps.com\/de\/startseite\/\"},{\"@type\":\"ListItem\",\"position\":2,\"name\":\"Startseite\",\"item\":\"https:\/\/shop.camac-harps.com\/de\/startseite\/\"},{\"@type\":\"ListItem\",\"position\":3,\"name\":\"C\u00e9cile CORBEL: Mon tr\u00e8s beau carnet de harpe\"}]},{\"@type\":\"WebSite\",\"@id\":\"https:\/\/shop.camac-harps.com\/de\/#website\",\"url\":\"https:\/\/shop.camac-harps.com\/de\/\",\"name\":\"Camac Harps Shop\",\"description\":\"\",\"potentialAction\":[{\"@type\":\"SearchAction\",\"target\":{\"@type\":\"EntryPoint\",\"urlTemplate\":\"https:\/\/shop.camac-harps.com\/de\/?s={search_term_string}\"},\"query-input\":{\"@type\":\"PropertyValueSpecification\",\"valueRequired\":true,\"valueName\":\"search_term_string\"}}],\"inLanguage\":\"de\"}]}<\/script>","yoast_head_json":{"title":"C\u00e9cile CORBEL: Mon tr\u00e8s beau carnet de harpe - Camac Harps Shop","description":"30 St\u00fccke aus aller Welt f\u00fcr Anf\u00e4nger und Fortgeschrittene | Video-Tutorials verf\u00fcgbar.","robots":{"index":"index","follow":"follow","max-snippet":"max-snippet:-1","max-image-preview":"max-image-preview:large","max-video-preview":"max-video-preview:-1"},"canonical":"https:\/\/shop.camac-harps.com\/de\/produkt\/cecile-corbel-mon-tres-beau-carnet-de-harpe\/","og_locale":"de_DE","og_type":"article","og_title":"C\u00e9cile CORBEL: Mon tr\u00e8s beau carnet de harpe - Camac Harps Shop","og_description":"30 St\u00fccke aus aller Welt f\u00fcr Anf\u00e4nger und Fortgeschrittene | Video-Tutorials verf\u00fcgbar.","og_url":"https:\/\/shop.camac-harps.com\/de\/produkt\/cecile-corbel-mon-tres-beau-carnet-de-harpe\/","og_site_name":"Camac Harps Shop","article_modified_time":"2024-11-07T15:01:34+00:00","og_image":[{"width":694,"height":920,"url":"https:\/\/shop.camac-harps.com\/wp-content\/uploads\/sites\/25\/2022\/12\/clc01-1.jpg","type":"image\/jpeg"}],"twitter_card":"summary_large_image","twitter_misc":{"Gesch\u00e4tzte Lesezeit":"1\u00a0Minute"},"schema":{"@context":"https:\/\/schema.org","@graph":[{"@type":"WebPage","@id":"https:\/\/shop.camac-harps.com\/de\/produkt\/cecile-corbel-mon-tres-beau-carnet-de-harpe\/","url":"https:\/\/shop.camac-harps.com\/de\/produkt\/cecile-corbel-mon-tres-beau-carnet-de-harpe\/","name":"C\u00e9cile CORBEL: Mon tr\u00e8s beau carnet de harpe - Camac Harps Shop","isPartOf":{"@id":"https:\/\/shop.camac-harps.com\/de\/#website"},"primaryImageOfPage":{"@id":"https:\/\/shop.camac-harps.com\/de\/produkt\/cecile-corbel-mon-tres-beau-carnet-de-harpe\/#primaryimage"},"image":{"@id":"https:\/\/shop.camac-harps.com\/de\/produkt\/cecile-corbel-mon-tres-beau-carnet-de-harpe\/#primaryimage"},"thumbnailUrl":"https:\/\/shop.camac-harps.com\/wp-content\/uploads\/sites\/25\/2022\/12\/clc01-1.jpg","datePublished":"2022-12-08T11:41:15+00:00","dateModified":"2024-11-07T15:01:34+00:00","description":"30 St\u00fccke aus aller Welt f\u00fcr Anf\u00e4nger und Fortgeschrittene | Video-Tutorials verf\u00fcgbar.","breadcrumb":{"@id":"https:\/\/shop.camac-harps.com\/de\/produkt\/cecile-corbel-mon-tres-beau-carnet-de-harpe\/#breadcrumb"},"inLanguage":"de","potentialAction":[{"@type":"ReadAction","target":["https:\/\/shop.camac-harps.com\/de\/produkt\/cecile-corbel-mon-tres-beau-carnet-de-harpe\/"]}]},{"@type":"ImageObject","inLanguage":"de","@id":"https:\/\/shop.camac-harps.com\/de\/produkt\/cecile-corbel-mon-tres-beau-carnet-de-harpe\/#primaryimage","url":"https:\/\/shop.camac-harps.com\/wp-content\/uploads\/sites\/25\/2022\/12\/clc01-1.jpg","contentUrl":"https:\/\/shop.camac-harps.com\/wp-content\/uploads\/sites\/25\/2022\/12\/clc01-1.jpg","width":694,"height":920,"caption":"C\u00e9cile CORBEL : Mon tr\u00e8s beau carnet de harpe"},{"@type":"BreadcrumbList","@id":"https:\/\/shop.camac-harps.com\/de\/produkt\/cecile-corbel-mon-tres-beau-carnet-de-harpe\/#breadcrumb","itemListElement":[{"@type":"ListItem","position":1,"name":"Home","item":"https:\/\/shop.camac-harps.com\/de\/startseite\/"},{"@type":"ListItem","position":2,"name":"Startseite","item":"https:\/\/shop.camac-harps.com\/de\/startseite\/"},{"@type":"ListItem","position":3,"name":"C\u00e9cile CORBEL: Mon tr\u00e8s beau carnet de harpe"}]},{"@type":"WebSite","@id":"https:\/\/shop.camac-harps.com\/de\/#website","url":"https:\/\/shop.camac-harps.com\/de\/","name":"Camac Harps Shop","description":"","potentialAction":[{"@type":"SearchAction","target":{"@type":"EntryPoint","urlTemplate":"https:\/\/shop.camac-harps.com\/de\/?s={search_term_string}"},"query-input":{"@type":"PropertyValueSpecification","valueRequired":true,"valueName":"search_term_string"}}],"inLanguage":"de"}]}},"_links":{"self":[{"href":"https:\/\/shop.camac-harps.com\/de\/wp-json\/wp\/v2\/product\/51173","targetHints":{"allow":["GET"]}}],"collection":[{"href":"https:\/\/shop.camac-harps.com\/de\/wp-json\/wp\/v2\/product"}],"about":[{"href":"https:\/\/shop.camac-harps.com\/de\/wp-json\/wp\/v2\/types\/product"}],"replies":[{"embeddable":true,"href":"https:\/\/shop.camac-harps.com\/de\/wp-json\/wp\/v2\/comments?post=51173"}],"wp:featuredmedia":[{"embeddable":true,"href":"https:\/\/shop.camac-harps.com\/de\/wp-json\/wp\/v2\/media\/51153"}],"wp:attachment":[{"href":"https:\/\/shop.camac-harps.com\/de\/wp-json\/wp\/v2\/media?parent=51173"}],"wp:term":[{"taxonomy":"product_brand","embeddable":true,"href":"https:\/\/shop.camac-harps.com\/de\/wp-json\/wp\/v2\/product_brand?post=51173"},{"taxonomy":"product_cat","embeddable":true,"href":"https:\/\/shop.camac-harps.com\/de\/wp-json\/wp\/v2\/product_cat?post=51173"},{"taxonomy":"product_tag","embeddable":true,"href":"https:\/\/shop.camac-harps.com\/de\/wp-json\/wp\/v2\/product_tag?post=51173"}],"curies":[{"name":"wp","href":"https:\/\/api.w.org\/{rel}","templated":true}]}}