{"id":55683,"date":"2023-08-30T14:49:09","date_gmt":"2023-08-30T14:49:09","guid":{"rendered":"https:\/\/shop.camac-harps.com\/product\/satz-von-4-schwarzen-gleitern-fuer-keltische-harfe-mit-schrauben\/"},"modified":"2024-11-07T15:01:20","modified_gmt":"2024-11-07T15:01:20","slug":"satz-von-4-schwarzen-gumminoppen-fuse-fur-keltische-harfe-mit-schrauben","status":"publish","type":"product","link":"https:\/\/shop.camac-harps.com\/de\/produkt\/satz-von-4-schwarzen-gumminoppen-fuse-fur-keltische-harfe-mit-schrauben\/","title":{"rendered":"Satz von 4 schwarzen Gumminoppen (F\u00fc\u00dfe) f\u00fcr keltische Harfe mit Schrauben"},"content":{"rendered":"","protected":false},"excerpt":{"rendered":"","protected":false},"featured_media":55681,"comment_status":"open","ping_status":"closed","template":"","meta":{"_acf_changed":false},"product_brand":[],"product_cat":[443,41],"product_tag":[],"class_list":{"0":"post-55683","1":"product","2":"type-product","3":"status-publish","4":"has-post-thumbnail","6":"product_cat-ersatzteile-und-werkzeuge","7":"product_cat-zubehor-harfenhuellen","9":"first","10":"instock","11":"taxable","12":"shipping-taxable","13":"purchasable","14":"product-type-simple"},"acf":[],"yoast_head":"<title>Satz von 4 schwarzen Gumminoppen (F\u00fc\u00dfe) f\u00fcr keltische Harfe mit Schrauben - Camac Harps Shop<\/title>\n<meta name=\"robots\" content=\"index, follow, max-snippet:-1, max-image-preview:large, max-video-preview:-1\" \/>\n<link rel=\"canonical\" href=\"https:\/\/shop.camac-harps.com\/de\/produkt\/satz-von-4-schwarzen-gumminoppen-fuse-fur-keltische-harfe-mit-schrauben\/\" \/>\n<meta property=\"og:locale\" content=\"de_DE\" \/>\n<meta property=\"og:type\" content=\"article\" \/>\n<meta property=\"og:title\" content=\"Satz von 4 schwarzen Gumminoppen (F\u00fc\u00dfe) f\u00fcr keltische Harfe mit Schrauben - Camac Harps Shop\" \/>\n<meta property=\"og:url\" content=\"https:\/\/shop.camac-harps.com\/de\/produkt\/satz-von-4-schwarzen-gumminoppen-fuse-fur-keltische-harfe-mit-schrauben\/\" \/>\n<meta property=\"og:site_name\" content=\"Camac Harps Shop\" \/>\n<meta property=\"article:modified_time\" content=\"2024-11-07T15:01:20+00:00\" \/>\n<meta property=\"og:image\" content=\"https:\/\/shop.camac-harps.com\/wp-content\/uploads\/sites\/25\/2023\/08\/jeupathc-1.jpg\" \/>\n\t<meta property=\"og:image:width\" content=\"1280\" \/>\n\t<meta property=\"og:image:height\" content=\"1049\" \/>\n\t<meta property=\"og:image:type\" content=\"image\/jpeg\" \/>\n<meta name=\"twitter:card\" content=\"summary_large_image\" \/>\n<script type=\"application\/ld+json\" class=\"yoast-schema-graph\">{\"@context\":\"https:\/\/schema.org\",\"@graph\":[{\"@type\":\"WebPage\",\"@id\":\"https:\/\/shop.camac-harps.com\/de\/produkt\/satz-von-4-schwarzen-gumminoppen-fuse-fur-keltische-harfe-mit-schrauben\/\",\"url\":\"https:\/\/shop.camac-harps.com\/de\/produkt\/satz-von-4-schwarzen-gumminoppen-fuse-fur-keltische-harfe-mit-schrauben\/\",\"name\":\"Satz von 4 schwarzen Gumminoppen (F\u00fc\u00dfe) f\u00fcr keltische Harfe mit Schrauben - Camac Harps Shop\",\"isPartOf\":{\"@id\":\"https:\/\/shop.camac-harps.com\/de\/#website\"},\"primaryImageOfPage\":{\"@id\":\"https:\/\/shop.camac-harps.com\/de\/produkt\/satz-von-4-schwarzen-gumminoppen-fuse-fur-keltische-harfe-mit-schrauben\/#primaryimage\"},\"image\":{\"@id\":\"https:\/\/shop.camac-harps.com\/de\/produkt\/satz-von-4-schwarzen-gumminoppen-fuse-fur-keltische-harfe-mit-schrauben\/#primaryimage\"},\"thumbnailUrl\":\"https:\/\/shop.camac-harps.com\/wp-content\/uploads\/sites\/25\/2023\/08\/jeupathc-1.jpg\",\"datePublished\":\"2023-08-30T14:49:09+00:00\",\"dateModified\":\"2024-11-07T15:01:20+00:00\",\"breadcrumb\":{\"@id\":\"https:\/\/shop.camac-harps.com\/de\/produkt\/satz-von-4-schwarzen-gumminoppen-fuse-fur-keltische-harfe-mit-schrauben\/#breadcrumb\"},\"inLanguage\":\"de\",\"potentialAction\":[{\"@type\":\"ReadAction\",\"target\":[\"https:\/\/shop.camac-harps.com\/de\/produkt\/satz-von-4-schwarzen-gumminoppen-fuse-fur-keltische-harfe-mit-schrauben\/\"]}]},{\"@type\":\"ImageObject\",\"inLanguage\":\"de\",\"@id\":\"https:\/\/shop.camac-harps.com\/de\/produkt\/satz-von-4-schwarzen-gumminoppen-fuse-fur-keltische-harfe-mit-schrauben\/#primaryimage\",\"url\":\"https:\/\/shop.camac-harps.com\/wp-content\/uploads\/sites\/25\/2023\/08\/jeupathc-1.jpg\",\"contentUrl\":\"https:\/\/shop.camac-harps.com\/wp-content\/uploads\/sites\/25\/2023\/08\/jeupathc-1.jpg\",\"width\":1280,\"height\":1049,\"caption\":\"Jeu de 4 patins noirs pour Harpe Celtique avec vis\"},{\"@type\":\"BreadcrumbList\",\"@id\":\"https:\/\/shop.camac-harps.com\/de\/produkt\/satz-von-4-schwarzen-gumminoppen-fuse-fur-keltische-harfe-mit-schrauben\/#breadcrumb\",\"itemListElement\":[{\"@type\":\"ListItem\",\"position\":1,\"name\":\"Home\",\"item\":\"https:\/\/shop.camac-harps.com\/de\/startseite\/\"},{\"@type\":\"ListItem\",\"position\":2,\"name\":\"Startseite\",\"item\":\"https:\/\/shop.camac-harps.com\/de\/startseite\/\"},{\"@type\":\"ListItem\",\"position\":3,\"name\":\"Satz von 4 schwarzen Gumminoppen (F\u00fc\u00dfe) f\u00fcr keltische Harfe mit Schrauben\"}]},{\"@type\":\"WebSite\",\"@id\":\"https:\/\/shop.camac-harps.com\/de\/#website\",\"url\":\"https:\/\/shop.camac-harps.com\/de\/\",\"name\":\"Camac Harps Shop\",\"description\":\"\",\"potentialAction\":[{\"@type\":\"SearchAction\",\"target\":{\"@type\":\"EntryPoint\",\"urlTemplate\":\"https:\/\/shop.camac-harps.com\/de\/?s={search_term_string}\"},\"query-input\":{\"@type\":\"PropertyValueSpecification\",\"valueRequired\":true,\"valueName\":\"search_term_string\"}}],\"inLanguage\":\"de\"}]}<\/script>","yoast_head_json":{"title":"Satz von 4 schwarzen Gumminoppen (F\u00fc\u00dfe) f\u00fcr keltische Harfe mit Schrauben - Camac Harps Shop","robots":{"index":"index","follow":"follow","max-snippet":"max-snippet:-1","max-image-preview":"max-image-preview:large","max-video-preview":"max-video-preview:-1"},"canonical":"https:\/\/shop.camac-harps.com\/de\/produkt\/satz-von-4-schwarzen-gumminoppen-fuse-fur-keltische-harfe-mit-schrauben\/","og_locale":"de_DE","og_type":"article","og_title":"Satz von 4 schwarzen Gumminoppen (F\u00fc\u00dfe) f\u00fcr keltische Harfe mit Schrauben - Camac Harps Shop","og_url":"https:\/\/shop.camac-harps.com\/de\/produkt\/satz-von-4-schwarzen-gumminoppen-fuse-fur-keltische-harfe-mit-schrauben\/","og_site_name":"Camac Harps Shop","article_modified_time":"2024-11-07T15:01:20+00:00","og_image":[{"width":1280,"height":1049,"url":"https:\/\/shop.camac-harps.com\/wp-content\/uploads\/sites\/25\/2023\/08\/jeupathc-1.jpg","type":"image\/jpeg"}],"twitter_card":"summary_large_image","schema":{"@context":"https:\/\/schema.org","@graph":[{"@type":"WebPage","@id":"https:\/\/shop.camac-harps.com\/de\/produkt\/satz-von-4-schwarzen-gumminoppen-fuse-fur-keltische-harfe-mit-schrauben\/","url":"https:\/\/shop.camac-harps.com\/de\/produkt\/satz-von-4-schwarzen-gumminoppen-fuse-fur-keltische-harfe-mit-schrauben\/","name":"Satz von 4 schwarzen Gumminoppen (F\u00fc\u00dfe) f\u00fcr keltische Harfe mit Schrauben - Camac Harps Shop","isPartOf":{"@id":"https:\/\/shop.camac-harps.com\/de\/#website"},"primaryImageOfPage":{"@id":"https:\/\/shop.camac-harps.com\/de\/produkt\/satz-von-4-schwarzen-gumminoppen-fuse-fur-keltische-harfe-mit-schrauben\/#primaryimage"},"image":{"@id":"https:\/\/shop.camac-harps.com\/de\/produkt\/satz-von-4-schwarzen-gumminoppen-fuse-fur-keltische-harfe-mit-schrauben\/#primaryimage"},"thumbnailUrl":"https:\/\/shop.camac-harps.com\/wp-content\/uploads\/sites\/25\/2023\/08\/jeupathc-1.jpg","datePublished":"2023-08-30T14:49:09+00:00","dateModified":"2024-11-07T15:01:20+00:00","breadcrumb":{"@id":"https:\/\/shop.camac-harps.com\/de\/produkt\/satz-von-4-schwarzen-gumminoppen-fuse-fur-keltische-harfe-mit-schrauben\/#breadcrumb"},"inLanguage":"de","potentialAction":[{"@type":"ReadAction","target":["https:\/\/shop.camac-harps.com\/de\/produkt\/satz-von-4-schwarzen-gumminoppen-fuse-fur-keltische-harfe-mit-schrauben\/"]}]},{"@type":"ImageObject","inLanguage":"de","@id":"https:\/\/shop.camac-harps.com\/de\/produkt\/satz-von-4-schwarzen-gumminoppen-fuse-fur-keltische-harfe-mit-schrauben\/#primaryimage","url":"https:\/\/shop.camac-harps.com\/wp-content\/uploads\/sites\/25\/2023\/08\/jeupathc-1.jpg","contentUrl":"https:\/\/shop.camac-harps.com\/wp-content\/uploads\/sites\/25\/2023\/08\/jeupathc-1.jpg","width":1280,"height":1049,"caption":"Jeu de 4 patins noirs pour Harpe Celtique avec vis"},{"@type":"BreadcrumbList","@id":"https:\/\/shop.camac-harps.com\/de\/produkt\/satz-von-4-schwarzen-gumminoppen-fuse-fur-keltische-harfe-mit-schrauben\/#breadcrumb","itemListElement":[{"@type":"ListItem","position":1,"name":"Home","item":"https:\/\/shop.camac-harps.com\/de\/startseite\/"},{"@type":"ListItem","position":2,"name":"Startseite","item":"https:\/\/shop.camac-harps.com\/de\/startseite\/"},{"@type":"ListItem","position":3,"name":"Satz von 4 schwarzen Gumminoppen (F\u00fc\u00dfe) f\u00fcr keltische Harfe mit Schrauben"}]},{"@type":"WebSite","@id":"https:\/\/shop.camac-harps.com\/de\/#website","url":"https:\/\/shop.camac-harps.com\/de\/","name":"Camac Harps Shop","description":"","potentialAction":[{"@type":"SearchAction","target":{"@type":"EntryPoint","urlTemplate":"https:\/\/shop.camac-harps.com\/de\/?s={search_term_string}"},"query-input":{"@type":"PropertyValueSpecification","valueRequired":true,"valueName":"search_term_string"}}],"inLanguage":"de"}]}},"_links":{"self":[{"href":"https:\/\/shop.camac-harps.com\/de\/wp-json\/wp\/v2\/product\/55683","targetHints":{"allow":["GET"]}}],"collection":[{"href":"https:\/\/shop.camac-harps.com\/de\/wp-json\/wp\/v2\/product"}],"about":[{"href":"https:\/\/shop.camac-harps.com\/de\/wp-json\/wp\/v2\/types\/product"}],"replies":[{"embeddable":true,"href":"https:\/\/shop.camac-harps.com\/de\/wp-json\/wp\/v2\/comments?post=55683"}],"wp:featuredmedia":[{"embeddable":true,"href":"https:\/\/shop.camac-harps.com\/de\/wp-json\/wp\/v2\/media\/55681"}],"wp:attachment":[{"href":"https:\/\/shop.camac-harps.com\/de\/wp-json\/wp\/v2\/media?parent=55683"}],"wp:term":[{"taxonomy":"product_brand","embeddable":true,"href":"https:\/\/shop.camac-harps.com\/de\/wp-json\/wp\/v2\/product_brand?post=55683"},{"taxonomy":"product_cat","embeddable":true,"href":"https:\/\/shop.camac-harps.com\/de\/wp-json\/wp\/v2\/product_cat?post=55683"},{"taxonomy":"product_tag","embeddable":true,"href":"https:\/\/shop.camac-harps.com\/de\/wp-json\/wp\/v2\/product_tag?post=55683"}],"curies":[{"name":"wp","href":"https:\/\/api.w.org\/{rel}","templated":true}]}}