{"id":57841,"date":"2023-11-17T16:16:45","date_gmt":"2023-11-17T16:16:45","guid":{"rendered":"https:\/\/shop.camac-harps.com\/product\/ravel-maurice-le-tombeau-de-couperin-pour-flute-alto-et-harpe-arr-skaila-kanga\/"},"modified":"2024-11-07T15:01:18","modified_gmt":"2024-11-07T15:01:18","slug":"ravel-maurice-le-tombeau-de-couperin-pour-flute-alto-et-harpe-arr-skaila-kanga","status":"publish","type":"product","link":"https:\/\/shop.camac-harps.com\/de\/produkt\/ravel-maurice-le-tombeau-de-couperin-pour-flute-alto-et-harpe-arr-skaila-kanga\/","title":{"rendered":"RAVEL Maurice : Le Tombeau de Couperin, pour fl\u00fbte, alto et harpe (Arr. Skaila Kanga)"},"content":{"rendered":"<p>Eine Suite in drei S\u00e4tzen f\u00fcr Fl\u00f6te, Bratsche und Harfe<\/p>\n","protected":false},"excerpt":{"rendered":"<p>Eine Suite in drei S\u00e4tzen f\u00fcr Fl\u00f6te, Bratsche und Harfe<\/p>\n","protected":false},"featured_media":57838,"comment_status":"open","ping_status":"closed","template":"","meta":{"_acf_changed":false},"product_brand":[],"product_cat":[176,35,56,116],"product_tag":[],"class_list":{"0":"post-57841","1":"product","2":"type-product","3":"status-publish","4":"has-post-thumbnail","6":"product_cat-harfe-mit-verschiedenen-instrumenten","7":"product_cat-harfennoten","8":"product_cat-kammermusik","9":"product_cat-trios-kammermusik","11":"first","12":"instock","13":"taxable","14":"shipping-taxable","15":"purchasable","16":"product-type-simple"},"acf":[],"yoast_head":"<title>RAVEL Maurice : Le Tombeau de Couperin, pour fl\u00fbte, alto et harpe (Arr. Skaila Kanga) - Camac Harps Shop<\/title>\n<meta name=\"description\" content=\"RAVEL Maurice : Le Tombeau de Couperin, pour fl\u00fbte, alto et harpe (Arr. Skaila Kanga). Disponible \u00e0 la vente sur la boutique en ligne des Harpes Camac. Exp\u00e9dition dans le monde entier depuis la France.\" \/>\n<meta name=\"robots\" content=\"index, follow, max-snippet:-1, max-image-preview:large, max-video-preview:-1\" \/>\n<link rel=\"canonical\" href=\"https:\/\/shop.camac-harps.com\/de\/produkt\/ravel-maurice-le-tombeau-de-couperin-pour-flute-alto-et-harpe-arr-skaila-kanga\/\" \/>\n<meta property=\"og:locale\" content=\"de_DE\" \/>\n<meta property=\"og:type\" content=\"article\" \/>\n<meta property=\"og:title\" content=\"RAVEL Maurice : Le Tombeau de Couperin, pour fl\u00fbte, alto et harpe (Arr. Skaila Kanga) - Camac Harps Shop\" \/>\n<meta property=\"og:description\" content=\"RAVEL Maurice : Le Tombeau de Couperin, pour fl\u00fbte, alto et harpe (Arr. Skaila Kanga). Disponible \u00e0 la vente sur la boutique en ligne des Harpes Camac. Exp\u00e9dition dans le monde entier depuis la France.\" \/>\n<meta property=\"og:url\" content=\"https:\/\/shop.camac-harps.com\/de\/produkt\/ravel-maurice-le-tombeau-de-couperin-pour-flute-alto-et-harpe-arr-skaila-kanga\/\" \/>\n<meta property=\"og:site_name\" content=\"Camac Harps Shop\" \/>\n<meta property=\"article:modified_time\" content=\"2024-11-07T15:01:18+00:00\" \/>\n<meta property=\"og:image\" content=\"https:\/\/shop.camac-harps.com\/wp-content\/uploads\/sites\/25\/2023\/11\/kas21-1.jpg\" \/>\n\t<meta property=\"og:image:width\" content=\"560\" \/>\n\t<meta property=\"og:image:height\" content=\"786\" \/>\n\t<meta property=\"og:image:type\" content=\"image\/jpeg\" \/>\n<meta name=\"twitter:card\" content=\"summary_large_image\" \/>\n<script type=\"application\/ld+json\" class=\"yoast-schema-graph\">{\"@context\":\"https:\/\/schema.org\",\"@graph\":[{\"@type\":\"WebPage\",\"@id\":\"https:\/\/shop.camac-harps.com\/de\/produkt\/ravel-maurice-le-tombeau-de-couperin-pour-flute-alto-et-harpe-arr-skaila-kanga\/\",\"url\":\"https:\/\/shop.camac-harps.com\/de\/produkt\/ravel-maurice-le-tombeau-de-couperin-pour-flute-alto-et-harpe-arr-skaila-kanga\/\",\"name\":\"RAVEL Maurice : Le Tombeau de Couperin, pour fl\u00fbte, alto et harpe (Arr. Skaila Kanga) - Camac Harps Shop\",\"isPartOf\":{\"@id\":\"https:\/\/shop.camac-harps.com\/de\/#website\"},\"primaryImageOfPage\":{\"@id\":\"https:\/\/shop.camac-harps.com\/de\/produkt\/ravel-maurice-le-tombeau-de-couperin-pour-flute-alto-et-harpe-arr-skaila-kanga\/#primaryimage\"},\"image\":{\"@id\":\"https:\/\/shop.camac-harps.com\/de\/produkt\/ravel-maurice-le-tombeau-de-couperin-pour-flute-alto-et-harpe-arr-skaila-kanga\/#primaryimage\"},\"thumbnailUrl\":\"https:\/\/shop.camac-harps.com\/wp-content\/uploads\/sites\/25\/2023\/11\/kas21-1.jpg\",\"datePublished\":\"2023-11-17T16:16:45+00:00\",\"dateModified\":\"2024-11-07T15:01:18+00:00\",\"description\":\"RAVEL Maurice : Le Tombeau de Couperin, pour fl\u00fbte, alto et harpe (Arr. Skaila Kanga). Disponible \u00e0 la vente sur la boutique en ligne des Harpes Camac. Exp\u00e9dition dans le monde entier depuis la France.\",\"breadcrumb\":{\"@id\":\"https:\/\/shop.camac-harps.com\/de\/produkt\/ravel-maurice-le-tombeau-de-couperin-pour-flute-alto-et-harpe-arr-skaila-kanga\/#breadcrumb\"},\"inLanguage\":\"de\",\"potentialAction\":[{\"@type\":\"ReadAction\",\"target\":[\"https:\/\/shop.camac-harps.com\/de\/produkt\/ravel-maurice-le-tombeau-de-couperin-pour-flute-alto-et-harpe-arr-skaila-kanga\/\"]}]},{\"@type\":\"ImageObject\",\"inLanguage\":\"de\",\"@id\":\"https:\/\/shop.camac-harps.com\/de\/produkt\/ravel-maurice-le-tombeau-de-couperin-pour-flute-alto-et-harpe-arr-skaila-kanga\/#primaryimage\",\"url\":\"https:\/\/shop.camac-harps.com\/wp-content\/uploads\/sites\/25\/2023\/11\/kas21-1.jpg\",\"contentUrl\":\"https:\/\/shop.camac-harps.com\/wp-content\/uploads\/sites\/25\/2023\/11\/kas21-1.jpg\",\"width\":560,\"height\":786,\"caption\":\"RAVEL Maurice : Le Tombeau de Couperin\"},{\"@type\":\"BreadcrumbList\",\"@id\":\"https:\/\/shop.camac-harps.com\/de\/produkt\/ravel-maurice-le-tombeau-de-couperin-pour-flute-alto-et-harpe-arr-skaila-kanga\/#breadcrumb\",\"itemListElement\":[{\"@type\":\"ListItem\",\"position\":1,\"name\":\"Home\",\"item\":\"https:\/\/shop.camac-harps.com\/de\/startseite\/\"},{\"@type\":\"ListItem\",\"position\":2,\"name\":\"Startseite\",\"item\":\"https:\/\/shop.camac-harps.com\/de\/startseite\/\"},{\"@type\":\"ListItem\",\"position\":3,\"name\":\"RAVEL Maurice : Le Tombeau de Couperin, pour fl\u00fbte, alto et harpe (Arr. Skaila Kanga)\"}]},{\"@type\":\"WebSite\",\"@id\":\"https:\/\/shop.camac-harps.com\/de\/#website\",\"url\":\"https:\/\/shop.camac-harps.com\/de\/\",\"name\":\"Camac Harps Shop\",\"description\":\"\",\"potentialAction\":[{\"@type\":\"SearchAction\",\"target\":{\"@type\":\"EntryPoint\",\"urlTemplate\":\"https:\/\/shop.camac-harps.com\/de\/?s={search_term_string}\"},\"query-input\":{\"@type\":\"PropertyValueSpecification\",\"valueRequired\":true,\"valueName\":\"search_term_string\"}}],\"inLanguage\":\"de\"}]}<\/script>","yoast_head_json":{"title":"RAVEL Maurice : Le Tombeau de Couperin, pour fl\u00fbte, alto et harpe (Arr. Skaila Kanga) - Camac Harps Shop","description":"RAVEL Maurice : Le Tombeau de Couperin, pour fl\u00fbte, alto et harpe (Arr. Skaila Kanga). Disponible \u00e0 la vente sur la boutique en ligne des Harpes Camac. Exp\u00e9dition dans le monde entier depuis la France.","robots":{"index":"index","follow":"follow","max-snippet":"max-snippet:-1","max-image-preview":"max-image-preview:large","max-video-preview":"max-video-preview:-1"},"canonical":"https:\/\/shop.camac-harps.com\/de\/produkt\/ravel-maurice-le-tombeau-de-couperin-pour-flute-alto-et-harpe-arr-skaila-kanga\/","og_locale":"de_DE","og_type":"article","og_title":"RAVEL Maurice : Le Tombeau de Couperin, pour fl\u00fbte, alto et harpe (Arr. Skaila Kanga) - Camac Harps Shop","og_description":"RAVEL Maurice : Le Tombeau de Couperin, pour fl\u00fbte, alto et harpe (Arr. Skaila Kanga). Disponible \u00e0 la vente sur la boutique en ligne des Harpes Camac. Exp\u00e9dition dans le monde entier depuis la France.","og_url":"https:\/\/shop.camac-harps.com\/de\/produkt\/ravel-maurice-le-tombeau-de-couperin-pour-flute-alto-et-harpe-arr-skaila-kanga\/","og_site_name":"Camac Harps Shop","article_modified_time":"2024-11-07T15:01:18+00:00","og_image":[{"width":560,"height":786,"url":"https:\/\/shop.camac-harps.com\/wp-content\/uploads\/sites\/25\/2023\/11\/kas21-1.jpg","type":"image\/jpeg"}],"twitter_card":"summary_large_image","schema":{"@context":"https:\/\/schema.org","@graph":[{"@type":"WebPage","@id":"https:\/\/shop.camac-harps.com\/de\/produkt\/ravel-maurice-le-tombeau-de-couperin-pour-flute-alto-et-harpe-arr-skaila-kanga\/","url":"https:\/\/shop.camac-harps.com\/de\/produkt\/ravel-maurice-le-tombeau-de-couperin-pour-flute-alto-et-harpe-arr-skaila-kanga\/","name":"RAVEL Maurice : Le Tombeau de Couperin, pour fl\u00fbte, alto et harpe (Arr. Skaila Kanga) - Camac Harps Shop","isPartOf":{"@id":"https:\/\/shop.camac-harps.com\/de\/#website"},"primaryImageOfPage":{"@id":"https:\/\/shop.camac-harps.com\/de\/produkt\/ravel-maurice-le-tombeau-de-couperin-pour-flute-alto-et-harpe-arr-skaila-kanga\/#primaryimage"},"image":{"@id":"https:\/\/shop.camac-harps.com\/de\/produkt\/ravel-maurice-le-tombeau-de-couperin-pour-flute-alto-et-harpe-arr-skaila-kanga\/#primaryimage"},"thumbnailUrl":"https:\/\/shop.camac-harps.com\/wp-content\/uploads\/sites\/25\/2023\/11\/kas21-1.jpg","datePublished":"2023-11-17T16:16:45+00:00","dateModified":"2024-11-07T15:01:18+00:00","description":"RAVEL Maurice : Le Tombeau de Couperin, pour fl\u00fbte, alto et harpe (Arr. Skaila Kanga). Disponible \u00e0 la vente sur la boutique en ligne des Harpes Camac. Exp\u00e9dition dans le monde entier depuis la France.","breadcrumb":{"@id":"https:\/\/shop.camac-harps.com\/de\/produkt\/ravel-maurice-le-tombeau-de-couperin-pour-flute-alto-et-harpe-arr-skaila-kanga\/#breadcrumb"},"inLanguage":"de","potentialAction":[{"@type":"ReadAction","target":["https:\/\/shop.camac-harps.com\/de\/produkt\/ravel-maurice-le-tombeau-de-couperin-pour-flute-alto-et-harpe-arr-skaila-kanga\/"]}]},{"@type":"ImageObject","inLanguage":"de","@id":"https:\/\/shop.camac-harps.com\/de\/produkt\/ravel-maurice-le-tombeau-de-couperin-pour-flute-alto-et-harpe-arr-skaila-kanga\/#primaryimage","url":"https:\/\/shop.camac-harps.com\/wp-content\/uploads\/sites\/25\/2023\/11\/kas21-1.jpg","contentUrl":"https:\/\/shop.camac-harps.com\/wp-content\/uploads\/sites\/25\/2023\/11\/kas21-1.jpg","width":560,"height":786,"caption":"RAVEL Maurice : Le Tombeau de Couperin"},{"@type":"BreadcrumbList","@id":"https:\/\/shop.camac-harps.com\/de\/produkt\/ravel-maurice-le-tombeau-de-couperin-pour-flute-alto-et-harpe-arr-skaila-kanga\/#breadcrumb","itemListElement":[{"@type":"ListItem","position":1,"name":"Home","item":"https:\/\/shop.camac-harps.com\/de\/startseite\/"},{"@type":"ListItem","position":2,"name":"Startseite","item":"https:\/\/shop.camac-harps.com\/de\/startseite\/"},{"@type":"ListItem","position":3,"name":"RAVEL Maurice : Le Tombeau de Couperin, pour fl\u00fbte, alto et harpe (Arr. Skaila Kanga)"}]},{"@type":"WebSite","@id":"https:\/\/shop.camac-harps.com\/de\/#website","url":"https:\/\/shop.camac-harps.com\/de\/","name":"Camac Harps Shop","description":"","potentialAction":[{"@type":"SearchAction","target":{"@type":"EntryPoint","urlTemplate":"https:\/\/shop.camac-harps.com\/de\/?s={search_term_string}"},"query-input":{"@type":"PropertyValueSpecification","valueRequired":true,"valueName":"search_term_string"}}],"inLanguage":"de"}]}},"_links":{"self":[{"href":"https:\/\/shop.camac-harps.com\/de\/wp-json\/wp\/v2\/product\/57841","targetHints":{"allow":["GET"]}}],"collection":[{"href":"https:\/\/shop.camac-harps.com\/de\/wp-json\/wp\/v2\/product"}],"about":[{"href":"https:\/\/shop.camac-harps.com\/de\/wp-json\/wp\/v2\/types\/product"}],"replies":[{"embeddable":true,"href":"https:\/\/shop.camac-harps.com\/de\/wp-json\/wp\/v2\/comments?post=57841"}],"wp:featuredmedia":[{"embeddable":true,"href":"https:\/\/shop.camac-harps.com\/de\/wp-json\/wp\/v2\/media\/57838"}],"wp:attachment":[{"href":"https:\/\/shop.camac-harps.com\/de\/wp-json\/wp\/v2\/media?parent=57841"}],"wp:term":[{"taxonomy":"product_brand","embeddable":true,"href":"https:\/\/shop.camac-harps.com\/de\/wp-json\/wp\/v2\/product_brand?post=57841"},{"taxonomy":"product_cat","embeddable":true,"href":"https:\/\/shop.camac-harps.com\/de\/wp-json\/wp\/v2\/product_cat?post=57841"},{"taxonomy":"product_tag","embeddable":true,"href":"https:\/\/shop.camac-harps.com\/de\/wp-json\/wp\/v2\/product_tag?post=57841"}],"curies":[{"name":"wp","href":"https:\/\/api.w.org\/{rel}","templated":true}]}}