{"id":59857,"date":"2024-03-15T13:55:40","date_gmt":"2024-03-15T13:55:40","guid":{"rendered":"https:\/\/shop.camac-harps.com\/product\/elektronisches-stimmgeraet-korg-tm-70t-bk-ohne-sensor\/"},"modified":"2025-09-09T13:56:30","modified_gmt":"2025-09-09T13:56:30","slug":"elektronisches-stimmgeraet-korg-tm-70t-bk-ohne-sensor","status":"publish","type":"product","link":"https:\/\/shop.camac-harps.com\/de\/produkt\/elektronisches-stimmgeraet-korg-tm-70t-bk-ohne-sensor\/","title":{"rendered":"Elektronisches Stimmger\u00e4t KORG TM-70T BK f\u00fcr Pedalharfe (ohne Tonabnehmer-Clip)"},"content":{"rendered":"<p style=\"text-align: left;\">Verkauft ohne Tonabnehmer-Clip<\/p>\n<p style=\"text-align: left;\">Die TM-Serie, das innovative Konzept eines kombinierten Stimmger\u00e4ts und Metronoms, bietet eine gro\u00dfe Funktionsvielfalt und eine hervorragende \u00dcbersichtlichkeit. Sie ist das ideale Werkzeug, um das Stimmen und Rhythmusgef\u00fchl zu erlernen.<br \/>\nDas neueste Modell, das TM-70T, verbessert das urspr\u00fcngliche Konzept noch weiter, indem es einfacher zu bedienen ist als je zuvor. Es ist nicht nur klein genug, um in jede Tasche zu passen, sondern verf\u00fcgt auch \u00fcber ein neues Display mit besserer Ablesbarkeit und eine neue Transponierfunktion (F, B, Eb), was es zum idealen Partner f\u00fcr jeden Musiker macht. Die Klangqualit\u00e4t des Metronoms und des Audioausgangs wurde ebenfalls verbessert, sodass es auch in lauten Umgebungen gut zu h\u00f6ren ist.<br \/>\nAuch die Qualit\u00e4t, Geschwindigkeit und Genauigkeit des Stimmvorgangs, der f\u00fcr jede Darbietung unerl\u00e4sslich ist, wurde verbessert.<br \/>\nDie TM-70T ist vollst\u00e4ndig \u201eMade in Japan\u201c.<\/p>\n","protected":false},"excerpt":{"rendered":"<p>Verkauft ohne Tonabnehmer-Clip Die TM-Serie, das innovative Konzept eines kombinierten Stimmger\u00e4ts und Metronoms, bietet eine gro\u00dfe Funktionsvielfalt und eine hervorragende \u00dcbersichtlichkeit. Sie ist das ideale Werkzeug, um das Stimmen und Rhythmusgef\u00fchl zu erlernen. Das neueste Modell, das TM-70T, verbessert das urspr\u00fcngliche Konzept noch weiter, indem es einfacher zu bedienen ist als je zuvor. Es ist [&hellip;]<\/p>\n","protected":false},"featured_media":59847,"comment_status":"open","ping_status":"closed","template":"","meta":{"_acf_changed":false},"product_brand":[],"product_cat":[80,41],"product_tag":[],"class_list":{"0":"post-59857","1":"product","2":"type-product","3":"status-publish","4":"has-post-thumbnail","6":"product_cat-stimmgerate","7":"product_cat-zubehor-harfenhuellen","9":"first","10":"instock","11":"taxable","12":"shipping-taxable","13":"purchasable","14":"product-type-simple"},"acf":[],"yoast_head":"<title>Elektronisches Stimmger\u00e4t KORG TM-70T BK f\u00fcr Pedalharfe (ohne Tonabnehmer-Clip) - Camac Harps Shop<\/title>\n<meta name=\"robots\" content=\"index, follow, max-snippet:-1, max-image-preview:large, max-video-preview:-1\" \/>\n<link rel=\"canonical\" href=\"https:\/\/shop.camac-harps.com\/de\/produkt\/elektronisches-stimmgeraet-korg-tm-70t-bk-ohne-sensor\/\" \/>\n<meta property=\"og:locale\" content=\"de_DE\" \/>\n<meta property=\"og:type\" content=\"article\" \/>\n<meta property=\"og:title\" content=\"Elektronisches Stimmger\u00e4t KORG TM-70T BK f\u00fcr Pedalharfe (ohne Tonabnehmer-Clip) - Camac Harps Shop\" \/>\n<meta property=\"og:description\" content=\"Verkauft ohne Tonabnehmer-Clip Die TM-Serie, das innovative Konzept eines kombinierten Stimmger\u00e4ts und Metronoms, bietet eine gro\u00dfe Funktionsvielfalt und eine hervorragende \u00dcbersichtlichkeit. Sie ist das ideale Werkzeug, um das Stimmen und Rhythmusgef\u00fchl zu erlernen. Das neueste Modell, das TM-70T, verbessert das urspr\u00fcngliche Konzept noch weiter, indem es einfacher zu bedienen ist als je zuvor. Es ist [&hellip;]\" \/>\n<meta property=\"og:url\" content=\"https:\/\/shop.camac-harps.com\/de\/produkt\/elektronisches-stimmgeraet-korg-tm-70t-bk-ohne-sensor\/\" \/>\n<meta property=\"og:site_name\" content=\"Camac Harps Shop\" \/>\n<meta property=\"article:modified_time\" content=\"2025-09-09T13:56:30+00:00\" \/>\n<meta property=\"og:image\" content=\"https:\/\/shop.camac-harps.com\/wp-content\/uploads\/sites\/25\/2024\/03\/ac3-2.jpg\" \/>\n\t<meta property=\"og:image:width\" content=\"800\" \/>\n\t<meta property=\"og:image:height\" content=\"800\" \/>\n\t<meta property=\"og:image:type\" content=\"image\/jpeg\" \/>\n<meta name=\"twitter:card\" content=\"summary_large_image\" \/>\n<meta name=\"twitter:label1\" content=\"Gesch\u00e4tzte Lesezeit\" \/>\n\t<meta name=\"twitter:data1\" content=\"1\u00a0Minute\" \/>\n<script type=\"application\/ld+json\" class=\"yoast-schema-graph\">{\"@context\":\"https:\/\/schema.org\",\"@graph\":[{\"@type\":\"WebPage\",\"@id\":\"https:\/\/shop.camac-harps.com\/de\/produkt\/elektronisches-stimmgeraet-korg-tm-70t-bk-ohne-sensor\/\",\"url\":\"https:\/\/shop.camac-harps.com\/de\/produkt\/elektronisches-stimmgeraet-korg-tm-70t-bk-ohne-sensor\/\",\"name\":\"Elektronisches Stimmger\u00e4t KORG TM-70T BK f\u00fcr Pedalharfe (ohne Tonabnehmer-Clip) - Camac Harps Shop\",\"isPartOf\":{\"@id\":\"https:\/\/shop.camac-harps.com\/de\/#website\"},\"primaryImageOfPage\":{\"@id\":\"https:\/\/shop.camac-harps.com\/de\/produkt\/elektronisches-stimmgeraet-korg-tm-70t-bk-ohne-sensor\/#primaryimage\"},\"image\":{\"@id\":\"https:\/\/shop.camac-harps.com\/de\/produkt\/elektronisches-stimmgeraet-korg-tm-70t-bk-ohne-sensor\/#primaryimage\"},\"thumbnailUrl\":\"https:\/\/shop.camac-harps.com\/wp-content\/uploads\/sites\/25\/2024\/03\/ac3-2.jpg\",\"datePublished\":\"2024-03-15T13:55:40+00:00\",\"dateModified\":\"2025-09-09T13:56:30+00:00\",\"breadcrumb\":{\"@id\":\"https:\/\/shop.camac-harps.com\/de\/produkt\/elektronisches-stimmgeraet-korg-tm-70t-bk-ohne-sensor\/#breadcrumb\"},\"inLanguage\":\"de\",\"potentialAction\":[{\"@type\":\"ReadAction\",\"target\":[\"https:\/\/shop.camac-harps.com\/de\/produkt\/elektronisches-stimmgeraet-korg-tm-70t-bk-ohne-sensor\/\"]}]},{\"@type\":\"ImageObject\",\"inLanguage\":\"de\",\"@id\":\"https:\/\/shop.camac-harps.com\/de\/produkt\/elektronisches-stimmgeraet-korg-tm-70t-bk-ohne-sensor\/#primaryimage\",\"url\":\"https:\/\/shop.camac-harps.com\/wp-content\/uploads\/sites\/25\/2024\/03\/ac3-2.jpg\",\"contentUrl\":\"https:\/\/shop.camac-harps.com\/wp-content\/uploads\/sites\/25\/2024\/03\/ac3-2.jpg\",\"width\":800,\"height\":800,\"caption\":\"Accordeur \u00e9lectronique KORG TM-70T BK\"},{\"@type\":\"BreadcrumbList\",\"@id\":\"https:\/\/shop.camac-harps.com\/de\/produkt\/elektronisches-stimmgeraet-korg-tm-70t-bk-ohne-sensor\/#breadcrumb\",\"itemListElement\":[{\"@type\":\"ListItem\",\"position\":1,\"name\":\"Home\",\"item\":\"https:\/\/shop.camac-harps.com\/de\/startseite\/\"},{\"@type\":\"ListItem\",\"position\":2,\"name\":\"Startseite\",\"item\":\"https:\/\/shop.camac-harps.com\/de\/startseite\/\"},{\"@type\":\"ListItem\",\"position\":3,\"name\":\"Elektronisches Stimmger\u00e4t KORG TM-70T BK f\u00fcr Pedalharfe (ohne Tonabnehmer-Clip)\"}]},{\"@type\":\"WebSite\",\"@id\":\"https:\/\/shop.camac-harps.com\/de\/#website\",\"url\":\"https:\/\/shop.camac-harps.com\/de\/\",\"name\":\"Camac Harps Shop\",\"description\":\"\",\"potentialAction\":[{\"@type\":\"SearchAction\",\"target\":{\"@type\":\"EntryPoint\",\"urlTemplate\":\"https:\/\/shop.camac-harps.com\/de\/?s={search_term_string}\"},\"query-input\":{\"@type\":\"PropertyValueSpecification\",\"valueRequired\":true,\"valueName\":\"search_term_string\"}}],\"inLanguage\":\"de\"}]}<\/script>","yoast_head_json":{"title":"Elektronisches Stimmger\u00e4t KORG TM-70T BK f\u00fcr Pedalharfe (ohne Tonabnehmer-Clip) - Camac Harps Shop","robots":{"index":"index","follow":"follow","max-snippet":"max-snippet:-1","max-image-preview":"max-image-preview:large","max-video-preview":"max-video-preview:-1"},"canonical":"https:\/\/shop.camac-harps.com\/de\/produkt\/elektronisches-stimmgeraet-korg-tm-70t-bk-ohne-sensor\/","og_locale":"de_DE","og_type":"article","og_title":"Elektronisches Stimmger\u00e4t KORG TM-70T BK f\u00fcr Pedalharfe (ohne Tonabnehmer-Clip) - Camac Harps Shop","og_description":"Verkauft ohne Tonabnehmer-Clip Die TM-Serie, das innovative Konzept eines kombinierten Stimmger\u00e4ts und Metronoms, bietet eine gro\u00dfe Funktionsvielfalt und eine hervorragende \u00dcbersichtlichkeit. Sie ist das ideale Werkzeug, um das Stimmen und Rhythmusgef\u00fchl zu erlernen. Das neueste Modell, das TM-70T, verbessert das urspr\u00fcngliche Konzept noch weiter, indem es einfacher zu bedienen ist als je zuvor. Es ist [&hellip;]","og_url":"https:\/\/shop.camac-harps.com\/de\/produkt\/elektronisches-stimmgeraet-korg-tm-70t-bk-ohne-sensor\/","og_site_name":"Camac Harps Shop","article_modified_time":"2025-09-09T13:56:30+00:00","og_image":[{"width":800,"height":800,"url":"https:\/\/shop.camac-harps.com\/wp-content\/uploads\/sites\/25\/2024\/03\/ac3-2.jpg","type":"image\/jpeg"}],"twitter_card":"summary_large_image","twitter_misc":{"Gesch\u00e4tzte Lesezeit":"1\u00a0Minute"},"schema":{"@context":"https:\/\/schema.org","@graph":[{"@type":"WebPage","@id":"https:\/\/shop.camac-harps.com\/de\/produkt\/elektronisches-stimmgeraet-korg-tm-70t-bk-ohne-sensor\/","url":"https:\/\/shop.camac-harps.com\/de\/produkt\/elektronisches-stimmgeraet-korg-tm-70t-bk-ohne-sensor\/","name":"Elektronisches Stimmger\u00e4t KORG TM-70T BK f\u00fcr Pedalharfe (ohne Tonabnehmer-Clip) - Camac Harps Shop","isPartOf":{"@id":"https:\/\/shop.camac-harps.com\/de\/#website"},"primaryImageOfPage":{"@id":"https:\/\/shop.camac-harps.com\/de\/produkt\/elektronisches-stimmgeraet-korg-tm-70t-bk-ohne-sensor\/#primaryimage"},"image":{"@id":"https:\/\/shop.camac-harps.com\/de\/produkt\/elektronisches-stimmgeraet-korg-tm-70t-bk-ohne-sensor\/#primaryimage"},"thumbnailUrl":"https:\/\/shop.camac-harps.com\/wp-content\/uploads\/sites\/25\/2024\/03\/ac3-2.jpg","datePublished":"2024-03-15T13:55:40+00:00","dateModified":"2025-09-09T13:56:30+00:00","breadcrumb":{"@id":"https:\/\/shop.camac-harps.com\/de\/produkt\/elektronisches-stimmgeraet-korg-tm-70t-bk-ohne-sensor\/#breadcrumb"},"inLanguage":"de","potentialAction":[{"@type":"ReadAction","target":["https:\/\/shop.camac-harps.com\/de\/produkt\/elektronisches-stimmgeraet-korg-tm-70t-bk-ohne-sensor\/"]}]},{"@type":"ImageObject","inLanguage":"de","@id":"https:\/\/shop.camac-harps.com\/de\/produkt\/elektronisches-stimmgeraet-korg-tm-70t-bk-ohne-sensor\/#primaryimage","url":"https:\/\/shop.camac-harps.com\/wp-content\/uploads\/sites\/25\/2024\/03\/ac3-2.jpg","contentUrl":"https:\/\/shop.camac-harps.com\/wp-content\/uploads\/sites\/25\/2024\/03\/ac3-2.jpg","width":800,"height":800,"caption":"Accordeur \u00e9lectronique KORG TM-70T BK"},{"@type":"BreadcrumbList","@id":"https:\/\/shop.camac-harps.com\/de\/produkt\/elektronisches-stimmgeraet-korg-tm-70t-bk-ohne-sensor\/#breadcrumb","itemListElement":[{"@type":"ListItem","position":1,"name":"Home","item":"https:\/\/shop.camac-harps.com\/de\/startseite\/"},{"@type":"ListItem","position":2,"name":"Startseite","item":"https:\/\/shop.camac-harps.com\/de\/startseite\/"},{"@type":"ListItem","position":3,"name":"Elektronisches Stimmger\u00e4t KORG TM-70T BK f\u00fcr Pedalharfe (ohne Tonabnehmer-Clip)"}]},{"@type":"WebSite","@id":"https:\/\/shop.camac-harps.com\/de\/#website","url":"https:\/\/shop.camac-harps.com\/de\/","name":"Camac Harps Shop","description":"","potentialAction":[{"@type":"SearchAction","target":{"@type":"EntryPoint","urlTemplate":"https:\/\/shop.camac-harps.com\/de\/?s={search_term_string}"},"query-input":{"@type":"PropertyValueSpecification","valueRequired":true,"valueName":"search_term_string"}}],"inLanguage":"de"}]}},"_links":{"self":[{"href":"https:\/\/shop.camac-harps.com\/de\/wp-json\/wp\/v2\/product\/59857","targetHints":{"allow":["GET"]}}],"collection":[{"href":"https:\/\/shop.camac-harps.com\/de\/wp-json\/wp\/v2\/product"}],"about":[{"href":"https:\/\/shop.camac-harps.com\/de\/wp-json\/wp\/v2\/types\/product"}],"replies":[{"embeddable":true,"href":"https:\/\/shop.camac-harps.com\/de\/wp-json\/wp\/v2\/comments?post=59857"}],"wp:featuredmedia":[{"embeddable":true,"href":"https:\/\/shop.camac-harps.com\/de\/wp-json\/wp\/v2\/media\/59847"}],"wp:attachment":[{"href":"https:\/\/shop.camac-harps.com\/de\/wp-json\/wp\/v2\/media?parent=59857"}],"wp:term":[{"taxonomy":"product_brand","embeddable":true,"href":"https:\/\/shop.camac-harps.com\/de\/wp-json\/wp\/v2\/product_brand?post=59857"},{"taxonomy":"product_cat","embeddable":true,"href":"https:\/\/shop.camac-harps.com\/de\/wp-json\/wp\/v2\/product_cat?post=59857"},{"taxonomy":"product_tag","embeddable":true,"href":"https:\/\/shop.camac-harps.com\/de\/wp-json\/wp\/v2\/product_tag?post=59857"}],"curies":[{"name":"wp","href":"https:\/\/api.w.org\/{rel}","templated":true}]}}