{"id":61112,"date":"2024-05-28T13:07:21","date_gmt":"2024-05-28T13:07:21","guid":{"rendered":"https:\/\/shop.camac-harps.com\/product\/verstellbarer-hocker-fuer-hakenharfe-zwarte-zitting\/"},"modified":"2025-02-14T16:48:25","modified_gmt":"2025-02-14T16:48:25","slug":"verstellbarer-hocker-fuer-hakenharfe-zwarte-zitting","status":"publish","type":"product","link":"https:\/\/shop.camac-harps.com\/de\/produkt\/verstellbarer-hocker-fuer-hakenharfe-zwarte-zitting\/","title":{"rendered":"Verstellbarer Hocker f\u00fcr Hakenharfe, zwarte zitting"},"content":{"rendered":"","protected":false},"excerpt":{"rendered":"<h3>Wo liegt der Unterschied zwischen den 2 unterschiedliche Gr\u00f6\u00dfen des Camac Harfenhockers f\u00fcr keltische Harfen?\u00a0<\/h3>\n<p>&nbsp;<\/p>\n<p>Wenn Sie eine gro\u00dfe Hakenharfe besitzen (38-saitig) oder Sie einen Harfenhocker f\u00fcr ein Kind kaufen wollen, empfehlen wir den h\u00f6henverstellbaren Standard-Harfenhocker.\u00a0 Dieser hat eine Mindestsitzh\u00f6he von 43 cm und kann bis zu 53 cm Sitzh\u00f6he verstellt werden.\u00a0<br \/>\nFalls Sie als Erwachsener auf einer 34-saitigen Harfe, wie z. B. der <a href=\"https:\/\/de.camac-harps.com\/de\/harps-de\/haken\/aziliz\/\">Camac Aziliz<\/a>, <a href=\"https:\/\/de.camac-harps.com\/de\/harps-de\/haken\/hermine\/\">Camac Hermine<\/a> oder der <a href=\"https:\/\/de.camac-harps.com\/de\/harps-de\/haken\/ulysse-2\/\">Camac Ulysse<\/a> spielen, ist Ihnen der Standard-Harfenhocker h\u00f6chstwahrscheinlich immer noch zu hoch. Aus diesem Grund bieten wir noch einen kleineren Harfenhocker mit einer Mindesth\u00f6he von 33 cm und einer maximalen Sitzh\u00f6he von 43 cm an.\u00a0<\/p>\n","protected":false},"featured_media":61095,"comment_status":"open","ping_status":"closed","template":"","meta":{"_acf_changed":false},"product_brand":[],"product_cat":[74,471,41],"product_tag":[],"class_list":{"0":"post-61112","1":"product","2":"type-product","3":"status-publish","4":"has-post-thumbnail","6":"product_cat-harfenstuhle-und-banke","7":"product_cat-uncategorized-de","8":"product_cat-zubehor-harfenhuellen","10":"first","11":"instock","12":"taxable","13":"shipping-taxable","14":"product-type-variable"},"acf":[],"yoast_head":"<title>Verstellbarer Hocker f\u00fcr Hakenharfe, zwarte zitting - Camac Harps Shop<\/title>\n<meta name=\"description\" content=\"Disponible \u00e0 la vente sur la boutique en ligne des Harpes Camac. Exp\u00e9dition dans le monde entier depuis la France.\" \/>\n<meta name=\"robots\" content=\"index, follow, max-snippet:-1, max-image-preview:large, max-video-preview:-1\" \/>\n<link rel=\"canonical\" href=\"https:\/\/shop.camac-harps.com\/de\/produkt\/verstellbarer-hocker-fuer-hakenharfe-zwarte-zitting\/\" \/>\n<meta property=\"og:locale\" content=\"de_DE\" \/>\n<meta property=\"og:type\" content=\"article\" \/>\n<meta property=\"og:title\" content=\"Verstellbarer Hocker f\u00fcr Hakenharfe, zwarte zitting - Camac Harps Shop\" \/>\n<meta property=\"og:description\" content=\"Disponible \u00e0 la vente sur la boutique en ligne des Harpes Camac. Exp\u00e9dition dans le monde entier depuis la France.\" \/>\n<meta property=\"og:url\" content=\"https:\/\/shop.camac-harps.com\/de\/produkt\/verstellbarer-hocker-fuer-hakenharfe-zwarte-zitting\/\" \/>\n<meta property=\"og:site_name\" content=\"Camac Harps Shop\" \/>\n<meta property=\"article:modified_time\" content=\"2025-02-14T16:48:25+00:00\" \/>\n<meta property=\"og:image\" content=\"https:\/\/shop.camac-harps.com\/wp-content\/uploads\/sites\/25\/2024\/05\/tr2-4-naturel.jpg\" \/>\n\t<meta property=\"og:image:width\" content=\"2400\" \/>\n\t<meta property=\"og:image:height\" content=\"1800\" \/>\n\t<meta property=\"og:image:type\" content=\"image\/jpeg\" \/>\n<meta name=\"twitter:card\" content=\"summary_large_image\" \/>\n<script type=\"application\/ld+json\" class=\"yoast-schema-graph\">{\"@context\":\"https:\/\/schema.org\",\"@graph\":[{\"@type\":\"WebPage\",\"@id\":\"https:\/\/shop.camac-harps.com\/de\/produkt\/verstellbarer-hocker-fuer-hakenharfe-zwarte-zitting\/\",\"url\":\"https:\/\/shop.camac-harps.com\/de\/produkt\/verstellbarer-hocker-fuer-hakenharfe-zwarte-zitting\/\",\"name\":\"Verstellbarer Hocker f\u00fcr Hakenharfe, zwarte zitting - Camac Harps Shop\",\"isPartOf\":{\"@id\":\"https:\/\/shop.camac-harps.com\/de\/#website\"},\"primaryImageOfPage\":{\"@id\":\"https:\/\/shop.camac-harps.com\/de\/produkt\/verstellbarer-hocker-fuer-hakenharfe-zwarte-zitting\/#primaryimage\"},\"image\":{\"@id\":\"https:\/\/shop.camac-harps.com\/de\/produkt\/verstellbarer-hocker-fuer-hakenharfe-zwarte-zitting\/#primaryimage\"},\"thumbnailUrl\":\"https:\/\/shop.camac-harps.com\/wp-content\/uploads\/sites\/25\/2024\/05\/tr2-4-naturel.jpg\",\"datePublished\":\"2024-05-28T13:07:21+00:00\",\"dateModified\":\"2025-02-14T16:48:25+00:00\",\"description\":\"Disponible \u00e0 la vente sur la boutique en ligne des Harpes Camac. Exp\u00e9dition dans le monde entier depuis la France.\",\"breadcrumb\":{\"@id\":\"https:\/\/shop.camac-harps.com\/de\/produkt\/verstellbarer-hocker-fuer-hakenharfe-zwarte-zitting\/#breadcrumb\"},\"inLanguage\":\"de\",\"potentialAction\":[{\"@type\":\"ReadAction\",\"target\":[\"https:\/\/shop.camac-harps.com\/de\/produkt\/verstellbarer-hocker-fuer-hakenharfe-zwarte-zitting\/\"]}]},{\"@type\":\"ImageObject\",\"inLanguage\":\"de\",\"@id\":\"https:\/\/shop.camac-harps.com\/de\/produkt\/verstellbarer-hocker-fuer-hakenharfe-zwarte-zitting\/#primaryimage\",\"url\":\"https:\/\/shop.camac-harps.com\/wp-content\/uploads\/sites\/25\/2024\/05\/tr2-4-naturel.jpg\",\"contentUrl\":\"https:\/\/shop.camac-harps.com\/wp-content\/uploads\/sites\/25\/2024\/05\/tr2-4-naturel.jpg\",\"width\":2400,\"height\":1800,\"caption\":\"Tabouret 'Rotary' pour harpe celtique - r\u00e9glable en hauteur, assise noire\"},{\"@type\":\"BreadcrumbList\",\"@id\":\"https:\/\/shop.camac-harps.com\/de\/produkt\/verstellbarer-hocker-fuer-hakenharfe-zwarte-zitting\/#breadcrumb\",\"itemListElement\":[{\"@type\":\"ListItem\",\"position\":1,\"name\":\"Home\",\"item\":\"https:\/\/shop.camac-harps.com\/de\/startseite\/\"},{\"@type\":\"ListItem\",\"position\":2,\"name\":\"Startseite\",\"item\":\"https:\/\/shop.camac-harps.com\/de\/startseite\/\"},{\"@type\":\"ListItem\",\"position\":3,\"name\":\"Verstellbarer Hocker f\u00fcr Hakenharfe, zwarte zitting\"}]},{\"@type\":\"WebSite\",\"@id\":\"https:\/\/shop.camac-harps.com\/de\/#website\",\"url\":\"https:\/\/shop.camac-harps.com\/de\/\",\"name\":\"Camac Harps Shop\",\"description\":\"\",\"potentialAction\":[{\"@type\":\"SearchAction\",\"target\":{\"@type\":\"EntryPoint\",\"urlTemplate\":\"https:\/\/shop.camac-harps.com\/de\/?s={search_term_string}\"},\"query-input\":{\"@type\":\"PropertyValueSpecification\",\"valueRequired\":true,\"valueName\":\"search_term_string\"}}],\"inLanguage\":\"de\"}]}<\/script>","yoast_head_json":{"title":"Verstellbarer Hocker f\u00fcr Hakenharfe, zwarte zitting - Camac Harps Shop","description":"Disponible \u00e0 la vente sur la boutique en ligne des Harpes Camac. Exp\u00e9dition dans le monde entier depuis la France.","robots":{"index":"index","follow":"follow","max-snippet":"max-snippet:-1","max-image-preview":"max-image-preview:large","max-video-preview":"max-video-preview:-1"},"canonical":"https:\/\/shop.camac-harps.com\/de\/produkt\/verstellbarer-hocker-fuer-hakenharfe-zwarte-zitting\/","og_locale":"de_DE","og_type":"article","og_title":"Verstellbarer Hocker f\u00fcr Hakenharfe, zwarte zitting - Camac Harps Shop","og_description":"Disponible \u00e0 la vente sur la boutique en ligne des Harpes Camac. Exp\u00e9dition dans le monde entier depuis la France.","og_url":"https:\/\/shop.camac-harps.com\/de\/produkt\/verstellbarer-hocker-fuer-hakenharfe-zwarte-zitting\/","og_site_name":"Camac Harps Shop","article_modified_time":"2025-02-14T16:48:25+00:00","og_image":[{"width":2400,"height":1800,"url":"https:\/\/shop.camac-harps.com\/wp-content\/uploads\/sites\/25\/2024\/05\/tr2-4-naturel.jpg","type":"image\/jpeg"}],"twitter_card":"summary_large_image","schema":{"@context":"https:\/\/schema.org","@graph":[{"@type":"WebPage","@id":"https:\/\/shop.camac-harps.com\/de\/produkt\/verstellbarer-hocker-fuer-hakenharfe-zwarte-zitting\/","url":"https:\/\/shop.camac-harps.com\/de\/produkt\/verstellbarer-hocker-fuer-hakenharfe-zwarte-zitting\/","name":"Verstellbarer Hocker f\u00fcr Hakenharfe, zwarte zitting - Camac Harps Shop","isPartOf":{"@id":"https:\/\/shop.camac-harps.com\/de\/#website"},"primaryImageOfPage":{"@id":"https:\/\/shop.camac-harps.com\/de\/produkt\/verstellbarer-hocker-fuer-hakenharfe-zwarte-zitting\/#primaryimage"},"image":{"@id":"https:\/\/shop.camac-harps.com\/de\/produkt\/verstellbarer-hocker-fuer-hakenharfe-zwarte-zitting\/#primaryimage"},"thumbnailUrl":"https:\/\/shop.camac-harps.com\/wp-content\/uploads\/sites\/25\/2024\/05\/tr2-4-naturel.jpg","datePublished":"2024-05-28T13:07:21+00:00","dateModified":"2025-02-14T16:48:25+00:00","description":"Disponible \u00e0 la vente sur la boutique en ligne des Harpes Camac. Exp\u00e9dition dans le monde entier depuis la France.","breadcrumb":{"@id":"https:\/\/shop.camac-harps.com\/de\/produkt\/verstellbarer-hocker-fuer-hakenharfe-zwarte-zitting\/#breadcrumb"},"inLanguage":"de","potentialAction":[{"@type":"ReadAction","target":["https:\/\/shop.camac-harps.com\/de\/produkt\/verstellbarer-hocker-fuer-hakenharfe-zwarte-zitting\/"]}]},{"@type":"ImageObject","inLanguage":"de","@id":"https:\/\/shop.camac-harps.com\/de\/produkt\/verstellbarer-hocker-fuer-hakenharfe-zwarte-zitting\/#primaryimage","url":"https:\/\/shop.camac-harps.com\/wp-content\/uploads\/sites\/25\/2024\/05\/tr2-4-naturel.jpg","contentUrl":"https:\/\/shop.camac-harps.com\/wp-content\/uploads\/sites\/25\/2024\/05\/tr2-4-naturel.jpg","width":2400,"height":1800,"caption":"Tabouret 'Rotary' pour harpe celtique - r\u00e9glable en hauteur, assise noire"},{"@type":"BreadcrumbList","@id":"https:\/\/shop.camac-harps.com\/de\/produkt\/verstellbarer-hocker-fuer-hakenharfe-zwarte-zitting\/#breadcrumb","itemListElement":[{"@type":"ListItem","position":1,"name":"Home","item":"https:\/\/shop.camac-harps.com\/de\/startseite\/"},{"@type":"ListItem","position":2,"name":"Startseite","item":"https:\/\/shop.camac-harps.com\/de\/startseite\/"},{"@type":"ListItem","position":3,"name":"Verstellbarer Hocker f\u00fcr Hakenharfe, zwarte zitting"}]},{"@type":"WebSite","@id":"https:\/\/shop.camac-harps.com\/de\/#website","url":"https:\/\/shop.camac-harps.com\/de\/","name":"Camac Harps Shop","description":"","potentialAction":[{"@type":"SearchAction","target":{"@type":"EntryPoint","urlTemplate":"https:\/\/shop.camac-harps.com\/de\/?s={search_term_string}"},"query-input":{"@type":"PropertyValueSpecification","valueRequired":true,"valueName":"search_term_string"}}],"inLanguage":"de"}]}},"_links":{"self":[{"href":"https:\/\/shop.camac-harps.com\/de\/wp-json\/wp\/v2\/product\/61112","targetHints":{"allow":["GET"]}}],"collection":[{"href":"https:\/\/shop.camac-harps.com\/de\/wp-json\/wp\/v2\/product"}],"about":[{"href":"https:\/\/shop.camac-harps.com\/de\/wp-json\/wp\/v2\/types\/product"}],"replies":[{"embeddable":true,"href":"https:\/\/shop.camac-harps.com\/de\/wp-json\/wp\/v2\/comments?post=61112"}],"wp:featuredmedia":[{"embeddable":true,"href":"https:\/\/shop.camac-harps.com\/de\/wp-json\/wp\/v2\/media\/61095"}],"wp:attachment":[{"href":"https:\/\/shop.camac-harps.com\/de\/wp-json\/wp\/v2\/media?parent=61112"}],"wp:term":[{"taxonomy":"product_brand","embeddable":true,"href":"https:\/\/shop.camac-harps.com\/de\/wp-json\/wp\/v2\/product_brand?post=61112"},{"taxonomy":"product_cat","embeddable":true,"href":"https:\/\/shop.camac-harps.com\/de\/wp-json\/wp\/v2\/product_cat?post=61112"},{"taxonomy":"product_tag","embeddable":true,"href":"https:\/\/shop.camac-harps.com\/de\/wp-json\/wp\/v2\/product_tag?post=61112"}],"curies":[{"name":"wp","href":"https:\/\/api.w.org\/{rel}","templated":true}]}}