{"id":61207,"date":"2024-05-30T14:03:25","date_gmt":"2024-05-30T14:03:25","guid":{"rendered":"https:\/\/shop.camac-harps.com\/product\/ischellbox-xlr-ref-x48c3-t\/"},"modified":"2025-06-05T21:49:09","modified_gmt":"2025-06-05T21:49:09","slug":"ischellbox-xlr-ref-x48c3-t","status":"publish","type":"product","link":"https:\/\/shop.camac-harps.com\/de\/produkt\/ischellbox-xlr-ref-x48c3-t\/","title":{"rendered":"IschellBox-XLR ref. X48C3-T"},"content":{"rendered":"<p>Die neue Generation des ber\u00fchmten Ischell-Systems f\u00fcr unterwegs: das wundersch\u00f6ne X48C3-T mit seinem C3-Mikrofon in der leistungsst\u00e4rksten Kompaktversion mit XLR-Ausgang (symmetrisches Signal). Erfordert unbedingt eine \u201ePhantom\u201c-Stromversorgung von 9 bis 48 V vom Verst\u00e4rker oder Mischpult aus. Wird mit einem XLR\/XLR-Kabel angeschlossen (nicht im Lieferumfang enthalten).<\/p>\n<p>&nbsp;<\/p>\n<p>Spezifikationen :<\/p>\n<p>Neues C3 Ischell-Kontaktmikrofon und sein Transistor-Vorverst\u00e4rkermodul.<\/p>\n<p>Low-Cut-Filter 2 Positionen auf der Box verf\u00fcgbar: Flat \/ 180Hz.<\/p>\n<p>100 cm langes Kabel &#8211; Durchmesser 2,2 mm.<\/p>\n<p>Symmetrischer XLR-Ausgang. Erfordert ein XLR\/XLR-Verbindungskabel (nicht im Lieferumfang enthalten).<\/p>\n<p>Audio-Klebepaste f\u00fcr Ischell-Kontaktmikrofone (im Lieferumfang enthalten).<\/p>\n<p>Das Modul kann mit Klettverschluss (im Lieferumfang enthalten) an der Innenseite des Instruments befestigt werden.<\/p>\n<p>Abmessungen des Mikrofons: H\u00f6he 12 \/13 mm mit Paste &#8211; Durchmesser: ca. 25 mm.<\/p>\n<p>Abmessungen des Moduls: 70 x 30 x 25 mm.<\/p>\n<p>Online-Benutzerhandbuch auf der Website www.ischell.com<\/p>\n<p>Halbstarre Aufbewahrungstasche<\/p>\n","protected":false},"excerpt":{"rendered":"<p>Die neue Generation des ber\u00fchmten Ischell-Systems f\u00fcr unterwegs: das wundersch\u00f6ne X48C3-T mit seinem C3-Mikrofon in der leistungsst\u00e4rksten Kompaktversion mit XLR-Ausgang (symmetrisches Signal). Erfordert unbedingt eine \u201ePhantom\u201c-Stromversorgung von 9 bis 48 V vom Verst\u00e4rker oder Mischpult aus. Wird mit einem XLR\/XLR-Kabel angeschlossen (nicht im Lieferumfang enthalten). &nbsp; Spezifikationen : Neues C3 Ischell-Kontaktmikrofon und sein Transistor-Vorverst\u00e4rkermodul. Low-Cut-Filter [&hellip;]<\/p>\n","protected":false},"featured_media":61200,"comment_status":"open","ping_status":"closed","template":"","meta":{"_acf_changed":false},"product_brand":[],"product_cat":[86,41],"product_tag":[],"class_list":{"0":"post-61207","1":"product","2":"type-product","3":"status-publish","4":"has-post-thumbnail","6":"product_cat-tonabnehmer-verstarker-kabel","7":"product_cat-zubehor-harfenhuellen","9":"first","10":"instock","11":"taxable","12":"shipping-taxable","13":"purchasable","14":"product-type-simple"},"acf":[],"yoast_head":"<title>IschellBox-XLR ref. X48C3-T - Camac Harps Shop<\/title>\n<meta name=\"description\" content=\"IschellBox-XLR ref. X48C3-T. Disponible \u00e0 la vente sur la boutique en ligne des Harpes Camac. Exp\u00e9dition dans le monde entier depuis la France.\" \/>\n<meta name=\"robots\" content=\"index, follow, max-snippet:-1, max-image-preview:large, max-video-preview:-1\" \/>\n<link rel=\"canonical\" href=\"https:\/\/shop.camac-harps.com\/de\/produkt\/ischellbox-xlr-ref-x48c3-t\/\" \/>\n<meta property=\"og:locale\" content=\"de_DE\" \/>\n<meta property=\"og:type\" content=\"article\" \/>\n<meta property=\"og:title\" content=\"IschellBox-XLR ref. X48C3-T - Camac Harps Shop\" \/>\n<meta property=\"og:description\" content=\"IschellBox-XLR ref. X48C3-T. Disponible \u00e0 la vente sur la boutique en ligne des Harpes Camac. Exp\u00e9dition dans le monde entier depuis la France.\" \/>\n<meta property=\"og:url\" content=\"https:\/\/shop.camac-harps.com\/de\/produkt\/ischellbox-xlr-ref-x48c3-t\/\" \/>\n<meta property=\"og:site_name\" content=\"Camac Harps Shop\" \/>\n<meta property=\"article:modified_time\" content=\"2025-06-05T21:49:09+00:00\" \/>\n<meta property=\"og:image\" content=\"https:\/\/shop.camac-harps.com\/wp-content\/uploads\/sites\/25\/2024\/05\/ischellbox-xlr-1.jpg\" \/>\n\t<meta property=\"og:image:width\" content=\"1000\" \/>\n\t<meta property=\"og:image:height\" content=\"1000\" \/>\n\t<meta property=\"og:image:type\" content=\"image\/jpeg\" \/>\n<meta name=\"twitter:card\" content=\"summary_large_image\" \/>\n<meta name=\"twitter:label1\" content=\"Gesch\u00e4tzte Lesezeit\" \/>\n\t<meta name=\"twitter:data1\" content=\"1\u00a0Minute\" \/>\n<script type=\"application\/ld+json\" class=\"yoast-schema-graph\">{\"@context\":\"https:\/\/schema.org\",\"@graph\":[{\"@type\":\"WebPage\",\"@id\":\"https:\/\/shop.camac-harps.com\/de\/produkt\/ischellbox-xlr-ref-x48c3-t\/\",\"url\":\"https:\/\/shop.camac-harps.com\/de\/produkt\/ischellbox-xlr-ref-x48c3-t\/\",\"name\":\"IschellBox-XLR ref. X48C3-T - Camac Harps Shop\",\"isPartOf\":{\"@id\":\"https:\/\/shop.camac-harps.com\/de\/#website\"},\"primaryImageOfPage\":{\"@id\":\"https:\/\/shop.camac-harps.com\/de\/produkt\/ischellbox-xlr-ref-x48c3-t\/#primaryimage\"},\"image\":{\"@id\":\"https:\/\/shop.camac-harps.com\/de\/produkt\/ischellbox-xlr-ref-x48c3-t\/#primaryimage\"},\"thumbnailUrl\":\"https:\/\/shop.camac-harps.com\/wp-content\/uploads\/sites\/25\/2024\/05\/ischellbox-xlr-1.jpg\",\"datePublished\":\"2024-05-30T14:03:25+00:00\",\"dateModified\":\"2025-06-05T21:49:09+00:00\",\"description\":\"IschellBox-XLR ref. X48C3-T. Disponible \u00e0 la vente sur la boutique en ligne des Harpes Camac. Exp\u00e9dition dans le monde entier depuis la France.\",\"breadcrumb\":{\"@id\":\"https:\/\/shop.camac-harps.com\/de\/produkt\/ischellbox-xlr-ref-x48c3-t\/#breadcrumb\"},\"inLanguage\":\"de\",\"potentialAction\":[{\"@type\":\"ReadAction\",\"target\":[\"https:\/\/shop.camac-harps.com\/de\/produkt\/ischellbox-xlr-ref-x48c3-t\/\"]}]},{\"@type\":\"ImageObject\",\"inLanguage\":\"de\",\"@id\":\"https:\/\/shop.camac-harps.com\/de\/produkt\/ischellbox-xlr-ref-x48c3-t\/#primaryimage\",\"url\":\"https:\/\/shop.camac-harps.com\/wp-content\/uploads\/sites\/25\/2024\/05\/ischellbox-xlr-1.jpg\",\"contentUrl\":\"https:\/\/shop.camac-harps.com\/wp-content\/uploads\/sites\/25\/2024\/05\/ischellbox-xlr-1.jpg\",\"width\":1000,\"height\":1000,\"caption\":\"IschellBox-XLR ref. X48C3-T\"},{\"@type\":\"BreadcrumbList\",\"@id\":\"https:\/\/shop.camac-harps.com\/de\/produkt\/ischellbox-xlr-ref-x48c3-t\/#breadcrumb\",\"itemListElement\":[{\"@type\":\"ListItem\",\"position\":1,\"name\":\"Home\",\"item\":\"https:\/\/shop.camac-harps.com\/de\/startseite\/\"},{\"@type\":\"ListItem\",\"position\":2,\"name\":\"Startseite\",\"item\":\"https:\/\/shop.camac-harps.com\/de\/startseite\/\"},{\"@type\":\"ListItem\",\"position\":3,\"name\":\"IschellBox-XLR ref. X48C3-T\"}]},{\"@type\":\"WebSite\",\"@id\":\"https:\/\/shop.camac-harps.com\/de\/#website\",\"url\":\"https:\/\/shop.camac-harps.com\/de\/\",\"name\":\"Camac Harps Shop\",\"description\":\"\",\"potentialAction\":[{\"@type\":\"SearchAction\",\"target\":{\"@type\":\"EntryPoint\",\"urlTemplate\":\"https:\/\/shop.camac-harps.com\/de\/?s={search_term_string}\"},\"query-input\":{\"@type\":\"PropertyValueSpecification\",\"valueRequired\":true,\"valueName\":\"search_term_string\"}}],\"inLanguage\":\"de\"}]}<\/script>","yoast_head_json":{"title":"IschellBox-XLR ref. X48C3-T - Camac Harps Shop","description":"IschellBox-XLR ref. X48C3-T. Disponible \u00e0 la vente sur la boutique en ligne des Harpes Camac. Exp\u00e9dition dans le monde entier depuis la France.","robots":{"index":"index","follow":"follow","max-snippet":"max-snippet:-1","max-image-preview":"max-image-preview:large","max-video-preview":"max-video-preview:-1"},"canonical":"https:\/\/shop.camac-harps.com\/de\/produkt\/ischellbox-xlr-ref-x48c3-t\/","og_locale":"de_DE","og_type":"article","og_title":"IschellBox-XLR ref. X48C3-T - Camac Harps Shop","og_description":"IschellBox-XLR ref. X48C3-T. Disponible \u00e0 la vente sur la boutique en ligne des Harpes Camac. Exp\u00e9dition dans le monde entier depuis la France.","og_url":"https:\/\/shop.camac-harps.com\/de\/produkt\/ischellbox-xlr-ref-x48c3-t\/","og_site_name":"Camac Harps Shop","article_modified_time":"2025-06-05T21:49:09+00:00","og_image":[{"width":1000,"height":1000,"url":"https:\/\/shop.camac-harps.com\/wp-content\/uploads\/sites\/25\/2024\/05\/ischellbox-xlr-1.jpg","type":"image\/jpeg"}],"twitter_card":"summary_large_image","twitter_misc":{"Gesch\u00e4tzte Lesezeit":"1\u00a0Minute"},"schema":{"@context":"https:\/\/schema.org","@graph":[{"@type":"WebPage","@id":"https:\/\/shop.camac-harps.com\/de\/produkt\/ischellbox-xlr-ref-x48c3-t\/","url":"https:\/\/shop.camac-harps.com\/de\/produkt\/ischellbox-xlr-ref-x48c3-t\/","name":"IschellBox-XLR ref. X48C3-T - Camac Harps Shop","isPartOf":{"@id":"https:\/\/shop.camac-harps.com\/de\/#website"},"primaryImageOfPage":{"@id":"https:\/\/shop.camac-harps.com\/de\/produkt\/ischellbox-xlr-ref-x48c3-t\/#primaryimage"},"image":{"@id":"https:\/\/shop.camac-harps.com\/de\/produkt\/ischellbox-xlr-ref-x48c3-t\/#primaryimage"},"thumbnailUrl":"https:\/\/shop.camac-harps.com\/wp-content\/uploads\/sites\/25\/2024\/05\/ischellbox-xlr-1.jpg","datePublished":"2024-05-30T14:03:25+00:00","dateModified":"2025-06-05T21:49:09+00:00","description":"IschellBox-XLR ref. X48C3-T. Disponible \u00e0 la vente sur la boutique en ligne des Harpes Camac. Exp\u00e9dition dans le monde entier depuis la France.","breadcrumb":{"@id":"https:\/\/shop.camac-harps.com\/de\/produkt\/ischellbox-xlr-ref-x48c3-t\/#breadcrumb"},"inLanguage":"de","potentialAction":[{"@type":"ReadAction","target":["https:\/\/shop.camac-harps.com\/de\/produkt\/ischellbox-xlr-ref-x48c3-t\/"]}]},{"@type":"ImageObject","inLanguage":"de","@id":"https:\/\/shop.camac-harps.com\/de\/produkt\/ischellbox-xlr-ref-x48c3-t\/#primaryimage","url":"https:\/\/shop.camac-harps.com\/wp-content\/uploads\/sites\/25\/2024\/05\/ischellbox-xlr-1.jpg","contentUrl":"https:\/\/shop.camac-harps.com\/wp-content\/uploads\/sites\/25\/2024\/05\/ischellbox-xlr-1.jpg","width":1000,"height":1000,"caption":"IschellBox-XLR ref. X48C3-T"},{"@type":"BreadcrumbList","@id":"https:\/\/shop.camac-harps.com\/de\/produkt\/ischellbox-xlr-ref-x48c3-t\/#breadcrumb","itemListElement":[{"@type":"ListItem","position":1,"name":"Home","item":"https:\/\/shop.camac-harps.com\/de\/startseite\/"},{"@type":"ListItem","position":2,"name":"Startseite","item":"https:\/\/shop.camac-harps.com\/de\/startseite\/"},{"@type":"ListItem","position":3,"name":"IschellBox-XLR ref. X48C3-T"}]},{"@type":"WebSite","@id":"https:\/\/shop.camac-harps.com\/de\/#website","url":"https:\/\/shop.camac-harps.com\/de\/","name":"Camac Harps Shop","description":"","potentialAction":[{"@type":"SearchAction","target":{"@type":"EntryPoint","urlTemplate":"https:\/\/shop.camac-harps.com\/de\/?s={search_term_string}"},"query-input":{"@type":"PropertyValueSpecification","valueRequired":true,"valueName":"search_term_string"}}],"inLanguage":"de"}]}},"_links":{"self":[{"href":"https:\/\/shop.camac-harps.com\/de\/wp-json\/wp\/v2\/product\/61207","targetHints":{"allow":["GET"]}}],"collection":[{"href":"https:\/\/shop.camac-harps.com\/de\/wp-json\/wp\/v2\/product"}],"about":[{"href":"https:\/\/shop.camac-harps.com\/de\/wp-json\/wp\/v2\/types\/product"}],"replies":[{"embeddable":true,"href":"https:\/\/shop.camac-harps.com\/de\/wp-json\/wp\/v2\/comments?post=61207"}],"wp:featuredmedia":[{"embeddable":true,"href":"https:\/\/shop.camac-harps.com\/de\/wp-json\/wp\/v2\/media\/61200"}],"wp:attachment":[{"href":"https:\/\/shop.camac-harps.com\/de\/wp-json\/wp\/v2\/media?parent=61207"}],"wp:term":[{"taxonomy":"product_brand","embeddable":true,"href":"https:\/\/shop.camac-harps.com\/de\/wp-json\/wp\/v2\/product_brand?post=61207"},{"taxonomy":"product_cat","embeddable":true,"href":"https:\/\/shop.camac-harps.com\/de\/wp-json\/wp\/v2\/product_cat?post=61207"},{"taxonomy":"product_tag","embeddable":true,"href":"https:\/\/shop.camac-harps.com\/de\/wp-json\/wp\/v2\/product_tag?post=61207"}],"curies":[{"name":"wp","href":"https:\/\/api.w.org\/{rel}","templated":true}]}}