{"id":62064,"date":"2024-07-11T08:58:37","date_gmt":"2024-07-11T08:58:37","guid":{"rendered":"https:\/\/shop.camac-harps.com\/product\/waermeschrumpfende-teflon-pedalumhuellungen\/"},"modified":"2024-11-07T15:01:17","modified_gmt":"2024-11-07T15:01:17","slug":"waermeschrumpfende-teflon-pedalumhuellungen","status":"publish","type":"product","link":"https:\/\/shop.camac-harps.com\/de\/produkt\/waermeschrumpfende-teflon-pedalumhuellungen\/","title":{"rendered":"W\u00e4rmeschrumpfende Teflon\u00ae-Pedalumwicklungen f\u00fcr Konzertharfe"},"content":{"rendered":"<div>Das Set beinhaltet 7 Pedalumwicklungen, fertig f\u00fcr den Gebrauch. Diese sind vorgeklebt\u00a0 \u2013 perfekt f\u00fcr ein leises Umstellen der Pedale.<\/div>\n<div>\u00a0<\/div>\n<div>Gebrauchsanleitung: Mithilfe eines gro\u00dfen Schlitzschraubendrehers schrauben Sie das Pedalansatzst\u00fcck\u00a0(gold) ab und entfernen anschlie\u00dfend die alten\u00a0Pedalumwicklungen.<\/div>\n<div>Bringen Sie die neuen Pedalumwicklungen an den Pedalen an, indem Sie sie \u00fcber die Pedale gleiten lassen. Anschlie\u00dfend bringen Sie die Pedalansatzst\u00fccke wieder an der Harfe an.\u00a0<\/div>\n<div>\u00a0<\/div>\n<div>Position: Wenn Sie die neuen Umwicklungen \u00fcber die Pedale ziehen, vergewissern Sie sich, dass die Naht nach au\u00dfen der Einrastung zeigt.<\/div>\n<div>Pedale D,C,H: die Naht sollte auf einer imagin\u00e4ren Uhr auf \u201e50min\u201c platziert werden.<\/div>\n<div>Pedale E,F,G,A:\u00a0die Naht sollte auf\u00a0 auf \u201e10min\u201c platziert werden.\u00a0<\/div>\n<div>Die zwei l\u00e4ngsten Pedalumwicklungen geh\u00f6ren auf die \u00e4u\u00dferen Pedale, D und A.\u00a0<\/div>\n<div>\u00a0<\/div>\n<div>Achtung: diese Pedalumwicklungen sind nur mit Camac-Harfen kompatibel.<\/div>\n","protected":false},"excerpt":{"rendered":"<p>Das Set beinhaltet 7 Pedalumwicklungen, fertig f\u00fcr den Gebrauch. Diese sind vorgeklebt\u00a0 \u2013 perfekt f\u00fcr ein leises Umstellen der Pedale. \u00a0 Gebrauchsanleitung: Mithilfe eines gro\u00dfen Schlitzschraubendrehers schrauben Sie das Pedalansatzst\u00fcck\u00a0(gold) ab und entfernen anschlie\u00dfend die alten\u00a0Pedalumwicklungen. Bringen Sie die neuen Pedalumwicklungen an den Pedalen an, indem Sie sie \u00fcber die Pedale gleiten lassen. Anschlie\u00dfend bringen [&hellip;]<\/p>\n","protected":false},"featured_media":62061,"comment_status":"open","ping_status":"closed","template":"","meta":{"_acf_changed":false},"product_brand":[],"product_cat":[443,41],"product_tag":[],"class_list":{"0":"post-62064","1":"product","2":"type-product","3":"status-publish","4":"has-post-thumbnail","6":"product_cat-ersatzteile-und-werkzeuge","7":"product_cat-zubehor-harfenhuellen","9":"first","10":"instock","11":"taxable","12":"shipping-taxable","13":"purchasable","14":"product-type-simple"},"acf":[],"yoast_head":"<title>W\u00e4rmeschrumpfende Teflon\u00ae-Pedalumwicklungen f\u00fcr Konzertharfe - Camac Harps Shop<\/title>\n<meta name=\"robots\" content=\"index, follow, max-snippet:-1, max-image-preview:large, max-video-preview:-1\" \/>\n<link rel=\"canonical\" href=\"https:\/\/shop.camac-harps.com\/de\/produkt\/waermeschrumpfende-teflon-pedalumhuellungen\/\" \/>\n<meta property=\"og:locale\" content=\"de_DE\" \/>\n<meta property=\"og:type\" content=\"article\" \/>\n<meta property=\"og:title\" content=\"W\u00e4rmeschrumpfende Teflon\u00ae-Pedalumwicklungen f\u00fcr Konzertharfe - Camac Harps Shop\" \/>\n<meta property=\"og:description\" content=\"Das Set beinhaltet 7 Pedalumwicklungen, fertig f\u00fcr den Gebrauch. Diese sind vorgeklebt\u00a0 \u2013 perfekt f\u00fcr ein leises Umstellen der Pedale. \u00a0 Gebrauchsanleitung: Mithilfe eines gro\u00dfen Schlitzschraubendrehers schrauben Sie das Pedalansatzst\u00fcck\u00a0(gold) ab und entfernen anschlie\u00dfend die alten\u00a0Pedalumwicklungen. Bringen Sie die neuen Pedalumwicklungen an den Pedalen an, indem Sie sie \u00fcber die Pedale gleiten lassen. Anschlie\u00dfend bringen [&hellip;]\" \/>\n<meta property=\"og:url\" content=\"https:\/\/shop.camac-harps.com\/de\/produkt\/waermeschrumpfende-teflon-pedalumhuellungen\/\" \/>\n<meta property=\"og:site_name\" content=\"Camac Harps Shop\" \/>\n<meta property=\"article:modified_time\" content=\"2024-11-07T15:01:17+00:00\" \/>\n<meta property=\"og:image\" content=\"https:\/\/shop.camac-harps.com\/wp-content\/uploads\/sites\/25\/2024\/07\/enrobtef-1.png\" \/>\n\t<meta property=\"og:image:width\" content=\"359\" \/>\n\t<meta property=\"og:image:height\" content=\"246\" \/>\n\t<meta property=\"og:image:type\" content=\"image\/png\" \/>\n<meta name=\"twitter:card\" content=\"summary_large_image\" \/>\n<meta name=\"twitter:label1\" content=\"Gesch\u00e4tzte Lesezeit\" \/>\n\t<meta name=\"twitter:data1\" content=\"1\u00a0Minute\" \/>\n<script type=\"application\/ld+json\" class=\"yoast-schema-graph\">{\"@context\":\"https:\/\/schema.org\",\"@graph\":[{\"@type\":\"WebPage\",\"@id\":\"https:\/\/shop.camac-harps.com\/de\/produkt\/waermeschrumpfende-teflon-pedalumhuellungen\/\",\"url\":\"https:\/\/shop.camac-harps.com\/de\/produkt\/waermeschrumpfende-teflon-pedalumhuellungen\/\",\"name\":\"W\u00e4rmeschrumpfende Teflon\u00ae-Pedalumwicklungen f\u00fcr Konzertharfe - Camac Harps Shop\",\"isPartOf\":{\"@id\":\"https:\/\/shop.camac-harps.com\/de\/#website\"},\"primaryImageOfPage\":{\"@id\":\"https:\/\/shop.camac-harps.com\/de\/produkt\/waermeschrumpfende-teflon-pedalumhuellungen\/#primaryimage\"},\"image\":{\"@id\":\"https:\/\/shop.camac-harps.com\/de\/produkt\/waermeschrumpfende-teflon-pedalumhuellungen\/#primaryimage\"},\"thumbnailUrl\":\"https:\/\/shop.camac-harps.com\/wp-content\/uploads\/sites\/25\/2024\/07\/enrobtef-1.png\",\"datePublished\":\"2024-07-11T08:58:37+00:00\",\"dateModified\":\"2024-11-07T15:01:17+00:00\",\"breadcrumb\":{\"@id\":\"https:\/\/shop.camac-harps.com\/de\/produkt\/waermeschrumpfende-teflon-pedalumhuellungen\/#breadcrumb\"},\"inLanguage\":\"de\",\"potentialAction\":[{\"@type\":\"ReadAction\",\"target\":[\"https:\/\/shop.camac-harps.com\/de\/produkt\/waermeschrumpfende-teflon-pedalumhuellungen\/\"]}]},{\"@type\":\"ImageObject\",\"inLanguage\":\"de\",\"@id\":\"https:\/\/shop.camac-harps.com\/de\/produkt\/waermeschrumpfende-teflon-pedalumhuellungen\/#primaryimage\",\"url\":\"https:\/\/shop.camac-harps.com\/wp-content\/uploads\/sites\/25\/2024\/07\/enrobtef-1.png\",\"contentUrl\":\"https:\/\/shop.camac-harps.com\/wp-content\/uploads\/sites\/25\/2024\/07\/enrobtef-1.png\",\"width\":359,\"height\":246,\"caption\":\"Jeu d'enrobage de p\u00e9dale\"},{\"@type\":\"BreadcrumbList\",\"@id\":\"https:\/\/shop.camac-harps.com\/de\/produkt\/waermeschrumpfende-teflon-pedalumhuellungen\/#breadcrumb\",\"itemListElement\":[{\"@type\":\"ListItem\",\"position\":1,\"name\":\"Home\",\"item\":\"https:\/\/shop.camac-harps.com\/de\/startseite\/\"},{\"@type\":\"ListItem\",\"position\":2,\"name\":\"Startseite\",\"item\":\"https:\/\/shop.camac-harps.com\/de\/startseite\/\"},{\"@type\":\"ListItem\",\"position\":3,\"name\":\"W\u00e4rmeschrumpfende Teflon\u00ae-Pedalumwicklungen f\u00fcr Konzertharfe\"}]},{\"@type\":\"WebSite\",\"@id\":\"https:\/\/shop.camac-harps.com\/de\/#website\",\"url\":\"https:\/\/shop.camac-harps.com\/de\/\",\"name\":\"Camac Harps Shop\",\"description\":\"\",\"potentialAction\":[{\"@type\":\"SearchAction\",\"target\":{\"@type\":\"EntryPoint\",\"urlTemplate\":\"https:\/\/shop.camac-harps.com\/de\/?s={search_term_string}\"},\"query-input\":{\"@type\":\"PropertyValueSpecification\",\"valueRequired\":true,\"valueName\":\"search_term_string\"}}],\"inLanguage\":\"de\"}]}<\/script>","yoast_head_json":{"title":"W\u00e4rmeschrumpfende Teflon\u00ae-Pedalumwicklungen f\u00fcr Konzertharfe - Camac Harps Shop","robots":{"index":"index","follow":"follow","max-snippet":"max-snippet:-1","max-image-preview":"max-image-preview:large","max-video-preview":"max-video-preview:-1"},"canonical":"https:\/\/shop.camac-harps.com\/de\/produkt\/waermeschrumpfende-teflon-pedalumhuellungen\/","og_locale":"de_DE","og_type":"article","og_title":"W\u00e4rmeschrumpfende Teflon\u00ae-Pedalumwicklungen f\u00fcr Konzertharfe - Camac Harps Shop","og_description":"Das Set beinhaltet 7 Pedalumwicklungen, fertig f\u00fcr den Gebrauch. Diese sind vorgeklebt\u00a0 \u2013 perfekt f\u00fcr ein leises Umstellen der Pedale. \u00a0 Gebrauchsanleitung: Mithilfe eines gro\u00dfen Schlitzschraubendrehers schrauben Sie das Pedalansatzst\u00fcck\u00a0(gold) ab und entfernen anschlie\u00dfend die alten\u00a0Pedalumwicklungen. Bringen Sie die neuen Pedalumwicklungen an den Pedalen an, indem Sie sie \u00fcber die Pedale gleiten lassen. Anschlie\u00dfend bringen [&hellip;]","og_url":"https:\/\/shop.camac-harps.com\/de\/produkt\/waermeschrumpfende-teflon-pedalumhuellungen\/","og_site_name":"Camac Harps Shop","article_modified_time":"2024-11-07T15:01:17+00:00","og_image":[{"width":359,"height":246,"url":"https:\/\/shop.camac-harps.com\/wp-content\/uploads\/sites\/25\/2024\/07\/enrobtef-1.png","type":"image\/png"}],"twitter_card":"summary_large_image","twitter_misc":{"Gesch\u00e4tzte Lesezeit":"1\u00a0Minute"},"schema":{"@context":"https:\/\/schema.org","@graph":[{"@type":"WebPage","@id":"https:\/\/shop.camac-harps.com\/de\/produkt\/waermeschrumpfende-teflon-pedalumhuellungen\/","url":"https:\/\/shop.camac-harps.com\/de\/produkt\/waermeschrumpfende-teflon-pedalumhuellungen\/","name":"W\u00e4rmeschrumpfende Teflon\u00ae-Pedalumwicklungen f\u00fcr Konzertharfe - Camac Harps Shop","isPartOf":{"@id":"https:\/\/shop.camac-harps.com\/de\/#website"},"primaryImageOfPage":{"@id":"https:\/\/shop.camac-harps.com\/de\/produkt\/waermeschrumpfende-teflon-pedalumhuellungen\/#primaryimage"},"image":{"@id":"https:\/\/shop.camac-harps.com\/de\/produkt\/waermeschrumpfende-teflon-pedalumhuellungen\/#primaryimage"},"thumbnailUrl":"https:\/\/shop.camac-harps.com\/wp-content\/uploads\/sites\/25\/2024\/07\/enrobtef-1.png","datePublished":"2024-07-11T08:58:37+00:00","dateModified":"2024-11-07T15:01:17+00:00","breadcrumb":{"@id":"https:\/\/shop.camac-harps.com\/de\/produkt\/waermeschrumpfende-teflon-pedalumhuellungen\/#breadcrumb"},"inLanguage":"de","potentialAction":[{"@type":"ReadAction","target":["https:\/\/shop.camac-harps.com\/de\/produkt\/waermeschrumpfende-teflon-pedalumhuellungen\/"]}]},{"@type":"ImageObject","inLanguage":"de","@id":"https:\/\/shop.camac-harps.com\/de\/produkt\/waermeschrumpfende-teflon-pedalumhuellungen\/#primaryimage","url":"https:\/\/shop.camac-harps.com\/wp-content\/uploads\/sites\/25\/2024\/07\/enrobtef-1.png","contentUrl":"https:\/\/shop.camac-harps.com\/wp-content\/uploads\/sites\/25\/2024\/07\/enrobtef-1.png","width":359,"height":246,"caption":"Jeu d'enrobage de p\u00e9dale"},{"@type":"BreadcrumbList","@id":"https:\/\/shop.camac-harps.com\/de\/produkt\/waermeschrumpfende-teflon-pedalumhuellungen\/#breadcrumb","itemListElement":[{"@type":"ListItem","position":1,"name":"Home","item":"https:\/\/shop.camac-harps.com\/de\/startseite\/"},{"@type":"ListItem","position":2,"name":"Startseite","item":"https:\/\/shop.camac-harps.com\/de\/startseite\/"},{"@type":"ListItem","position":3,"name":"W\u00e4rmeschrumpfende Teflon\u00ae-Pedalumwicklungen f\u00fcr Konzertharfe"}]},{"@type":"WebSite","@id":"https:\/\/shop.camac-harps.com\/de\/#website","url":"https:\/\/shop.camac-harps.com\/de\/","name":"Camac Harps Shop","description":"","potentialAction":[{"@type":"SearchAction","target":{"@type":"EntryPoint","urlTemplate":"https:\/\/shop.camac-harps.com\/de\/?s={search_term_string}"},"query-input":{"@type":"PropertyValueSpecification","valueRequired":true,"valueName":"search_term_string"}}],"inLanguage":"de"}]}},"_links":{"self":[{"href":"https:\/\/shop.camac-harps.com\/de\/wp-json\/wp\/v2\/product\/62064","targetHints":{"allow":["GET"]}}],"collection":[{"href":"https:\/\/shop.camac-harps.com\/de\/wp-json\/wp\/v2\/product"}],"about":[{"href":"https:\/\/shop.camac-harps.com\/de\/wp-json\/wp\/v2\/types\/product"}],"replies":[{"embeddable":true,"href":"https:\/\/shop.camac-harps.com\/de\/wp-json\/wp\/v2\/comments?post=62064"}],"wp:featuredmedia":[{"embeddable":true,"href":"https:\/\/shop.camac-harps.com\/de\/wp-json\/wp\/v2\/media\/62061"}],"wp:attachment":[{"href":"https:\/\/shop.camac-harps.com\/de\/wp-json\/wp\/v2\/media?parent=62064"}],"wp:term":[{"taxonomy":"product_brand","embeddable":true,"href":"https:\/\/shop.camac-harps.com\/de\/wp-json\/wp\/v2\/product_brand?post=62064"},{"taxonomy":"product_cat","embeddable":true,"href":"https:\/\/shop.camac-harps.com\/de\/wp-json\/wp\/v2\/product_cat?post=62064"},{"taxonomy":"product_tag","embeddable":true,"href":"https:\/\/shop.camac-harps.com\/de\/wp-json\/wp\/v2\/product_tag?post=62064"}],"curies":[{"name":"wp","href":"https:\/\/api.w.org\/{rel}","templated":true}]}}