{"id":62176,"date":"2024-07-17T14:32:37","date_gmt":"2024-07-17T14:32:37","guid":{"rendered":"https:\/\/shop.camac-harps.com\/product\/petit-volta-ghislaine-trio-antara-concert-pour-debussy\/"},"modified":"2024-07-17T14:32:37","modified_gmt":"2024-07-17T14:32:37","slug":"petit-volta-ghislaine-trio-antara-concert-pour-debussy","status":"publish","type":"product","link":"https:\/\/shop.camac-harps.com\/de\/produkt\/petit-volta-ghislaine-trio-antara-concert-pour-debussy\/","title":{"rendered":"PETIT-VOLTA Ghislaine &#038; Trio Antara : Concert pour Debussy"},"content":{"rendered":"<p>Barockkultur und Claude Debussy: Begegnung mit dem Trio Antara!<br \/>\nDas Projekt \u201eConcert pour Debussy\u201c ist das Ergebnis einer mehrj\u00e4hrigen Zusammenarbeit zwischen dem Trio Antara (Emmanuelle Oph\u00e8le an der Fl\u00f6te, Audile Auboin an der Viola, Ghislaine Petit-Volta an der Harfe) und dem Komponisten Beno\u00eet Sitzia. Diese Aufnahme beleuchtet die gr\u00fcndliche Arbeit an Debussys Sonate f\u00fcr Fl\u00f6te, Viola und Harfe. Sie erforscht auch die tiefere Bedeutung des unvollendeten Zyklus der Sechs Sonaten f\u00fcr verschiedene Instrumente, die zwischen 1915 und 1917 entstanden sind. Die Sonate f\u00fcr Fl\u00f6te, Viola und Harfe, ein wahres Laboratorium von Debussys Denken und Poetik, hat zur Bekanntheit dieser Kammermusikformation beigetragen. Das Projekt dreht sich um die Idee des barocken \u201eKonzerts\u201c mit seinen namentlichen und imagin\u00e4ren Hommagen, als Echo auf Debussys poetische Visionen seiner Zeitgenossen.<\/p>\n","protected":false},"excerpt":{"rendered":"<p>Barockkultur und Claude Debussy: Begegnung mit dem Trio Antara! Das Projekt \u201eConcert pour Debussy\u201c ist das Ergebnis einer mehrj\u00e4hrigen Zusammenarbeit zwischen dem Trio Antara (Emmanuelle Oph\u00e8le an der Fl\u00f6te, Audile Auboin an der Viola, Ghislaine Petit-Volta an der Harfe) und dem Komponisten Beno\u00eet Sitzia. Diese Aufnahme beleuchtet die gr\u00fcndliche Arbeit an Debussys Sonate f\u00fcr Fl\u00f6te, [&hellip;]<\/p>\n","protected":false},"featured_media":62172,"comment_status":"open","ping_status":"closed","template":"","meta":{"_acf_changed":false},"product_brand":[],"product_cat":[368,98],"product_tag":[],"class_list":{"0":"post-62176","1":"product","2":"type-product","3":"status-publish","4":"has-post-thumbnail","6":"product_cat-cd-cds-dvds","7":"product_cat-cds-dvds","9":"first","10":"instock","11":"taxable","12":"shipping-taxable","13":"purchasable","14":"product-type-simple"},"acf":[],"yoast_head":"<title>PETIT-VOLTA Ghislaine &amp; Trio Antara : Concert pour Debussy - Camac Harps Shop<\/title>\n<meta name=\"description\" content=\"Disponible \u00e0 la vente sur la boutique en ligne des Harpes Camac. Exp\u00e9dition dans le monde entier depuis la France.\" \/>\n<meta name=\"robots\" content=\"index, follow, max-snippet:-1, max-image-preview:large, max-video-preview:-1\" \/>\n<link rel=\"canonical\" href=\"https:\/\/shop.camac-harps.com\/de\/produkt\/petit-volta-ghislaine-trio-antara-concert-pour-debussy\/\" \/>\n<meta property=\"og:locale\" content=\"de_DE\" \/>\n<meta property=\"og:type\" content=\"article\" \/>\n<meta property=\"og:title\" content=\"PETIT-VOLTA Ghislaine &amp; Trio Antara : Concert pour Debussy - Camac Harps Shop\" \/>\n<meta property=\"og:description\" content=\"Disponible \u00e0 la vente sur la boutique en ligne des Harpes Camac. Exp\u00e9dition dans le monde entier depuis la France.\" \/>\n<meta property=\"og:url\" content=\"https:\/\/shop.camac-harps.com\/de\/produkt\/petit-volta-ghislaine-trio-antara-concert-pour-debussy\/\" \/>\n<meta property=\"og:site_name\" content=\"Camac Harps Shop\" \/>\n<meta property=\"og:image\" content=\"https:\/\/shop.camac-harps.com\/wp-content\/uploads\/sites\/25\/2024\/07\/cdpag02-1.jpg\" \/>\n\t<meta property=\"og:image:width\" content=\"916\" \/>\n\t<meta property=\"og:image:height\" content=\"915\" \/>\n\t<meta property=\"og:image:type\" content=\"image\/jpeg\" \/>\n<meta name=\"twitter:card\" content=\"summary_large_image\" \/>\n<meta name=\"twitter:label1\" content=\"Gesch\u00e4tzte Lesezeit\" \/>\n\t<meta name=\"twitter:data1\" content=\"1\u00a0Minute\" \/>\n<script type=\"application\/ld+json\" class=\"yoast-schema-graph\">{\"@context\":\"https:\/\/schema.org\",\"@graph\":[{\"@type\":\"WebPage\",\"@id\":\"https:\/\/shop.camac-harps.com\/de\/produkt\/petit-volta-ghislaine-trio-antara-concert-pour-debussy\/\",\"url\":\"https:\/\/shop.camac-harps.com\/de\/produkt\/petit-volta-ghislaine-trio-antara-concert-pour-debussy\/\",\"name\":\"PETIT-VOLTA Ghislaine & Trio Antara : Concert pour Debussy - Camac Harps Shop\",\"isPartOf\":{\"@id\":\"https:\/\/shop.camac-harps.com\/de\/#website\"},\"primaryImageOfPage\":{\"@id\":\"https:\/\/shop.camac-harps.com\/de\/produkt\/petit-volta-ghislaine-trio-antara-concert-pour-debussy\/#primaryimage\"},\"image\":{\"@id\":\"https:\/\/shop.camac-harps.com\/de\/produkt\/petit-volta-ghislaine-trio-antara-concert-pour-debussy\/#primaryimage\"},\"thumbnailUrl\":\"https:\/\/shop.camac-harps.com\/wp-content\/uploads\/sites\/25\/2024\/07\/cdpag02-1.jpg\",\"datePublished\":\"2024-07-17T14:32:37+00:00\",\"description\":\"Disponible \u00e0 la vente sur la boutique en ligne des Harpes Camac. Exp\u00e9dition dans le monde entier depuis la France.\",\"breadcrumb\":{\"@id\":\"https:\/\/shop.camac-harps.com\/de\/produkt\/petit-volta-ghislaine-trio-antara-concert-pour-debussy\/#breadcrumb\"},\"inLanguage\":\"de\",\"potentialAction\":[{\"@type\":\"ReadAction\",\"target\":[\"https:\/\/shop.camac-harps.com\/de\/produkt\/petit-volta-ghislaine-trio-antara-concert-pour-debussy\/\"]}]},{\"@type\":\"ImageObject\",\"inLanguage\":\"de\",\"@id\":\"https:\/\/shop.camac-harps.com\/de\/produkt\/petit-volta-ghislaine-trio-antara-concert-pour-debussy\/#primaryimage\",\"url\":\"https:\/\/shop.camac-harps.com\/wp-content\/uploads\/sites\/25\/2024\/07\/cdpag02-1.jpg\",\"contentUrl\":\"https:\/\/shop.camac-harps.com\/wp-content\/uploads\/sites\/25\/2024\/07\/cdpag02-1.jpg\",\"width\":916,\"height\":915,\"caption\":\"TRIO ANTARA : Concert pour Debussy\"},{\"@type\":\"BreadcrumbList\",\"@id\":\"https:\/\/shop.camac-harps.com\/de\/produkt\/petit-volta-ghislaine-trio-antara-concert-pour-debussy\/#breadcrumb\",\"itemListElement\":[{\"@type\":\"ListItem\",\"position\":1,\"name\":\"Home\",\"item\":\"https:\/\/shop.camac-harps.com\/de\/startseite\/\"},{\"@type\":\"ListItem\",\"position\":2,\"name\":\"Startseite\",\"item\":\"https:\/\/shop.camac-harps.com\/de\/startseite\/\"},{\"@type\":\"ListItem\",\"position\":3,\"name\":\"PETIT-VOLTA Ghislaine &#038; Trio Antara : Concert pour Debussy\"}]},{\"@type\":\"WebSite\",\"@id\":\"https:\/\/shop.camac-harps.com\/de\/#website\",\"url\":\"https:\/\/shop.camac-harps.com\/de\/\",\"name\":\"Camac Harps Shop\",\"description\":\"\",\"potentialAction\":[{\"@type\":\"SearchAction\",\"target\":{\"@type\":\"EntryPoint\",\"urlTemplate\":\"https:\/\/shop.camac-harps.com\/de\/?s={search_term_string}\"},\"query-input\":{\"@type\":\"PropertyValueSpecification\",\"valueRequired\":true,\"valueName\":\"search_term_string\"}}],\"inLanguage\":\"de\"}]}<\/script>","yoast_head_json":{"title":"PETIT-VOLTA Ghislaine & Trio Antara : Concert pour Debussy - Camac Harps Shop","description":"Disponible \u00e0 la vente sur la boutique en ligne des Harpes Camac. Exp\u00e9dition dans le monde entier depuis la France.","robots":{"index":"index","follow":"follow","max-snippet":"max-snippet:-1","max-image-preview":"max-image-preview:large","max-video-preview":"max-video-preview:-1"},"canonical":"https:\/\/shop.camac-harps.com\/de\/produkt\/petit-volta-ghislaine-trio-antara-concert-pour-debussy\/","og_locale":"de_DE","og_type":"article","og_title":"PETIT-VOLTA Ghislaine & Trio Antara : Concert pour Debussy - Camac Harps Shop","og_description":"Disponible \u00e0 la vente sur la boutique en ligne des Harpes Camac. Exp\u00e9dition dans le monde entier depuis la France.","og_url":"https:\/\/shop.camac-harps.com\/de\/produkt\/petit-volta-ghislaine-trio-antara-concert-pour-debussy\/","og_site_name":"Camac Harps Shop","og_image":[{"width":916,"height":915,"url":"https:\/\/shop.camac-harps.com\/wp-content\/uploads\/sites\/25\/2024\/07\/cdpag02-1.jpg","type":"image\/jpeg"}],"twitter_card":"summary_large_image","twitter_misc":{"Gesch\u00e4tzte Lesezeit":"1\u00a0Minute"},"schema":{"@context":"https:\/\/schema.org","@graph":[{"@type":"WebPage","@id":"https:\/\/shop.camac-harps.com\/de\/produkt\/petit-volta-ghislaine-trio-antara-concert-pour-debussy\/","url":"https:\/\/shop.camac-harps.com\/de\/produkt\/petit-volta-ghislaine-trio-antara-concert-pour-debussy\/","name":"PETIT-VOLTA Ghislaine & Trio Antara : Concert pour Debussy - Camac Harps Shop","isPartOf":{"@id":"https:\/\/shop.camac-harps.com\/de\/#website"},"primaryImageOfPage":{"@id":"https:\/\/shop.camac-harps.com\/de\/produkt\/petit-volta-ghislaine-trio-antara-concert-pour-debussy\/#primaryimage"},"image":{"@id":"https:\/\/shop.camac-harps.com\/de\/produkt\/petit-volta-ghislaine-trio-antara-concert-pour-debussy\/#primaryimage"},"thumbnailUrl":"https:\/\/shop.camac-harps.com\/wp-content\/uploads\/sites\/25\/2024\/07\/cdpag02-1.jpg","datePublished":"2024-07-17T14:32:37+00:00","description":"Disponible \u00e0 la vente sur la boutique en ligne des Harpes Camac. Exp\u00e9dition dans le monde entier depuis la France.","breadcrumb":{"@id":"https:\/\/shop.camac-harps.com\/de\/produkt\/petit-volta-ghislaine-trio-antara-concert-pour-debussy\/#breadcrumb"},"inLanguage":"de","potentialAction":[{"@type":"ReadAction","target":["https:\/\/shop.camac-harps.com\/de\/produkt\/petit-volta-ghislaine-trio-antara-concert-pour-debussy\/"]}]},{"@type":"ImageObject","inLanguage":"de","@id":"https:\/\/shop.camac-harps.com\/de\/produkt\/petit-volta-ghislaine-trio-antara-concert-pour-debussy\/#primaryimage","url":"https:\/\/shop.camac-harps.com\/wp-content\/uploads\/sites\/25\/2024\/07\/cdpag02-1.jpg","contentUrl":"https:\/\/shop.camac-harps.com\/wp-content\/uploads\/sites\/25\/2024\/07\/cdpag02-1.jpg","width":916,"height":915,"caption":"TRIO ANTARA : Concert pour Debussy"},{"@type":"BreadcrumbList","@id":"https:\/\/shop.camac-harps.com\/de\/produkt\/petit-volta-ghislaine-trio-antara-concert-pour-debussy\/#breadcrumb","itemListElement":[{"@type":"ListItem","position":1,"name":"Home","item":"https:\/\/shop.camac-harps.com\/de\/startseite\/"},{"@type":"ListItem","position":2,"name":"Startseite","item":"https:\/\/shop.camac-harps.com\/de\/startseite\/"},{"@type":"ListItem","position":3,"name":"PETIT-VOLTA Ghislaine &#038; Trio Antara : Concert pour Debussy"}]},{"@type":"WebSite","@id":"https:\/\/shop.camac-harps.com\/de\/#website","url":"https:\/\/shop.camac-harps.com\/de\/","name":"Camac Harps Shop","description":"","potentialAction":[{"@type":"SearchAction","target":{"@type":"EntryPoint","urlTemplate":"https:\/\/shop.camac-harps.com\/de\/?s={search_term_string}"},"query-input":{"@type":"PropertyValueSpecification","valueRequired":true,"valueName":"search_term_string"}}],"inLanguage":"de"}]}},"_links":{"self":[{"href":"https:\/\/shop.camac-harps.com\/de\/wp-json\/wp\/v2\/product\/62176","targetHints":{"allow":["GET"]}}],"collection":[{"href":"https:\/\/shop.camac-harps.com\/de\/wp-json\/wp\/v2\/product"}],"about":[{"href":"https:\/\/shop.camac-harps.com\/de\/wp-json\/wp\/v2\/types\/product"}],"replies":[{"embeddable":true,"href":"https:\/\/shop.camac-harps.com\/de\/wp-json\/wp\/v2\/comments?post=62176"}],"wp:featuredmedia":[{"embeddable":true,"href":"https:\/\/shop.camac-harps.com\/de\/wp-json\/wp\/v2\/media\/62172"}],"wp:attachment":[{"href":"https:\/\/shop.camac-harps.com\/de\/wp-json\/wp\/v2\/media?parent=62176"}],"wp:term":[{"taxonomy":"product_brand","embeddable":true,"href":"https:\/\/shop.camac-harps.com\/de\/wp-json\/wp\/v2\/product_brand?post=62176"},{"taxonomy":"product_cat","embeddable":true,"href":"https:\/\/shop.camac-harps.com\/de\/wp-json\/wp\/v2\/product_cat?post=62176"},{"taxonomy":"product_tag","embeddable":true,"href":"https:\/\/shop.camac-harps.com\/de\/wp-json\/wp\/v2\/product_tag?post=62176"}],"curies":[{"name":"wp","href":"https:\/\/api.w.org\/{rel}","templated":true}]}}