{"id":65050,"date":"2024-12-05T13:01:07","date_gmt":"2024-12-05T13:01:07","guid":{"rendered":"https:\/\/shop.camac-harps.com\/product\/corbel-cecile-graal\/"},"modified":"2024-12-05T13:01:07","modified_gmt":"2024-12-05T13:01:07","slug":"corbel-cecile-graal","status":"publish","type":"product","link":"https:\/\/shop.camac-harps.com\/de\/produkt\/corbel-cecile-graal\/","title":{"rendered":"CORBEL C\u00e9cile : Graal"},"content":{"rendered":"<div>\n<p>\u201eGraal\u201c NEUES ALBUM von C\u00e9cile Corbel<br \/>\nBuch-CD Format 17x24cm Hardcover<br \/>\n54 Farbseiten mit einem Notizbuch mit Zeichnungen der K\u00fcnstlerin* und den Texten der Lieder<br \/>\nCD mit 12 Original-Songs<\/p>\n<p>1. Demoiselle (La Ballade de Viviane)<br \/>\n2. Morgane<br \/>\n3. Folle Pens\u00e9e (Merlin)<br \/>\n4. Tristan &amp; Yseult<br \/>\n5. Le Roi s\u2019en va Chasser<br \/>\n6. Le Roi P\u00eacheur<br \/>\n7. Trois Gouttes de Sang (Perceval)<br \/>\n8. Dans les Yeux de ma Belle (Lancelot)<br \/>\n9. Arthur<\/p>\n<\/div>\n<div>10. Une Reine<br \/>\n11. Le Roi des F\u00e9es<br \/>\n12. La Porte est en Dedans<\/div>\n","protected":false},"excerpt":{"rendered":"<p>\u201eGraal\u201c NEUES ALBUM von C\u00e9cile Corbel Buch-CD Format 17x24cm Hardcover 54 Farbseiten mit einem Notizbuch mit Zeichnungen der K\u00fcnstlerin* und den Texten der Lieder CD mit 12 Original-Songs 1. Demoiselle (La Ballade de Viviane) 2. Morgane 3. Folle Pens\u00e9e (Merlin) 4. Tristan &amp; Yseult 5. Le Roi s\u2019en va Chasser 6. Le Roi P\u00eacheur 7. [&hellip;]<\/p>\n","protected":false},"featured_media":65047,"comment_status":"open","ping_status":"closed","template":"","meta":{"_acf_changed":false},"product_brand":[],"product_cat":[368,98],"product_tag":[],"class_list":{"0":"post-65050","1":"product","2":"type-product","3":"status-publish","4":"has-post-thumbnail","6":"product_cat-cd-cds-dvds","7":"product_cat-cds-dvds","9":"first","10":"instock","11":"taxable","12":"shipping-taxable","13":"purchasable","14":"product-type-simple"},"acf":[],"yoast_head":"<title>CORBEL C\u00e9cile : Graal - Camac Harps Shop<\/title>\n<meta name=\"description\" content=\"Boutique en ligne des Harpes Camac. Disponible \u00e0 la vente sur la boutique en ligne des Harpes Camac. Exp\u00e9dition dans le monde entier depuis la France.\" \/>\n<meta name=\"robots\" content=\"index, follow, max-snippet:-1, max-image-preview:large, max-video-preview:-1\" \/>\n<link rel=\"canonical\" href=\"https:\/\/shop.camac-harps.com\/de\/produkt\/corbel-cecile-graal\/\" \/>\n<meta property=\"og:locale\" content=\"de_DE\" \/>\n<meta property=\"og:type\" content=\"article\" \/>\n<meta property=\"og:title\" content=\"CORBEL C\u00e9cile : Graal - Camac Harps Shop\" \/>\n<meta property=\"og:description\" content=\"Boutique en ligne des Harpes Camac. Disponible \u00e0 la vente sur la boutique en ligne des Harpes Camac. Exp\u00e9dition dans le monde entier depuis la France.\" \/>\n<meta property=\"og:url\" content=\"https:\/\/shop.camac-harps.com\/de\/produkt\/corbel-cecile-graal\/\" \/>\n<meta property=\"og:site_name\" content=\"Camac Harps Shop\" \/>\n<meta property=\"og:image\" content=\"https:\/\/shop.camac-harps.com\/wp-content\/uploads\/sites\/25\/2024\/12\/cdclc01-1.jpg\" \/>\n\t<meta property=\"og:image:width\" content=\"845\" \/>\n\t<meta property=\"og:image:height\" content=\"1200\" \/>\n\t<meta property=\"og:image:type\" content=\"image\/jpeg\" \/>\n<meta name=\"twitter:card\" content=\"summary_large_image\" \/>\n<script type=\"application\/ld+json\" class=\"yoast-schema-graph\">{\"@context\":\"https:\/\/schema.org\",\"@graph\":[{\"@type\":\"WebPage\",\"@id\":\"https:\/\/shop.camac-harps.com\/de\/produkt\/corbel-cecile-graal\/\",\"url\":\"https:\/\/shop.camac-harps.com\/de\/produkt\/corbel-cecile-graal\/\",\"name\":\"CORBEL C\u00e9cile : Graal - Camac Harps Shop\",\"isPartOf\":{\"@id\":\"https:\/\/shop.camac-harps.com\/de\/#website\"},\"primaryImageOfPage\":{\"@id\":\"https:\/\/shop.camac-harps.com\/de\/produkt\/corbel-cecile-graal\/#primaryimage\"},\"image\":{\"@id\":\"https:\/\/shop.camac-harps.com\/de\/produkt\/corbel-cecile-graal\/#primaryimage\"},\"thumbnailUrl\":\"https:\/\/shop.camac-harps.com\/wp-content\/uploads\/sites\/25\/2024\/12\/cdclc01-1.jpg\",\"datePublished\":\"2024-12-05T13:01:07+00:00\",\"description\":\"Boutique en ligne des Harpes Camac. Disponible \u00e0 la vente sur la boutique en ligne des Harpes Camac. Exp\u00e9dition dans le monde entier depuis la France.\",\"breadcrumb\":{\"@id\":\"https:\/\/shop.camac-harps.com\/de\/produkt\/corbel-cecile-graal\/#breadcrumb\"},\"inLanguage\":\"de\",\"potentialAction\":[{\"@type\":\"ReadAction\",\"target\":[\"https:\/\/shop.camac-harps.com\/de\/produkt\/corbel-cecile-graal\/\"]}]},{\"@type\":\"ImageObject\",\"inLanguage\":\"de\",\"@id\":\"https:\/\/shop.camac-harps.com\/de\/produkt\/corbel-cecile-graal\/#primaryimage\",\"url\":\"https:\/\/shop.camac-harps.com\/wp-content\/uploads\/sites\/25\/2024\/12\/cdclc01-1.jpg\",\"contentUrl\":\"https:\/\/shop.camac-harps.com\/wp-content\/uploads\/sites\/25\/2024\/12\/cdclc01-1.jpg\",\"width\":845,\"height\":1200},{\"@type\":\"BreadcrumbList\",\"@id\":\"https:\/\/shop.camac-harps.com\/de\/produkt\/corbel-cecile-graal\/#breadcrumb\",\"itemListElement\":[{\"@type\":\"ListItem\",\"position\":1,\"name\":\"Home\",\"item\":\"https:\/\/shop.camac-harps.com\/de\/startseite\/\"},{\"@type\":\"ListItem\",\"position\":2,\"name\":\"Startseite\",\"item\":\"https:\/\/shop.camac-harps.com\/de\/startseite\/\"},{\"@type\":\"ListItem\",\"position\":3,\"name\":\"CORBEL C\u00e9cile : Graal\"}]},{\"@type\":\"WebSite\",\"@id\":\"https:\/\/shop.camac-harps.com\/de\/#website\",\"url\":\"https:\/\/shop.camac-harps.com\/de\/\",\"name\":\"Camac Harps Shop\",\"description\":\"\",\"potentialAction\":[{\"@type\":\"SearchAction\",\"target\":{\"@type\":\"EntryPoint\",\"urlTemplate\":\"https:\/\/shop.camac-harps.com\/de\/?s={search_term_string}\"},\"query-input\":{\"@type\":\"PropertyValueSpecification\",\"valueRequired\":true,\"valueName\":\"search_term_string\"}}],\"inLanguage\":\"de\"}]}<\/script>","yoast_head_json":{"title":"CORBEL C\u00e9cile : Graal - Camac Harps Shop","description":"Boutique en ligne des Harpes Camac. Disponible \u00e0 la vente sur la boutique en ligne des Harpes Camac. Exp\u00e9dition dans le monde entier depuis la France.","robots":{"index":"index","follow":"follow","max-snippet":"max-snippet:-1","max-image-preview":"max-image-preview:large","max-video-preview":"max-video-preview:-1"},"canonical":"https:\/\/shop.camac-harps.com\/de\/produkt\/corbel-cecile-graal\/","og_locale":"de_DE","og_type":"article","og_title":"CORBEL C\u00e9cile : Graal - Camac Harps Shop","og_description":"Boutique en ligne des Harpes Camac. Disponible \u00e0 la vente sur la boutique en ligne des Harpes Camac. Exp\u00e9dition dans le monde entier depuis la France.","og_url":"https:\/\/shop.camac-harps.com\/de\/produkt\/corbel-cecile-graal\/","og_site_name":"Camac Harps Shop","og_image":[{"width":845,"height":1200,"url":"https:\/\/shop.camac-harps.com\/wp-content\/uploads\/sites\/25\/2024\/12\/cdclc01-1.jpg","type":"image\/jpeg"}],"twitter_card":"summary_large_image","schema":{"@context":"https:\/\/schema.org","@graph":[{"@type":"WebPage","@id":"https:\/\/shop.camac-harps.com\/de\/produkt\/corbel-cecile-graal\/","url":"https:\/\/shop.camac-harps.com\/de\/produkt\/corbel-cecile-graal\/","name":"CORBEL C\u00e9cile : Graal - Camac Harps Shop","isPartOf":{"@id":"https:\/\/shop.camac-harps.com\/de\/#website"},"primaryImageOfPage":{"@id":"https:\/\/shop.camac-harps.com\/de\/produkt\/corbel-cecile-graal\/#primaryimage"},"image":{"@id":"https:\/\/shop.camac-harps.com\/de\/produkt\/corbel-cecile-graal\/#primaryimage"},"thumbnailUrl":"https:\/\/shop.camac-harps.com\/wp-content\/uploads\/sites\/25\/2024\/12\/cdclc01-1.jpg","datePublished":"2024-12-05T13:01:07+00:00","description":"Boutique en ligne des Harpes Camac. Disponible \u00e0 la vente sur la boutique en ligne des Harpes Camac. Exp\u00e9dition dans le monde entier depuis la France.","breadcrumb":{"@id":"https:\/\/shop.camac-harps.com\/de\/produkt\/corbel-cecile-graal\/#breadcrumb"},"inLanguage":"de","potentialAction":[{"@type":"ReadAction","target":["https:\/\/shop.camac-harps.com\/de\/produkt\/corbel-cecile-graal\/"]}]},{"@type":"ImageObject","inLanguage":"de","@id":"https:\/\/shop.camac-harps.com\/de\/produkt\/corbel-cecile-graal\/#primaryimage","url":"https:\/\/shop.camac-harps.com\/wp-content\/uploads\/sites\/25\/2024\/12\/cdclc01-1.jpg","contentUrl":"https:\/\/shop.camac-harps.com\/wp-content\/uploads\/sites\/25\/2024\/12\/cdclc01-1.jpg","width":845,"height":1200},{"@type":"BreadcrumbList","@id":"https:\/\/shop.camac-harps.com\/de\/produkt\/corbel-cecile-graal\/#breadcrumb","itemListElement":[{"@type":"ListItem","position":1,"name":"Home","item":"https:\/\/shop.camac-harps.com\/de\/startseite\/"},{"@type":"ListItem","position":2,"name":"Startseite","item":"https:\/\/shop.camac-harps.com\/de\/startseite\/"},{"@type":"ListItem","position":3,"name":"CORBEL C\u00e9cile : Graal"}]},{"@type":"WebSite","@id":"https:\/\/shop.camac-harps.com\/de\/#website","url":"https:\/\/shop.camac-harps.com\/de\/","name":"Camac Harps Shop","description":"","potentialAction":[{"@type":"SearchAction","target":{"@type":"EntryPoint","urlTemplate":"https:\/\/shop.camac-harps.com\/de\/?s={search_term_string}"},"query-input":{"@type":"PropertyValueSpecification","valueRequired":true,"valueName":"search_term_string"}}],"inLanguage":"de"}]}},"_links":{"self":[{"href":"https:\/\/shop.camac-harps.com\/de\/wp-json\/wp\/v2\/product\/65050","targetHints":{"allow":["GET"]}}],"collection":[{"href":"https:\/\/shop.camac-harps.com\/de\/wp-json\/wp\/v2\/product"}],"about":[{"href":"https:\/\/shop.camac-harps.com\/de\/wp-json\/wp\/v2\/types\/product"}],"replies":[{"embeddable":true,"href":"https:\/\/shop.camac-harps.com\/de\/wp-json\/wp\/v2\/comments?post=65050"}],"wp:featuredmedia":[{"embeddable":true,"href":"https:\/\/shop.camac-harps.com\/de\/wp-json\/wp\/v2\/media\/65047"}],"wp:attachment":[{"href":"https:\/\/shop.camac-harps.com\/de\/wp-json\/wp\/v2\/media?parent=65050"}],"wp:term":[{"taxonomy":"product_brand","embeddable":true,"href":"https:\/\/shop.camac-harps.com\/de\/wp-json\/wp\/v2\/product_brand?post=65050"},{"taxonomy":"product_cat","embeddable":true,"href":"https:\/\/shop.camac-harps.com\/de\/wp-json\/wp\/v2\/product_cat?post=65050"},{"taxonomy":"product_tag","embeddable":true,"href":"https:\/\/shop.camac-harps.com\/de\/wp-json\/wp\/v2\/product_tag?post=65050"}],"curies":[{"name":"wp","href":"https:\/\/api.w.org\/{rel}","templated":true}]}}