{"id":65280,"date":"2020-06-22T21:02:27","date_gmt":"2020-06-22T21:02:27","guid":{"rendered":"https:\/\/shop.camac-harps.com\/product\/dvorak-antonin-danse-slave-op-72-n-2-transkription-von-barbora-placha\/"},"modified":"2020-06-22T21:02:27","modified_gmt":"2020-06-22T21:02:27","slug":"dvorak-antonin-danse-slave-op-72-n-2-transkription-von-barbora-placha","status":"publish","type":"product","link":"https:\/\/shop.camac-harps.com\/de\/produkt\/dvorak-antonin-danse-slave-op-72-n-2-transkription-von-barbora-placha\/","title":{"rendered":"DVORAK Anton\u00edn : Danse slave op. 72 n\u00b0 2, Transkription von Barbora PLACHA"},"content":{"rendered":"<p>Anton\u00edn Dvo\u0159\u00e1k lie\u00df tschechische Volkselemente in seine Musik einflie\u00dfen, und die Slawischen T\u00e4nze geh\u00f6ren zu den ber\u00fchmtesten Beispielen. Es war Brahms, der, beeindruckt von Dvo\u0159\u00e1k, ihn seinem Verleger Simrock empfahl. Simrock, der wusste, dass Brahms&#8216; Ungarische T\u00e4nze sich gut verkauft hatten, gab 1878 bei Dvo\u0159\u00e1k die erste Folge der Slawischen T\u00e4nze (op. 46) in Auftrag. Sie waren so erfolgreich, dass Dvo\u0159\u00e1k fast \u00fcber Nacht ber\u00fchmt wurde. Die zweite Folge der Slawischen T\u00e4nze op. 72 folgte 1886. Wie Brahms die Ungarischen T\u00e4nze, so orchestrierte Dvo\u0159\u00e1k auch diese beiden T\u00e4nze, wobei er einen interessanten Weg von der volkst\u00fcmlichen Quelle zum orchestralen Show-Stopper beschritt.<\/p>\n<p>Op. 72 wird von Melodien aus den slawischen Nachbarl\u00e4ndern dominiert und ist lyrischer und nachdenklicher als das \u00fcberschw\u00e4ngliche op. 46. Die Melodie des zweiten Tanzes taucht sieben Jahre sp\u00e4ter im American String Quartet wieder auf.<\/p>\n","protected":false},"excerpt":{"rendered":"<p>Anton\u00edn Dvo\u0159\u00e1k lie\u00df tschechische Volkselemente in seine Musik einflie\u00dfen, und die Slawischen T\u00e4nze geh\u00f6ren zu den ber\u00fchmtesten Beispielen. Es war Brahms, der, beeindruckt von Dvo\u0159\u00e1k, ihn seinem Verleger Simrock empfahl. Simrock, der wusste, dass Brahms&#8216; Ungarische T\u00e4nze sich gut verkauft hatten, gab 1878 bei Dvo\u0159\u00e1k die erste Folge der Slawischen T\u00e4nze (op. 46) in Auftrag. [&hellip;]<\/p>\n","protected":false},"featured_media":29938,"comment_status":"open","ping_status":"closed","template":"","meta":{"_acf_changed":false},"product_brand":[],"product_cat":[35,47],"product_tag":[],"class_list":{"0":"post-65280","1":"product","2":"type-product","3":"status-publish","4":"has-post-thumbnail","6":"product_cat-harfennoten","7":"product_cat-solostucke-fur-pedalharfe","9":"first","10":"outofstock","11":"taxable","12":"shipping-taxable","13":"purchasable","14":"product-type-simple"},"acf":[],"yoast_head":"<title>DVORAK Anton\u00edn : Danse slave op. 72 n\u00b0 2, Transkription von Barbora PLACHA - Camac Harps Shop<\/title>\n<meta name=\"robots\" content=\"index, follow, max-snippet:-1, max-image-preview:large, max-video-preview:-1\" \/>\n<link rel=\"canonical\" href=\"https:\/\/shop.camac-harps.com\/de\/produkt\/dvorak-antonin-danse-slave-op-72-n-2-transkription-von-barbora-placha\/\" \/>\n<meta property=\"og:locale\" content=\"de_DE\" \/>\n<meta property=\"og:type\" content=\"article\" \/>\n<meta property=\"og:title\" content=\"DVORAK Anton\u00edn : Danse slave op. 72 n\u00b0 2, Transkription von Barbora PLACHA - Camac Harps Shop\" \/>\n<meta property=\"og:description\" content=\"Anton\u00edn Dvo\u0159\u00e1k lie\u00df tschechische Volkselemente in seine Musik einflie\u00dfen, und die Slawischen T\u00e4nze geh\u00f6ren zu den ber\u00fchmtesten Beispielen. Es war Brahms, der, beeindruckt von Dvo\u0159\u00e1k, ihn seinem Verleger Simrock empfahl. Simrock, der wusste, dass Brahms&#8216; Ungarische T\u00e4nze sich gut verkauft hatten, gab 1878 bei Dvo\u0159\u00e1k die erste Folge der Slawischen T\u00e4nze (op. 46) in Auftrag. [&hellip;]\" \/>\n<meta property=\"og:url\" content=\"https:\/\/shop.camac-harps.com\/de\/produkt\/dvorak-antonin-danse-slave-op-72-n-2-transkription-von-barbora-placha\/\" \/>\n<meta property=\"og:site_name\" content=\"Camac Harps Shop\" \/>\n<meta property=\"og:image\" content=\"https:\/\/shop.camac-harps.com\/wp-content\/uploads\/sites\/25\/2020\/06\/dan04-scaled.jpg\" \/>\n\t<meta property=\"og:image:width\" content=\"1803\" \/>\n\t<meta property=\"og:image:height\" content=\"2560\" \/>\n\t<meta property=\"og:image:type\" content=\"image\/jpeg\" \/>\n<meta name=\"twitter:card\" content=\"summary_large_image\" \/>\n<meta name=\"twitter:label1\" content=\"Gesch\u00e4tzte Lesezeit\" \/>\n\t<meta name=\"twitter:data1\" content=\"1\u00a0Minute\" \/>\n<script type=\"application\/ld+json\" class=\"yoast-schema-graph\">{\"@context\":\"https:\/\/schema.org\",\"@graph\":[{\"@type\":\"WebPage\",\"@id\":\"https:\/\/shop.camac-harps.com\/de\/produkt\/dvorak-antonin-danse-slave-op-72-n-2-transkription-von-barbora-placha\/\",\"url\":\"https:\/\/shop.camac-harps.com\/de\/produkt\/dvorak-antonin-danse-slave-op-72-n-2-transkription-von-barbora-placha\/\",\"name\":\"DVORAK Anton\u00edn : Danse slave op. 72 n\u00b0 2, Transkription von Barbora PLACHA - Camac Harps Shop\",\"isPartOf\":{\"@id\":\"https:\/\/shop.camac-harps.com\/de\/#website\"},\"primaryImageOfPage\":{\"@id\":\"https:\/\/shop.camac-harps.com\/de\/produkt\/dvorak-antonin-danse-slave-op-72-n-2-transkription-von-barbora-placha\/#primaryimage\"},\"image\":{\"@id\":\"https:\/\/shop.camac-harps.com\/de\/produkt\/dvorak-antonin-danse-slave-op-72-n-2-transkription-von-barbora-placha\/#primaryimage\"},\"thumbnailUrl\":\"https:\/\/shop.camac-harps.com\/wp-content\/uploads\/sites\/25\/2020\/06\/dan04-scaled.jpg\",\"datePublished\":\"2020-06-22T21:02:27+00:00\",\"breadcrumb\":{\"@id\":\"https:\/\/shop.camac-harps.com\/de\/produkt\/dvorak-antonin-danse-slave-op-72-n-2-transkription-von-barbora-placha\/#breadcrumb\"},\"inLanguage\":\"de\",\"potentialAction\":[{\"@type\":\"ReadAction\",\"target\":[\"https:\/\/shop.camac-harps.com\/de\/produkt\/dvorak-antonin-danse-slave-op-72-n-2-transkription-von-barbora-placha\/\"]}]},{\"@type\":\"ImageObject\",\"inLanguage\":\"de\",\"@id\":\"https:\/\/shop.camac-harps.com\/de\/produkt\/dvorak-antonin-danse-slave-op-72-n-2-transkription-von-barbora-placha\/#primaryimage\",\"url\":\"https:\/\/shop.camac-harps.com\/wp-content\/uploads\/sites\/25\/2020\/06\/dan04-scaled.jpg\",\"contentUrl\":\"https:\/\/shop.camac-harps.com\/wp-content\/uploads\/sites\/25\/2020\/06\/dan04-scaled.jpg\",\"width\":1803,\"height\":2560,\"caption\":\"DVORAK Anton\u00edn : Danse slave op. 72 n\u00b0 2, transcription de Barbora PLACHA\"},{\"@type\":\"BreadcrumbList\",\"@id\":\"https:\/\/shop.camac-harps.com\/de\/produkt\/dvorak-antonin-danse-slave-op-72-n-2-transkription-von-barbora-placha\/#breadcrumb\",\"itemListElement\":[{\"@type\":\"ListItem\",\"position\":1,\"name\":\"Home\",\"item\":\"https:\/\/shop.camac-harps.com\/de\/startseite\/\"},{\"@type\":\"ListItem\",\"position\":2,\"name\":\"Startseite\",\"item\":\"https:\/\/shop.camac-harps.com\/de\/startseite\/\"},{\"@type\":\"ListItem\",\"position\":3,\"name\":\"DVORAK Anton\u00edn : Danse slave op. 72 n\u00b0 2, Transkription von Barbora PLACHA\"}]},{\"@type\":\"WebSite\",\"@id\":\"https:\/\/shop.camac-harps.com\/de\/#website\",\"url\":\"https:\/\/shop.camac-harps.com\/de\/\",\"name\":\"Camac Harps Shop\",\"description\":\"\",\"potentialAction\":[{\"@type\":\"SearchAction\",\"target\":{\"@type\":\"EntryPoint\",\"urlTemplate\":\"https:\/\/shop.camac-harps.com\/de\/?s={search_term_string}\"},\"query-input\":{\"@type\":\"PropertyValueSpecification\",\"valueRequired\":true,\"valueName\":\"search_term_string\"}}],\"inLanguage\":\"de\"}]}<\/script>","yoast_head_json":{"title":"DVORAK Anton\u00edn : Danse slave op. 72 n\u00b0 2, Transkription von Barbora PLACHA - Camac Harps Shop","robots":{"index":"index","follow":"follow","max-snippet":"max-snippet:-1","max-image-preview":"max-image-preview:large","max-video-preview":"max-video-preview:-1"},"canonical":"https:\/\/shop.camac-harps.com\/de\/produkt\/dvorak-antonin-danse-slave-op-72-n-2-transkription-von-barbora-placha\/","og_locale":"de_DE","og_type":"article","og_title":"DVORAK Anton\u00edn : Danse slave op. 72 n\u00b0 2, Transkription von Barbora PLACHA - Camac Harps Shop","og_description":"Anton\u00edn Dvo\u0159\u00e1k lie\u00df tschechische Volkselemente in seine Musik einflie\u00dfen, und die Slawischen T\u00e4nze geh\u00f6ren zu den ber\u00fchmtesten Beispielen. Es war Brahms, der, beeindruckt von Dvo\u0159\u00e1k, ihn seinem Verleger Simrock empfahl. Simrock, der wusste, dass Brahms&#8216; Ungarische T\u00e4nze sich gut verkauft hatten, gab 1878 bei Dvo\u0159\u00e1k die erste Folge der Slawischen T\u00e4nze (op. 46) in Auftrag. [&hellip;]","og_url":"https:\/\/shop.camac-harps.com\/de\/produkt\/dvorak-antonin-danse-slave-op-72-n-2-transkription-von-barbora-placha\/","og_site_name":"Camac Harps Shop","og_image":[{"width":1803,"height":2560,"url":"https:\/\/shop.camac-harps.com\/wp-content\/uploads\/sites\/25\/2020\/06\/dan04-scaled.jpg","type":"image\/jpeg"}],"twitter_card":"summary_large_image","twitter_misc":{"Gesch\u00e4tzte Lesezeit":"1\u00a0Minute"},"schema":{"@context":"https:\/\/schema.org","@graph":[{"@type":"WebPage","@id":"https:\/\/shop.camac-harps.com\/de\/produkt\/dvorak-antonin-danse-slave-op-72-n-2-transkription-von-barbora-placha\/","url":"https:\/\/shop.camac-harps.com\/de\/produkt\/dvorak-antonin-danse-slave-op-72-n-2-transkription-von-barbora-placha\/","name":"DVORAK Anton\u00edn : Danse slave op. 72 n\u00b0 2, Transkription von Barbora PLACHA - Camac Harps Shop","isPartOf":{"@id":"https:\/\/shop.camac-harps.com\/de\/#website"},"primaryImageOfPage":{"@id":"https:\/\/shop.camac-harps.com\/de\/produkt\/dvorak-antonin-danse-slave-op-72-n-2-transkription-von-barbora-placha\/#primaryimage"},"image":{"@id":"https:\/\/shop.camac-harps.com\/de\/produkt\/dvorak-antonin-danse-slave-op-72-n-2-transkription-von-barbora-placha\/#primaryimage"},"thumbnailUrl":"https:\/\/shop.camac-harps.com\/wp-content\/uploads\/sites\/25\/2020\/06\/dan04-scaled.jpg","datePublished":"2020-06-22T21:02:27+00:00","breadcrumb":{"@id":"https:\/\/shop.camac-harps.com\/de\/produkt\/dvorak-antonin-danse-slave-op-72-n-2-transkription-von-barbora-placha\/#breadcrumb"},"inLanguage":"de","potentialAction":[{"@type":"ReadAction","target":["https:\/\/shop.camac-harps.com\/de\/produkt\/dvorak-antonin-danse-slave-op-72-n-2-transkription-von-barbora-placha\/"]}]},{"@type":"ImageObject","inLanguage":"de","@id":"https:\/\/shop.camac-harps.com\/de\/produkt\/dvorak-antonin-danse-slave-op-72-n-2-transkription-von-barbora-placha\/#primaryimage","url":"https:\/\/shop.camac-harps.com\/wp-content\/uploads\/sites\/25\/2020\/06\/dan04-scaled.jpg","contentUrl":"https:\/\/shop.camac-harps.com\/wp-content\/uploads\/sites\/25\/2020\/06\/dan04-scaled.jpg","width":1803,"height":2560,"caption":"DVORAK Anton\u00edn : Danse slave op. 72 n\u00b0 2, transcription de Barbora PLACHA"},{"@type":"BreadcrumbList","@id":"https:\/\/shop.camac-harps.com\/de\/produkt\/dvorak-antonin-danse-slave-op-72-n-2-transkription-von-barbora-placha\/#breadcrumb","itemListElement":[{"@type":"ListItem","position":1,"name":"Home","item":"https:\/\/shop.camac-harps.com\/de\/startseite\/"},{"@type":"ListItem","position":2,"name":"Startseite","item":"https:\/\/shop.camac-harps.com\/de\/startseite\/"},{"@type":"ListItem","position":3,"name":"DVORAK Anton\u00edn : Danse slave op. 72 n\u00b0 2, Transkription von Barbora PLACHA"}]},{"@type":"WebSite","@id":"https:\/\/shop.camac-harps.com\/de\/#website","url":"https:\/\/shop.camac-harps.com\/de\/","name":"Camac Harps Shop","description":"","potentialAction":[{"@type":"SearchAction","target":{"@type":"EntryPoint","urlTemplate":"https:\/\/shop.camac-harps.com\/de\/?s={search_term_string}"},"query-input":{"@type":"PropertyValueSpecification","valueRequired":true,"valueName":"search_term_string"}}],"inLanguage":"de"}]}},"_links":{"self":[{"href":"https:\/\/shop.camac-harps.com\/de\/wp-json\/wp\/v2\/product\/65280","targetHints":{"allow":["GET"]}}],"collection":[{"href":"https:\/\/shop.camac-harps.com\/de\/wp-json\/wp\/v2\/product"}],"about":[{"href":"https:\/\/shop.camac-harps.com\/de\/wp-json\/wp\/v2\/types\/product"}],"replies":[{"embeddable":true,"href":"https:\/\/shop.camac-harps.com\/de\/wp-json\/wp\/v2\/comments?post=65280"}],"wp:featuredmedia":[{"embeddable":true,"href":"https:\/\/shop.camac-harps.com\/de\/wp-json\/wp\/v2\/media\/29938"}],"wp:attachment":[{"href":"https:\/\/shop.camac-harps.com\/de\/wp-json\/wp\/v2\/media?parent=65280"}],"wp:term":[{"taxonomy":"product_brand","embeddable":true,"href":"https:\/\/shop.camac-harps.com\/de\/wp-json\/wp\/v2\/product_brand?post=65280"},{"taxonomy":"product_cat","embeddable":true,"href":"https:\/\/shop.camac-harps.com\/de\/wp-json\/wp\/v2\/product_cat?post=65280"},{"taxonomy":"product_tag","embeddable":true,"href":"https:\/\/shop.camac-harps.com\/de\/wp-json\/wp\/v2\/product_tag?post=65280"}],"curies":[{"name":"wp","href":"https:\/\/api.w.org\/{rel}","templated":true}]}}