{"id":66037,"date":"2025-02-07T12:52:46","date_gmt":"2025-02-07T12:52:47","guid":{"rendered":"https:\/\/shop.camac-harps.com\/?post_type=product&#038;p=66037"},"modified":"2025-02-28T15:20:10","modified_gmt":"2025-02-28T15:20:10","slug":"flugtransporttasche-fur-ulysse","status":"publish","type":"product","link":"https:\/\/shop.camac-harps.com\/de\/produkt\/flugtransporttasche-fur-ulysse\/","title":{"rendered":"Flugzeug-Transporttasche mit R\u00e4dern f\u00fcr Ulysse"},"content":{"rendered":"<p>Diese leichte und sehr strapazierf\u00e4hige, dreilagige, halbstarre Transporttasche wurde speziell entwickelt, um die Ulysses-Harfe auf Flugreisen sicher zu sch\u00fctzen. Sie ist perfekt an die Form der Harfe angepasst, absorbiert St\u00f6\u00dfe, verringert die Exposition gegen\u00fcber ung\u00fcnstigen Umweltbedingungen und verhindert interne Bewegungen, die zu Abnutzungserscheinungen f\u00fchren k\u00f6nnten. Ausgestattet mit abnehmbaren R\u00e4dern (die in der Tasche der Tasche verstaut werden k\u00f6nnen) und einem Tragegriff, wird die Ulysses Sie bequem auf Konzertreisen begleiten.<\/p>\n","protected":false},"excerpt":{"rendered":"<p>Diese leichte und sehr strapazierf\u00e4hige, dreilagige, halbstarre Transporttasche wurde speziell entwickelt, um die Ulysses-Harfe auf Flugreisen sicher zu sch\u00fctzen. Sie ist perfekt an die Form der Harfe angepasst, absorbiert St\u00f6\u00dfe, verringert die Exposition gegen\u00fcber ung\u00fcnstigen Umweltbedingungen und verhindert interne Bewegungen, die zu Abnutzungserscheinungen f\u00fchren k\u00f6nnten. Ausgestattet mit abnehmbaren R\u00e4dern (die in der Tasche der Tasche [&hellip;]<\/p>\n","protected":false},"featured_media":66598,"comment_status":"open","ping_status":"closed","template":"","meta":{"_acf_changed":false},"product_brand":[],"product_cat":[254,149,95,531,41],"product_tag":[],"class_list":{"0":"post-66037","1":"product","2":"type-product","3":"status-publish","4":"has-post-thumbnail","6":"product_cat-fur-34-saitige-harfen","7":"product_cat-hakenharfen","8":"product_cat-harfenhuellen","9":"product_cat-transporthuellen","10":"product_cat-zubehor-harfenhuellen","12":"first","13":"instock","14":"taxable","15":"shipping-taxable","16":"product-type-simple"},"acf":[],"yoast_head":"<title>Flugzeug-Transporttasche mit R\u00e4dern f\u00fcr Ulysse - Camac Harps Shop<\/title>\n<meta name=\"robots\" content=\"index, follow, max-snippet:-1, max-image-preview:large, max-video-preview:-1\" \/>\n<link rel=\"canonical\" href=\"https:\/\/shop.camac-harps.com\/de\/produkt\/flugtransporttasche-fur-ulysse\/\" \/>\n<meta property=\"og:locale\" content=\"de_DE\" \/>\n<meta property=\"og:type\" content=\"article\" \/>\n<meta property=\"og:title\" content=\"Flugzeug-Transporttasche mit R\u00e4dern f\u00fcr Ulysse - Camac Harps Shop\" \/>\n<meta property=\"og:description\" content=\"Diese leichte und sehr strapazierf\u00e4hige, dreilagige, halbstarre Transporttasche wurde speziell entwickelt, um die Ulysses-Harfe auf Flugreisen sicher zu sch\u00fctzen. Sie ist perfekt an die Form der Harfe angepasst, absorbiert St\u00f6\u00dfe, verringert die Exposition gegen\u00fcber ung\u00fcnstigen Umweltbedingungen und verhindert interne Bewegungen, die zu Abnutzungserscheinungen f\u00fchren k\u00f6nnten. Ausgestattet mit abnehmbaren R\u00e4dern (die in der Tasche der Tasche [&hellip;]\" \/>\n<meta property=\"og:url\" content=\"https:\/\/shop.camac-harps.com\/de\/produkt\/flugtransporttasche-fur-ulysse\/\" \/>\n<meta property=\"og:site_name\" content=\"Camac Harps Shop\" \/>\n<meta property=\"article:modified_time\" content=\"2025-02-28T15:20:10+00:00\" \/>\n<meta property=\"og:image\" content=\"https:\/\/shop.camac-harps.com\/wp-content\/uploads\/sites\/25\/2025\/02\/htau-1.png\" \/>\n\t<meta property=\"og:image:width\" content=\"1280\" \/>\n\t<meta property=\"og:image:height\" content=\"720\" \/>\n\t<meta property=\"og:image:type\" content=\"image\/png\" \/>\n<meta name=\"twitter:card\" content=\"summary_large_image\" \/>\n<meta name=\"twitter:label1\" content=\"Gesch\u00e4tzte Lesezeit\" \/>\n\t<meta name=\"twitter:data1\" content=\"1\u00a0Minute\" \/>\n<script type=\"application\/ld+json\" class=\"yoast-schema-graph\">{\"@context\":\"https:\/\/schema.org\",\"@graph\":[{\"@type\":\"WebPage\",\"@id\":\"https:\/\/shop.camac-harps.com\/de\/produkt\/flugtransporttasche-fur-ulysse\/\",\"url\":\"https:\/\/shop.camac-harps.com\/de\/produkt\/flugtransporttasche-fur-ulysse\/\",\"name\":\"Flugzeug-Transporttasche mit R\u00e4dern f\u00fcr Ulysse - Camac Harps Shop\",\"isPartOf\":{\"@id\":\"https:\/\/shop.camac-harps.com\/de\/#website\"},\"primaryImageOfPage\":{\"@id\":\"https:\/\/shop.camac-harps.com\/de\/produkt\/flugtransporttasche-fur-ulysse\/#primaryimage\"},\"image\":{\"@id\":\"https:\/\/shop.camac-harps.com\/de\/produkt\/flugtransporttasche-fur-ulysse\/#primaryimage\"},\"thumbnailUrl\":\"https:\/\/shop.camac-harps.com\/wp-content\/uploads\/sites\/25\/2025\/03\/htau-6.jpg\",\"datePublished\":\"2025-02-07T12:52:47+00:00\",\"dateModified\":\"2025-02-28T15:20:10+00:00\",\"breadcrumb\":{\"@id\":\"https:\/\/shop.camac-harps.com\/de\/produkt\/flugtransporttasche-fur-ulysse\/#breadcrumb\"},\"inLanguage\":\"de\",\"potentialAction\":[{\"@type\":\"ReadAction\",\"target\":[\"https:\/\/shop.camac-harps.com\/de\/produkt\/flugtransporttasche-fur-ulysse\/\"]}]},{\"@type\":\"ImageObject\",\"inLanguage\":\"de\",\"@id\":\"https:\/\/shop.camac-harps.com\/de\/produkt\/flugtransporttasche-fur-ulysse\/#primaryimage\",\"url\":\"https:\/\/shop.camac-harps.com\/wp-content\/uploads\/sites\/25\/2025\/03\/htau-6.jpg\",\"contentUrl\":\"https:\/\/shop.camac-harps.com\/wp-content\/uploads\/sites\/25\/2025\/03\/htau-6.jpg\",\"width\":1200,\"height\":693,\"caption\":\"Housse de transport avion avec roues pour Ulysse\"},{\"@type\":\"BreadcrumbList\",\"@id\":\"https:\/\/shop.camac-harps.com\/de\/produkt\/flugtransporttasche-fur-ulysse\/#breadcrumb\",\"itemListElement\":[{\"@type\":\"ListItem\",\"position\":1,\"name\":\"Home\",\"item\":\"https:\/\/shop.camac-harps.com\/de\/startseite\/\"},{\"@type\":\"ListItem\",\"position\":2,\"name\":\"Startseite\",\"item\":\"https:\/\/shop.camac-harps.com\/de\/startseite\/\"},{\"@type\":\"ListItem\",\"position\":3,\"name\":\"Flugzeug-Transporttasche mit R\u00e4dern f\u00fcr Ulysse\"}]},{\"@type\":\"WebSite\",\"@id\":\"https:\/\/shop.camac-harps.com\/de\/#website\",\"url\":\"https:\/\/shop.camac-harps.com\/de\/\",\"name\":\"Camac Harps Shop\",\"description\":\"\",\"potentialAction\":[{\"@type\":\"SearchAction\",\"target\":{\"@type\":\"EntryPoint\",\"urlTemplate\":\"https:\/\/shop.camac-harps.com\/de\/?s={search_term_string}\"},\"query-input\":{\"@type\":\"PropertyValueSpecification\",\"valueRequired\":true,\"valueName\":\"search_term_string\"}}],\"inLanguage\":\"de\"}]}<\/script>","yoast_head_json":{"title":"Flugzeug-Transporttasche mit R\u00e4dern f\u00fcr Ulysse - Camac Harps Shop","robots":{"index":"index","follow":"follow","max-snippet":"max-snippet:-1","max-image-preview":"max-image-preview:large","max-video-preview":"max-video-preview:-1"},"canonical":"https:\/\/shop.camac-harps.com\/de\/produkt\/flugtransporttasche-fur-ulysse\/","og_locale":"de_DE","og_type":"article","og_title":"Flugzeug-Transporttasche mit R\u00e4dern f\u00fcr Ulysse - Camac Harps Shop","og_description":"Diese leichte und sehr strapazierf\u00e4hige, dreilagige, halbstarre Transporttasche wurde speziell entwickelt, um die Ulysses-Harfe auf Flugreisen sicher zu sch\u00fctzen. Sie ist perfekt an die Form der Harfe angepasst, absorbiert St\u00f6\u00dfe, verringert die Exposition gegen\u00fcber ung\u00fcnstigen Umweltbedingungen und verhindert interne Bewegungen, die zu Abnutzungserscheinungen f\u00fchren k\u00f6nnten. Ausgestattet mit abnehmbaren R\u00e4dern (die in der Tasche der Tasche [&hellip;]","og_url":"https:\/\/shop.camac-harps.com\/de\/produkt\/flugtransporttasche-fur-ulysse\/","og_site_name":"Camac Harps Shop","article_modified_time":"2025-02-28T15:20:10+00:00","og_image":[{"width":1280,"height":720,"url":"https:\/\/shop.camac-harps.com\/wp-content\/uploads\/sites\/25\/2025\/02\/htau-1.png","type":"image\/png"}],"twitter_card":"summary_large_image","twitter_misc":{"Gesch\u00e4tzte Lesezeit":"1\u00a0Minute"},"schema":{"@context":"https:\/\/schema.org","@graph":[{"@type":"WebPage","@id":"https:\/\/shop.camac-harps.com\/de\/produkt\/flugtransporttasche-fur-ulysse\/","url":"https:\/\/shop.camac-harps.com\/de\/produkt\/flugtransporttasche-fur-ulysse\/","name":"Flugzeug-Transporttasche mit R\u00e4dern f\u00fcr Ulysse - Camac Harps Shop","isPartOf":{"@id":"https:\/\/shop.camac-harps.com\/de\/#website"},"primaryImageOfPage":{"@id":"https:\/\/shop.camac-harps.com\/de\/produkt\/flugtransporttasche-fur-ulysse\/#primaryimage"},"image":{"@id":"https:\/\/shop.camac-harps.com\/de\/produkt\/flugtransporttasche-fur-ulysse\/#primaryimage"},"thumbnailUrl":"https:\/\/shop.camac-harps.com\/wp-content\/uploads\/sites\/25\/2025\/03\/htau-6.jpg","datePublished":"2025-02-07T12:52:47+00:00","dateModified":"2025-02-28T15:20:10+00:00","breadcrumb":{"@id":"https:\/\/shop.camac-harps.com\/de\/produkt\/flugtransporttasche-fur-ulysse\/#breadcrumb"},"inLanguage":"de","potentialAction":[{"@type":"ReadAction","target":["https:\/\/shop.camac-harps.com\/de\/produkt\/flugtransporttasche-fur-ulysse\/"]}]},{"@type":"ImageObject","inLanguage":"de","@id":"https:\/\/shop.camac-harps.com\/de\/produkt\/flugtransporttasche-fur-ulysse\/#primaryimage","url":"https:\/\/shop.camac-harps.com\/wp-content\/uploads\/sites\/25\/2025\/03\/htau-6.jpg","contentUrl":"https:\/\/shop.camac-harps.com\/wp-content\/uploads\/sites\/25\/2025\/03\/htau-6.jpg","width":1200,"height":693,"caption":"Housse de transport avion avec roues pour Ulysse"},{"@type":"BreadcrumbList","@id":"https:\/\/shop.camac-harps.com\/de\/produkt\/flugtransporttasche-fur-ulysse\/#breadcrumb","itemListElement":[{"@type":"ListItem","position":1,"name":"Home","item":"https:\/\/shop.camac-harps.com\/de\/startseite\/"},{"@type":"ListItem","position":2,"name":"Startseite","item":"https:\/\/shop.camac-harps.com\/de\/startseite\/"},{"@type":"ListItem","position":3,"name":"Flugzeug-Transporttasche mit R\u00e4dern f\u00fcr Ulysse"}]},{"@type":"WebSite","@id":"https:\/\/shop.camac-harps.com\/de\/#website","url":"https:\/\/shop.camac-harps.com\/de\/","name":"Camac Harps Shop","description":"","potentialAction":[{"@type":"SearchAction","target":{"@type":"EntryPoint","urlTemplate":"https:\/\/shop.camac-harps.com\/de\/?s={search_term_string}"},"query-input":{"@type":"PropertyValueSpecification","valueRequired":true,"valueName":"search_term_string"}}],"inLanguage":"de"}]}},"_links":{"self":[{"href":"https:\/\/shop.camac-harps.com\/de\/wp-json\/wp\/v2\/product\/66037","targetHints":{"allow":["GET"]}}],"collection":[{"href":"https:\/\/shop.camac-harps.com\/de\/wp-json\/wp\/v2\/product"}],"about":[{"href":"https:\/\/shop.camac-harps.com\/de\/wp-json\/wp\/v2\/types\/product"}],"replies":[{"embeddable":true,"href":"https:\/\/shop.camac-harps.com\/de\/wp-json\/wp\/v2\/comments?post=66037"}],"wp:featuredmedia":[{"embeddable":true,"href":"https:\/\/shop.camac-harps.com\/de\/wp-json\/wp\/v2\/media\/66598"}],"wp:attachment":[{"href":"https:\/\/shop.camac-harps.com\/de\/wp-json\/wp\/v2\/media?parent=66037"}],"wp:term":[{"taxonomy":"product_brand","embeddable":true,"href":"https:\/\/shop.camac-harps.com\/de\/wp-json\/wp\/v2\/product_brand?post=66037"},{"taxonomy":"product_cat","embeddable":true,"href":"https:\/\/shop.camac-harps.com\/de\/wp-json\/wp\/v2\/product_cat?post=66037"},{"taxonomy":"product_tag","embeddable":true,"href":"https:\/\/shop.camac-harps.com\/de\/wp-json\/wp\/v2\/product_tag?post=66037"}],"curies":[{"name":"wp","href":"https:\/\/api.w.org\/{rel}","templated":true}]}}