{"id":66607,"date":"2025-03-21T16:03:51","date_gmt":"2025-03-21T16:03:51","guid":{"rendered":"https:\/\/shop.camac-harps.com\/?post_type=product&#038;p=66607"},"modified":"2025-12-18T11:35:30","modified_gmt":"2025-12-18T11:35:30","slug":"tragetasche-fuer-dhc-stativ","status":"publish","type":"product","link":"https:\/\/shop.camac-harps.com\/de\/produkt\/tragetasche-fuer-dhc-stativ\/","title":{"rendered":"Tragetasche f\u00fcr DHC 36-Stativ"},"content":{"rendered":"<p>Diese leichte und sehr strapazierf\u00e4hige dreilagige halbstarre Transporttasche wurde speziell entwickelt, um das Stativ f\u00fcr DHC zu sch\u00fctzen und sicher zu transportieren. Perfekt an die Form unseres Stativs angepasst, absorbiert sie St\u00f6\u00dfe und reduziert die Belastung durch ung\u00fcnstige Umweltbedingungen.<\/p>\n","protected":false},"excerpt":{"rendered":"<p>Diese leichte und sehr strapazierf\u00e4hige dreilagige halbstarre Transporttasche wurde speziell entwickelt, um das Stativ f\u00fcr DHC zu sch\u00fctzen und sicher zu transportieren. Perfekt an die Form unseres Stativs angepasst, absorbiert sie St\u00f6\u00dfe und reduziert die Belastung durch ung\u00fcnstige Umweltbedingungen.<\/p>\n","protected":false},"featured_media":66605,"comment_status":"open","ping_status":"closed","template":"","meta":{"_acf_changed":false},"product_brand":[],"product_cat":[302,95,531,41],"product_tag":[],"class_list":{"0":"post-66607","1":"product","2":"type-product","3":"status-publish","4":"has-post-thumbnail","6":"product_cat-e-harfen","7":"product_cat-harfenhuellen","8":"product_cat-transporthuellen","9":"product_cat-zubehor-harfenhuellen","11":"first","12":"instock","13":"taxable","14":"shipping-taxable","15":"product-type-simple"},"acf":[],"yoast_head":"<title>Tragetasche f\u00fcr DHC 36-Stativ - Camac Harps Shop<\/title>\n<meta name=\"robots\" content=\"index, follow, max-snippet:-1, max-image-preview:large, max-video-preview:-1\" \/>\n<link rel=\"canonical\" href=\"https:\/\/shop.camac-harps.com\/de\/produkt\/tragetasche-fuer-dhc-stativ\/\" \/>\n<meta property=\"og:locale\" content=\"de_DE\" \/>\n<meta property=\"og:type\" content=\"article\" \/>\n<meta property=\"og:title\" content=\"Tragetasche f\u00fcr DHC 36-Stativ - Camac Harps Shop\" \/>\n<meta property=\"og:description\" content=\"Diese leichte und sehr strapazierf\u00e4hige dreilagige halbstarre Transporttasche wurde speziell entwickelt, um das Stativ f\u00fcr DHC zu sch\u00fctzen und sicher zu transportieren. Perfekt an die Form unseres Stativs angepasst, absorbiert sie St\u00f6\u00dfe und reduziert die Belastung durch ung\u00fcnstige Umweltbedingungen.\" \/>\n<meta property=\"og:url\" content=\"https:\/\/shop.camac-harps.com\/de\/produkt\/tragetasche-fuer-dhc-stativ\/\" \/>\n<meta property=\"og:site_name\" content=\"Camac Harps Shop\" \/>\n<meta property=\"article:modified_time\" content=\"2025-12-18T11:35:30+00:00\" \/>\n<meta property=\"og:image\" content=\"https:\/\/shop.camac-harps.com\/wp-content\/uploads\/sites\/25\/2025\/03\/httrepied-1.jpg\" \/>\n\t<meta property=\"og:image:width\" content=\"1200\" \/>\n\t<meta property=\"og:image:height\" content=\"656\" \/>\n\t<meta property=\"og:image:type\" content=\"image\/jpeg\" \/>\n<meta name=\"twitter:card\" content=\"summary_large_image\" \/>\n<script type=\"application\/ld+json\" class=\"yoast-schema-graph\">{\"@context\":\"https:\/\/schema.org\",\"@graph\":[{\"@type\":\"WebPage\",\"@id\":\"https:\/\/shop.camac-harps.com\/de\/produkt\/tragetasche-fuer-dhc-stativ\/\",\"url\":\"https:\/\/shop.camac-harps.com\/de\/produkt\/tragetasche-fuer-dhc-stativ\/\",\"name\":\"Tragetasche f\u00fcr DHC 36-Stativ - Camac Harps Shop\",\"isPartOf\":{\"@id\":\"https:\/\/shop.camac-harps.com\/de\/#website\"},\"primaryImageOfPage\":{\"@id\":\"https:\/\/shop.camac-harps.com\/de\/produkt\/tragetasche-fuer-dhc-stativ\/#primaryimage\"},\"image\":{\"@id\":\"https:\/\/shop.camac-harps.com\/de\/produkt\/tragetasche-fuer-dhc-stativ\/#primaryimage\"},\"thumbnailUrl\":\"https:\/\/shop.camac-harps.com\/wp-content\/uploads\/sites\/25\/2025\/03\/httrepied-1.jpg\",\"datePublished\":\"2025-03-21T16:03:51+00:00\",\"dateModified\":\"2025-12-18T11:35:30+00:00\",\"breadcrumb\":{\"@id\":\"https:\/\/shop.camac-harps.com\/de\/produkt\/tragetasche-fuer-dhc-stativ\/#breadcrumb\"},\"inLanguage\":\"de\",\"potentialAction\":[{\"@type\":\"ReadAction\",\"target\":[\"https:\/\/shop.camac-harps.com\/de\/produkt\/tragetasche-fuer-dhc-stativ\/\"]}]},{\"@type\":\"ImageObject\",\"inLanguage\":\"de\",\"@id\":\"https:\/\/shop.camac-harps.com\/de\/produkt\/tragetasche-fuer-dhc-stativ\/#primaryimage\",\"url\":\"https:\/\/shop.camac-harps.com\/wp-content\/uploads\/sites\/25\/2025\/03\/httrepied-1.jpg\",\"contentUrl\":\"https:\/\/shop.camac-harps.com\/wp-content\/uploads\/sites\/25\/2025\/03\/httrepied-1.jpg\",\"width\":1200,\"height\":656},{\"@type\":\"BreadcrumbList\",\"@id\":\"https:\/\/shop.camac-harps.com\/de\/produkt\/tragetasche-fuer-dhc-stativ\/#breadcrumb\",\"itemListElement\":[{\"@type\":\"ListItem\",\"position\":1,\"name\":\"Home\",\"item\":\"https:\/\/shop.camac-harps.com\/de\/startseite\/\"},{\"@type\":\"ListItem\",\"position\":2,\"name\":\"Startseite\",\"item\":\"https:\/\/shop.camac-harps.com\/de\/startseite\/\"},{\"@type\":\"ListItem\",\"position\":3,\"name\":\"Tragetasche f\u00fcr DHC 36-Stativ\"}]},{\"@type\":\"WebSite\",\"@id\":\"https:\/\/shop.camac-harps.com\/de\/#website\",\"url\":\"https:\/\/shop.camac-harps.com\/de\/\",\"name\":\"Camac Harps Shop\",\"description\":\"\",\"potentialAction\":[{\"@type\":\"SearchAction\",\"target\":{\"@type\":\"EntryPoint\",\"urlTemplate\":\"https:\/\/shop.camac-harps.com\/de\/?s={search_term_string}\"},\"query-input\":{\"@type\":\"PropertyValueSpecification\",\"valueRequired\":true,\"valueName\":\"search_term_string\"}}],\"inLanguage\":\"de\"}]}<\/script>","yoast_head_json":{"title":"Tragetasche f\u00fcr DHC 36-Stativ - Camac Harps Shop","robots":{"index":"index","follow":"follow","max-snippet":"max-snippet:-1","max-image-preview":"max-image-preview:large","max-video-preview":"max-video-preview:-1"},"canonical":"https:\/\/shop.camac-harps.com\/de\/produkt\/tragetasche-fuer-dhc-stativ\/","og_locale":"de_DE","og_type":"article","og_title":"Tragetasche f\u00fcr DHC 36-Stativ - Camac Harps Shop","og_description":"Diese leichte und sehr strapazierf\u00e4hige dreilagige halbstarre Transporttasche wurde speziell entwickelt, um das Stativ f\u00fcr DHC zu sch\u00fctzen und sicher zu transportieren. Perfekt an die Form unseres Stativs angepasst, absorbiert sie St\u00f6\u00dfe und reduziert die Belastung durch ung\u00fcnstige Umweltbedingungen.","og_url":"https:\/\/shop.camac-harps.com\/de\/produkt\/tragetasche-fuer-dhc-stativ\/","og_site_name":"Camac Harps Shop","article_modified_time":"2025-12-18T11:35:30+00:00","og_image":[{"width":1200,"height":656,"url":"https:\/\/shop.camac-harps.com\/wp-content\/uploads\/sites\/25\/2025\/03\/httrepied-1.jpg","type":"image\/jpeg"}],"twitter_card":"summary_large_image","schema":{"@context":"https:\/\/schema.org","@graph":[{"@type":"WebPage","@id":"https:\/\/shop.camac-harps.com\/de\/produkt\/tragetasche-fuer-dhc-stativ\/","url":"https:\/\/shop.camac-harps.com\/de\/produkt\/tragetasche-fuer-dhc-stativ\/","name":"Tragetasche f\u00fcr DHC 36-Stativ - Camac Harps Shop","isPartOf":{"@id":"https:\/\/shop.camac-harps.com\/de\/#website"},"primaryImageOfPage":{"@id":"https:\/\/shop.camac-harps.com\/de\/produkt\/tragetasche-fuer-dhc-stativ\/#primaryimage"},"image":{"@id":"https:\/\/shop.camac-harps.com\/de\/produkt\/tragetasche-fuer-dhc-stativ\/#primaryimage"},"thumbnailUrl":"https:\/\/shop.camac-harps.com\/wp-content\/uploads\/sites\/25\/2025\/03\/httrepied-1.jpg","datePublished":"2025-03-21T16:03:51+00:00","dateModified":"2025-12-18T11:35:30+00:00","breadcrumb":{"@id":"https:\/\/shop.camac-harps.com\/de\/produkt\/tragetasche-fuer-dhc-stativ\/#breadcrumb"},"inLanguage":"de","potentialAction":[{"@type":"ReadAction","target":["https:\/\/shop.camac-harps.com\/de\/produkt\/tragetasche-fuer-dhc-stativ\/"]}]},{"@type":"ImageObject","inLanguage":"de","@id":"https:\/\/shop.camac-harps.com\/de\/produkt\/tragetasche-fuer-dhc-stativ\/#primaryimage","url":"https:\/\/shop.camac-harps.com\/wp-content\/uploads\/sites\/25\/2025\/03\/httrepied-1.jpg","contentUrl":"https:\/\/shop.camac-harps.com\/wp-content\/uploads\/sites\/25\/2025\/03\/httrepied-1.jpg","width":1200,"height":656},{"@type":"BreadcrumbList","@id":"https:\/\/shop.camac-harps.com\/de\/produkt\/tragetasche-fuer-dhc-stativ\/#breadcrumb","itemListElement":[{"@type":"ListItem","position":1,"name":"Home","item":"https:\/\/shop.camac-harps.com\/de\/startseite\/"},{"@type":"ListItem","position":2,"name":"Startseite","item":"https:\/\/shop.camac-harps.com\/de\/startseite\/"},{"@type":"ListItem","position":3,"name":"Tragetasche f\u00fcr DHC 36-Stativ"}]},{"@type":"WebSite","@id":"https:\/\/shop.camac-harps.com\/de\/#website","url":"https:\/\/shop.camac-harps.com\/de\/","name":"Camac Harps Shop","description":"","potentialAction":[{"@type":"SearchAction","target":{"@type":"EntryPoint","urlTemplate":"https:\/\/shop.camac-harps.com\/de\/?s={search_term_string}"},"query-input":{"@type":"PropertyValueSpecification","valueRequired":true,"valueName":"search_term_string"}}],"inLanguage":"de"}]}},"_links":{"self":[{"href":"https:\/\/shop.camac-harps.com\/de\/wp-json\/wp\/v2\/product\/66607","targetHints":{"allow":["GET"]}}],"collection":[{"href":"https:\/\/shop.camac-harps.com\/de\/wp-json\/wp\/v2\/product"}],"about":[{"href":"https:\/\/shop.camac-harps.com\/de\/wp-json\/wp\/v2\/types\/product"}],"replies":[{"embeddable":true,"href":"https:\/\/shop.camac-harps.com\/de\/wp-json\/wp\/v2\/comments?post=66607"}],"wp:featuredmedia":[{"embeddable":true,"href":"https:\/\/shop.camac-harps.com\/de\/wp-json\/wp\/v2\/media\/66605"}],"wp:attachment":[{"href":"https:\/\/shop.camac-harps.com\/de\/wp-json\/wp\/v2\/media?parent=66607"}],"wp:term":[{"taxonomy":"product_brand","embeddable":true,"href":"https:\/\/shop.camac-harps.com\/de\/wp-json\/wp\/v2\/product_brand?post=66607"},{"taxonomy":"product_cat","embeddable":true,"href":"https:\/\/shop.camac-harps.com\/de\/wp-json\/wp\/v2\/product_cat?post=66607"},{"taxonomy":"product_tag","embeddable":true,"href":"https:\/\/shop.camac-harps.com\/de\/wp-json\/wp\/v2\/product_tag?post=66607"}],"curies":[{"name":"wp","href":"https:\/\/api.w.org\/{rel}","templated":true}]}}